{"id":7610,"date":"2023-01-16T07:00:55","date_gmt":"2023-01-16T07:00:55","guid":{"rendered":"https:\/\/arthurgreenbean.be\/produkt\/atelier-kimchi-apprenez-a-faire-votre-propre-kimchi-29-aout\/"},"modified":"2023-01-16T07:00:55","modified_gmt":"2023-01-16T07:00:55","slug":"atelier-kimchi-apprenez-a-faire-votre-propre-kimchi-29-aout","status":"publish","type":"product","link":"https:\/\/arthurgreenbean.be\/fr\/produkt\/atelier-kimchi-apprenez-a-faire-votre-propre-kimchi-29-aout\/","title":{"rendered":"Atelier Kimchi &#8211; apprenez \u00e0 faire votre propre Kimchi &#8211; 29 ao\u00fbt"},"content":{"rendered":"<h3>Production alimentaire \/<br \/>\nAteliers de bricolage avec Kimchi<\/h3>\n<p>Nous cultiverons \u00e0 nouveau notre d\u00e9licieux chou Napa, nos carottes, notre ail, nos da\u00efkons, nos oignons de printemps, nos citrouilles, nos poires et nos pommes, et nous commen\u00e7ons m\u00eame \u00e0 cultiver une petite quantit\u00e9 exp\u00e9rimentale de gingembre belge, qui pourrait ou non fonctionner&#8230; !<\/p>\n<p>\u00c0 partir de la r\u00e9colte fra\u00eeche de nos l\u00e9gumes, vous apprendrez \u00e0 pr\u00e9parer un excellent kimchi (non pasteuris\u00e9, ferment\u00e9 correctement) en participant \u00e0 notre production annuelle de kimchi, \u00e0 l&rsquo;issue de laquelle vous emporterez votre propre kimchi frais de la meilleure qualit\u00e9 possible, dans un verre Weck de 500 grammes.<\/p>\n<p>Vous d\u00e9couvrirez \u00e9galement les bienfaits pour la sant\u00e9 du kimchi et de tous les produits ferment\u00e9s, ainsi que l&rsquo;influence positive qu&rsquo;ils exercent sur la sant\u00e9 de vos intestins.<\/p>\n<p>Le seul ingr\u00e9dient non biologique utilis\u00e9 est le piment rouge cor\u00e9en \u00e9pic\u00e9 d&rsquo;excellente qualit\u00e9 que nous utilisons, car nous n&rsquo;avons pas trouv\u00e9 d&rsquo;\u00e9quivalent biologique.<\/p>\n<p>Si vous n&rsquo;avez pas le temps de participer au cours mais que vous ne pouvez pas vous passer du kimchi, vous pouvez l&rsquo;acheter directement dans notre magasin. Nous produirons des verres Weck de 500 g et de 1 kg avec le syst\u00e8me d&rsquo;anneau et de clip.<\/p>\n","protected":false},"excerpt":{"rendered":"<p>Atelier Kimchi &#8211; apprenez \u00e0 faire votre propre Kimchi.<\/p>\n<p>29 ao\u00fbt \/ 11:00 &#8211; 17:00<\/p>\n<h3>Prix : 65 euros<\/h3>\n<p>avec pause, d\u00e9licieux petit d\u00e9jeuner ayurv\u00e9dique et th\u00e9, caf\u00e9 inclus<\/p>\n<p>L&rsquo;atelier est limit\u00e9 \u00e0 12 personnes.<\/p>\n","protected":false},"featured_media":3390,"comment_status":"open","ping_status":"closed","template":"","meta":[],"product_brand":[],"product_cat":[163,118],"product_tag":[],"class_list":{"0":"post-7610","1":"product","2":"type-product","3":"status-publish","4":"has-post-thumbnail","6":"product_cat-atelier","7":"product_cat-production-alimentaire","9":"first","10":"instock","11":"virtual","12":"purchasable","13":"product-type-appointment"},"exclude_global_add_ons":[],"addons":[],"yoast_head":"<!-- This site is optimized with the Yoast SEO Premium plugin v26.7 (Yoast SEO v27.2) - https:\/\/yoast.com\/product\/yoast-seo-premium-wordpress\/ -->\n<title>Atelier Kimchi - apprenez \u00e0 faire votre propre Kimchi - 29 ao\u00fbt - AGBR<\/title>\n<meta name=\"robots\" content=\"index, follow, max-snippet:-1, max-image-preview:large, max-video-preview:-1\" \/>\n<link rel=\"canonical\" href=\"https:\/\/arthurgreenbean.be\/fr\/produkt\/atelier-kimchi-apprenez-a-faire-votre-propre-kimchi-29-aout\/\" \/>\n<meta property=\"og:locale\" content=\"fr_FR\" \/>\n<meta property=\"og:type\" content=\"article\" \/>\n<meta property=\"og:title\" content=\"Atelier Kimchi - apprenez \u00e0 faire votre propre Kimchi - 29 ao\u00fbt\" \/>\n<meta property=\"og:description\" content=\"Atelier Kimchi - apprenez \u00e0 faire votre propre Kimchi. 29 ao\u00fbt \/ 11:00 - 17:00 Prix : 65 euros avec pause, d\u00e9licieux petit d\u00e9jeuner ayurv\u00e9dique et th\u00e9, caf\u00e9 inclus L&#039;atelier est limit\u00e9 \u00e0 12 personnes.\" \/>\n<meta property=\"og:url\" content=\"https:\/\/arthurgreenbean.be\/fr\/produkt\/atelier-kimchi-apprenez-a-faire-votre-propre-kimchi-29-aout\/\" \/>\n<meta property=\"og:site_name\" content=\"AGBR\" \/>\n<meta property=\"article:publisher\" content=\"https:\/\/www.facebook.com\/profile.php?id=100091825763096\" \/>\n<meta property=\"og:image\" content=\"https:\/\/arthurgreenbean.be\/wp-content\/uploads\/KimShi2.jpg\" \/>\n\t<meta property=\"og:image:width\" content=\"960\" \/>\n\t<meta property=\"og:image:height\" content=\"540\" \/>\n\t<meta property=\"og:image:type\" content=\"image\/jpeg\" \/>\n<meta name=\"twitter:card\" content=\"summary_large_image\" \/>\n<meta name=\"twitter:label1\" content=\"Dur\u00e9e de lecture estim\u00e9e\" \/>\n\t<meta name=\"twitter:data1\" content=\"1 minute\" \/>\n<script type=\"application\/ld+json\" class=\"yoast-schema-graph\">{\"@context\":\"https:\/\/schema.org\",\"@graph\":[{\"@type\":\"WebPage\",\"@id\":\"https:\/\/arthurgreenbean.be\/fr\/produkt\/atelier-kimchi-apprenez-a-faire-votre-propre-kimchi-29-aout\/\",\"url\":\"https:\/\/arthurgreenbean.be\/fr\/produkt\/atelier-kimchi-apprenez-a-faire-votre-propre-kimchi-29-aout\/\",\"name\":\"Atelier Kimchi - apprenez \u00e0 faire votre propre Kimchi - 29 ao\u00fbt - AGBR\",\"isPartOf\":{\"@id\":\"https:\/\/arthurgreenbean.be\/fr\/#website\"},\"primaryImageOfPage\":{\"@id\":\"https:\/\/arthurgreenbean.be\/fr\/produkt\/atelier-kimchi-apprenez-a-faire-votre-propre-kimchi-29-aout\/#primaryimage\"},\"image\":{\"@id\":\"https:\/\/arthurgreenbean.be\/fr\/produkt\/atelier-kimchi-apprenez-a-faire-votre-propre-kimchi-29-aout\/#primaryimage\"},\"thumbnailUrl\":\"https:\/\/arthurgreenbean.be\/wp-content\/uploads\/KimShi2.jpg\",\"datePublished\":\"2023-01-16T07:00:55+00:00\",\"breadcrumb\":{\"@id\":\"https:\/\/arthurgreenbean.be\/fr\/produkt\/atelier-kimchi-apprenez-a-faire-votre-propre-kimchi-29-aout\/#breadcrumb\"},\"inLanguage\":\"fr-FR\",\"potentialAction\":[{\"@type\":\"ReadAction\",\"target\":[\"https:\/\/arthurgreenbean.be\/fr\/produkt\/atelier-kimchi-apprenez-a-faire-votre-propre-kimchi-29-aout\/\"]}]},{\"@type\":\"ImageObject\",\"inLanguage\":\"fr-FR\",\"@id\":\"https:\/\/arthurgreenbean.be\/fr\/produkt\/atelier-kimchi-apprenez-a-faire-votre-propre-kimchi-29-aout\/#primaryimage\",\"url\":\"https:\/\/arthurgreenbean.be\/wp-content\/uploads\/KimShi2.jpg\",\"contentUrl\":\"https:\/\/arthurgreenbean.be\/wp-content\/uploads\/KimShi2.jpg\",\"width\":960,\"height\":540,\"caption\":\"une journ\u00e9e extraordinaire a produit beaucoup de d\u00e9licieux kimchi bio\"},{\"@type\":\"BreadcrumbList\",\"@id\":\"https:\/\/arthurgreenbean.be\/fr\/produkt\/atelier-kimchi-apprenez-a-faire-votre-propre-kimchi-29-aout\/#breadcrumb\",\"itemListElement\":[{\"@type\":\"ListItem\",\"position\":1,\"name\":\"Home\",\"item\":\"https:\/\/arthurgreenbean.be\/fr\/\"},{\"@type\":\"ListItem\",\"position\":2,\"name\":\"Shop\",\"item\":\"https:\/\/arthurgreenbean.be\/shop\/\"},{\"@type\":\"ListItem\",\"position\":3,\"name\":\"Atelier Kimchi &#8211; apprenez \u00e0 faire votre propre Kimchi &#8211; 29 ao\u00fbt\"}]},{\"@type\":\"WebSite\",\"@id\":\"https:\/\/arthurgreenbean.be\/fr\/#website\",\"url\":\"https:\/\/arthurgreenbean.be\/fr\/\",\"name\":\"Arthurgreenbean\",\"description\":\"Arthur Greenbean Ranch\",\"publisher\":{\"@id\":\"https:\/\/arthurgreenbean.be\/fr\/#organization\"},\"potentialAction\":[{\"@type\":\"SearchAction\",\"target\":{\"@type\":\"EntryPoint\",\"urlTemplate\":\"https:\/\/arthurgreenbean.be\/fr\/?s={search_term_string}\"},\"query-input\":{\"@type\":\"PropertyValueSpecification\",\"valueRequired\":true,\"valueName\":\"search_term_string\"}}],\"inLanguage\":\"fr-FR\"},{\"@type\":\"Organization\",\"@id\":\"https:\/\/arthurgreenbean.be\/fr\/#organization\",\"name\":\"Arthurgreenbean Ranch\",\"url\":\"https:\/\/arthurgreenbean.be\/fr\/\",\"logo\":{\"@type\":\"ImageObject\",\"inLanguage\":\"fr-FR\",\"@id\":\"https:\/\/arthurgreenbean.be\/fr\/#\/schema\/logo\/image\/\",\"url\":\"https:\/\/arthurgreenbean.be\/wp-content\/uploads\/agbr-696-1.jpg\",\"contentUrl\":\"https:\/\/arthurgreenbean.be\/wp-content\/uploads\/agbr-696-1.jpg\",\"width\":696,\"height\":696,\"caption\":\"Arthurgreenbean Ranch\"},\"image\":{\"@id\":\"https:\/\/arthurgreenbean.be\/fr\/#\/schema\/logo\/image\/\"},\"sameAs\":[\"https:\/\/www.facebook.com\/profile.php?id=100091825763096\"]}]}<\/script>\n<!-- \/ Yoast SEO Premium plugin. -->","yoast_head_json":{"title":"Atelier Kimchi - apprenez \u00e0 faire votre propre Kimchi - 29 ao\u00fbt - AGBR","robots":{"index":"index","follow":"follow","max-snippet":"max-snippet:-1","max-image-preview":"max-image-preview:large","max-video-preview":"max-video-preview:-1"},"canonical":"https:\/\/arthurgreenbean.be\/fr\/produkt\/atelier-kimchi-apprenez-a-faire-votre-propre-kimchi-29-aout\/","og_locale":"fr_FR","og_type":"article","og_title":"Atelier Kimchi - apprenez \u00e0 faire votre propre Kimchi - 29 ao\u00fbt","og_description":"Atelier Kimchi - apprenez \u00e0 faire votre propre Kimchi. 29 ao\u00fbt \/ 11:00 - 17:00 Prix : 65 euros avec pause, d\u00e9licieux petit d\u00e9jeuner ayurv\u00e9dique et th\u00e9, caf\u00e9 inclus L'atelier est limit\u00e9 \u00e0 12 personnes.","og_url":"https:\/\/arthurgreenbean.be\/fr\/produkt\/atelier-kimchi-apprenez-a-faire-votre-propre-kimchi-29-aout\/","og_site_name":"AGBR","article_publisher":"https:\/\/www.facebook.com\/profile.php?id=100091825763096","og_image":[{"width":960,"height":540,"url":"https:\/\/arthurgreenbean.be\/wp-content\/uploads\/KimShi2.jpg","type":"image\/jpeg"}],"twitter_card":"summary_large_image","twitter_misc":{"Dur\u00e9e de lecture estim\u00e9e":"1 minute"},"schema":{"@context":"https:\/\/schema.org","@graph":[{"@type":"WebPage","@id":"https:\/\/arthurgreenbean.be\/fr\/produkt\/atelier-kimchi-apprenez-a-faire-votre-propre-kimchi-29-aout\/","url":"https:\/\/arthurgreenbean.be\/fr\/produkt\/atelier-kimchi-apprenez-a-faire-votre-propre-kimchi-29-aout\/","name":"Atelier Kimchi - apprenez \u00e0 faire votre propre Kimchi - 29 ao\u00fbt - AGBR","isPartOf":{"@id":"https:\/\/arthurgreenbean.be\/fr\/#website"},"primaryImageOfPage":{"@id":"https:\/\/arthurgreenbean.be\/fr\/produkt\/atelier-kimchi-apprenez-a-faire-votre-propre-kimchi-29-aout\/#primaryimage"},"image":{"@id":"https:\/\/arthurgreenbean.be\/fr\/produkt\/atelier-kimchi-apprenez-a-faire-votre-propre-kimchi-29-aout\/#primaryimage"},"thumbnailUrl":"https:\/\/arthurgreenbean.be\/wp-content\/uploads\/KimShi2.jpg","datePublished":"2023-01-16T07:00:55+00:00","breadcrumb":{"@id":"https:\/\/arthurgreenbean.be\/fr\/produkt\/atelier-kimchi-apprenez-a-faire-votre-propre-kimchi-29-aout\/#breadcrumb"},"inLanguage":"fr-FR","potentialAction":[{"@type":"ReadAction","target":["https:\/\/arthurgreenbean.be\/fr\/produkt\/atelier-kimchi-apprenez-a-faire-votre-propre-kimchi-29-aout\/"]}]},{"@type":"ImageObject","inLanguage":"fr-FR","@id":"https:\/\/arthurgreenbean.be\/fr\/produkt\/atelier-kimchi-apprenez-a-faire-votre-propre-kimchi-29-aout\/#primaryimage","url":"https:\/\/arthurgreenbean.be\/wp-content\/uploads\/KimShi2.jpg","contentUrl":"https:\/\/arthurgreenbean.be\/wp-content\/uploads\/KimShi2.jpg","width":960,"height":540,"caption":"une journ\u00e9e extraordinaire a produit beaucoup de d\u00e9licieux kimchi bio"},{"@type":"BreadcrumbList","@id":"https:\/\/arthurgreenbean.be\/fr\/produkt\/atelier-kimchi-apprenez-a-faire-votre-propre-kimchi-29-aout\/#breadcrumb","itemListElement":[{"@type":"ListItem","position":1,"name":"Home","item":"https:\/\/arthurgreenbean.be\/fr\/"},{"@type":"ListItem","position":2,"name":"Shop","item":"https:\/\/arthurgreenbean.be\/shop\/"},{"@type":"ListItem","position":3,"name":"Atelier Kimchi &#8211; apprenez \u00e0 faire votre propre Kimchi &#8211; 29 ao\u00fbt"}]},{"@type":"WebSite","@id":"https:\/\/arthurgreenbean.be\/fr\/#website","url":"https:\/\/arthurgreenbean.be\/fr\/","name":"Arthurgreenbean","description":"Arthur Greenbean Ranch","publisher":{"@id":"https:\/\/arthurgreenbean.be\/fr\/#organization"},"potentialAction":[{"@type":"SearchAction","target":{"@type":"EntryPoint","urlTemplate":"https:\/\/arthurgreenbean.be\/fr\/?s={search_term_string}"},"query-input":{"@type":"PropertyValueSpecification","valueRequired":true,"valueName":"search_term_string"}}],"inLanguage":"fr-FR"},{"@type":"Organization","@id":"https:\/\/arthurgreenbean.be\/fr\/#organization","name":"Arthurgreenbean Ranch","url":"https:\/\/arthurgreenbean.be\/fr\/","logo":{"@type":"ImageObject","inLanguage":"fr-FR","@id":"https:\/\/arthurgreenbean.be\/fr\/#\/schema\/logo\/image\/","url":"https:\/\/arthurgreenbean.be\/wp-content\/uploads\/agbr-696-1.jpg","contentUrl":"https:\/\/arthurgreenbean.be\/wp-content\/uploads\/agbr-696-1.jpg","width":696,"height":696,"caption":"Arthurgreenbean Ranch"},"image":{"@id":"https:\/\/arthurgreenbean.be\/fr\/#\/schema\/logo\/image\/"},"sameAs":["https:\/\/www.facebook.com\/profile.php?id=100091825763096"]}]}},"_links":{"self":[{"href":"https:\/\/arthurgreenbean.be\/fr\/wp-json\/wp\/v2\/product\/7610","targetHints":{"allow":["GET"]}}],"collection":[{"href":"https:\/\/arthurgreenbean.be\/fr\/wp-json\/wp\/v2\/product"}],"about":[{"href":"https:\/\/arthurgreenbean.be\/fr\/wp-json\/wp\/v2\/types\/product"}],"replies":[{"embeddable":true,"href":"https:\/\/arthurgreenbean.be\/fr\/wp-json\/wp\/v2\/comments?post=7610"}],"wp:featuredmedia":[{"embeddable":true,"href":"https:\/\/arthurgreenbean.be\/fr\/wp-json\/wp\/v2\/media\/3390"}],"wp:attachment":[{"href":"https:\/\/arthurgreenbean.be\/fr\/wp-json\/wp\/v2\/media?parent=7610"}],"wp:term":[{"taxonomy":"product_brand","embeddable":true,"href":"https:\/\/arthurgreenbean.be\/fr\/wp-json\/wp\/v2\/product_brand?post=7610"},{"taxonomy":"product_cat","embeddable":true,"href":"https:\/\/arthurgreenbean.be\/fr\/wp-json\/wp\/v2\/product_cat?post=7610"},{"taxonomy":"product_tag","embeddable":true,"href":"https:\/\/arthurgreenbean.be\/fr\/wp-json\/wp\/v2\/product_tag?post=7610"}],"curies":[{"name":"wp","href":"https:\/\/api.w.org\/{rel}","templated":true}]}}