{"id":7583,"date":"2023-01-14T21:05:36","date_gmt":"2023-01-14T20:05:36","guid":{"rendered":"https:\/\/arthurgreenbean.be\/?post_type=product&#038;p=7583"},"modified":"2026-03-29T16:28:32","modified_gmt":"2026-03-29T14:28:32","slug":"votre-cours-de-yoga-du-samedi-a-lagbr-copy-2","status":"publish","type":"product","link":"https:\/\/arthurgreenbean.be\/fr\/produkt\/votre-cours-de-yoga-du-samedi-a-lagbr-copy-2\/","title":{"rendered":"\ud83c\udf3f Retraite de Yoga d&rsquo;un jour dans la nature \ud83c\udf3f 27 juin"},"content":{"rendered":"<p data-start=\"0\" data-end=\"83\"><strong data-start=\"3\" data-end=\"37\">\ud83c\udf3f Retraite de yoga d&rsquo;une journ\u00e9e dans la nature<\/strong> \ud83c\udf3f<br data-start=\"40\" data-end=\"43\"><em data-start=\"43\" data-end=\"83\">Pour les d\u00e9butants et les pratiquants avanc\u00e9s<\/em><\/p>\n<p data-start=\"85\" data-end=\"322\">\u00c9loignez-vous de la vie quotidienne et immergez-vous dans une journ\u00e9e nourrissante de yoga, de nature et de connexion en pleine conscience dans notre ferme paisible. Cette retraite est une invitation \u00e0 <strong data-start=\"247\" data-end=\"321\">refaire le plein d&rsquo;\u00e9nergie, \u00e0 adoucir votre esprit et \u00e0 profiter d&rsquo;un moment rien que pour vous.<\/strong> <\/p>\n<p data-start=\"324\" data-end=\"563\">Nous commen\u00e7ons par un accueil chaleureux et un <strong data-start=\"357\" data-end=\"375\">chai fait maison<\/strong>, suivis d&rsquo;une <strong data-start=\"389\" data-end=\"432\">m\u00e9ditation matinale et d&rsquo;un pranayama doux<\/strong>. Apr\u00e8s une courte pause avec des d\u00e9lices ayurv\u00e9diques l\u00e9gers et nourrissants, nous passons \u00e0 une <strong data-start=\"523\" data-end=\"562\">pratique d&rsquo;asanas de Hatha Yoga de 90 minutes.<\/strong> <\/p>\n<p data-start=\"565\" data-end=\"881\">Un <strong data-start=\"585\" data-end=\"604\">d\u00e9jeuner ayurv\u00e9dique<\/strong> pr\u00e9par\u00e9 avec amour sera partag\u00e9 ensemble, cr\u00e9ant un espace pour une conversation d\u00e9tendue et une communaut\u00e9. L&rsquo;apr\u00e8s-midi, rejoignez-nous pour un <strong data-start=\"717\" data-end=\"728\">satsang<\/strong> dans notre shala de yoga, o\u00f9 Mal et Sonja partageront leurs id\u00e9es sur la philosophie du yoga, l&rsquo;ayurv\u00e9da en tant que science s\u0153ur du yoga, et la mani\u00e8re dont les deux peuvent vous aider dans votre vie quotidienne. <\/p>\n<p data-start=\"883\" data-end=\"1141\">La journ\u00e9e se poursuit par une <strong data-start=\"908\" data-end=\"944\">pratique ludique des asanas l&rsquo;apr\u00e8s-midi<\/strong>, et se termine en douceur par un <strong data-start=\"973\" data-end=\"1009\">pranayama apaisant et une m\u00e9ditation<\/strong>. \u00c0 <strong data-start=\"1014\" data-end=\"1025\">18 heures<\/strong>, nous d\u00e9gustons un l\u00e9ger repas ayurv\u00e9dique, suivi d&rsquo;un <strong data-start=\"1082\" data-end=\"1103\">chant Om d&rsquo;adieu<\/strong>, cl\u00f4turant la journ\u00e9e ensemble en silence. <\/p>\n<p data-start=\"1143\" data-end=\"1298\">\u2728 Une journ\u00e9e compl\u00e8te de yoga, de nature, de nourriture nourrissante et d&rsquo;inspiration<br data-start=\"1205\" data-end=\"1208\">\u2728 Venez comme vous \u00eates &#8211; tous les niveaux sont les bienvenus<br data-start=\"1246\" data-end=\"1249\">\u2728 Repartez ancr\u00e9, rafra\u00eechi et profond\u00e9ment nourri<\/p>\n<p data-start=\"1300\" data-end=\"1361\" data-is-last-node=\"\" data-is-only-node=\"\">Nous nous r\u00e9jouissons de partager ce jour sp\u00e9cial avec vous. \ud83c\udf3e\ud83e\uddd8\u200d\u2640\ufe0f <\/p>\n<p data-start=\"1300\" data-end=\"1361\" data-is-last-node=\"\" data-is-only-node=\"\">Arriv\u00e9e \u00e0 9 heures, d\u00e9but \u00e0 9h30<\/p>\n","protected":false},"excerpt":{"rendered":"<p><strong>\ud83c\udf3f Retraite de yoga d&rsquo;un jour dans la nature \ud83c\udf3f<br data-start=\"40\" data-end=\"43\"><em data-start=\"43\" data-end=\"83\">Pour les d\u00e9butants et les pratiquants avanc\u00e9s<\/em><br \/>\n09:00 \u00e0 19:00<\/strong><\/p>\n<h3>Prix : 85,- Euro \/ personne<\/h3>\n<p>Cette retraite est limit\u00e9e \u00e0 <strong>12 personnes<\/strong>.<\/p>\n<p>Veuillez nous informer \u00e0 l&rsquo;avance de toute restriction physique dont nous devrions \u00eatre conscients. Merci \u2728<\/p>\n","protected":false},"featured_media":6736,"comment_status":"open","ping_status":"closed","template":"","meta":[],"product_brand":[],"product_cat":[104,103],"product_tag":[80,107,109,108,106],"class_list":{"0":"post-7583","1":"product","2":"type-product","3":"status-publish","4":"has-post-thumbnail","6":"product_cat-yinyoga-fr","7":"product_cat-yoga-fr","8":"product_tag-belgique","9":"product_tag-hatha-yoga-fr","10":"product_tag-la-respiration","11":"product_tag-wim-hof-fr","12":"product_tag-yoga-fr","14":"first","15":"instock","16":"shipping-taxable","17":"purchasable","18":"product-type-appointment"},"exclude_global_add_ons":[],"addons":[],"yoast_head":"<!-- This site is optimized with the Yoast SEO Premium plugin v26.7 (Yoast SEO v27.2) - https:\/\/yoast.com\/product\/yoast-seo-premium-wordpress\/ -->\n<title>\ud83c\udf3f Retraite de Yoga d&#039;un jour dans la nature \ud83c\udf3f 27 juin - AGBR<\/title>\n<meta name=\"robots\" content=\"index, follow, max-snippet:-1, max-image-preview:large, max-video-preview:-1\" \/>\n<link rel=\"canonical\" href=\"https:\/\/arthurgreenbean.be\/fr\/produkt\/votre-cours-de-yoga-du-samedi-a-lagbr-copy-2\/\" \/>\n<meta property=\"og:locale\" content=\"fr_FR\" \/>\n<meta property=\"og:type\" content=\"article\" \/>\n<meta property=\"og:title\" content=\"\ud83c\udf3f Retraite de Yoga d&#039;un jour dans la nature \ud83c\udf3f 27 juin\" \/>\n<meta property=\"og:description\" content=\"\ud83c\udf3f Retraite de yoga d&#039;un jour dans la nature \ud83c\udf3fPour les d\u00e9butants et les pratiquants avanc\u00e9s 09:00 \u00e0 19:00 Prix : 85,- Euro \/ personne Cette retraite est limit\u00e9e \u00e0 12 personnes. Veuillez nous informer \u00e0 l&#039;avance de toute restriction physique dont nous devrions \u00eatre conscients. Merci \u2728\" \/>\n<meta property=\"og:url\" content=\"https:\/\/arthurgreenbean.be\/fr\/produkt\/votre-cours-de-yoga-du-samedi-a-lagbr-copy-2\/\" \/>\n<meta property=\"og:site_name\" content=\"AGBR\" \/>\n<meta property=\"article:publisher\" content=\"https:\/\/www.facebook.com\/profile.php?id=100091825763096\" \/>\n<meta property=\"article:modified_time\" content=\"2026-03-29T14:28:32+00:00\" \/>\n<meta property=\"og:image\" content=\"https:\/\/arthurgreenbean.be\/wp-content\/uploads\/post-der-fruehling-kommt-07-1.jpg\" \/>\n\t<meta property=\"og:image:width\" content=\"1920\" \/>\n\t<meta property=\"og:image:height\" content=\"1400\" \/>\n\t<meta property=\"og:image:type\" content=\"image\/jpeg\" \/>\n<meta name=\"twitter:card\" content=\"summary_large_image\" \/>\n<meta name=\"twitter:label1\" content=\"Dur\u00e9e de lecture estim\u00e9e\" \/>\n\t<meta name=\"twitter:data1\" content=\"1 minute\" \/>\n<script type=\"application\/ld+json\" class=\"yoast-schema-graph\">{\"@context\":\"https:\/\/schema.org\",\"@graph\":[{\"@type\":\"WebPage\",\"@id\":\"https:\/\/arthurgreenbean.be\/fr\/produkt\/votre-cours-de-yoga-du-samedi-a-lagbr-copy-2\/\",\"url\":\"https:\/\/arthurgreenbean.be\/fr\/produkt\/votre-cours-de-yoga-du-samedi-a-lagbr-copy-2\/\",\"name\":\"\ud83c\udf3f Retraite de Yoga d'un jour dans la nature \ud83c\udf3f 27 juin - AGBR\",\"isPartOf\":{\"@id\":\"https:\/\/arthurgreenbean.be\/fr\/#website\"},\"primaryImageOfPage\":{\"@id\":\"https:\/\/arthurgreenbean.be\/fr\/produkt\/votre-cours-de-yoga-du-samedi-a-lagbr-copy-2\/#primaryimage\"},\"image\":{\"@id\":\"https:\/\/arthurgreenbean.be\/fr\/produkt\/votre-cours-de-yoga-du-samedi-a-lagbr-copy-2\/#primaryimage\"},\"thumbnailUrl\":\"https:\/\/arthurgreenbean.be\/wp-content\/uploads\/post-der-fruehling-kommt-07-1.jpg\",\"datePublished\":\"2023-01-14T20:05:36+00:00\",\"dateModified\":\"2026-03-29T14:28:32+00:00\",\"breadcrumb\":{\"@id\":\"https:\/\/arthurgreenbean.be\/fr\/produkt\/votre-cours-de-yoga-du-samedi-a-lagbr-copy-2\/#breadcrumb\"},\"inLanguage\":\"fr-FR\",\"potentialAction\":[{\"@type\":\"ReadAction\",\"target\":[\"https:\/\/arthurgreenbean.be\/fr\/produkt\/votre-cours-de-yoga-du-samedi-a-lagbr-copy-2\/\"]}]},{\"@type\":\"ImageObject\",\"inLanguage\":\"fr-FR\",\"@id\":\"https:\/\/arthurgreenbean.be\/fr\/produkt\/votre-cours-de-yoga-du-samedi-a-lagbr-copy-2\/#primaryimage\",\"url\":\"https:\/\/arthurgreenbean.be\/wp-content\/uploads\/post-der-fruehling-kommt-07-1.jpg\",\"contentUrl\":\"https:\/\/arthurgreenbean.be\/wp-content\/uploads\/post-der-fruehling-kommt-07-1.jpg\",\"width\":1920,\"height\":1400},{\"@type\":\"BreadcrumbList\",\"@id\":\"https:\/\/arthurgreenbean.be\/fr\/produkt\/votre-cours-de-yoga-du-samedi-a-lagbr-copy-2\/#breadcrumb\",\"itemListElement\":[{\"@type\":\"ListItem\",\"position\":1,\"name\":\"Home\",\"item\":\"https:\/\/arthurgreenbean.be\/fr\/\"},{\"@type\":\"ListItem\",\"position\":2,\"name\":\"Shop\",\"item\":\"https:\/\/arthurgreenbean.be\/shop\/\"},{\"@type\":\"ListItem\",\"position\":3,\"name\":\"\ud83c\udf3f Retraite de Yoga d&rsquo;un jour dans la nature \ud83c\udf3f 27 juin\"}]},{\"@type\":\"WebSite\",\"@id\":\"https:\/\/arthurgreenbean.be\/fr\/#website\",\"url\":\"https:\/\/arthurgreenbean.be\/fr\/\",\"name\":\"Arthurgreenbean\",\"description\":\"Arthur Greenbean Ranch\",\"publisher\":{\"@id\":\"https:\/\/arthurgreenbean.be\/fr\/#organization\"},\"potentialAction\":[{\"@type\":\"SearchAction\",\"target\":{\"@type\":\"EntryPoint\",\"urlTemplate\":\"https:\/\/arthurgreenbean.be\/fr\/?s={search_term_string}\"},\"query-input\":{\"@type\":\"PropertyValueSpecification\",\"valueRequired\":true,\"valueName\":\"search_term_string\"}}],\"inLanguage\":\"fr-FR\"},{\"@type\":\"Organization\",\"@id\":\"https:\/\/arthurgreenbean.be\/fr\/#organization\",\"name\":\"Arthurgreenbean Ranch\",\"url\":\"https:\/\/arthurgreenbean.be\/fr\/\",\"logo\":{\"@type\":\"ImageObject\",\"inLanguage\":\"fr-FR\",\"@id\":\"https:\/\/arthurgreenbean.be\/fr\/#\/schema\/logo\/image\/\",\"url\":\"https:\/\/arthurgreenbean.be\/wp-content\/uploads\/agbr-696-1.jpg\",\"contentUrl\":\"https:\/\/arthurgreenbean.be\/wp-content\/uploads\/agbr-696-1.jpg\",\"width\":696,\"height\":696,\"caption\":\"Arthurgreenbean Ranch\"},\"image\":{\"@id\":\"https:\/\/arthurgreenbean.be\/fr\/#\/schema\/logo\/image\/\"},\"sameAs\":[\"https:\/\/www.facebook.com\/profile.php?id=100091825763096\"]}]}<\/script>\n<!-- \/ Yoast SEO Premium plugin. -->","yoast_head_json":{"title":"\ud83c\udf3f Retraite de Yoga d'un jour dans la nature \ud83c\udf3f 27 juin - AGBR","robots":{"index":"index","follow":"follow","max-snippet":"max-snippet:-1","max-image-preview":"max-image-preview:large","max-video-preview":"max-video-preview:-1"},"canonical":"https:\/\/arthurgreenbean.be\/fr\/produkt\/votre-cours-de-yoga-du-samedi-a-lagbr-copy-2\/","og_locale":"fr_FR","og_type":"article","og_title":"\ud83c\udf3f Retraite de Yoga d'un jour dans la nature \ud83c\udf3f 27 juin","og_description":"\ud83c\udf3f Retraite de yoga d'un jour dans la nature \ud83c\udf3fPour les d\u00e9butants et les pratiquants avanc\u00e9s 09:00 \u00e0 19:00 Prix : 85,- Euro \/ personne Cette retraite est limit\u00e9e \u00e0 12 personnes. Veuillez nous informer \u00e0 l'avance de toute restriction physique dont nous devrions \u00eatre conscients. Merci \u2728","og_url":"https:\/\/arthurgreenbean.be\/fr\/produkt\/votre-cours-de-yoga-du-samedi-a-lagbr-copy-2\/","og_site_name":"AGBR","article_publisher":"https:\/\/www.facebook.com\/profile.php?id=100091825763096","article_modified_time":"2026-03-29T14:28:32+00:00","og_image":[{"width":1920,"height":1400,"url":"https:\/\/arthurgreenbean.be\/wp-content\/uploads\/post-der-fruehling-kommt-07-1.jpg","type":"image\/jpeg"}],"twitter_card":"summary_large_image","twitter_misc":{"Dur\u00e9e de lecture estim\u00e9e":"1 minute"},"schema":{"@context":"https:\/\/schema.org","@graph":[{"@type":"WebPage","@id":"https:\/\/arthurgreenbean.be\/fr\/produkt\/votre-cours-de-yoga-du-samedi-a-lagbr-copy-2\/","url":"https:\/\/arthurgreenbean.be\/fr\/produkt\/votre-cours-de-yoga-du-samedi-a-lagbr-copy-2\/","name":"\ud83c\udf3f Retraite de Yoga d'un jour dans la nature \ud83c\udf3f 27 juin - AGBR","isPartOf":{"@id":"https:\/\/arthurgreenbean.be\/fr\/#website"},"primaryImageOfPage":{"@id":"https:\/\/arthurgreenbean.be\/fr\/produkt\/votre-cours-de-yoga-du-samedi-a-lagbr-copy-2\/#primaryimage"},"image":{"@id":"https:\/\/arthurgreenbean.be\/fr\/produkt\/votre-cours-de-yoga-du-samedi-a-lagbr-copy-2\/#primaryimage"},"thumbnailUrl":"https:\/\/arthurgreenbean.be\/wp-content\/uploads\/post-der-fruehling-kommt-07-1.jpg","datePublished":"2023-01-14T20:05:36+00:00","dateModified":"2026-03-29T14:28:32+00:00","breadcrumb":{"@id":"https:\/\/arthurgreenbean.be\/fr\/produkt\/votre-cours-de-yoga-du-samedi-a-lagbr-copy-2\/#breadcrumb"},"inLanguage":"fr-FR","potentialAction":[{"@type":"ReadAction","target":["https:\/\/arthurgreenbean.be\/fr\/produkt\/votre-cours-de-yoga-du-samedi-a-lagbr-copy-2\/"]}]},{"@type":"ImageObject","inLanguage":"fr-FR","@id":"https:\/\/arthurgreenbean.be\/fr\/produkt\/votre-cours-de-yoga-du-samedi-a-lagbr-copy-2\/#primaryimage","url":"https:\/\/arthurgreenbean.be\/wp-content\/uploads\/post-der-fruehling-kommt-07-1.jpg","contentUrl":"https:\/\/arthurgreenbean.be\/wp-content\/uploads\/post-der-fruehling-kommt-07-1.jpg","width":1920,"height":1400},{"@type":"BreadcrumbList","@id":"https:\/\/arthurgreenbean.be\/fr\/produkt\/votre-cours-de-yoga-du-samedi-a-lagbr-copy-2\/#breadcrumb","itemListElement":[{"@type":"ListItem","position":1,"name":"Home","item":"https:\/\/arthurgreenbean.be\/fr\/"},{"@type":"ListItem","position":2,"name":"Shop","item":"https:\/\/arthurgreenbean.be\/shop\/"},{"@type":"ListItem","position":3,"name":"\ud83c\udf3f Retraite de Yoga d&rsquo;un jour dans la nature \ud83c\udf3f 27 juin"}]},{"@type":"WebSite","@id":"https:\/\/arthurgreenbean.be\/fr\/#website","url":"https:\/\/arthurgreenbean.be\/fr\/","name":"Arthurgreenbean","description":"Arthur Greenbean Ranch","publisher":{"@id":"https:\/\/arthurgreenbean.be\/fr\/#organization"},"potentialAction":[{"@type":"SearchAction","target":{"@type":"EntryPoint","urlTemplate":"https:\/\/arthurgreenbean.be\/fr\/?s={search_term_string}"},"query-input":{"@type":"PropertyValueSpecification","valueRequired":true,"valueName":"search_term_string"}}],"inLanguage":"fr-FR"},{"@type":"Organization","@id":"https:\/\/arthurgreenbean.be\/fr\/#organization","name":"Arthurgreenbean Ranch","url":"https:\/\/arthurgreenbean.be\/fr\/","logo":{"@type":"ImageObject","inLanguage":"fr-FR","@id":"https:\/\/arthurgreenbean.be\/fr\/#\/schema\/logo\/image\/","url":"https:\/\/arthurgreenbean.be\/wp-content\/uploads\/agbr-696-1.jpg","contentUrl":"https:\/\/arthurgreenbean.be\/wp-content\/uploads\/agbr-696-1.jpg","width":696,"height":696,"caption":"Arthurgreenbean Ranch"},"image":{"@id":"https:\/\/arthurgreenbean.be\/fr\/#\/schema\/logo\/image\/"},"sameAs":["https:\/\/www.facebook.com\/profile.php?id=100091825763096"]}]}},"_links":{"self":[{"href":"https:\/\/arthurgreenbean.be\/fr\/wp-json\/wp\/v2\/product\/7583","targetHints":{"allow":["GET"]}}],"collection":[{"href":"https:\/\/arthurgreenbean.be\/fr\/wp-json\/wp\/v2\/product"}],"about":[{"href":"https:\/\/arthurgreenbean.be\/fr\/wp-json\/wp\/v2\/types\/product"}],"replies":[{"embeddable":true,"href":"https:\/\/arthurgreenbean.be\/fr\/wp-json\/wp\/v2\/comments?post=7583"}],"wp:featuredmedia":[{"embeddable":true,"href":"https:\/\/arthurgreenbean.be\/fr\/wp-json\/wp\/v2\/media\/6736"}],"wp:attachment":[{"href":"https:\/\/arthurgreenbean.be\/fr\/wp-json\/wp\/v2\/media?parent=7583"}],"wp:term":[{"taxonomy":"product_brand","embeddable":true,"href":"https:\/\/arthurgreenbean.be\/fr\/wp-json\/wp\/v2\/product_brand?post=7583"},{"taxonomy":"product_cat","embeddable":true,"href":"https:\/\/arthurgreenbean.be\/fr\/wp-json\/wp\/v2\/product_cat?post=7583"},{"taxonomy":"product_tag","embeddable":true,"href":"https:\/\/arthurgreenbean.be\/fr\/wp-json\/wp\/v2\/product_tag?post=7583"}],"curies":[{"name":"wp","href":"https:\/\/api.w.org\/{rel}","templated":true}]}}