{"id":6505,"date":"2025-01-24T11:27:11","date_gmt":"2025-01-24T11:27:11","guid":{"rendered":"https:\/\/arthurgreenbean.be\/?post_type=product&#038;p=6505"},"modified":"2026-03-19T20:57:09","modified_gmt":"2026-03-19T19:57:09","slug":"kimchi-darthur-470-gr-la-meilleure-edition-de-tous-les-temps-nouveau-prix-990-ttc-250-de-caution-pour-le-verre-copy","status":"publish","type":"product","link":"https:\/\/arthurgreenbean.be\/fr\/produkt\/kimchi-darthur-470-gr-la-meilleure-edition-de-tous-les-temps-nouveau-prix-990-ttc-250-de-caution-pour-le-verre-copy\/","title":{"rendered":"Choucroute d&rsquo;Arthur \u00e0 partir de notre chou blanc"},"content":{"rendered":"<p data-start=\"130\" data-end=\"191\"><strong data-start=\"130\" data-end=\"189\">\ud83e\udd6c Fra\u00eeche, douce et pleine de vie &#8211; Notre choucroute d&rsquo;hiver maison<\/strong><\/p>\n<p data-start=\"193\" data-end=\"413\">Fabriqu\u00e9 \u00e0 partir de notre propre chou d\u00e9licieux \ud83c\udf3f, plant\u00e9 en juin et r\u00e9colt\u00e9 au summum de sa fra\u00eecheur. L\u00e9g\u00e8rement assaisonn\u00e9 avec du carvi, du laurier et des baies de geni\u00e8vre \ud83c\udf31, puis ferment\u00e9 naturellement avec du sel rose pur de l&rsquo;Himalaya \ud83e\ude77. <\/p>\n<p data-start=\"415\" data-end=\"649\"><strong data-start=\"415\" data-end=\"448\">Totalement vivants et non pasteuris\u00e9s<\/strong>, ils regorgent de vitamines, d&rsquo;enzymes et de probiotiques. D\u00e9licieux mang\u00e9 cru pour profiter de tous les avantages nutritionnels, mais aussi merveilleux cuit. Ajoutez-le \u00e0 presque tout pour une am\u00e9lioration instantan\u00e9e de la saveur et de la sant\u00e9 \u2728.  <\/p>\n<p data-start=\"651\" data-end=\"911\">Notre <strong data-start=\"655\" data-end=\"676\">choucroute d&rsquo;hiver<\/strong> peut se conserver pendant des mois. Gardez le couvercle ferm\u00e9 autant que possible pour \u00e9viter toute contamination. Si le couvercle est ouvert, conservez-le au r\u00e9frig\u00e9rateur, \u2744\ufe0f. <\/p>\n<p data-start=\"913\" data-end=\"977\"><strong data-start=\"913\" data-end=\"930\">470 g &#8211; \u20ac9 <\/strong> <em data-start=\"931\" data-end=\"975\">(y compris une caution de 3 \u20ac pour le verre)<\/em><\/p>\n","protected":false},"excerpt":{"rendered":"<h3>Frais, piquant et plein de vie &#8211; notre choucroute maison est fabriqu\u00e9e \u00e0 partir de notre propre chou blanc fra\u00eechement r\u00e9colt\u00e9, d\u00e9licatement assaisonn\u00e9 de cumin, de laurier et de baies de geni\u00e8vre. Ferment\u00e9e naturellement avec du sel rose de l&rsquo;Himalaya, c&rsquo;est un concentr\u00e9 de probiotiques qui donne un d\u00e9licieux coup de fouet \u00e0 n&rsquo;importe quel repas. D\u00e9gustez-la crue ou cuite, et go\u00fbtez la diff\u00e9rence d&rsquo;une vraie choucroute vivante !  <\/h3>\n","protected":false},"featured_media":6285,"comment_status":"open","ping_status":"closed","template":"","meta":[],"product_brand":[],"product_cat":[119,237],"product_tag":[81,80,83,82],"class_list":{"0":"post-6505","1":"product","2":"type-product","3":"status-publish","4":"has-post-thumbnail","6":"product_cat-alimentation","7":"product_cat-ferme","8":"product_tag-alimentation","9":"product_tag-belgique","10":"product_tag-organique","11":"product_tag-sante","13":"first","14":"instock","15":"shipping-taxable","16":"purchasable","17":"product-type-simple"},"exclude_global_add_ons":[],"addons":[],"yoast_head":"<!-- This site is optimized with the Yoast SEO Premium plugin v26.7 (Yoast SEO v27.2) - https:\/\/yoast.com\/product\/yoast-seo-premium-wordpress\/ -->\n<title>Choucroute d&#039;Arthur \u00e0 partir de notre chou blanc - AGBR<\/title>\n<meta name=\"description\" content=\"D\u00e9licieuse choucroute douce \ud83e\udd6c fabriqu\u00e9e \u00e0 partir de notre propre chou, de cumin, de laurier et de baies de geni\u00e8vre. Ferment\u00e9e naturellement avec du sel rose de l&#039;Himalaya - vivante, non pasteuris\u00e9e et pleine de bienfaits.\" \/>\n<meta name=\"robots\" content=\"index, follow, max-snippet:-1, max-image-preview:large, max-video-preview:-1\" \/>\n<link rel=\"canonical\" href=\"https:\/\/arthurgreenbean.be\/fr\/produkt\/kimchi-darthur-470-gr-la-meilleure-edition-de-tous-les-temps-nouveau-prix-990-ttc-250-de-caution-pour-le-verre-copy\/\" \/>\n<meta property=\"og:locale\" content=\"fr_FR\" \/>\n<meta property=\"og:type\" content=\"article\" \/>\n<meta property=\"og:title\" content=\"Choucroute d&#039;Arthur \u00e0 partir de notre chou blanc\" \/>\n<meta property=\"og:description\" content=\"D\u00e9licieuse choucroute douce \ud83e\udd6c fabriqu\u00e9e \u00e0 partir de notre propre chou, de cumin, de laurier et de baies de geni\u00e8vre. Ferment\u00e9e naturellement avec du sel rose de l&#039;Himalaya - vivante, non pasteuris\u00e9e et pleine de bienfaits.\" \/>\n<meta property=\"og:url\" content=\"https:\/\/arthurgreenbean.be\/fr\/produkt\/kimchi-darthur-470-gr-la-meilleure-edition-de-tous-les-temps-nouveau-prix-990-ttc-250-de-caution-pour-le-verre-copy\/\" \/>\n<meta property=\"og:site_name\" content=\"AGBR\" \/>\n<meta property=\"article:publisher\" content=\"https:\/\/www.facebook.com\/profile.php?id=100091825763096\" \/>\n<meta property=\"article:modified_time\" content=\"2026-03-19T19:57:09+00:00\" \/>\n<meta property=\"og:image\" content=\"https:\/\/arthurgreenbean.be\/wp-content\/uploads\/WhatsApp-Image-2024-11-01-at-09.38.52.jpeg\" \/>\n\t<meta property=\"og:image:width\" content=\"1440\" \/>\n\t<meta property=\"og:image:height\" content=\"1439\" \/>\n\t<meta property=\"og:image:type\" content=\"image\/jpeg\" \/>\n<meta name=\"twitter:card\" content=\"summary_large_image\" \/>\n<meta name=\"twitter:label1\" content=\"Dur\u00e9e de lecture estim\u00e9e\" \/>\n\t<meta name=\"twitter:data1\" content=\"1 minute\" \/>\n<script type=\"application\/ld+json\" class=\"yoast-schema-graph\">{\"@context\":\"https:\/\/schema.org\",\"@graph\":[{\"@type\":\"WebPage\",\"@id\":\"https:\/\/arthurgreenbean.be\/fr\/produkt\/kimchi-darthur-470-gr-la-meilleure-edition-de-tous-les-temps-nouveau-prix-990-ttc-250-de-caution-pour-le-verre-copy\/\",\"url\":\"https:\/\/arthurgreenbean.be\/fr\/produkt\/kimchi-darthur-470-gr-la-meilleure-edition-de-tous-les-temps-nouveau-prix-990-ttc-250-de-caution-pour-le-verre-copy\/\",\"name\":\"Choucroute d'Arthur \u00e0 partir de notre chou blanc - AGBR\",\"isPartOf\":{\"@id\":\"https:\/\/arthurgreenbean.be\/fr\/#website\"},\"primaryImageOfPage\":{\"@id\":\"https:\/\/arthurgreenbean.be\/fr\/produkt\/kimchi-darthur-470-gr-la-meilleure-edition-de-tous-les-temps-nouveau-prix-990-ttc-250-de-caution-pour-le-verre-copy\/#primaryimage\"},\"image\":{\"@id\":\"https:\/\/arthurgreenbean.be\/fr\/produkt\/kimchi-darthur-470-gr-la-meilleure-edition-de-tous-les-temps-nouveau-prix-990-ttc-250-de-caution-pour-le-verre-copy\/#primaryimage\"},\"thumbnailUrl\":\"https:\/\/arthurgreenbean.be\/wp-content\/uploads\/WhatsApp-Image-2024-11-01-at-09.38.52.jpeg\",\"datePublished\":\"2025-01-24T11:27:11+00:00\",\"dateModified\":\"2026-03-19T19:57:09+00:00\",\"description\":\"D\u00e9licieuse choucroute douce \ud83e\udd6c fabriqu\u00e9e \u00e0 partir de notre propre chou, de cumin, de laurier et de baies de geni\u00e8vre. Ferment\u00e9e naturellement avec du sel rose de l'Himalaya - vivante, non pasteuris\u00e9e et pleine de bienfaits.\",\"breadcrumb\":{\"@id\":\"https:\/\/arthurgreenbean.be\/fr\/produkt\/kimchi-darthur-470-gr-la-meilleure-edition-de-tous-les-temps-nouveau-prix-990-ttc-250-de-caution-pour-le-verre-copy\/#breadcrumb\"},\"inLanguage\":\"fr-FR\",\"potentialAction\":[{\"@type\":\"ReadAction\",\"target\":[\"https:\/\/arthurgreenbean.be\/fr\/produkt\/kimchi-darthur-470-gr-la-meilleure-edition-de-tous-les-temps-nouveau-prix-990-ttc-250-de-caution-pour-le-verre-copy\/\"]}]},{\"@type\":\"ImageObject\",\"inLanguage\":\"fr-FR\",\"@id\":\"https:\/\/arthurgreenbean.be\/fr\/produkt\/kimchi-darthur-470-gr-la-meilleure-edition-de-tous-les-temps-nouveau-prix-990-ttc-250-de-caution-pour-le-verre-copy\/#primaryimage\",\"url\":\"https:\/\/arthurgreenbean.be\/wp-content\/uploads\/WhatsApp-Image-2024-11-01-at-09.38.52.jpeg\",\"contentUrl\":\"https:\/\/arthurgreenbean.be\/wp-content\/uploads\/WhatsApp-Image-2024-11-01-at-09.38.52.jpeg\",\"width\":1440,\"height\":1439,\"caption\":\"La choucroute d'Arthur\"},{\"@type\":\"BreadcrumbList\",\"@id\":\"https:\/\/arthurgreenbean.be\/fr\/produkt\/kimchi-darthur-470-gr-la-meilleure-edition-de-tous-les-temps-nouveau-prix-990-ttc-250-de-caution-pour-le-verre-copy\/#breadcrumb\",\"itemListElement\":[{\"@type\":\"ListItem\",\"position\":1,\"name\":\"Home\",\"item\":\"https:\/\/arthurgreenbean.be\/fr\/\"},{\"@type\":\"ListItem\",\"position\":2,\"name\":\"Shop\",\"item\":\"https:\/\/arthurgreenbean.be\/shop\/\"},{\"@type\":\"ListItem\",\"position\":3,\"name\":\"Choucroute d&rsquo;Arthur \u00e0 partir de notre chou blanc\"}]},{\"@type\":\"WebSite\",\"@id\":\"https:\/\/arthurgreenbean.be\/fr\/#website\",\"url\":\"https:\/\/arthurgreenbean.be\/fr\/\",\"name\":\"Arthurgreenbean\",\"description\":\"Arthur Greenbean Ranch\",\"publisher\":{\"@id\":\"https:\/\/arthurgreenbean.be\/fr\/#organization\"},\"potentialAction\":[{\"@type\":\"SearchAction\",\"target\":{\"@type\":\"EntryPoint\",\"urlTemplate\":\"https:\/\/arthurgreenbean.be\/fr\/?s={search_term_string}\"},\"query-input\":{\"@type\":\"PropertyValueSpecification\",\"valueRequired\":true,\"valueName\":\"search_term_string\"}}],\"inLanguage\":\"fr-FR\"},{\"@type\":\"Organization\",\"@id\":\"https:\/\/arthurgreenbean.be\/fr\/#organization\",\"name\":\"Arthurgreenbean Ranch\",\"url\":\"https:\/\/arthurgreenbean.be\/fr\/\",\"logo\":{\"@type\":\"ImageObject\",\"inLanguage\":\"fr-FR\",\"@id\":\"https:\/\/arthurgreenbean.be\/fr\/#\/schema\/logo\/image\/\",\"url\":\"https:\/\/arthurgreenbean.be\/wp-content\/uploads\/agbr-696-1.jpg\",\"contentUrl\":\"https:\/\/arthurgreenbean.be\/wp-content\/uploads\/agbr-696-1.jpg\",\"width\":696,\"height\":696,\"caption\":\"Arthurgreenbean Ranch\"},\"image\":{\"@id\":\"https:\/\/arthurgreenbean.be\/fr\/#\/schema\/logo\/image\/\"},\"sameAs\":[\"https:\/\/www.facebook.com\/profile.php?id=100091825763096\"]}]}<\/script>\n<!-- \/ Yoast SEO Premium plugin. -->","yoast_head_json":{"title":"Choucroute d'Arthur \u00e0 partir de notre chou blanc - AGBR","description":"D\u00e9licieuse choucroute douce \ud83e\udd6c fabriqu\u00e9e \u00e0 partir de notre propre chou, de cumin, de laurier et de baies de geni\u00e8vre. Ferment\u00e9e naturellement avec du sel rose de l'Himalaya - vivante, non pasteuris\u00e9e et pleine de bienfaits.","robots":{"index":"index","follow":"follow","max-snippet":"max-snippet:-1","max-image-preview":"max-image-preview:large","max-video-preview":"max-video-preview:-1"},"canonical":"https:\/\/arthurgreenbean.be\/fr\/produkt\/kimchi-darthur-470-gr-la-meilleure-edition-de-tous-les-temps-nouveau-prix-990-ttc-250-de-caution-pour-le-verre-copy\/","og_locale":"fr_FR","og_type":"article","og_title":"Choucroute d'Arthur \u00e0 partir de notre chou blanc","og_description":"D\u00e9licieuse choucroute douce \ud83e\udd6c fabriqu\u00e9e \u00e0 partir de notre propre chou, de cumin, de laurier et de baies de geni\u00e8vre. Ferment\u00e9e naturellement avec du sel rose de l'Himalaya - vivante, non pasteuris\u00e9e et pleine de bienfaits.","og_url":"https:\/\/arthurgreenbean.be\/fr\/produkt\/kimchi-darthur-470-gr-la-meilleure-edition-de-tous-les-temps-nouveau-prix-990-ttc-250-de-caution-pour-le-verre-copy\/","og_site_name":"AGBR","article_publisher":"https:\/\/www.facebook.com\/profile.php?id=100091825763096","article_modified_time":"2026-03-19T19:57:09+00:00","og_image":[{"width":1440,"height":1439,"url":"https:\/\/arthurgreenbean.be\/wp-content\/uploads\/WhatsApp-Image-2024-11-01-at-09.38.52.jpeg","type":"image\/jpeg"}],"twitter_card":"summary_large_image","twitter_misc":{"Dur\u00e9e de lecture estim\u00e9e":"1 minute"},"schema":{"@context":"https:\/\/schema.org","@graph":[{"@type":"WebPage","@id":"https:\/\/arthurgreenbean.be\/fr\/produkt\/kimchi-darthur-470-gr-la-meilleure-edition-de-tous-les-temps-nouveau-prix-990-ttc-250-de-caution-pour-le-verre-copy\/","url":"https:\/\/arthurgreenbean.be\/fr\/produkt\/kimchi-darthur-470-gr-la-meilleure-edition-de-tous-les-temps-nouveau-prix-990-ttc-250-de-caution-pour-le-verre-copy\/","name":"Choucroute d'Arthur \u00e0 partir de notre chou blanc - AGBR","isPartOf":{"@id":"https:\/\/arthurgreenbean.be\/fr\/#website"},"primaryImageOfPage":{"@id":"https:\/\/arthurgreenbean.be\/fr\/produkt\/kimchi-darthur-470-gr-la-meilleure-edition-de-tous-les-temps-nouveau-prix-990-ttc-250-de-caution-pour-le-verre-copy\/#primaryimage"},"image":{"@id":"https:\/\/arthurgreenbean.be\/fr\/produkt\/kimchi-darthur-470-gr-la-meilleure-edition-de-tous-les-temps-nouveau-prix-990-ttc-250-de-caution-pour-le-verre-copy\/#primaryimage"},"thumbnailUrl":"https:\/\/arthurgreenbean.be\/wp-content\/uploads\/WhatsApp-Image-2024-11-01-at-09.38.52.jpeg","datePublished":"2025-01-24T11:27:11+00:00","dateModified":"2026-03-19T19:57:09+00:00","description":"D\u00e9licieuse choucroute douce \ud83e\udd6c fabriqu\u00e9e \u00e0 partir de notre propre chou, de cumin, de laurier et de baies de geni\u00e8vre. Ferment\u00e9e naturellement avec du sel rose de l'Himalaya - vivante, non pasteuris\u00e9e et pleine de bienfaits.","breadcrumb":{"@id":"https:\/\/arthurgreenbean.be\/fr\/produkt\/kimchi-darthur-470-gr-la-meilleure-edition-de-tous-les-temps-nouveau-prix-990-ttc-250-de-caution-pour-le-verre-copy\/#breadcrumb"},"inLanguage":"fr-FR","potentialAction":[{"@type":"ReadAction","target":["https:\/\/arthurgreenbean.be\/fr\/produkt\/kimchi-darthur-470-gr-la-meilleure-edition-de-tous-les-temps-nouveau-prix-990-ttc-250-de-caution-pour-le-verre-copy\/"]}]},{"@type":"ImageObject","inLanguage":"fr-FR","@id":"https:\/\/arthurgreenbean.be\/fr\/produkt\/kimchi-darthur-470-gr-la-meilleure-edition-de-tous-les-temps-nouveau-prix-990-ttc-250-de-caution-pour-le-verre-copy\/#primaryimage","url":"https:\/\/arthurgreenbean.be\/wp-content\/uploads\/WhatsApp-Image-2024-11-01-at-09.38.52.jpeg","contentUrl":"https:\/\/arthurgreenbean.be\/wp-content\/uploads\/WhatsApp-Image-2024-11-01-at-09.38.52.jpeg","width":1440,"height":1439,"caption":"La choucroute d'Arthur"},{"@type":"BreadcrumbList","@id":"https:\/\/arthurgreenbean.be\/fr\/produkt\/kimchi-darthur-470-gr-la-meilleure-edition-de-tous-les-temps-nouveau-prix-990-ttc-250-de-caution-pour-le-verre-copy\/#breadcrumb","itemListElement":[{"@type":"ListItem","position":1,"name":"Home","item":"https:\/\/arthurgreenbean.be\/fr\/"},{"@type":"ListItem","position":2,"name":"Shop","item":"https:\/\/arthurgreenbean.be\/shop\/"},{"@type":"ListItem","position":3,"name":"Choucroute d&rsquo;Arthur \u00e0 partir de notre chou blanc"}]},{"@type":"WebSite","@id":"https:\/\/arthurgreenbean.be\/fr\/#website","url":"https:\/\/arthurgreenbean.be\/fr\/","name":"Arthurgreenbean","description":"Arthur Greenbean Ranch","publisher":{"@id":"https:\/\/arthurgreenbean.be\/fr\/#organization"},"potentialAction":[{"@type":"SearchAction","target":{"@type":"EntryPoint","urlTemplate":"https:\/\/arthurgreenbean.be\/fr\/?s={search_term_string}"},"query-input":{"@type":"PropertyValueSpecification","valueRequired":true,"valueName":"search_term_string"}}],"inLanguage":"fr-FR"},{"@type":"Organization","@id":"https:\/\/arthurgreenbean.be\/fr\/#organization","name":"Arthurgreenbean Ranch","url":"https:\/\/arthurgreenbean.be\/fr\/","logo":{"@type":"ImageObject","inLanguage":"fr-FR","@id":"https:\/\/arthurgreenbean.be\/fr\/#\/schema\/logo\/image\/","url":"https:\/\/arthurgreenbean.be\/wp-content\/uploads\/agbr-696-1.jpg","contentUrl":"https:\/\/arthurgreenbean.be\/wp-content\/uploads\/agbr-696-1.jpg","width":696,"height":696,"caption":"Arthurgreenbean Ranch"},"image":{"@id":"https:\/\/arthurgreenbean.be\/fr\/#\/schema\/logo\/image\/"},"sameAs":["https:\/\/www.facebook.com\/profile.php?id=100091825763096"]}]}},"_links":{"self":[{"href":"https:\/\/arthurgreenbean.be\/fr\/wp-json\/wp\/v2\/product\/6505","targetHints":{"allow":["GET"]}}],"collection":[{"href":"https:\/\/arthurgreenbean.be\/fr\/wp-json\/wp\/v2\/product"}],"about":[{"href":"https:\/\/arthurgreenbean.be\/fr\/wp-json\/wp\/v2\/types\/product"}],"replies":[{"embeddable":true,"href":"https:\/\/arthurgreenbean.be\/fr\/wp-json\/wp\/v2\/comments?post=6505"}],"wp:featuredmedia":[{"embeddable":true,"href":"https:\/\/arthurgreenbean.be\/fr\/wp-json\/wp\/v2\/media\/6285"}],"wp:attachment":[{"href":"https:\/\/arthurgreenbean.be\/fr\/wp-json\/wp\/v2\/media?parent=6505"}],"wp:term":[{"taxonomy":"product_brand","embeddable":true,"href":"https:\/\/arthurgreenbean.be\/fr\/wp-json\/wp\/v2\/product_brand?post=6505"},{"taxonomy":"product_cat","embeddable":true,"href":"https:\/\/arthurgreenbean.be\/fr\/wp-json\/wp\/v2\/product_cat?post=6505"},{"taxonomy":"product_tag","embeddable":true,"href":"https:\/\/arthurgreenbean.be\/fr\/wp-json\/wp\/v2\/product_tag?post=6505"}],"curies":[{"name":"wp","href":"https:\/\/api.w.org\/{rel}","templated":true}]}}