{"id":6148,"date":"2023-01-12T08:30:20","date_gmt":"2023-01-12T08:30:20","guid":{"rendered":"https:\/\/arthurgreenbean.be\/?post_type=product&#038;p=6148"},"modified":"2026-03-29T16:21:39","modified_gmt":"2026-03-29T14:21:39","slug":"atelier-de-massage-massage-ayurvedique-des-pieds-padabhyanga","status":"publish","type":"product","link":"https:\/\/arthurgreenbean.be\/fr\/produkt\/atelier-de-massage-massage-ayurvedique-des-pieds-padabhyanga\/","title":{"rendered":"Atelier de massage &#8211; Massage ayurv\u00e9dique des pieds Padabhyanga &#8211; 27 mars"},"content":{"rendered":"<p>Nous sommes heureux d&rsquo;offrir \u00e0 nouveau un atelier de massage en 2027 \u00e0 notre ferme dans notre schiste de yoga \u2764\ufe0f.<\/p>\n<p>Cet atelier s&rsquo;adresse aux personnes int\u00e9ress\u00e9es par le massage ayurv\u00e9dique des pieds ou l&rsquo;alchimie du toucher des pieds.<\/p>\n<p>Le massage des pieds est l&rsquo;un des massages partiels du corps qui apporte une profonde relaxation \u00e0 l&rsquo;ensemble du corps et peut aider \u00e0 mieux dormir la nuit. Vous pouvez masser les pieds de votre partenaire, de votre enfant ou de toute personne \u00e0 qui vous voulez faire un cadeau en partageant ce merveilleux moment de d\u00e9tente et de douceur. C&rsquo;est le meilleur moyen de venir \u00e0 deux pour \u00e9changer et apprendre ensemble, donner et recevoir.  <\/p>\n<p>Ce massage ayurv\u00e9dique comprend diff\u00e9rents mouvements de massage avec une huile de massage de haute qualit\u00e9, y compris les points marma du pied. Vous d\u00e9couvrirez comment ce massage vous apporte des moments d&rsquo;intimit\u00e9, des pieds d\u00e9tendus et un calme profond.<\/p>\n<p>Il y aura du chai, du caf\u00e9 et des p\u00e2tisseries ayurv\u00e9diques pendant la pause.<\/p>\n<p>&nbsp;<\/p>\n<p>Dur\u00e9e de l&rsquo;atelier : 13:00 &#8211; 17:00 Massagepraxis + Theorie, Pause chai, caf\u00e9 et p\u00e2tisserie, Massagepraxis + Theorie<\/p>\n<p>Min. 4 personnes, max. 8 personnes<br \/>\nDate : Samedi 27 mars 2027<br \/>\nCo\u00fbts : 55,- p.P. <\/p>\n","protected":false},"excerpt":{"rendered":"<p>Cours de massage ayurv\u00e9dique des pieds et d\u00e9jeuner ayurv\u00e9dique<\/p>\n<p>Dur\u00e9e : 4 heures<br \/>\nDate : Samedi 27 mars 2027<\/p>\n<p><strong>Co\u00fbt : \u20ac 55.- p.P.<\/strong><\/p>\n","protected":false},"featured_media":4097,"comment_status":"open","ping_status":"closed","template":"","meta":[],"product_brand":[],"product_cat":[115,141,116],"product_tag":[120,80,142,82],"class_list":{"0":"post-6148","1":"product","2":"type-product","3":"status-publish","4":"has-post-thumbnail","6":"product_cat-ayurveda-fr","7":"product_cat-massage-fr","8":"product_cat-massages-ayurvediques","9":"product_tag-ayurveda-fr","10":"product_tag-belgique","11":"product_tag-massages-fr","12":"product_tag-sante","14":"first","15":"instock","16":"shipping-taxable","17":"purchasable","18":"product-type-appointment"},"exclude_global_add_ons":[],"addons":[],"yoast_head":"<!-- This site is optimized with the Yoast SEO Premium plugin v26.7 (Yoast SEO v27.2) - https:\/\/yoast.com\/product\/yoast-seo-premium-wordpress\/ -->\n<title>Atelier de massage - Massage ayurv\u00e9dique des pieds Padabhyanga - 27 mars - AGBR<\/title>\n<meta name=\"description\" content=\"Atelier de massage ayurv\u00e9dique \/ Massage des pieds \/ Padabhyanga\" \/>\n<meta name=\"robots\" content=\"index, follow, max-snippet:-1, max-image-preview:large, max-video-preview:-1\" \/>\n<link rel=\"canonical\" href=\"https:\/\/arthurgreenbean.be\/fr\/produkt\/atelier-de-massage-massage-ayurvedique-des-pieds-padabhyanga\/\" \/>\n<meta property=\"og:locale\" content=\"fr_FR\" \/>\n<meta property=\"og:type\" content=\"article\" \/>\n<meta property=\"og:title\" content=\"Atelier de massage - Massage ayurv\u00e9dique des pieds Padabhyanga - 27 mars\" \/>\n<meta property=\"og:description\" content=\"Atelier de massage ayurv\u00e9dique \/ Massage des pieds \/ Padabhyanga\" \/>\n<meta property=\"og:url\" content=\"https:\/\/arthurgreenbean.be\/fr\/produkt\/atelier-de-massage-massage-ayurvedique-des-pieds-padabhyanga\/\" \/>\n<meta property=\"og:site_name\" content=\"AGBR\" \/>\n<meta property=\"article:publisher\" content=\"https:\/\/www.facebook.com\/profile.php?id=100091825763096\" \/>\n<meta property=\"article:modified_time\" content=\"2026-03-29T14:21:39+00:00\" \/>\n<meta property=\"og:image\" content=\"https:\/\/arthurgreenbean.be\/wp-content\/uploads\/shutterstock_217890370-scaled.jpg\" \/>\n\t<meta property=\"og:image:width\" content=\"2560\" \/>\n\t<meta property=\"og:image:height\" content=\"1706\" \/>\n\t<meta property=\"og:image:type\" content=\"image\/jpeg\" \/>\n<meta name=\"twitter:card\" content=\"summary_large_image\" \/>\n<meta name=\"twitter:label1\" content=\"Dur\u00e9e de lecture estim\u00e9e\" \/>\n\t<meta name=\"twitter:data1\" content=\"2 minutes\" \/>\n<script type=\"application\/ld+json\" class=\"yoast-schema-graph\">{\"@context\":\"https:\/\/schema.org\",\"@graph\":[{\"@type\":\"WebPage\",\"@id\":\"https:\/\/arthurgreenbean.be\/fr\/produkt\/atelier-de-massage-massage-ayurvedique-des-pieds-padabhyanga\/\",\"url\":\"https:\/\/arthurgreenbean.be\/fr\/produkt\/atelier-de-massage-massage-ayurvedique-des-pieds-padabhyanga\/\",\"name\":\"Atelier de massage - Massage ayurv\u00e9dique des pieds Padabhyanga - 27 mars - AGBR\",\"isPartOf\":{\"@id\":\"https:\/\/arthurgreenbean.be\/fr\/#website\"},\"primaryImageOfPage\":{\"@id\":\"https:\/\/arthurgreenbean.be\/fr\/produkt\/atelier-de-massage-massage-ayurvedique-des-pieds-padabhyanga\/#primaryimage\"},\"image\":{\"@id\":\"https:\/\/arthurgreenbean.be\/fr\/produkt\/atelier-de-massage-massage-ayurvedique-des-pieds-padabhyanga\/#primaryimage\"},\"thumbnailUrl\":\"https:\/\/arthurgreenbean.be\/wp-content\/uploads\/shutterstock_217890370-scaled.jpg\",\"datePublished\":\"2023-01-12T08:30:20+00:00\",\"dateModified\":\"2026-03-29T14:21:39+00:00\",\"description\":\"Atelier de massage ayurv\u00e9dique \/ Massage des pieds \/ Padabhyanga\",\"breadcrumb\":{\"@id\":\"https:\/\/arthurgreenbean.be\/fr\/produkt\/atelier-de-massage-massage-ayurvedique-des-pieds-padabhyanga\/#breadcrumb\"},\"inLanguage\":\"fr-FR\",\"potentialAction\":[{\"@type\":\"ReadAction\",\"target\":[\"https:\/\/arthurgreenbean.be\/fr\/produkt\/atelier-de-massage-massage-ayurvedique-des-pieds-padabhyanga\/\"]}]},{\"@type\":\"ImageObject\",\"inLanguage\":\"fr-FR\",\"@id\":\"https:\/\/arthurgreenbean.be\/fr\/produkt\/atelier-de-massage-massage-ayurvedique-des-pieds-padabhyanga\/#primaryimage\",\"url\":\"https:\/\/arthurgreenbean.be\/wp-content\/uploads\/shutterstock_217890370-scaled.jpg\",\"contentUrl\":\"https:\/\/arthurgreenbean.be\/wp-content\/uploads\/shutterstock_217890370-scaled.jpg\",\"width\":2560,\"height\":1706,\"caption\":\"excellent massage ayurv\u00e9dique des pieds\"},{\"@type\":\"BreadcrumbList\",\"@id\":\"https:\/\/arthurgreenbean.be\/fr\/produkt\/atelier-de-massage-massage-ayurvedique-des-pieds-padabhyanga\/#breadcrumb\",\"itemListElement\":[{\"@type\":\"ListItem\",\"position\":1,\"name\":\"Home\",\"item\":\"https:\/\/arthurgreenbean.be\/fr\/\"},{\"@type\":\"ListItem\",\"position\":2,\"name\":\"Shop\",\"item\":\"https:\/\/arthurgreenbean.be\/shop\/\"},{\"@type\":\"ListItem\",\"position\":3,\"name\":\"Atelier de massage &#8211; Massage ayurv\u00e9dique des pieds Padabhyanga &#8211; 27 mars\"}]},{\"@type\":\"WebSite\",\"@id\":\"https:\/\/arthurgreenbean.be\/fr\/#website\",\"url\":\"https:\/\/arthurgreenbean.be\/fr\/\",\"name\":\"Arthurgreenbean\",\"description\":\"Arthur Greenbean Ranch\",\"publisher\":{\"@id\":\"https:\/\/arthurgreenbean.be\/fr\/#organization\"},\"potentialAction\":[{\"@type\":\"SearchAction\",\"target\":{\"@type\":\"EntryPoint\",\"urlTemplate\":\"https:\/\/arthurgreenbean.be\/fr\/?s={search_term_string}\"},\"query-input\":{\"@type\":\"PropertyValueSpecification\",\"valueRequired\":true,\"valueName\":\"search_term_string\"}}],\"inLanguage\":\"fr-FR\"},{\"@type\":\"Organization\",\"@id\":\"https:\/\/arthurgreenbean.be\/fr\/#organization\",\"name\":\"Arthurgreenbean Ranch\",\"url\":\"https:\/\/arthurgreenbean.be\/fr\/\",\"logo\":{\"@type\":\"ImageObject\",\"inLanguage\":\"fr-FR\",\"@id\":\"https:\/\/arthurgreenbean.be\/fr\/#\/schema\/logo\/image\/\",\"url\":\"https:\/\/arthurgreenbean.be\/wp-content\/uploads\/agbr-696-1.jpg\",\"contentUrl\":\"https:\/\/arthurgreenbean.be\/wp-content\/uploads\/agbr-696-1.jpg\",\"width\":696,\"height\":696,\"caption\":\"Arthurgreenbean Ranch\"},\"image\":{\"@id\":\"https:\/\/arthurgreenbean.be\/fr\/#\/schema\/logo\/image\/\"},\"sameAs\":[\"https:\/\/www.facebook.com\/profile.php?id=100091825763096\"]}]}<\/script>\n<!-- \/ Yoast SEO Premium plugin. -->","yoast_head_json":{"title":"Atelier de massage - Massage ayurv\u00e9dique des pieds Padabhyanga - 27 mars - AGBR","description":"Atelier de massage ayurv\u00e9dique \/ Massage des pieds \/ Padabhyanga","robots":{"index":"index","follow":"follow","max-snippet":"max-snippet:-1","max-image-preview":"max-image-preview:large","max-video-preview":"max-video-preview:-1"},"canonical":"https:\/\/arthurgreenbean.be\/fr\/produkt\/atelier-de-massage-massage-ayurvedique-des-pieds-padabhyanga\/","og_locale":"fr_FR","og_type":"article","og_title":"Atelier de massage - Massage ayurv\u00e9dique des pieds Padabhyanga - 27 mars","og_description":"Atelier de massage ayurv\u00e9dique \/ Massage des pieds \/ Padabhyanga","og_url":"https:\/\/arthurgreenbean.be\/fr\/produkt\/atelier-de-massage-massage-ayurvedique-des-pieds-padabhyanga\/","og_site_name":"AGBR","article_publisher":"https:\/\/www.facebook.com\/profile.php?id=100091825763096","article_modified_time":"2026-03-29T14:21:39+00:00","og_image":[{"width":2560,"height":1706,"url":"https:\/\/arthurgreenbean.be\/wp-content\/uploads\/shutterstock_217890370-scaled.jpg","type":"image\/jpeg"}],"twitter_card":"summary_large_image","twitter_misc":{"Dur\u00e9e de lecture estim\u00e9e":"2 minutes"},"schema":{"@context":"https:\/\/schema.org","@graph":[{"@type":"WebPage","@id":"https:\/\/arthurgreenbean.be\/fr\/produkt\/atelier-de-massage-massage-ayurvedique-des-pieds-padabhyanga\/","url":"https:\/\/arthurgreenbean.be\/fr\/produkt\/atelier-de-massage-massage-ayurvedique-des-pieds-padabhyanga\/","name":"Atelier de massage - Massage ayurv\u00e9dique des pieds Padabhyanga - 27 mars - AGBR","isPartOf":{"@id":"https:\/\/arthurgreenbean.be\/fr\/#website"},"primaryImageOfPage":{"@id":"https:\/\/arthurgreenbean.be\/fr\/produkt\/atelier-de-massage-massage-ayurvedique-des-pieds-padabhyanga\/#primaryimage"},"image":{"@id":"https:\/\/arthurgreenbean.be\/fr\/produkt\/atelier-de-massage-massage-ayurvedique-des-pieds-padabhyanga\/#primaryimage"},"thumbnailUrl":"https:\/\/arthurgreenbean.be\/wp-content\/uploads\/shutterstock_217890370-scaled.jpg","datePublished":"2023-01-12T08:30:20+00:00","dateModified":"2026-03-29T14:21:39+00:00","description":"Atelier de massage ayurv\u00e9dique \/ Massage des pieds \/ Padabhyanga","breadcrumb":{"@id":"https:\/\/arthurgreenbean.be\/fr\/produkt\/atelier-de-massage-massage-ayurvedique-des-pieds-padabhyanga\/#breadcrumb"},"inLanguage":"fr-FR","potentialAction":[{"@type":"ReadAction","target":["https:\/\/arthurgreenbean.be\/fr\/produkt\/atelier-de-massage-massage-ayurvedique-des-pieds-padabhyanga\/"]}]},{"@type":"ImageObject","inLanguage":"fr-FR","@id":"https:\/\/arthurgreenbean.be\/fr\/produkt\/atelier-de-massage-massage-ayurvedique-des-pieds-padabhyanga\/#primaryimage","url":"https:\/\/arthurgreenbean.be\/wp-content\/uploads\/shutterstock_217890370-scaled.jpg","contentUrl":"https:\/\/arthurgreenbean.be\/wp-content\/uploads\/shutterstock_217890370-scaled.jpg","width":2560,"height":1706,"caption":"excellent massage ayurv\u00e9dique des pieds"},{"@type":"BreadcrumbList","@id":"https:\/\/arthurgreenbean.be\/fr\/produkt\/atelier-de-massage-massage-ayurvedique-des-pieds-padabhyanga\/#breadcrumb","itemListElement":[{"@type":"ListItem","position":1,"name":"Home","item":"https:\/\/arthurgreenbean.be\/fr\/"},{"@type":"ListItem","position":2,"name":"Shop","item":"https:\/\/arthurgreenbean.be\/shop\/"},{"@type":"ListItem","position":3,"name":"Atelier de massage &#8211; Massage ayurv\u00e9dique des pieds Padabhyanga &#8211; 27 mars"}]},{"@type":"WebSite","@id":"https:\/\/arthurgreenbean.be\/fr\/#website","url":"https:\/\/arthurgreenbean.be\/fr\/","name":"Arthurgreenbean","description":"Arthur Greenbean Ranch","publisher":{"@id":"https:\/\/arthurgreenbean.be\/fr\/#organization"},"potentialAction":[{"@type":"SearchAction","target":{"@type":"EntryPoint","urlTemplate":"https:\/\/arthurgreenbean.be\/fr\/?s={search_term_string}"},"query-input":{"@type":"PropertyValueSpecification","valueRequired":true,"valueName":"search_term_string"}}],"inLanguage":"fr-FR"},{"@type":"Organization","@id":"https:\/\/arthurgreenbean.be\/fr\/#organization","name":"Arthurgreenbean Ranch","url":"https:\/\/arthurgreenbean.be\/fr\/","logo":{"@type":"ImageObject","inLanguage":"fr-FR","@id":"https:\/\/arthurgreenbean.be\/fr\/#\/schema\/logo\/image\/","url":"https:\/\/arthurgreenbean.be\/wp-content\/uploads\/agbr-696-1.jpg","contentUrl":"https:\/\/arthurgreenbean.be\/wp-content\/uploads\/agbr-696-1.jpg","width":696,"height":696,"caption":"Arthurgreenbean Ranch"},"image":{"@id":"https:\/\/arthurgreenbean.be\/fr\/#\/schema\/logo\/image\/"},"sameAs":["https:\/\/www.facebook.com\/profile.php?id=100091825763096"]}]}},"_links":{"self":[{"href":"https:\/\/arthurgreenbean.be\/fr\/wp-json\/wp\/v2\/product\/6148","targetHints":{"allow":["GET"]}}],"collection":[{"href":"https:\/\/arthurgreenbean.be\/fr\/wp-json\/wp\/v2\/product"}],"about":[{"href":"https:\/\/arthurgreenbean.be\/fr\/wp-json\/wp\/v2\/types\/product"}],"replies":[{"embeddable":true,"href":"https:\/\/arthurgreenbean.be\/fr\/wp-json\/wp\/v2\/comments?post=6148"}],"wp:featuredmedia":[{"embeddable":true,"href":"https:\/\/arthurgreenbean.be\/fr\/wp-json\/wp\/v2\/media\/4097"}],"wp:attachment":[{"href":"https:\/\/arthurgreenbean.be\/fr\/wp-json\/wp\/v2\/media?parent=6148"}],"wp:term":[{"taxonomy":"product_brand","embeddable":true,"href":"https:\/\/arthurgreenbean.be\/fr\/wp-json\/wp\/v2\/product_brand?post=6148"},{"taxonomy":"product_cat","embeddable":true,"href":"https:\/\/arthurgreenbean.be\/fr\/wp-json\/wp\/v2\/product_cat?post=6148"},{"taxonomy":"product_tag","embeddable":true,"href":"https:\/\/arthurgreenbean.be\/fr\/wp-json\/wp\/v2\/product_tag?post=6148"}],"curies":[{"name":"wp","href":"https:\/\/api.w.org\/{rel}","templated":true}]}}