{"id":5622,"date":"2023-05-05T17:05:25","date_gmt":"2023-05-05T17:05:25","guid":{"rendered":"https:\/\/arthurgreenbean.be\/?post_type=product&#038;p=5622"},"modified":"2026-01-09T16:53:43","modified_gmt":"2026-01-09T16:53:43","slug":"massage-ayurvedique-avec-sonja-abhyanga-massage-du-corps","status":"publish","type":"product","link":"https:\/\/arthurgreenbean.be\/fr\/produkt\/massage-ayurvedique-avec-sonja-abhyanga-massage-du-corps\/","title":{"rendered":"Massage ayurv\u00e9dique avec Sonja &#8211; Shine bright &#8211; Wellness \/ Beauty Massage"},"content":{"rendered":"<h3 class=\"fusion-responsive-typography-calculated\" data-fontsize=\"36\" data-lineheight=\"43.200001px\">Shine bright \/ Ayurvedic<br \/>\nmassage complet du corps et du visage<\/h3>\n<p>Ce merveilleux massage du corps entier et du visage fait ressortir votre \u00e9clat int\u00e9rieur et donne \u00e0 votre visage et \u00e0 votre peau un \u00e9clat merveilleux. Il s&rsquo;agit d&rsquo;un massage relaxant qui favorise la circulation g\u00e9n\u00e9rale du corps, revigore toute la peau gr\u00e2ce \u00e0 des techniques de massage sp\u00e9cifiques et aux huiles \u00e9tonnantes qui agissent de mani\u00e8re r\u00e9g\u00e9n\u00e9ratrice. Le massage comprend certaines parties de l&rsquo;abhyanga bien connu, combin\u00e9es \u00e0 un doux massage du visage de 30 minutes. Ainsi, vous en ressortirez en vous sentant super belle et gentille. Une pr\u00e9paration parfaite pour un \u00e9v\u00e9nement important, ou tout simplement pour se faire plaisir.<\/p>\n<p>L&rsquo;huile chaude que j&rsquo;utilise pour masser le corps de la t\u00eate aux pieds provient de la soci\u00e9t\u00e9 \u00ab\u00a0Khadi\u00a0\u00bb et son odeur est tout simplement merveilleuse. Il contient des ingr\u00e9dients tels que le shatavari, l&rsquo;ashwaghanda, le bois de santal et d&rsquo;autres plantes \u00e9tonnantes. Ces herbes sont connues sous le nom de \u00ab\u00a0Rasayanas\u00a0\u00bb, qui rajeunissent et revitalisent le corps. Pour le massage du visage, j&rsquo;utilise un m\u00e9lange sp\u00e9cial d&rsquo;huile de rose de \u00ab\u00a0Weleda\u00a0\u00bb.<\/p>\n<p>Choisissez l&rsquo;une des p\u00e9riodes indiqu\u00e9es dans le calendrier et nous vous contacterons d\u00e8s que possible pour confirmer ou non.<\/p>\n<p>R\u00e9serv\u00e9 aux femmes.<\/p>\n<p>&nbsp;<\/p>\n<p>&nbsp;<\/p>\n","protected":false},"excerpt":{"rendered":"<h3 class=\"fusion-responsive-typography-calculated\" data-fontsize=\"36\" data-lineheight=\"43.200001px\">Shine bright &#8211; Massage bien-\u00eatre \/ beaut\u00e9<\/h3>\n<p><strong>Dur\u00e9e de la visite : 1,5 heure<\/strong><\/p>\n<p><strong>Prix : 115 euros<\/strong><\/p>\n<p><strong>Sur rendez-vous uniquement<\/strong><\/p>\n","protected":false},"featured_media":5624,"comment_status":"closed","ping_status":"closed","template":"","meta":[],"product_brand":[],"product_cat":[115,141,116,140],"product_tag":[120,167,80,166,142,82],"class_list":{"0":"post-5622","1":"product","2":"type-product","3":"status-publish","4":"has-post-thumbnail","6":"product_cat-ayurveda-fr","7":"product_cat-massage-fr","8":"product_cat-massages-ayurvediques","9":"product_cat-sur-rendez-vous-uniquement","10":"product_tag-ayurveda-fr","11":"product_tag-beaute","12":"product_tag-belgique","13":"product_tag-bien-etre","14":"product_tag-massages-fr","15":"product_tag-sante","17":"first","18":"instock","19":"sold-individually","20":"shipping-taxable","21":"purchasable","22":"product-type-appointment"},"exclude_global_add_ons":[],"addons":[],"yoast_head":"<!-- This site is optimized with the Yoast SEO Premium plugin v26.7 (Yoast SEO v27.2) - https:\/\/yoast.com\/product\/yoast-seo-premium-wordpress\/ -->\n<title>Massage ayurv\u00e9dique avec Sonja - Shine bright - Wellness \/ Beauty Massage - AGBR<\/title>\n<meta name=\"robots\" content=\"index, follow, max-snippet:-1, max-image-preview:large, max-video-preview:-1\" \/>\n<link rel=\"canonical\" href=\"https:\/\/arthurgreenbean.be\/fr\/produkt\/massage-ayurvedique-avec-sonja-abhyanga-massage-du-corps\/\" \/>\n<meta property=\"og:locale\" content=\"fr_FR\" \/>\n<meta property=\"og:type\" content=\"article\" \/>\n<meta property=\"og:title\" content=\"Massage ayurv\u00e9dique avec Sonja - Shine bright - Wellness \/ Beauty Massage\" \/>\n<meta property=\"og:description\" content=\"Shine bright - Massage bien-\u00eatre \/ beaut\u00e9 Dur\u00e9e de la visite : 1,5 heure  Prix : 115 euros  Sur rendez-vous uniquement\" \/>\n<meta property=\"og:url\" content=\"https:\/\/arthurgreenbean.be\/fr\/produkt\/massage-ayurvedique-avec-sonja-abhyanga-massage-du-corps\/\" \/>\n<meta property=\"og:site_name\" content=\"AGBR\" \/>\n<meta property=\"article:publisher\" content=\"https:\/\/www.facebook.com\/profile.php?id=100091825763096\" \/>\n<meta property=\"article:modified_time\" content=\"2026-01-09T16:53:43+00:00\" \/>\n<meta property=\"og:image\" content=\"https:\/\/arthurgreenbean.be\/wp-content\/uploads\/shutterstock_372103381-scaled.jpg\" \/>\n\t<meta property=\"og:image:width\" content=\"2560\" \/>\n\t<meta property=\"og:image:height\" content=\"1709\" \/>\n\t<meta property=\"og:image:type\" content=\"image\/jpeg\" \/>\n<meta name=\"twitter:card\" content=\"summary_large_image\" \/>\n<meta name=\"twitter:label1\" content=\"Dur\u00e9e de lecture estim\u00e9e\" \/>\n\t<meta name=\"twitter:data1\" content=\"2 minutes\" \/>\n<script type=\"application\/ld+json\" class=\"yoast-schema-graph\">{\"@context\":\"https:\/\/schema.org\",\"@graph\":[{\"@type\":\"WebPage\",\"@id\":\"https:\/\/arthurgreenbean.be\/fr\/produkt\/massage-ayurvedique-avec-sonja-abhyanga-massage-du-corps\/\",\"url\":\"https:\/\/arthurgreenbean.be\/fr\/produkt\/massage-ayurvedique-avec-sonja-abhyanga-massage-du-corps\/\",\"name\":\"Massage ayurv\u00e9dique avec Sonja - Shine bright - Wellness \/ Beauty Massage - AGBR\",\"isPartOf\":{\"@id\":\"https:\/\/arthurgreenbean.be\/fr\/#website\"},\"primaryImageOfPage\":{\"@id\":\"https:\/\/arthurgreenbean.be\/fr\/produkt\/massage-ayurvedique-avec-sonja-abhyanga-massage-du-corps\/#primaryimage\"},\"image\":{\"@id\":\"https:\/\/arthurgreenbean.be\/fr\/produkt\/massage-ayurvedique-avec-sonja-abhyanga-massage-du-corps\/#primaryimage\"},\"thumbnailUrl\":\"https:\/\/arthurgreenbean.be\/wp-content\/uploads\/shutterstock_372103381-scaled.jpg\",\"datePublished\":\"2023-05-05T17:05:25+00:00\",\"dateModified\":\"2026-01-09T16:53:43+00:00\",\"breadcrumb\":{\"@id\":\"https:\/\/arthurgreenbean.be\/fr\/produkt\/massage-ayurvedique-avec-sonja-abhyanga-massage-du-corps\/#breadcrumb\"},\"inLanguage\":\"fr-FR\",\"potentialAction\":[{\"@type\":\"ReadAction\",\"target\":[\"https:\/\/arthurgreenbean.be\/fr\/produkt\/massage-ayurvedique-avec-sonja-abhyanga-massage-du-corps\/\"]}]},{\"@type\":\"ImageObject\",\"inLanguage\":\"fr-FR\",\"@id\":\"https:\/\/arthurgreenbean.be\/fr\/produkt\/massage-ayurvedique-avec-sonja-abhyanga-massage-du-corps\/#primaryimage\",\"url\":\"https:\/\/arthurgreenbean.be\/wp-content\/uploads\/shutterstock_372103381-scaled.jpg\",\"contentUrl\":\"https:\/\/arthurgreenbean.be\/wp-content\/uploads\/shutterstock_372103381-scaled.jpg\",\"width\":2560,\"height\":1709},{\"@type\":\"BreadcrumbList\",\"@id\":\"https:\/\/arthurgreenbean.be\/fr\/produkt\/massage-ayurvedique-avec-sonja-abhyanga-massage-du-corps\/#breadcrumb\",\"itemListElement\":[{\"@type\":\"ListItem\",\"position\":1,\"name\":\"Home\",\"item\":\"https:\/\/arthurgreenbean.be\/fr\/\"},{\"@type\":\"ListItem\",\"position\":2,\"name\":\"Shop\",\"item\":\"https:\/\/arthurgreenbean.be\/shop\/\"},{\"@type\":\"ListItem\",\"position\":3,\"name\":\"Massage ayurv\u00e9dique avec Sonja &#8211; Shine bright &#8211; Wellness \/ Beauty Massage\"}]},{\"@type\":\"WebSite\",\"@id\":\"https:\/\/arthurgreenbean.be\/fr\/#website\",\"url\":\"https:\/\/arthurgreenbean.be\/fr\/\",\"name\":\"Arthurgreenbean\",\"description\":\"Arthur Greenbean Ranch\",\"publisher\":{\"@id\":\"https:\/\/arthurgreenbean.be\/fr\/#organization\"},\"potentialAction\":[{\"@type\":\"SearchAction\",\"target\":{\"@type\":\"EntryPoint\",\"urlTemplate\":\"https:\/\/arthurgreenbean.be\/fr\/?s={search_term_string}\"},\"query-input\":{\"@type\":\"PropertyValueSpecification\",\"valueRequired\":true,\"valueName\":\"search_term_string\"}}],\"inLanguage\":\"fr-FR\"},{\"@type\":\"Organization\",\"@id\":\"https:\/\/arthurgreenbean.be\/fr\/#organization\",\"name\":\"Arthurgreenbean Ranch\",\"url\":\"https:\/\/arthurgreenbean.be\/fr\/\",\"logo\":{\"@type\":\"ImageObject\",\"inLanguage\":\"fr-FR\",\"@id\":\"https:\/\/arthurgreenbean.be\/fr\/#\/schema\/logo\/image\/\",\"url\":\"https:\/\/arthurgreenbean.be\/wp-content\/uploads\/agbr-696-1.jpg\",\"contentUrl\":\"https:\/\/arthurgreenbean.be\/wp-content\/uploads\/agbr-696-1.jpg\",\"width\":696,\"height\":696,\"caption\":\"Arthurgreenbean Ranch\"},\"image\":{\"@id\":\"https:\/\/arthurgreenbean.be\/fr\/#\/schema\/logo\/image\/\"},\"sameAs\":[\"https:\/\/www.facebook.com\/profile.php?id=100091825763096\"]}]}<\/script>\n<!-- \/ Yoast SEO Premium plugin. -->","yoast_head_json":{"title":"Massage ayurv\u00e9dique avec Sonja - Shine bright - Wellness \/ Beauty Massage - AGBR","robots":{"index":"index","follow":"follow","max-snippet":"max-snippet:-1","max-image-preview":"max-image-preview:large","max-video-preview":"max-video-preview:-1"},"canonical":"https:\/\/arthurgreenbean.be\/fr\/produkt\/massage-ayurvedique-avec-sonja-abhyanga-massage-du-corps\/","og_locale":"fr_FR","og_type":"article","og_title":"Massage ayurv\u00e9dique avec Sonja - Shine bright - Wellness \/ Beauty Massage","og_description":"Shine bright - Massage bien-\u00eatre \/ beaut\u00e9 Dur\u00e9e de la visite : 1,5 heure  Prix : 115 euros  Sur rendez-vous uniquement","og_url":"https:\/\/arthurgreenbean.be\/fr\/produkt\/massage-ayurvedique-avec-sonja-abhyanga-massage-du-corps\/","og_site_name":"AGBR","article_publisher":"https:\/\/www.facebook.com\/profile.php?id=100091825763096","article_modified_time":"2026-01-09T16:53:43+00:00","og_image":[{"width":2560,"height":1709,"url":"https:\/\/arthurgreenbean.be\/wp-content\/uploads\/shutterstock_372103381-scaled.jpg","type":"image\/jpeg"}],"twitter_card":"summary_large_image","twitter_misc":{"Dur\u00e9e de lecture estim\u00e9e":"2 minutes"},"schema":{"@context":"https:\/\/schema.org","@graph":[{"@type":"WebPage","@id":"https:\/\/arthurgreenbean.be\/fr\/produkt\/massage-ayurvedique-avec-sonja-abhyanga-massage-du-corps\/","url":"https:\/\/arthurgreenbean.be\/fr\/produkt\/massage-ayurvedique-avec-sonja-abhyanga-massage-du-corps\/","name":"Massage ayurv\u00e9dique avec Sonja - Shine bright - Wellness \/ Beauty Massage - AGBR","isPartOf":{"@id":"https:\/\/arthurgreenbean.be\/fr\/#website"},"primaryImageOfPage":{"@id":"https:\/\/arthurgreenbean.be\/fr\/produkt\/massage-ayurvedique-avec-sonja-abhyanga-massage-du-corps\/#primaryimage"},"image":{"@id":"https:\/\/arthurgreenbean.be\/fr\/produkt\/massage-ayurvedique-avec-sonja-abhyanga-massage-du-corps\/#primaryimage"},"thumbnailUrl":"https:\/\/arthurgreenbean.be\/wp-content\/uploads\/shutterstock_372103381-scaled.jpg","datePublished":"2023-05-05T17:05:25+00:00","dateModified":"2026-01-09T16:53:43+00:00","breadcrumb":{"@id":"https:\/\/arthurgreenbean.be\/fr\/produkt\/massage-ayurvedique-avec-sonja-abhyanga-massage-du-corps\/#breadcrumb"},"inLanguage":"fr-FR","potentialAction":[{"@type":"ReadAction","target":["https:\/\/arthurgreenbean.be\/fr\/produkt\/massage-ayurvedique-avec-sonja-abhyanga-massage-du-corps\/"]}]},{"@type":"ImageObject","inLanguage":"fr-FR","@id":"https:\/\/arthurgreenbean.be\/fr\/produkt\/massage-ayurvedique-avec-sonja-abhyanga-massage-du-corps\/#primaryimage","url":"https:\/\/arthurgreenbean.be\/wp-content\/uploads\/shutterstock_372103381-scaled.jpg","contentUrl":"https:\/\/arthurgreenbean.be\/wp-content\/uploads\/shutterstock_372103381-scaled.jpg","width":2560,"height":1709},{"@type":"BreadcrumbList","@id":"https:\/\/arthurgreenbean.be\/fr\/produkt\/massage-ayurvedique-avec-sonja-abhyanga-massage-du-corps\/#breadcrumb","itemListElement":[{"@type":"ListItem","position":1,"name":"Home","item":"https:\/\/arthurgreenbean.be\/fr\/"},{"@type":"ListItem","position":2,"name":"Shop","item":"https:\/\/arthurgreenbean.be\/shop\/"},{"@type":"ListItem","position":3,"name":"Massage ayurv\u00e9dique avec Sonja &#8211; Shine bright &#8211; Wellness \/ Beauty Massage"}]},{"@type":"WebSite","@id":"https:\/\/arthurgreenbean.be\/fr\/#website","url":"https:\/\/arthurgreenbean.be\/fr\/","name":"Arthurgreenbean","description":"Arthur Greenbean Ranch","publisher":{"@id":"https:\/\/arthurgreenbean.be\/fr\/#organization"},"potentialAction":[{"@type":"SearchAction","target":{"@type":"EntryPoint","urlTemplate":"https:\/\/arthurgreenbean.be\/fr\/?s={search_term_string}"},"query-input":{"@type":"PropertyValueSpecification","valueRequired":true,"valueName":"search_term_string"}}],"inLanguage":"fr-FR"},{"@type":"Organization","@id":"https:\/\/arthurgreenbean.be\/fr\/#organization","name":"Arthurgreenbean Ranch","url":"https:\/\/arthurgreenbean.be\/fr\/","logo":{"@type":"ImageObject","inLanguage":"fr-FR","@id":"https:\/\/arthurgreenbean.be\/fr\/#\/schema\/logo\/image\/","url":"https:\/\/arthurgreenbean.be\/wp-content\/uploads\/agbr-696-1.jpg","contentUrl":"https:\/\/arthurgreenbean.be\/wp-content\/uploads\/agbr-696-1.jpg","width":696,"height":696,"caption":"Arthurgreenbean Ranch"},"image":{"@id":"https:\/\/arthurgreenbean.be\/fr\/#\/schema\/logo\/image\/"},"sameAs":["https:\/\/www.facebook.com\/profile.php?id=100091825763096"]}]}},"_links":{"self":[{"href":"https:\/\/arthurgreenbean.be\/fr\/wp-json\/wp\/v2\/product\/5622","targetHints":{"allow":["GET"]}}],"collection":[{"href":"https:\/\/arthurgreenbean.be\/fr\/wp-json\/wp\/v2\/product"}],"about":[{"href":"https:\/\/arthurgreenbean.be\/fr\/wp-json\/wp\/v2\/types\/product"}],"replies":[{"embeddable":true,"href":"https:\/\/arthurgreenbean.be\/fr\/wp-json\/wp\/v2\/comments?post=5622"}],"wp:featuredmedia":[{"embeddable":true,"href":"https:\/\/arthurgreenbean.be\/fr\/wp-json\/wp\/v2\/media\/5624"}],"wp:attachment":[{"href":"https:\/\/arthurgreenbean.be\/fr\/wp-json\/wp\/v2\/media?parent=5622"}],"wp:term":[{"taxonomy":"product_brand","embeddable":true,"href":"https:\/\/arthurgreenbean.be\/fr\/wp-json\/wp\/v2\/product_brand?post=5622"},{"taxonomy":"product_cat","embeddable":true,"href":"https:\/\/arthurgreenbean.be\/fr\/wp-json\/wp\/v2\/product_cat?post=5622"},{"taxonomy":"product_tag","embeddable":true,"href":"https:\/\/arthurgreenbean.be\/fr\/wp-json\/wp\/v2\/product_tag?post=5622"}],"curies":[{"name":"wp","href":"https:\/\/api.w.org\/{rel}","templated":true}]}}