{"id":5238,"date":"2023-01-11T18:33:20","date_gmt":"2023-01-11T18:33:20","guid":{"rendered":"https:\/\/arthurgreenbean.be\/?post_type=product&#038;p=5238"},"modified":"2026-03-16T21:20:10","modified_gmt":"2026-03-16T21:20:10","slug":"votre-samedi-classe-de-yoga-a-lagbr","status":"publish","type":"product","link":"https:\/\/arthurgreenbean.be\/fr\/produkt\/votre-samedi-classe-de-yoga-a-lagbr\/","title":{"rendered":"Votre cours de yoga du samedi \u00e0 l&rsquo;AGBR"},"content":{"rendered":"<p><strong>Yoga dans le \u00ab\u00a0Dreil\u00e4ndereck\u00a0\u00bb, \u00e0 Welkenraedt pr\u00e8s d&rsquo;Aix-la-Chapelle, d&rsquo;Eupen et de Maastricht.<\/strong><\/p>\n<p><strong>Tous les samedis, de 10h30 \u00e0 12h00, nous proposons un cours de vinyasa flow dans notre shala ou, en \u00e9t\u00e9, \u00e0 l&rsquo;ext\u00e9rieur, sous le soleil. Vous \u00eates les bienvenus dans notre groupe !<\/strong><\/p>\n<p>Notre cours de yoga comprend :<\/p>\n<p><strong>De belles s\u00e9ries de vinyasa \/ Asanas \/ Pranayama \/ pour les d\u00e9butants et les pratiquants avanc\u00e9s dans notre merveilleuse salle de yoga sur notre ferme de yoga dans la nature.<\/strong><\/p>\n<p><strong>Co\u00fbt 15.-<\/strong><\/p>\n<ul>\n<li>Il est pr\u00e9f\u00e9rable d&rsquo;arriver avant 10h30, car nous commen\u00e7ons \u00e0 l&rsquo;heure et tout le monde est toujours tr\u00e8s enthousiaste.<\/li>\n<li>Nous adaptons notre pratique de yoga du samedi au niveau d&rsquo;exp\u00e9rience en yoga des membres de notre groupe.<\/li>\n<li>Particuli\u00e8rement adapt\u00e9 aux personnes qui ont besoin de r\u00e9cup\u00e9rer du travail ou du stress quotidien.<\/li>\n<li>Nous sommes limit\u00e9s \u00e0 12 participants pour les \u00e9v\u00e9nements en salle dans le Shala.<\/li>\n<li>apr\u00e8s le yoga, vous \u00eates invit\u00e9s \u00e0 d\u00e9guster un chai, un caf\u00e9 et des p\u00e2tisseries ayurv\u00e9diques faits maison.<\/li>\n<li>le cours sera dispens\u00e9 en anglais et\/ou en allemand, les instructions sont faciles \u00e0 suivre m\u00eame pour nos \u00e9tudiants francophones<\/li>\n<li>Nous avons suffisamment de tapis, de traversins, de zafu, de ceintures, de blocs, de sacs de sable et d&rsquo;autres accessoires pour les 12 personnes. Bien entendu, apportez votre propre tapis et vos accessoires si vous le souhaitez.<\/li>\n<li>Pour nous (Sonja &amp; Mal), le samedi apr\u00e8s-midi est consacr\u00e9 \u00e0 la r\u00e9colte et \u00e0 d&rsquo;autres travaux agricoles. Vous \u00eates invit\u00e9s \u00e0 nous rejoindre \u00e0 partir de 13 heures pour travailler, sinon nous esp\u00e9rons vous voir bient\u00f4t lors de la prochaine exp\u00e9rience de yoga.<\/li>\n<\/ul>\n","protected":false},"excerpt":{"rendered":"<p>Cours de yoga du samedi &#8211; les trois premiers samedis de chaque mois<strong><br \/>\n10:30 \u00e0 12:00<\/strong><\/p>\n<h3>Prix : 15,- Euro \/ classe<\/h3>\n<p>Ce cours est limit\u00e9 \u00e0 <strong>12 personnes<\/strong>.<\/p>\n<p>Veuillez nous informer \u00e0 l&rsquo;avance de toute restriction physique dont nous devrions \u00eatre conscients. Merci.<\/p>\n","protected":false},"featured_media":6302,"comment_status":"open","ping_status":"closed","template":"","meta":[],"product_brand":[],"product_cat":[104,103],"product_tag":[80,107,109,108,106],"class_list":{"0":"post-5238","1":"product","2":"type-product","3":"status-publish","4":"has-post-thumbnail","6":"product_cat-yinyoga-fr","7":"product_cat-yoga-fr","8":"product_tag-belgique","9":"product_tag-hatha-yoga-fr","10":"product_tag-la-respiration","11":"product_tag-wim-hof-fr","12":"product_tag-yoga-fr","14":"first","15":"instock","16":"shipping-taxable","17":"purchasable","18":"product-type-appointment"},"exclude_global_add_ons":[],"addons":[],"yoast_head":"<!-- This site is optimized with the Yoast SEO Premium plugin v26.7 (Yoast SEO v27.5) - https:\/\/yoast.com\/product\/yoast-seo-premium-wordpress\/ -->\n<title>Votre cours de yoga du samedi \u00e0 l&#039;AGBR - AGBR<\/title>\n<meta name=\"robots\" content=\"index, follow, max-snippet:-1, max-image-preview:large, max-video-preview:-1\" \/>\n<link rel=\"canonical\" href=\"https:\/\/arthurgreenbean.be\/fr\/produkt\/votre-samedi-classe-de-yoga-a-lagbr\/\" \/>\n<meta property=\"og:locale\" content=\"fr_FR\" \/>\n<meta property=\"og:type\" content=\"article\" \/>\n<meta property=\"og:title\" content=\"Votre cours de yoga du samedi \u00e0 l&#039;AGBR\" \/>\n<meta property=\"og:description\" content=\"Cours de yoga du samedi - les trois premiers samedis de chaque mois 10:30 \u00e0 12:00 Prix : 15,- Euro \/ classe Ce cours est limit\u00e9 \u00e0 12 personnes.  Veuillez nous informer \u00e0 l&#039;avance de toute restriction physique dont nous devrions \u00eatre conscients. Merci.\" \/>\n<meta property=\"og:url\" content=\"https:\/\/arthurgreenbean.be\/fr\/produkt\/votre-samedi-classe-de-yoga-a-lagbr\/\" \/>\n<meta property=\"og:site_name\" content=\"AGBR\" \/>\n<meta property=\"article:publisher\" content=\"https:\/\/www.facebook.com\/profile.php?id=100091825763096\" \/>\n<meta property=\"article:modified_time\" content=\"2026-03-16T21:20:10+00:00\" \/>\n<meta property=\"og:image\" content=\"https:\/\/arthurgreenbean.be\/wp-content\/uploads\/PHOTO-2024-11-07-16-13-50.jpg\" \/>\n\t<meta property=\"og:image:width\" content=\"1080\" \/>\n\t<meta property=\"og:image:height\" content=\"1379\" \/>\n\t<meta property=\"og:image:type\" content=\"image\/jpeg\" \/>\n<meta name=\"twitter:card\" content=\"summary_large_image\" \/>\n<meta name=\"twitter:label1\" content=\"Dur\u00e9e de lecture estim\u00e9e\" \/>\n\t<meta name=\"twitter:data1\" content=\"2 minutes\" \/>\n<script type=\"application\/ld+json\" class=\"yoast-schema-graph\">{\"@context\":\"https:\\\/\\\/schema.org\",\"@graph\":[{\"@type\":\"WebPage\",\"@id\":\"https:\\\/\\\/arthurgreenbean.be\\\/fr\\\/produkt\\\/votre-samedi-classe-de-yoga-a-lagbr\\\/\",\"url\":\"https:\\\/\\\/arthurgreenbean.be\\\/fr\\\/produkt\\\/votre-samedi-classe-de-yoga-a-lagbr\\\/\",\"name\":\"Votre cours de yoga du samedi \u00e0 l'AGBR - AGBR\",\"isPartOf\":{\"@id\":\"https:\\\/\\\/arthurgreenbean.be\\\/fr\\\/#website\"},\"primaryImageOfPage\":{\"@id\":\"https:\\\/\\\/arthurgreenbean.be\\\/fr\\\/produkt\\\/votre-samedi-classe-de-yoga-a-lagbr\\\/#primaryimage\"},\"image\":{\"@id\":\"https:\\\/\\\/arthurgreenbean.be\\\/fr\\\/produkt\\\/votre-samedi-classe-de-yoga-a-lagbr\\\/#primaryimage\"},\"thumbnailUrl\":\"https:\\\/\\\/arthurgreenbean.be\\\/wp-content\\\/uploads\\\/PHOTO-2024-11-07-16-13-50.jpg\",\"datePublished\":\"2023-01-11T18:33:20+00:00\",\"dateModified\":\"2026-03-16T21:20:10+00:00\",\"breadcrumb\":{\"@id\":\"https:\\\/\\\/arthurgreenbean.be\\\/fr\\\/produkt\\\/votre-samedi-classe-de-yoga-a-lagbr\\\/#breadcrumb\"},\"inLanguage\":\"fr-FR\",\"potentialAction\":[{\"@type\":\"ReadAction\",\"target\":[\"https:\\\/\\\/arthurgreenbean.be\\\/fr\\\/produkt\\\/votre-samedi-classe-de-yoga-a-lagbr\\\/\"]}]},{\"@type\":\"ImageObject\",\"inLanguage\":\"fr-FR\",\"@id\":\"https:\\\/\\\/arthurgreenbean.be\\\/fr\\\/produkt\\\/votre-samedi-classe-de-yoga-a-lagbr\\\/#primaryimage\",\"url\":\"https:\\\/\\\/arthurgreenbean.be\\\/wp-content\\\/uploads\\\/PHOTO-2024-11-07-16-13-50.jpg\",\"contentUrl\":\"https:\\\/\\\/arthurgreenbean.be\\\/wp-content\\\/uploads\\\/PHOTO-2024-11-07-16-13-50.jpg\",\"width\":1080,\"height\":1379,\"caption\":\"Ganesha\"},{\"@type\":\"BreadcrumbList\",\"@id\":\"https:\\\/\\\/arthurgreenbean.be\\\/fr\\\/produkt\\\/votre-samedi-classe-de-yoga-a-lagbr\\\/#breadcrumb\",\"itemListElement\":[{\"@type\":\"ListItem\",\"position\":1,\"name\":\"Home\",\"item\":\"https:\\\/\\\/arthurgreenbean.be\\\/fr\\\/\"},{\"@type\":\"ListItem\",\"position\":2,\"name\":\"Shop\",\"item\":\"https:\\\/\\\/arthurgreenbean.be\\\/shop\\\/\"},{\"@type\":\"ListItem\",\"position\":3,\"name\":\"Votre cours de yoga du samedi \u00e0 l&#8217;AGBR\"}]},{\"@type\":\"WebSite\",\"@id\":\"https:\\\/\\\/arthurgreenbean.be\\\/fr\\\/#website\",\"url\":\"https:\\\/\\\/arthurgreenbean.be\\\/fr\\\/\",\"name\":\"Arthurgreenbean\",\"description\":\"Arthur Greenbean Ranch\",\"publisher\":{\"@id\":\"https:\\\/\\\/arthurgreenbean.be\\\/fr\\\/#organization\"},\"potentialAction\":[{\"@type\":\"SearchAction\",\"target\":{\"@type\":\"EntryPoint\",\"urlTemplate\":\"https:\\\/\\\/arthurgreenbean.be\\\/fr\\\/?s={search_term_string}\"},\"query-input\":{\"@type\":\"PropertyValueSpecification\",\"valueRequired\":true,\"valueName\":\"search_term_string\"}}],\"inLanguage\":\"fr-FR\"},{\"@type\":\"Organization\",\"@id\":\"https:\\\/\\\/arthurgreenbean.be\\\/fr\\\/#organization\",\"name\":\"Arthurgreenbean Ranch\",\"url\":\"https:\\\/\\\/arthurgreenbean.be\\\/fr\\\/\",\"logo\":{\"@type\":\"ImageObject\",\"inLanguage\":\"fr-FR\",\"@id\":\"https:\\\/\\\/arthurgreenbean.be\\\/fr\\\/#\\\/schema\\\/logo\\\/image\\\/\",\"url\":\"https:\\\/\\\/arthurgreenbean.be\\\/wp-content\\\/uploads\\\/agbr-696-1.jpg\",\"contentUrl\":\"https:\\\/\\\/arthurgreenbean.be\\\/wp-content\\\/uploads\\\/agbr-696-1.jpg\",\"width\":696,\"height\":696,\"caption\":\"Arthurgreenbean Ranch\"},\"image\":{\"@id\":\"https:\\\/\\\/arthurgreenbean.be\\\/fr\\\/#\\\/schema\\\/logo\\\/image\\\/\"},\"sameAs\":[\"https:\\\/\\\/www.facebook.com\\\/profile.php?id=100091825763096\"]}]}<\/script>\n<!-- \/ Yoast SEO Premium plugin. -->","yoast_head_json":{"title":"Votre cours de yoga du samedi \u00e0 l'AGBR - AGBR","robots":{"index":"index","follow":"follow","max-snippet":"max-snippet:-1","max-image-preview":"max-image-preview:large","max-video-preview":"max-video-preview:-1"},"canonical":"https:\/\/arthurgreenbean.be\/fr\/produkt\/votre-samedi-classe-de-yoga-a-lagbr\/","og_locale":"fr_FR","og_type":"article","og_title":"Votre cours de yoga du samedi \u00e0 l'AGBR","og_description":"Cours de yoga du samedi - les trois premiers samedis de chaque mois 10:30 \u00e0 12:00 Prix : 15,- Euro \/ classe Ce cours est limit\u00e9 \u00e0 12 personnes.  Veuillez nous informer \u00e0 l'avance de toute restriction physique dont nous devrions \u00eatre conscients. Merci.","og_url":"https:\/\/arthurgreenbean.be\/fr\/produkt\/votre-samedi-classe-de-yoga-a-lagbr\/","og_site_name":"AGBR","article_publisher":"https:\/\/www.facebook.com\/profile.php?id=100091825763096","article_modified_time":"2026-03-16T21:20:10+00:00","og_image":[{"width":1080,"height":1379,"url":"https:\/\/arthurgreenbean.be\/wp-content\/uploads\/PHOTO-2024-11-07-16-13-50.jpg","type":"image\/jpeg"}],"twitter_card":"summary_large_image","twitter_misc":{"Dur\u00e9e de lecture estim\u00e9e":"2 minutes"},"schema":{"@context":"https:\/\/schema.org","@graph":[{"@type":"WebPage","@id":"https:\/\/arthurgreenbean.be\/fr\/produkt\/votre-samedi-classe-de-yoga-a-lagbr\/","url":"https:\/\/arthurgreenbean.be\/fr\/produkt\/votre-samedi-classe-de-yoga-a-lagbr\/","name":"Votre cours de yoga du samedi \u00e0 l'AGBR - AGBR","isPartOf":{"@id":"https:\/\/arthurgreenbean.be\/fr\/#website"},"primaryImageOfPage":{"@id":"https:\/\/arthurgreenbean.be\/fr\/produkt\/votre-samedi-classe-de-yoga-a-lagbr\/#primaryimage"},"image":{"@id":"https:\/\/arthurgreenbean.be\/fr\/produkt\/votre-samedi-classe-de-yoga-a-lagbr\/#primaryimage"},"thumbnailUrl":"https:\/\/arthurgreenbean.be\/wp-content\/uploads\/PHOTO-2024-11-07-16-13-50.jpg","datePublished":"2023-01-11T18:33:20+00:00","dateModified":"2026-03-16T21:20:10+00:00","breadcrumb":{"@id":"https:\/\/arthurgreenbean.be\/fr\/produkt\/votre-samedi-classe-de-yoga-a-lagbr\/#breadcrumb"},"inLanguage":"fr-FR","potentialAction":[{"@type":"ReadAction","target":["https:\/\/arthurgreenbean.be\/fr\/produkt\/votre-samedi-classe-de-yoga-a-lagbr\/"]}]},{"@type":"ImageObject","inLanguage":"fr-FR","@id":"https:\/\/arthurgreenbean.be\/fr\/produkt\/votre-samedi-classe-de-yoga-a-lagbr\/#primaryimage","url":"https:\/\/arthurgreenbean.be\/wp-content\/uploads\/PHOTO-2024-11-07-16-13-50.jpg","contentUrl":"https:\/\/arthurgreenbean.be\/wp-content\/uploads\/PHOTO-2024-11-07-16-13-50.jpg","width":1080,"height":1379,"caption":"Ganesha"},{"@type":"BreadcrumbList","@id":"https:\/\/arthurgreenbean.be\/fr\/produkt\/votre-samedi-classe-de-yoga-a-lagbr\/#breadcrumb","itemListElement":[{"@type":"ListItem","position":1,"name":"Home","item":"https:\/\/arthurgreenbean.be\/fr\/"},{"@type":"ListItem","position":2,"name":"Shop","item":"https:\/\/arthurgreenbean.be\/shop\/"},{"@type":"ListItem","position":3,"name":"Votre cours de yoga du samedi \u00e0 l&#8217;AGBR"}]},{"@type":"WebSite","@id":"https:\/\/arthurgreenbean.be\/fr\/#website","url":"https:\/\/arthurgreenbean.be\/fr\/","name":"Arthurgreenbean","description":"Arthur Greenbean Ranch","publisher":{"@id":"https:\/\/arthurgreenbean.be\/fr\/#organization"},"potentialAction":[{"@type":"SearchAction","target":{"@type":"EntryPoint","urlTemplate":"https:\/\/arthurgreenbean.be\/fr\/?s={search_term_string}"},"query-input":{"@type":"PropertyValueSpecification","valueRequired":true,"valueName":"search_term_string"}}],"inLanguage":"fr-FR"},{"@type":"Organization","@id":"https:\/\/arthurgreenbean.be\/fr\/#organization","name":"Arthurgreenbean Ranch","url":"https:\/\/arthurgreenbean.be\/fr\/","logo":{"@type":"ImageObject","inLanguage":"fr-FR","@id":"https:\/\/arthurgreenbean.be\/fr\/#\/schema\/logo\/image\/","url":"https:\/\/arthurgreenbean.be\/wp-content\/uploads\/agbr-696-1.jpg","contentUrl":"https:\/\/arthurgreenbean.be\/wp-content\/uploads\/agbr-696-1.jpg","width":696,"height":696,"caption":"Arthurgreenbean Ranch"},"image":{"@id":"https:\/\/arthurgreenbean.be\/fr\/#\/schema\/logo\/image\/"},"sameAs":["https:\/\/www.facebook.com\/profile.php?id=100091825763096"]}]}},"_links":{"self":[{"href":"https:\/\/arthurgreenbean.be\/fr\/wp-json\/wp\/v2\/product\/5238","targetHints":{"allow":["GET"]}}],"collection":[{"href":"https:\/\/arthurgreenbean.be\/fr\/wp-json\/wp\/v2\/product"}],"about":[{"href":"https:\/\/arthurgreenbean.be\/fr\/wp-json\/wp\/v2\/types\/product"}],"replies":[{"embeddable":true,"href":"https:\/\/arthurgreenbean.be\/fr\/wp-json\/wp\/v2\/comments?post=5238"}],"wp:featuredmedia":[{"embeddable":true,"href":"https:\/\/arthurgreenbean.be\/fr\/wp-json\/wp\/v2\/media\/6302"}],"wp:attachment":[{"href":"https:\/\/arthurgreenbean.be\/fr\/wp-json\/wp\/v2\/media?parent=5238"}],"wp:term":[{"taxonomy":"product_brand","embeddable":true,"href":"https:\/\/arthurgreenbean.be\/fr\/wp-json\/wp\/v2\/product_brand?post=5238"},{"taxonomy":"product_cat","embeddable":true,"href":"https:\/\/arthurgreenbean.be\/fr\/wp-json\/wp\/v2\/product_cat?post=5238"},{"taxonomy":"product_tag","embeddable":true,"href":"https:\/\/arthurgreenbean.be\/fr\/wp-json\/wp\/v2\/product_tag?post=5238"}],"curies":[{"name":"wp","href":"https:\/\/api.w.org\/{rel}","templated":true}]}}