{"id":4505,"date":"2023-03-14T20:56:16","date_gmt":"2023-03-14T20:56:16","guid":{"rendered":"https:\/\/arthurgreenbean.be\/produkt\/yin-yoga-avec-sonja\/"},"modified":"2026-01-09T16:15:24","modified_gmt":"2026-01-09T16:15:24","slug":"yin-yoga-avec-sonja","status":"publish","type":"product","link":"https:\/\/arthurgreenbean.be\/fr\/produkt\/yin-yoga-avec-sonja\/","title":{"rendered":"Yin Yoga avec Sonja"},"content":{"rendered":"<p class=\"p1\"><span class=\"s1\"><b>Yin Yoga avec Sonja.<span class=\"Apple-converted-space\"> <\/span><\/b><\/span><\/p>\n<p>Le Yin Yoga pour l\u00e2cher prise.<\/p>\n<p>Pour comprendre le fonctionnement d&rsquo;un type de yoga, il faut en faire l&rsquo;exp\u00e9rience. Il en va de m\u00eame pour le Yin Yoga.<br \/>\nAvec le Yin Yoga, vous pratiquez les asanas de mani\u00e8re m\u00e9ditative et r\u00e9fl\u00e9chie, en position assise ou allong\u00e9e. Vous les tenez pendant quelques minutes tout en respirant de mani\u00e8re d\u00e9tendue, ce qui a une influence positive sur les organes internes, les tensions musculaires et le syst\u00e8me marma.<\/p>\n<p>1 heure de Yin Yoga : 35,-, sur rendez-vous. Vous pouvez sugg\u00e9rer un cr\u00e9neau dans le calendrier, mais nous devons d&rsquo;abord confirmer sa disponibilit\u00e9. Vous ne serez pas factur\u00e9 avant la confirmation. Si vous avez des questions, vous pouvez \u00e9galement utiliser notre formulaire de contact ou \u00e9crire directement \u00e0 sonja@arthurgreenbean.be.<\/p>\n","protected":false},"excerpt":{"rendered":"<h3>Prix : 35 euros<\/h3>\n<p>Un flux vers vous-m\u00eame avec ce yoga calme, doux et intense.<\/p>\n<p class=\"p1\">R\u00e9servez vos s\u00e9ances individuelles ou collectives sur rendez-vous.<span class=\"Apple-converted-space\"> <\/span><\/p>\n","protected":false},"featured_media":4027,"comment_status":"open","ping_status":"closed","template":"","meta":[],"product_brand":[],"product_cat":[140,104,103],"product_tag":[80,82,106],"class_list":{"0":"post-4505","1":"product","2":"type-product","3":"status-publish","4":"has-post-thumbnail","6":"product_cat-sur-rendez-vous-uniquement","7":"product_cat-yinyoga-fr","8":"product_cat-yoga-fr","9":"product_tag-belgique","10":"product_tag-sante","11":"product_tag-yoga-fr","13":"first","14":"instock","15":"shipping-taxable","16":"purchasable","17":"product-type-appointment"},"exclude_global_add_ons":[],"addons":[],"yoast_head":"<!-- This site is optimized with the Yoast SEO Premium plugin v26.7 (Yoast SEO v27.2) - https:\/\/yoast.com\/product\/yoast-seo-premium-wordpress\/ -->\n<title>Yin Yoga avec Sonja - AGBR<\/title>\n<meta name=\"robots\" content=\"index, follow, max-snippet:-1, max-image-preview:large, max-video-preview:-1\" \/>\n<link rel=\"canonical\" href=\"https:\/\/arthurgreenbean.be\/fr\/produkt\/yin-yoga-avec-sonja\/\" \/>\n<meta property=\"og:locale\" content=\"fr_FR\" \/>\n<meta property=\"og:type\" content=\"article\" \/>\n<meta property=\"og:title\" content=\"Yin Yoga avec Sonja\" \/>\n<meta property=\"og:description\" content=\"Prix : 35 euros Un flux vers vous-m\u00eame avec ce yoga calme, doux et intense. R\u00e9servez vos s\u00e9ances individuelles ou collectives sur rendez-vous.\" \/>\n<meta property=\"og:url\" content=\"https:\/\/arthurgreenbean.be\/fr\/produkt\/yin-yoga-avec-sonja\/\" \/>\n<meta property=\"og:site_name\" content=\"AGBR\" \/>\n<meta property=\"article:publisher\" content=\"https:\/\/www.facebook.com\/profile.php?id=100091825763096\" \/>\n<meta property=\"article:modified_time\" content=\"2026-01-09T16:15:24+00:00\" \/>\n<meta property=\"og:image\" content=\"https:\/\/arthurgreenbean.be\/wp-content\/uploads\/20230422_113937.jpg\" \/>\n\t<meta property=\"og:image:width\" content=\"2331\" \/>\n\t<meta property=\"og:image:height\" content=\"1911\" \/>\n\t<meta property=\"og:image:type\" content=\"image\/jpeg\" \/>\n<meta name=\"twitter:card\" content=\"summary_large_image\" \/>\n<meta name=\"twitter:label1\" content=\"Dur\u00e9e de lecture estim\u00e9e\" \/>\n\t<meta name=\"twitter:data1\" content=\"1 minute\" \/>\n<script type=\"application\/ld+json\" class=\"yoast-schema-graph\">{\"@context\":\"https:\/\/schema.org\",\"@graph\":[{\"@type\":\"WebPage\",\"@id\":\"https:\/\/arthurgreenbean.be\/fr\/produkt\/yin-yoga-avec-sonja\/\",\"url\":\"https:\/\/arthurgreenbean.be\/fr\/produkt\/yin-yoga-avec-sonja\/\",\"name\":\"Yin Yoga avec Sonja - AGBR\",\"isPartOf\":{\"@id\":\"https:\/\/arthurgreenbean.be\/fr\/#website\"},\"primaryImageOfPage\":{\"@id\":\"https:\/\/arthurgreenbean.be\/fr\/produkt\/yin-yoga-avec-sonja\/#primaryimage\"},\"image\":{\"@id\":\"https:\/\/arthurgreenbean.be\/fr\/produkt\/yin-yoga-avec-sonja\/#primaryimage\"},\"thumbnailUrl\":\"https:\/\/arthurgreenbean.be\/wp-content\/uploads\/20230422_113937.jpg\",\"datePublished\":\"2023-03-14T20:56:16+00:00\",\"dateModified\":\"2026-01-09T16:15:24+00:00\",\"breadcrumb\":{\"@id\":\"https:\/\/arthurgreenbean.be\/fr\/produkt\/yin-yoga-avec-sonja\/#breadcrumb\"},\"inLanguage\":\"fr-FR\",\"potentialAction\":[{\"@type\":\"ReadAction\",\"target\":[\"https:\/\/arthurgreenbean.be\/fr\/produkt\/yin-yoga-avec-sonja\/\"]}]},{\"@type\":\"ImageObject\",\"inLanguage\":\"fr-FR\",\"@id\":\"https:\/\/arthurgreenbean.be\/fr\/produkt\/yin-yoga-avec-sonja\/#primaryimage\",\"url\":\"https:\/\/arthurgreenbean.be\/wp-content\/uploads\/20230422_113937.jpg\",\"contentUrl\":\"https:\/\/arthurgreenbean.be\/wp-content\/uploads\/20230422_113937.jpg\",\"width\":2331,\"height\":1911,\"caption\":\"yin yoga\"},{\"@type\":\"BreadcrumbList\",\"@id\":\"https:\/\/arthurgreenbean.be\/fr\/produkt\/yin-yoga-avec-sonja\/#breadcrumb\",\"itemListElement\":[{\"@type\":\"ListItem\",\"position\":1,\"name\":\"Home\",\"item\":\"https:\/\/arthurgreenbean.be\/fr\/\"},{\"@type\":\"ListItem\",\"position\":2,\"name\":\"Shop\",\"item\":\"https:\/\/arthurgreenbean.be\/shop\/\"},{\"@type\":\"ListItem\",\"position\":3,\"name\":\"Yin Yoga avec Sonja\"}]},{\"@type\":\"WebSite\",\"@id\":\"https:\/\/arthurgreenbean.be\/fr\/#website\",\"url\":\"https:\/\/arthurgreenbean.be\/fr\/\",\"name\":\"Arthurgreenbean\",\"description\":\"Arthur Greenbean Ranch\",\"publisher\":{\"@id\":\"https:\/\/arthurgreenbean.be\/fr\/#organization\"},\"potentialAction\":[{\"@type\":\"SearchAction\",\"target\":{\"@type\":\"EntryPoint\",\"urlTemplate\":\"https:\/\/arthurgreenbean.be\/fr\/?s={search_term_string}\"},\"query-input\":{\"@type\":\"PropertyValueSpecification\",\"valueRequired\":true,\"valueName\":\"search_term_string\"}}],\"inLanguage\":\"fr-FR\"},{\"@type\":\"Organization\",\"@id\":\"https:\/\/arthurgreenbean.be\/fr\/#organization\",\"name\":\"Arthurgreenbean Ranch\",\"url\":\"https:\/\/arthurgreenbean.be\/fr\/\",\"logo\":{\"@type\":\"ImageObject\",\"inLanguage\":\"fr-FR\",\"@id\":\"https:\/\/arthurgreenbean.be\/fr\/#\/schema\/logo\/image\/\",\"url\":\"https:\/\/arthurgreenbean.be\/wp-content\/uploads\/agbr-696-1.jpg\",\"contentUrl\":\"https:\/\/arthurgreenbean.be\/wp-content\/uploads\/agbr-696-1.jpg\",\"width\":696,\"height\":696,\"caption\":\"Arthurgreenbean Ranch\"},\"image\":{\"@id\":\"https:\/\/arthurgreenbean.be\/fr\/#\/schema\/logo\/image\/\"},\"sameAs\":[\"https:\/\/www.facebook.com\/profile.php?id=100091825763096\"]}]}<\/script>\n<!-- \/ Yoast SEO Premium plugin. -->","yoast_head_json":{"title":"Yin Yoga avec Sonja - AGBR","robots":{"index":"index","follow":"follow","max-snippet":"max-snippet:-1","max-image-preview":"max-image-preview:large","max-video-preview":"max-video-preview:-1"},"canonical":"https:\/\/arthurgreenbean.be\/fr\/produkt\/yin-yoga-avec-sonja\/","og_locale":"fr_FR","og_type":"article","og_title":"Yin Yoga avec Sonja","og_description":"Prix : 35 euros Un flux vers vous-m\u00eame avec ce yoga calme, doux et intense. R\u00e9servez vos s\u00e9ances individuelles ou collectives sur rendez-vous.","og_url":"https:\/\/arthurgreenbean.be\/fr\/produkt\/yin-yoga-avec-sonja\/","og_site_name":"AGBR","article_publisher":"https:\/\/www.facebook.com\/profile.php?id=100091825763096","article_modified_time":"2026-01-09T16:15:24+00:00","og_image":[{"width":2331,"height":1911,"url":"https:\/\/arthurgreenbean.be\/wp-content\/uploads\/20230422_113937.jpg","type":"image\/jpeg"}],"twitter_card":"summary_large_image","twitter_misc":{"Dur\u00e9e de lecture estim\u00e9e":"1 minute"},"schema":{"@context":"https:\/\/schema.org","@graph":[{"@type":"WebPage","@id":"https:\/\/arthurgreenbean.be\/fr\/produkt\/yin-yoga-avec-sonja\/","url":"https:\/\/arthurgreenbean.be\/fr\/produkt\/yin-yoga-avec-sonja\/","name":"Yin Yoga avec Sonja - AGBR","isPartOf":{"@id":"https:\/\/arthurgreenbean.be\/fr\/#website"},"primaryImageOfPage":{"@id":"https:\/\/arthurgreenbean.be\/fr\/produkt\/yin-yoga-avec-sonja\/#primaryimage"},"image":{"@id":"https:\/\/arthurgreenbean.be\/fr\/produkt\/yin-yoga-avec-sonja\/#primaryimage"},"thumbnailUrl":"https:\/\/arthurgreenbean.be\/wp-content\/uploads\/20230422_113937.jpg","datePublished":"2023-03-14T20:56:16+00:00","dateModified":"2026-01-09T16:15:24+00:00","breadcrumb":{"@id":"https:\/\/arthurgreenbean.be\/fr\/produkt\/yin-yoga-avec-sonja\/#breadcrumb"},"inLanguage":"fr-FR","potentialAction":[{"@type":"ReadAction","target":["https:\/\/arthurgreenbean.be\/fr\/produkt\/yin-yoga-avec-sonja\/"]}]},{"@type":"ImageObject","inLanguage":"fr-FR","@id":"https:\/\/arthurgreenbean.be\/fr\/produkt\/yin-yoga-avec-sonja\/#primaryimage","url":"https:\/\/arthurgreenbean.be\/wp-content\/uploads\/20230422_113937.jpg","contentUrl":"https:\/\/arthurgreenbean.be\/wp-content\/uploads\/20230422_113937.jpg","width":2331,"height":1911,"caption":"yin yoga"},{"@type":"BreadcrumbList","@id":"https:\/\/arthurgreenbean.be\/fr\/produkt\/yin-yoga-avec-sonja\/#breadcrumb","itemListElement":[{"@type":"ListItem","position":1,"name":"Home","item":"https:\/\/arthurgreenbean.be\/fr\/"},{"@type":"ListItem","position":2,"name":"Shop","item":"https:\/\/arthurgreenbean.be\/shop\/"},{"@type":"ListItem","position":3,"name":"Yin Yoga avec Sonja"}]},{"@type":"WebSite","@id":"https:\/\/arthurgreenbean.be\/fr\/#website","url":"https:\/\/arthurgreenbean.be\/fr\/","name":"Arthurgreenbean","description":"Arthur Greenbean Ranch","publisher":{"@id":"https:\/\/arthurgreenbean.be\/fr\/#organization"},"potentialAction":[{"@type":"SearchAction","target":{"@type":"EntryPoint","urlTemplate":"https:\/\/arthurgreenbean.be\/fr\/?s={search_term_string}"},"query-input":{"@type":"PropertyValueSpecification","valueRequired":true,"valueName":"search_term_string"}}],"inLanguage":"fr-FR"},{"@type":"Organization","@id":"https:\/\/arthurgreenbean.be\/fr\/#organization","name":"Arthurgreenbean Ranch","url":"https:\/\/arthurgreenbean.be\/fr\/","logo":{"@type":"ImageObject","inLanguage":"fr-FR","@id":"https:\/\/arthurgreenbean.be\/fr\/#\/schema\/logo\/image\/","url":"https:\/\/arthurgreenbean.be\/wp-content\/uploads\/agbr-696-1.jpg","contentUrl":"https:\/\/arthurgreenbean.be\/wp-content\/uploads\/agbr-696-1.jpg","width":696,"height":696,"caption":"Arthurgreenbean Ranch"},"image":{"@id":"https:\/\/arthurgreenbean.be\/fr\/#\/schema\/logo\/image\/"},"sameAs":["https:\/\/www.facebook.com\/profile.php?id=100091825763096"]}]}},"_links":{"self":[{"href":"https:\/\/arthurgreenbean.be\/fr\/wp-json\/wp\/v2\/product\/4505","targetHints":{"allow":["GET"]}}],"collection":[{"href":"https:\/\/arthurgreenbean.be\/fr\/wp-json\/wp\/v2\/product"}],"about":[{"href":"https:\/\/arthurgreenbean.be\/fr\/wp-json\/wp\/v2\/types\/product"}],"replies":[{"embeddable":true,"href":"https:\/\/arthurgreenbean.be\/fr\/wp-json\/wp\/v2\/comments?post=4505"}],"wp:featuredmedia":[{"embeddable":true,"href":"https:\/\/arthurgreenbean.be\/fr\/wp-json\/wp\/v2\/media\/4027"}],"wp:attachment":[{"href":"https:\/\/arthurgreenbean.be\/fr\/wp-json\/wp\/v2\/media?parent=4505"}],"wp:term":[{"taxonomy":"product_brand","embeddable":true,"href":"https:\/\/arthurgreenbean.be\/fr\/wp-json\/wp\/v2\/product_brand?post=4505"},{"taxonomy":"product_cat","embeddable":true,"href":"https:\/\/arthurgreenbean.be\/fr\/wp-json\/wp\/v2\/product_cat?post=4505"},{"taxonomy":"product_tag","embeddable":true,"href":"https:\/\/arthurgreenbean.be\/fr\/wp-json\/wp\/v2\/product_tag?post=4505"}],"curies":[{"name":"wp","href":"https:\/\/api.w.org\/{rel}","templated":true}]}}