{"id":4143,"date":"2023-05-08T04:55:57","date_gmt":"2023-05-08T04:55:57","guid":{"rendered":"https:\/\/arthurgreenbean.be\/?post_type=product&#038;p=4143"},"modified":"2026-01-09T16:58:59","modified_gmt":"2026-01-09T16:58:59","slug":"kimchi","status":"publish","type":"product","link":"https:\/\/arthurgreenbean.be\/fr\/produkt\/kimchi\/","title":{"rendered":"Kimchi d&rsquo;Arthur, 470 gr La meilleure \u00e9dition de tous les temps Nouveau prix : 12 euros dont 3 euros de caution pour le verre."},"content":{"rendered":"<h3>Le kimchi dans le Farmshop !<\/h3>\n<p>Nous cultivons nous-m\u00eames notre chou napa, nos carottes, notre ail, notre da\u00efkon, nos oignons de printemps, notre citrouille, nos poires et nos pommes, et nous avons m\u00eame commenc\u00e9 \u00e0 cultiver une petite quantit\u00e9 exp\u00e9rimentale de gingembre belge, ce qui pourrait ou non fonctionner&#8230; !<\/p>\n<p>Cette ann\u00e9e, nous ne produirons que des verres Weck de 430g avec le syst\u00e8me d&rsquo;anneau et de clip, et le Kimchi lui-m\u00eame co\u00fbtera 12,-, ce qui inclut une caution de 3 euros pour le bocal en verre. Vous pouvez commander notre Kimchi ici pour \u00eatre s\u00fbr d&rsquo;en avoir, car c&rsquo;est l&rsquo;un de nos meilleurs produits maison et il se vend tr\u00e8s bien.<\/p>\n<p>Le <strong>kimchi d&rsquo;ArthurEn<\/strong>Cor\u00e9e, chaque famille a sa propre recette qu&rsquo;elle ne jure que par elle. Nous ne jurons que par le kimchi d&rsquo;Arthur. Il est classique, biologique*, r\u00e9gional, v\u00e9g\u00e9talien (sans sauce de poisson), moyennement \u00e9pic\u00e9 et l&rsquo;un des meilleurs. Cr\u00e9\u00e9 avec amour, plaisir et effort \u00e0 chaque fois !<\/p>\n<p>La fabrication du kimchi (en cor\u00e9en \uae40\uce58) est l&rsquo;une des m\u00e9thodes les plus anciennes et les plus simples de conservation des l\u00e9gumes frais (par fermentation ana\u00e9robie \/ lactique), et c&rsquo;est un v\u00e9ritable superaliment. En Cor\u00e9e, le chou chinois est l&rsquo;ingr\u00e9dient classique, mais de nombreux autres l\u00e9gumes peuvent \u00e9galement \u00eatre utilis\u00e9s.<br \/>\nAutrefois, le kimchi \u00e9tait une source pr\u00e9cieuse de vitamines et de min\u00e9raux pendant les rudes hivers cor\u00e9ens. Le kimchi est traditionnellement conserv\u00e9 comme la choucroute afin d&#8217;emmagasiner de la vitamine C pendant l&rsquo;hiver. Pour les Cor\u00e9ens, aucun repas &#8211; qu&rsquo;il s&rsquo;agisse du petit-d\u00e9jeuner, du d\u00e9jeuner ou du d\u00eener &#8211; n&rsquo;est complet sans ce l\u00e9gume rouge vif \u00e0 la saveur acidul\u00e9e. Le kimchi accompagne de nombreux repas et \u00e9tait autrefois consid\u00e9r\u00e9 comme un aliment id\u00e9al pour l&rsquo;hiver gr\u00e2ce \u00e0 sa longue dur\u00e9e de conservation et \u00e0 ses nombreuses vitamines.<br \/>\nLe kimchi est b\u00e9n\u00e9fique pour la sant\u00e9, car les min\u00e9raux essentiels, les vitamines, les probiotiques et les enzymes sont pr\u00e9serv\u00e9s gr\u00e2ce \u00e0 cette forme de conservation originale. Le kimchi aide \u00e0 lutter contre les troubles intestinaux tels que le syndrome du c\u00f4lon irritable, favorise la digestion et renforce activement le syst\u00e8me immunitaire.<br \/>\nLe go\u00fbt du kimchi est croquant, aromatique et tout simplement d\u00e9licieux.<br \/>\nMais les aliments probiotiques comme le kimchi peuvent faire encore plus : ils doivent aussi r\u00e9pandre la bonne humeur. Id\u00e9al dans la grisaille de l&rsquo;hiver.<\/p>\n<p>2. Vitamines et min\u00e9raux provenant des diff\u00e9rents fruits et l\u00e9gumes utilis\u00e9s dans la fabrication du kimchi. Les choux, les oignons nouveaux et surtout les piments fournissent une pr\u00e9cieuse vitamine C. La vitamine A est abondante dans le kimchi gr\u00e2ce \u00e0 l&rsquo;utilisation de carottes, d&rsquo;oignons nouveaux et de choux. Les bact\u00e9ries lactiques produisent elles-m\u00eames les vitamines importantes B1, B2 et B12. Au cours des trois premi\u00e8res semaines de fermentation, la proportion de certaines vitamines B double m\u00eame. L&rsquo;ail, le gingembre et le piment contenus dans le kimchi stimulent la circulation sanguine et r\u00e9duisent le taux de cholest\u00e9rol.<\/p>\n<p>La combinaison de l\u00e9gumes frais, de nutriments et de bact\u00e9ries lactiques fait des merveilles pour l&rsquo;organisme. Dans tous les cas, votre kimchi devient plus sain et plus d\u00e9licieux gr\u00e2ce au processus de fermentation.<\/p>\n<p><strong>Quelques conseils pour votre Kimchi :<\/strong><\/p>\n<p>Les recettes de kimchi pr\u00e9f\u00e9r\u00e9es d&rsquo;Arthur sont trop nombreuses pour \u00eatre \u00e9num\u00e9r\u00e9es ici. Voici donc quelques conseils et 4 d\u00e9licieuses s\u00e9ductions simples.<\/p>\n<p>Conseil 1 : juste du Kimchi pur dans un bol avec quelques graines de s\u00e9same et quelques brins de ciboulette fra\u00eeche sur le dessus.<\/p>\n<p>Conseil n\u00b0 2 : si vous l&rsquo;ajoutez \u00e0 d&rsquo;autres plats, le secret r\u00e9side dans le dosage. Obtenir la juste quantit\u00e9 pour votre cr\u00e9ation est le cadeau le plus merveilleux qui soit. Il suffit d&rsquo;ajouter la bonne quantit\u00e9 de kimchi &#8211; finement hach\u00e9 &#8211; pour que n&rsquo;importe quelle cr\u00e9ation ordinaire atteigne de nouveaux sommets. Magique et d\u00e9licieux.<\/p>\n<p>Conseil n\u00b0 3 : si vous aimez les \u0153ufs brouill\u00e9s, vous les \u00e9l\u00e8verez \u00e0 un niveau inconnu en ajoutant un peu de kimchi finement hach\u00e9 aux \u0153ufs finis. Il est probable que vous ne voudrez plus jamais manger d&rsquo;\u0153ufs brouill\u00e9s sans kimchi. C&rsquo;est tellement bon et cela rend les \u0153ufs beaucoup plus digestes.<\/p>\n<p>Conseil n\u00b0 4 : il en va de m\u00eame pour les saut\u00e9s, surtout avec du riz. M\u00eame les pommes de terre r\u00f4ties deviennent vivantes, le gingembre est si bon.<\/p>\n<p>Conseil n\u00b0 5 : un sandwich au fromage ? &#8211; un peu de kimchi finement hach\u00e9 sur le dessus, plus un peu de Salsa Macha &#8230; wow<\/p>\n<p>Conseil n\u00b0 6 : une petite quantit\u00e9 de kimchi finement hach\u00e9 ajout\u00e9e \u00e0 de nombreuses salades peut rendre l&rsquo;ensemble plus vivant.<\/p>\n<p>Tout est une question de quantit\u00e9 ! Pas trop, car tout passe alors \u00e0 un autre niveau culinaire. Et c&rsquo;est aussi tr\u00e8s sain !<\/p>\n","protected":false},"excerpt":{"rendered":"<h3>L&rsquo;un des Kimchis les plus d\u00e9licieux et les plus sains que vous puissiez trouver, dont presque tous les ingr\u00e9dients sont cultiv\u00e9s ici, \u00e0 Welkenraedt.<\/h3>\n<p>&nbsp;<\/p>\n<h3>470 gr pour 12 Euro dont 3 Euro de caution pour le verre.<\/h3>\n","protected":false},"featured_media":6195,"comment_status":"open","ping_status":"closed","template":"","meta":[],"product_brand":[],"product_cat":[119,237,114],"product_tag":[81,80,83,82],"class_list":{"0":"post-4143","1":"product","2":"type-product","3":"status-publish","4":"has-post-thumbnail","6":"product_cat-alimentation","7":"product_cat-ferme","8":"product_cat-kimchi-fr","9":"product_tag-alimentation","10":"product_tag-belgique","11":"product_tag-organique","12":"product_tag-sante","14":"first","15":"instock","16":"shipping-taxable","17":"purchasable","18":"product-type-simple"},"exclude_global_add_ons":[],"addons":[],"yoast_head":"<!-- This site is optimized with the Yoast SEO Premium plugin v26.7 (Yoast SEO v27.2) - https:\/\/yoast.com\/product\/yoast-seo-premium-wordpress\/ -->\n<title>Kimchi d&#039;Arthur, 470 gr La meilleure \u00e9dition de tous les temps Nouveau prix : 12 euros dont 3 euros de caution pour le verre. - AGBR<\/title>\n<meta name=\"description\" content=\"ferment\u00e9, r\u00e9gional, biologique, d\u00e9licieux, super aliment, sain\" \/>\n<meta name=\"robots\" content=\"index, follow, max-snippet:-1, max-image-preview:large, max-video-preview:-1\" \/>\n<link rel=\"canonical\" href=\"https:\/\/arthurgreenbean.be\/fr\/produkt\/kimchi\/\" \/>\n<meta property=\"og:locale\" content=\"fr_FR\" \/>\n<meta property=\"og:type\" content=\"article\" \/>\n<meta property=\"og:title\" content=\"Kimchi d&#039;Arthur, 470 gr La meilleure \u00e9dition de tous les temps Nouveau prix : 12 euros dont 3 euros de caution pour le verre.\" \/>\n<meta property=\"og:description\" content=\"ferment\u00e9, r\u00e9gional, biologique, d\u00e9licieux, super aliment, sain\" \/>\n<meta property=\"og:url\" content=\"https:\/\/arthurgreenbean.be\/fr\/produkt\/kimchi\/\" \/>\n<meta property=\"og:site_name\" content=\"AGBR\" \/>\n<meta property=\"article:publisher\" content=\"https:\/\/www.facebook.com\/profile.php?id=100091825763096\" \/>\n<meta property=\"article:modified_time\" content=\"2026-01-09T16:58:59+00:00\" \/>\n<meta property=\"og:image\" content=\"https:\/\/arthurgreenbean.be\/wp-content\/uploads\/IMG_6528-scaled.jpeg\" \/>\n\t<meta property=\"og:image:width\" content=\"2560\" \/>\n\t<meta property=\"og:image:height\" content=\"1920\" \/>\n\t<meta property=\"og:image:type\" content=\"image\/jpeg\" \/>\n<meta name=\"twitter:card\" content=\"summary_large_image\" \/>\n<meta name=\"twitter:label1\" content=\"Dur\u00e9e de lecture estim\u00e9e\" \/>\n\t<meta name=\"twitter:data1\" content=\"4 minutes\" \/>\n<script type=\"application\/ld+json\" class=\"yoast-schema-graph\">{\"@context\":\"https:\/\/schema.org\",\"@graph\":[{\"@type\":\"WebPage\",\"@id\":\"https:\/\/arthurgreenbean.be\/fr\/produkt\/kimchi\/\",\"url\":\"https:\/\/arthurgreenbean.be\/fr\/produkt\/kimchi\/\",\"name\":\"Kimchi d'Arthur, 470 gr La meilleure \u00e9dition de tous les temps Nouveau prix : 12 euros dont 3 euros de caution pour le verre. - AGBR\",\"isPartOf\":{\"@id\":\"https:\/\/arthurgreenbean.be\/fr\/#website\"},\"primaryImageOfPage\":{\"@id\":\"https:\/\/arthurgreenbean.be\/fr\/produkt\/kimchi\/#primaryimage\"},\"image\":{\"@id\":\"https:\/\/arthurgreenbean.be\/fr\/produkt\/kimchi\/#primaryimage\"},\"thumbnailUrl\":\"https:\/\/arthurgreenbean.be\/wp-content\/uploads\/IMG_6528-scaled.jpeg\",\"datePublished\":\"2023-05-08T04:55:57+00:00\",\"dateModified\":\"2026-01-09T16:58:59+00:00\",\"description\":\"ferment\u00e9, r\u00e9gional, biologique, d\u00e9licieux, super aliment, sain\",\"breadcrumb\":{\"@id\":\"https:\/\/arthurgreenbean.be\/fr\/produkt\/kimchi\/#breadcrumb\"},\"inLanguage\":\"fr-FR\",\"potentialAction\":[{\"@type\":\"ReadAction\",\"target\":[\"https:\/\/arthurgreenbean.be\/fr\/produkt\/kimchi\/\"]}]},{\"@type\":\"ImageObject\",\"inLanguage\":\"fr-FR\",\"@id\":\"https:\/\/arthurgreenbean.be\/fr\/produkt\/kimchi\/#primaryimage\",\"url\":\"https:\/\/arthurgreenbean.be\/wp-content\/uploads\/IMG_6528-scaled.jpeg\",\"contentUrl\":\"https:\/\/arthurgreenbean.be\/wp-content\/uploads\/IMG_6528-scaled.jpeg\",\"width\":2560,\"height\":1920,\"caption\":\"d\u00e9licieux\"},{\"@type\":\"BreadcrumbList\",\"@id\":\"https:\/\/arthurgreenbean.be\/fr\/produkt\/kimchi\/#breadcrumb\",\"itemListElement\":[{\"@type\":\"ListItem\",\"position\":1,\"name\":\"Home\",\"item\":\"https:\/\/arthurgreenbean.be\/fr\/\"},{\"@type\":\"ListItem\",\"position\":2,\"name\":\"Shop\",\"item\":\"https:\/\/arthurgreenbean.be\/shop\/\"},{\"@type\":\"ListItem\",\"position\":3,\"name\":\"Kimchi d&#8217;Arthur, 470 gr La meilleure \u00e9dition de tous les temps Nouveau prix : 12 euros dont 3 euros de caution pour le verre.\"}]},{\"@type\":\"WebSite\",\"@id\":\"https:\/\/arthurgreenbean.be\/fr\/#website\",\"url\":\"https:\/\/arthurgreenbean.be\/fr\/\",\"name\":\"Arthurgreenbean\",\"description\":\"Arthur Greenbean Ranch\",\"publisher\":{\"@id\":\"https:\/\/arthurgreenbean.be\/fr\/#organization\"},\"potentialAction\":[{\"@type\":\"SearchAction\",\"target\":{\"@type\":\"EntryPoint\",\"urlTemplate\":\"https:\/\/arthurgreenbean.be\/fr\/?s={search_term_string}\"},\"query-input\":{\"@type\":\"PropertyValueSpecification\",\"valueRequired\":true,\"valueName\":\"search_term_string\"}}],\"inLanguage\":\"fr-FR\"},{\"@type\":\"Organization\",\"@id\":\"https:\/\/arthurgreenbean.be\/fr\/#organization\",\"name\":\"Arthurgreenbean Ranch\",\"url\":\"https:\/\/arthurgreenbean.be\/fr\/\",\"logo\":{\"@type\":\"ImageObject\",\"inLanguage\":\"fr-FR\",\"@id\":\"https:\/\/arthurgreenbean.be\/fr\/#\/schema\/logo\/image\/\",\"url\":\"https:\/\/arthurgreenbean.be\/wp-content\/uploads\/agbr-696-1.jpg\",\"contentUrl\":\"https:\/\/arthurgreenbean.be\/wp-content\/uploads\/agbr-696-1.jpg\",\"width\":696,\"height\":696,\"caption\":\"Arthurgreenbean Ranch\"},\"image\":{\"@id\":\"https:\/\/arthurgreenbean.be\/fr\/#\/schema\/logo\/image\/\"},\"sameAs\":[\"https:\/\/www.facebook.com\/profile.php?id=100091825763096\"]}]}<\/script>\n<!-- \/ Yoast SEO Premium plugin. -->","yoast_head_json":{"title":"Kimchi d'Arthur, 470 gr La meilleure \u00e9dition de tous les temps Nouveau prix : 12 euros dont 3 euros de caution pour le verre. - AGBR","description":"ferment\u00e9, r\u00e9gional, biologique, d\u00e9licieux, super aliment, sain","robots":{"index":"index","follow":"follow","max-snippet":"max-snippet:-1","max-image-preview":"max-image-preview:large","max-video-preview":"max-video-preview:-1"},"canonical":"https:\/\/arthurgreenbean.be\/fr\/produkt\/kimchi\/","og_locale":"fr_FR","og_type":"article","og_title":"Kimchi d'Arthur, 470 gr La meilleure \u00e9dition de tous les temps Nouveau prix : 12 euros dont 3 euros de caution pour le verre.","og_description":"ferment\u00e9, r\u00e9gional, biologique, d\u00e9licieux, super aliment, sain","og_url":"https:\/\/arthurgreenbean.be\/fr\/produkt\/kimchi\/","og_site_name":"AGBR","article_publisher":"https:\/\/www.facebook.com\/profile.php?id=100091825763096","article_modified_time":"2026-01-09T16:58:59+00:00","og_image":[{"width":2560,"height":1920,"url":"https:\/\/arthurgreenbean.be\/wp-content\/uploads\/IMG_6528-scaled.jpeg","type":"image\/jpeg"}],"twitter_card":"summary_large_image","twitter_misc":{"Dur\u00e9e de lecture estim\u00e9e":"4 minutes"},"schema":{"@context":"https:\/\/schema.org","@graph":[{"@type":"WebPage","@id":"https:\/\/arthurgreenbean.be\/fr\/produkt\/kimchi\/","url":"https:\/\/arthurgreenbean.be\/fr\/produkt\/kimchi\/","name":"Kimchi d'Arthur, 470 gr La meilleure \u00e9dition de tous les temps Nouveau prix : 12 euros dont 3 euros de caution pour le verre. - AGBR","isPartOf":{"@id":"https:\/\/arthurgreenbean.be\/fr\/#website"},"primaryImageOfPage":{"@id":"https:\/\/arthurgreenbean.be\/fr\/produkt\/kimchi\/#primaryimage"},"image":{"@id":"https:\/\/arthurgreenbean.be\/fr\/produkt\/kimchi\/#primaryimage"},"thumbnailUrl":"https:\/\/arthurgreenbean.be\/wp-content\/uploads\/IMG_6528-scaled.jpeg","datePublished":"2023-05-08T04:55:57+00:00","dateModified":"2026-01-09T16:58:59+00:00","description":"ferment\u00e9, r\u00e9gional, biologique, d\u00e9licieux, super aliment, sain","breadcrumb":{"@id":"https:\/\/arthurgreenbean.be\/fr\/produkt\/kimchi\/#breadcrumb"},"inLanguage":"fr-FR","potentialAction":[{"@type":"ReadAction","target":["https:\/\/arthurgreenbean.be\/fr\/produkt\/kimchi\/"]}]},{"@type":"ImageObject","inLanguage":"fr-FR","@id":"https:\/\/arthurgreenbean.be\/fr\/produkt\/kimchi\/#primaryimage","url":"https:\/\/arthurgreenbean.be\/wp-content\/uploads\/IMG_6528-scaled.jpeg","contentUrl":"https:\/\/arthurgreenbean.be\/wp-content\/uploads\/IMG_6528-scaled.jpeg","width":2560,"height":1920,"caption":"d\u00e9licieux"},{"@type":"BreadcrumbList","@id":"https:\/\/arthurgreenbean.be\/fr\/produkt\/kimchi\/#breadcrumb","itemListElement":[{"@type":"ListItem","position":1,"name":"Home","item":"https:\/\/arthurgreenbean.be\/fr\/"},{"@type":"ListItem","position":2,"name":"Shop","item":"https:\/\/arthurgreenbean.be\/shop\/"},{"@type":"ListItem","position":3,"name":"Kimchi d&#8217;Arthur, 470 gr La meilleure \u00e9dition de tous les temps Nouveau prix : 12 euros dont 3 euros de caution pour le verre."}]},{"@type":"WebSite","@id":"https:\/\/arthurgreenbean.be\/fr\/#website","url":"https:\/\/arthurgreenbean.be\/fr\/","name":"Arthurgreenbean","description":"Arthur Greenbean Ranch","publisher":{"@id":"https:\/\/arthurgreenbean.be\/fr\/#organization"},"potentialAction":[{"@type":"SearchAction","target":{"@type":"EntryPoint","urlTemplate":"https:\/\/arthurgreenbean.be\/fr\/?s={search_term_string}"},"query-input":{"@type":"PropertyValueSpecification","valueRequired":true,"valueName":"search_term_string"}}],"inLanguage":"fr-FR"},{"@type":"Organization","@id":"https:\/\/arthurgreenbean.be\/fr\/#organization","name":"Arthurgreenbean Ranch","url":"https:\/\/arthurgreenbean.be\/fr\/","logo":{"@type":"ImageObject","inLanguage":"fr-FR","@id":"https:\/\/arthurgreenbean.be\/fr\/#\/schema\/logo\/image\/","url":"https:\/\/arthurgreenbean.be\/wp-content\/uploads\/agbr-696-1.jpg","contentUrl":"https:\/\/arthurgreenbean.be\/wp-content\/uploads\/agbr-696-1.jpg","width":696,"height":696,"caption":"Arthurgreenbean Ranch"},"image":{"@id":"https:\/\/arthurgreenbean.be\/fr\/#\/schema\/logo\/image\/"},"sameAs":["https:\/\/www.facebook.com\/profile.php?id=100091825763096"]}]}},"_links":{"self":[{"href":"https:\/\/arthurgreenbean.be\/fr\/wp-json\/wp\/v2\/product\/4143","targetHints":{"allow":["GET"]}}],"collection":[{"href":"https:\/\/arthurgreenbean.be\/fr\/wp-json\/wp\/v2\/product"}],"about":[{"href":"https:\/\/arthurgreenbean.be\/fr\/wp-json\/wp\/v2\/types\/product"}],"replies":[{"embeddable":true,"href":"https:\/\/arthurgreenbean.be\/fr\/wp-json\/wp\/v2\/comments?post=4143"}],"wp:featuredmedia":[{"embeddable":true,"href":"https:\/\/arthurgreenbean.be\/fr\/wp-json\/wp\/v2\/media\/6195"}],"wp:attachment":[{"href":"https:\/\/arthurgreenbean.be\/fr\/wp-json\/wp\/v2\/media?parent=4143"}],"wp:term":[{"taxonomy":"product_brand","embeddable":true,"href":"https:\/\/arthurgreenbean.be\/fr\/wp-json\/wp\/v2\/product_brand?post=4143"},{"taxonomy":"product_cat","embeddable":true,"href":"https:\/\/arthurgreenbean.be\/fr\/wp-json\/wp\/v2\/product_cat?post=4143"},{"taxonomy":"product_tag","embeddable":true,"href":"https:\/\/arthurgreenbean.be\/fr\/wp-json\/wp\/v2\/product_tag?post=4143"}],"curies":[{"name":"wp","href":"https:\/\/api.w.org\/{rel}","templated":true}]}}