{"id":4071,"date":"2023-05-05T19:53:11","date_gmt":"2023-05-05T19:53:11","guid":{"rendered":"https:\/\/arthurgreenbean.be\/?post_type=product&#038;p=4071"},"modified":"2026-01-09T17:02:07","modified_gmt":"2026-01-09T17:02:07","slug":"massage-ayurvedique-avec-sonja-10-minutes-svedana-sauna-box","status":"publish","type":"product","link":"https:\/\/arthurgreenbean.be\/fr\/produkt\/massage-ayurvedique-avec-sonja-10-minutes-svedana-sauna-box\/","title":{"rendered":"Massage ayurv\u00e9dique avec Sonja &#8211; 10 minutes Box sauna Svedana"},"content":{"rendered":"<div class=\"fusion-layout-column fusion_builder_column fusion-builder-column-20 fusion_builder_column_1_2 1_2 fusion-flex-column\">\n<div class=\"fusion-column-wrapper fusion-column-has-shadow fusion-flex-justify-content-flex-start fusion-content-layout-column\">\n<div class=\"fusion-text fusion-text-9\">\n<h3 class=\"fusion-responsive-typography-calculated\" data-fontsize=\"36\" data-lineheight=\"43.200001px\">Transpirer dans la Svedana Box<\/h3>\n<p>Dans cette forme de traitement, une infusion de plantes induit de la vapeur. Vous serez assis dans une bo\u00eete en bois faite \u00e0 la main, entour\u00e9 de cette merveilleuse vapeur qui vous am\u00e8nera \u00e0 une transpiration profond\u00e9ment purifiante et relaxante. La transpiration permet d&rsquo;\u00e9liminer les toxines de l&rsquo;organisme. Il d\u00e9tend \u00e9galement les muscles et favorise une bonne circulation sanguine.<\/p>\n<p>Nous utilisons le svedana en compl\u00e9ment d&rsquo;un abhyanga.<\/p>\n<p>Pour plus d&rsquo;informations, consultez le site \u00ab\u00a0Ayurvedic Massages\u00a0\u00bb &#8230;.<\/p>\n<p>Choisissez l&rsquo;une des p\u00e9riodes indiqu\u00e9es dans le calendrier et nous vous contacterons d\u00e8s que possible pour confirmer ou non.<\/p>\n<p>Client\u00e8le f\u00e9minine uniquement.<\/p>\n<p>&nbsp;<\/p>\n<\/div>\n<\/div>\n<\/div>\n<div class=\"fusion-layout-column fusion_builder_column fusion-builder-column-21 fusion_builder_column_1_1 1_1 fusion-flex-column\">\n<div class=\"fusion-column-wrapper fusion-column-has-shadow fusion-flex-justify-content-flex-start fusion-content-layout-column\">\n<div class=\"fusion-separator fusion-full-width-sep\"><\/div>\n<\/div>\n<\/div>\n","protected":false},"excerpt":{"rendered":"<p><strong>Bo\u00eete \u00e0 sauna Svedana<\/strong><\/p>\n<p><strong>Prix : 10 euros<\/strong><\/p>\n<p><strong>Dur\u00e9e de la s\u00e9ance : 10 minutes<\/strong><\/p>\n<p><strong>Sur rendez-vous uniquement<\/strong><\/p>\n","protected":false},"featured_media":4135,"comment_status":"open","ping_status":"closed","template":"","meta":[],"product_brand":[],"product_cat":[115,141,116,140],"product_tag":[120,80,142,82],"class_list":{"0":"post-4071","1":"product","2":"type-product","3":"status-publish","4":"has-post-thumbnail","6":"product_cat-ayurveda-fr","7":"product_cat-massage-fr","8":"product_cat-massages-ayurvediques","9":"product_cat-sur-rendez-vous-uniquement","10":"product_tag-ayurveda-fr","11":"product_tag-belgique","12":"product_tag-massages-fr","13":"product_tag-sante","15":"first","16":"instock","17":"sold-individually","18":"shipping-taxable","19":"purchasable","20":"product-type-appointment"},"exclude_global_add_ons":[],"addons":[],"yoast_head":"<!-- This site is optimized with the Yoast SEO Premium plugin v26.7 (Yoast SEO v27.2) - https:\/\/yoast.com\/product\/yoast-seo-premium-wordpress\/ -->\n<title>Massage ayurv\u00e9dique avec Sonja - 10 minutes Box sauna Svedana - AGBR<\/title>\n<meta name=\"description\" content=\"Bo\u00eete \u00e0 sauna Svedana\" \/>\n<meta name=\"robots\" content=\"index, follow, max-snippet:-1, max-image-preview:large, max-video-preview:-1\" \/>\n<link rel=\"canonical\" href=\"https:\/\/arthurgreenbean.be\/fr\/produkt\/massage-ayurvedique-avec-sonja-10-minutes-svedana-sauna-box\/\" \/>\n<meta property=\"og:locale\" content=\"fr_FR\" \/>\n<meta property=\"og:type\" content=\"article\" \/>\n<meta property=\"og:title\" content=\"Massage ayurv\u00e9dique avec Sonja - 10 minutes Box sauna Svedana\" \/>\n<meta property=\"og:description\" content=\"Bo\u00eete \u00e0 sauna Svedana\" \/>\n<meta property=\"og:url\" content=\"https:\/\/arthurgreenbean.be\/fr\/produkt\/massage-ayurvedique-avec-sonja-10-minutes-svedana-sauna-box\/\" \/>\n<meta property=\"og:site_name\" content=\"AGBR\" \/>\n<meta property=\"article:publisher\" content=\"https:\/\/www.facebook.com\/profile.php?id=100091825763096\" \/>\n<meta property=\"article:modified_time\" content=\"2026-01-09T17:02:07+00:00\" \/>\n<meta property=\"og:image\" content=\"https:\/\/arthurgreenbean.be\/wp-content\/uploads\/shutterstock_13940071672-scaled.jpg\" \/>\n\t<meta property=\"og:image:width\" content=\"2560\" \/>\n\t<meta property=\"og:image:height\" content=\"1709\" \/>\n\t<meta property=\"og:image:type\" content=\"image\/jpeg\" \/>\n<meta name=\"twitter:card\" content=\"summary_large_image\" \/>\n<meta name=\"twitter:label1\" content=\"Dur\u00e9e de lecture estim\u00e9e\" \/>\n\t<meta name=\"twitter:data1\" content=\"1 minute\" \/>\n<script type=\"application\/ld+json\" class=\"yoast-schema-graph\">{\"@context\":\"https:\/\/schema.org\",\"@graph\":[{\"@type\":\"WebPage\",\"@id\":\"https:\/\/arthurgreenbean.be\/fr\/produkt\/massage-ayurvedique-avec-sonja-10-minutes-svedana-sauna-box\/\",\"url\":\"https:\/\/arthurgreenbean.be\/fr\/produkt\/massage-ayurvedique-avec-sonja-10-minutes-svedana-sauna-box\/\",\"name\":\"Massage ayurv\u00e9dique avec Sonja - 10 minutes Box sauna Svedana - AGBR\",\"isPartOf\":{\"@id\":\"https:\/\/arthurgreenbean.be\/fr\/#website\"},\"primaryImageOfPage\":{\"@id\":\"https:\/\/arthurgreenbean.be\/fr\/produkt\/massage-ayurvedique-avec-sonja-10-minutes-svedana-sauna-box\/#primaryimage\"},\"image\":{\"@id\":\"https:\/\/arthurgreenbean.be\/fr\/produkt\/massage-ayurvedique-avec-sonja-10-minutes-svedana-sauna-box\/#primaryimage\"},\"thumbnailUrl\":\"https:\/\/arthurgreenbean.be\/wp-content\/uploads\/shutterstock_13940071672-scaled.jpg\",\"datePublished\":\"2023-05-05T19:53:11+00:00\",\"dateModified\":\"2026-01-09T17:02:07+00:00\",\"description\":\"Bo\u00eete \u00e0 sauna Svedana\",\"breadcrumb\":{\"@id\":\"https:\/\/arthurgreenbean.be\/fr\/produkt\/massage-ayurvedique-avec-sonja-10-minutes-svedana-sauna-box\/#breadcrumb\"},\"inLanguage\":\"fr-FR\",\"potentialAction\":[{\"@type\":\"ReadAction\",\"target\":[\"https:\/\/arthurgreenbean.be\/fr\/produkt\/massage-ayurvedique-avec-sonja-10-minutes-svedana-sauna-box\/\"]}]},{\"@type\":\"ImageObject\",\"inLanguage\":\"fr-FR\",\"@id\":\"https:\/\/arthurgreenbean.be\/fr\/produkt\/massage-ayurvedique-avec-sonja-10-minutes-svedana-sauna-box\/#primaryimage\",\"url\":\"https:\/\/arthurgreenbean.be\/wp-content\/uploads\/shutterstock_13940071672-scaled.jpg\",\"contentUrl\":\"https:\/\/arthurgreenbean.be\/wp-content\/uploads\/shutterstock_13940071672-scaled.jpg\",\"width\":2560,\"height\":1709,\"caption\":\"Femme,souriante,prenant,un,bain,de,vapeur,avec,les,yeux,ferm\u00e9s,dans,un,spa\"},{\"@type\":\"BreadcrumbList\",\"@id\":\"https:\/\/arthurgreenbean.be\/fr\/produkt\/massage-ayurvedique-avec-sonja-10-minutes-svedana-sauna-box\/#breadcrumb\",\"itemListElement\":[{\"@type\":\"ListItem\",\"position\":1,\"name\":\"Home\",\"item\":\"https:\/\/arthurgreenbean.be\/fr\/\"},{\"@type\":\"ListItem\",\"position\":2,\"name\":\"Shop\",\"item\":\"https:\/\/arthurgreenbean.be\/shop\/\"},{\"@type\":\"ListItem\",\"position\":3,\"name\":\"Massage ayurv\u00e9dique avec Sonja &#8211; 10 minutes Box sauna Svedana\"}]},{\"@type\":\"WebSite\",\"@id\":\"https:\/\/arthurgreenbean.be\/fr\/#website\",\"url\":\"https:\/\/arthurgreenbean.be\/fr\/\",\"name\":\"Arthurgreenbean\",\"description\":\"Arthur Greenbean Ranch\",\"publisher\":{\"@id\":\"https:\/\/arthurgreenbean.be\/fr\/#organization\"},\"potentialAction\":[{\"@type\":\"SearchAction\",\"target\":{\"@type\":\"EntryPoint\",\"urlTemplate\":\"https:\/\/arthurgreenbean.be\/fr\/?s={search_term_string}\"},\"query-input\":{\"@type\":\"PropertyValueSpecification\",\"valueRequired\":true,\"valueName\":\"search_term_string\"}}],\"inLanguage\":\"fr-FR\"},{\"@type\":\"Organization\",\"@id\":\"https:\/\/arthurgreenbean.be\/fr\/#organization\",\"name\":\"Arthurgreenbean Ranch\",\"url\":\"https:\/\/arthurgreenbean.be\/fr\/\",\"logo\":{\"@type\":\"ImageObject\",\"inLanguage\":\"fr-FR\",\"@id\":\"https:\/\/arthurgreenbean.be\/fr\/#\/schema\/logo\/image\/\",\"url\":\"https:\/\/arthurgreenbean.be\/wp-content\/uploads\/agbr-696-1.jpg\",\"contentUrl\":\"https:\/\/arthurgreenbean.be\/wp-content\/uploads\/agbr-696-1.jpg\",\"width\":696,\"height\":696,\"caption\":\"Arthurgreenbean Ranch\"},\"image\":{\"@id\":\"https:\/\/arthurgreenbean.be\/fr\/#\/schema\/logo\/image\/\"},\"sameAs\":[\"https:\/\/www.facebook.com\/profile.php?id=100091825763096\"]}]}<\/script>\n<!-- \/ Yoast SEO Premium plugin. -->","yoast_head_json":{"title":"Massage ayurv\u00e9dique avec Sonja - 10 minutes Box sauna Svedana - AGBR","description":"Bo\u00eete \u00e0 sauna Svedana","robots":{"index":"index","follow":"follow","max-snippet":"max-snippet:-1","max-image-preview":"max-image-preview:large","max-video-preview":"max-video-preview:-1"},"canonical":"https:\/\/arthurgreenbean.be\/fr\/produkt\/massage-ayurvedique-avec-sonja-10-minutes-svedana-sauna-box\/","og_locale":"fr_FR","og_type":"article","og_title":"Massage ayurv\u00e9dique avec Sonja - 10 minutes Box sauna Svedana","og_description":"Bo\u00eete \u00e0 sauna Svedana","og_url":"https:\/\/arthurgreenbean.be\/fr\/produkt\/massage-ayurvedique-avec-sonja-10-minutes-svedana-sauna-box\/","og_site_name":"AGBR","article_publisher":"https:\/\/www.facebook.com\/profile.php?id=100091825763096","article_modified_time":"2026-01-09T17:02:07+00:00","og_image":[{"width":2560,"height":1709,"url":"https:\/\/arthurgreenbean.be\/wp-content\/uploads\/shutterstock_13940071672-scaled.jpg","type":"image\/jpeg"}],"twitter_card":"summary_large_image","twitter_misc":{"Dur\u00e9e de lecture estim\u00e9e":"1 minute"},"schema":{"@context":"https:\/\/schema.org","@graph":[{"@type":"WebPage","@id":"https:\/\/arthurgreenbean.be\/fr\/produkt\/massage-ayurvedique-avec-sonja-10-minutes-svedana-sauna-box\/","url":"https:\/\/arthurgreenbean.be\/fr\/produkt\/massage-ayurvedique-avec-sonja-10-minutes-svedana-sauna-box\/","name":"Massage ayurv\u00e9dique avec Sonja - 10 minutes Box sauna Svedana - AGBR","isPartOf":{"@id":"https:\/\/arthurgreenbean.be\/fr\/#website"},"primaryImageOfPage":{"@id":"https:\/\/arthurgreenbean.be\/fr\/produkt\/massage-ayurvedique-avec-sonja-10-minutes-svedana-sauna-box\/#primaryimage"},"image":{"@id":"https:\/\/arthurgreenbean.be\/fr\/produkt\/massage-ayurvedique-avec-sonja-10-minutes-svedana-sauna-box\/#primaryimage"},"thumbnailUrl":"https:\/\/arthurgreenbean.be\/wp-content\/uploads\/shutterstock_13940071672-scaled.jpg","datePublished":"2023-05-05T19:53:11+00:00","dateModified":"2026-01-09T17:02:07+00:00","description":"Bo\u00eete \u00e0 sauna Svedana","breadcrumb":{"@id":"https:\/\/arthurgreenbean.be\/fr\/produkt\/massage-ayurvedique-avec-sonja-10-minutes-svedana-sauna-box\/#breadcrumb"},"inLanguage":"fr-FR","potentialAction":[{"@type":"ReadAction","target":["https:\/\/arthurgreenbean.be\/fr\/produkt\/massage-ayurvedique-avec-sonja-10-minutes-svedana-sauna-box\/"]}]},{"@type":"ImageObject","inLanguage":"fr-FR","@id":"https:\/\/arthurgreenbean.be\/fr\/produkt\/massage-ayurvedique-avec-sonja-10-minutes-svedana-sauna-box\/#primaryimage","url":"https:\/\/arthurgreenbean.be\/wp-content\/uploads\/shutterstock_13940071672-scaled.jpg","contentUrl":"https:\/\/arthurgreenbean.be\/wp-content\/uploads\/shutterstock_13940071672-scaled.jpg","width":2560,"height":1709,"caption":"Femme,souriante,prenant,un,bain,de,vapeur,avec,les,yeux,ferm\u00e9s,dans,un,spa"},{"@type":"BreadcrumbList","@id":"https:\/\/arthurgreenbean.be\/fr\/produkt\/massage-ayurvedique-avec-sonja-10-minutes-svedana-sauna-box\/#breadcrumb","itemListElement":[{"@type":"ListItem","position":1,"name":"Home","item":"https:\/\/arthurgreenbean.be\/fr\/"},{"@type":"ListItem","position":2,"name":"Shop","item":"https:\/\/arthurgreenbean.be\/shop\/"},{"@type":"ListItem","position":3,"name":"Massage ayurv\u00e9dique avec Sonja &#8211; 10 minutes Box sauna Svedana"}]},{"@type":"WebSite","@id":"https:\/\/arthurgreenbean.be\/fr\/#website","url":"https:\/\/arthurgreenbean.be\/fr\/","name":"Arthurgreenbean","description":"Arthur Greenbean Ranch","publisher":{"@id":"https:\/\/arthurgreenbean.be\/fr\/#organization"},"potentialAction":[{"@type":"SearchAction","target":{"@type":"EntryPoint","urlTemplate":"https:\/\/arthurgreenbean.be\/fr\/?s={search_term_string}"},"query-input":{"@type":"PropertyValueSpecification","valueRequired":true,"valueName":"search_term_string"}}],"inLanguage":"fr-FR"},{"@type":"Organization","@id":"https:\/\/arthurgreenbean.be\/fr\/#organization","name":"Arthurgreenbean Ranch","url":"https:\/\/arthurgreenbean.be\/fr\/","logo":{"@type":"ImageObject","inLanguage":"fr-FR","@id":"https:\/\/arthurgreenbean.be\/fr\/#\/schema\/logo\/image\/","url":"https:\/\/arthurgreenbean.be\/wp-content\/uploads\/agbr-696-1.jpg","contentUrl":"https:\/\/arthurgreenbean.be\/wp-content\/uploads\/agbr-696-1.jpg","width":696,"height":696,"caption":"Arthurgreenbean Ranch"},"image":{"@id":"https:\/\/arthurgreenbean.be\/fr\/#\/schema\/logo\/image\/"},"sameAs":["https:\/\/www.facebook.com\/profile.php?id=100091825763096"]}]}},"_links":{"self":[{"href":"https:\/\/arthurgreenbean.be\/fr\/wp-json\/wp\/v2\/product\/4071","targetHints":{"allow":["GET"]}}],"collection":[{"href":"https:\/\/arthurgreenbean.be\/fr\/wp-json\/wp\/v2\/product"}],"about":[{"href":"https:\/\/arthurgreenbean.be\/fr\/wp-json\/wp\/v2\/types\/product"}],"replies":[{"embeddable":true,"href":"https:\/\/arthurgreenbean.be\/fr\/wp-json\/wp\/v2\/comments?post=4071"}],"wp:featuredmedia":[{"embeddable":true,"href":"https:\/\/arthurgreenbean.be\/fr\/wp-json\/wp\/v2\/media\/4135"}],"wp:attachment":[{"href":"https:\/\/arthurgreenbean.be\/fr\/wp-json\/wp\/v2\/media?parent=4071"}],"wp:term":[{"taxonomy":"product_brand","embeddable":true,"href":"https:\/\/arthurgreenbean.be\/fr\/wp-json\/wp\/v2\/product_brand?post=4071"},{"taxonomy":"product_cat","embeddable":true,"href":"https:\/\/arthurgreenbean.be\/fr\/wp-json\/wp\/v2\/product_cat?post=4071"},{"taxonomy":"product_tag","embeddable":true,"href":"https:\/\/arthurgreenbean.be\/fr\/wp-json\/wp\/v2\/product_tag?post=4071"}],"curies":[{"name":"wp","href":"https:\/\/api.w.org\/{rel}","templated":true}]}}