{"id":4060,"date":"2023-05-05T19:02:22","date_gmt":"2023-05-05T19:02:22","guid":{"rendered":"https:\/\/arthurgreenbean.be\/?post_type=product&#038;p=4060"},"modified":"2026-01-09T17:08:18","modified_gmt":"2026-01-09T17:08:18","slug":"massage-ayurvedique-avec-sonja-pristhabhyanga-massage-ayurvedique-du-dos","status":"publish","type":"product","link":"https:\/\/arthurgreenbean.be\/fr\/produkt\/massage-ayurvedique-avec-sonja-pristhabhyanga-massage-ayurvedique-du-dos\/","title":{"rendered":"Massage ayurv\u00e9dique avec Sonja &#8211; Pristhabhyanga \/ Massage ayurv\u00e9dique du dos"},"content":{"rendered":"<h3 class=\"fusion-responsive-typography-calculated\" data-fontsize=\"36\" data-lineheight=\"43.200001px\">Pristhabhyanga \/<br \/>\nMassage ayurv\u00e9dique du dos<\/h3>\n<p>Ce massage th\u00e9rapeutique et relaxant peut aider \u00e0 r\u00e9duire les douleurs dorsales et \u00e0 assouplir les muscles du dos. L&rsquo;huile chaude \u00e0 base de plantes est mass\u00e9e dans le dos pour soulager les maux de dos, les tensions de la nuque et des \u00e9paules. Le r\u00e9\u00e9quilibrage des marmapoints favorise le processus de gu\u00e9rison, renforce le dos et induit la tranquillit\u00e9 et le contentement int\u00e9rieur.<\/p>\n<p>Pour plus d&rsquo;informations, consultez la rubrique \u00ab\u00a0Massages ayurv\u00e9diques\u00a0\u00bb.<\/p>\n<p>Choisissez l&rsquo;une des p\u00e9riodes indiqu\u00e9es dans le calendrier et nous vous contacterons d\u00e8s que possible pour confirmer ou non.<\/p>\n<p>R\u00e9serv\u00e9 aux femmes.<\/p>\n","protected":false},"excerpt":{"rendered":"<h3 class=\"fusion-responsive-typography-calculated\" data-fontsize=\"36\" data-lineheight=\"43.200001px\">Pristhabhyanga \/<br \/>\nMassage ayurv\u00e9dique du dos<\/h3>\n<p><strong>Dur\u00e9e de l&rsquo;examen : 30 minutes<\/strong><\/p>\n<p><strong>Prix : 45 euros<\/strong><\/p>\n<p><strong>Sur rendez-vous uniquement<\/strong><\/p>\n","protected":false},"featured_media":4091,"comment_status":"open","ping_status":"closed","template":"","meta":[],"product_brand":[],"product_cat":[115,141,116,140],"product_tag":[120,80,142,82],"class_list":{"0":"post-4060","1":"product","2":"type-product","3":"status-publish","4":"has-post-thumbnail","6":"product_cat-ayurveda-fr","7":"product_cat-massage-fr","8":"product_cat-massages-ayurvediques","9":"product_cat-sur-rendez-vous-uniquement","10":"product_tag-ayurveda-fr","11":"product_tag-belgique","12":"product_tag-massages-fr","13":"product_tag-sante","15":"first","16":"instock","17":"sold-individually","18":"shipping-taxable","19":"purchasable","20":"product-type-appointment"},"exclude_global_add_ons":[],"addons":[],"yoast_head":"<!-- This site is optimized with the Yoast SEO Premium plugin v26.7 (Yoast SEO v27.2) - https:\/\/yoast.com\/product\/yoast-seo-premium-wordpress\/ -->\n<title>Massage ayurv\u00e9dique avec Sonja - Pristhabhyanga \/ Massage ayurv\u00e9dique du dos - AGBR<\/title>\n<meta name=\"robots\" content=\"index, follow, max-snippet:-1, max-image-preview:large, max-video-preview:-1\" \/>\n<link rel=\"canonical\" href=\"https:\/\/arthurgreenbean.be\/fr\/produkt\/massage-ayurvedique-avec-sonja-pristhabhyanga-massage-ayurvedique-du-dos\/\" \/>\n<meta property=\"og:locale\" content=\"fr_FR\" \/>\n<meta property=\"og:type\" content=\"article\" \/>\n<meta property=\"og:title\" content=\"Massage ayurv\u00e9dique avec Sonja - Pristhabhyanga \/ Massage ayurv\u00e9dique du dos\" \/>\n<meta property=\"og:description\" content=\"Pristhabhyanga \/ Massage ayurv\u00e9dique du dos Dur\u00e9e de l&#039;examen : 30 minutes  Prix : 45 euros  Sur rendez-vous uniquement\" \/>\n<meta property=\"og:url\" content=\"https:\/\/arthurgreenbean.be\/fr\/produkt\/massage-ayurvedique-avec-sonja-pristhabhyanga-massage-ayurvedique-du-dos\/\" \/>\n<meta property=\"og:site_name\" content=\"AGBR\" \/>\n<meta property=\"article:publisher\" content=\"https:\/\/www.facebook.com\/profile.php?id=100091825763096\" \/>\n<meta property=\"article:modified_time\" content=\"2026-01-09T17:08:18+00:00\" \/>\n<meta property=\"og:image\" content=\"https:\/\/arthurgreenbean.be\/wp-content\/uploads\/Shutterstock_11819434876-scaled.jpg\" \/>\n\t<meta property=\"og:image:width\" content=\"2560\" \/>\n\t<meta property=\"og:image:height\" content=\"1707\" \/>\n\t<meta property=\"og:image:type\" content=\"image\/jpeg\" \/>\n<meta name=\"twitter:card\" content=\"summary_large_image\" \/>\n<meta name=\"twitter:label1\" content=\"Dur\u00e9e de lecture estim\u00e9e\" \/>\n\t<meta name=\"twitter:data1\" content=\"1 minute\" \/>\n<script type=\"application\/ld+json\" class=\"yoast-schema-graph\">{\"@context\":\"https:\/\/schema.org\",\"@graph\":[{\"@type\":\"WebPage\",\"@id\":\"https:\/\/arthurgreenbean.be\/fr\/produkt\/massage-ayurvedique-avec-sonja-pristhabhyanga-massage-ayurvedique-du-dos\/\",\"url\":\"https:\/\/arthurgreenbean.be\/fr\/produkt\/massage-ayurvedique-avec-sonja-pristhabhyanga-massage-ayurvedique-du-dos\/\",\"name\":\"Massage ayurv\u00e9dique avec Sonja - Pristhabhyanga \/ Massage ayurv\u00e9dique du dos - AGBR\",\"isPartOf\":{\"@id\":\"https:\/\/arthurgreenbean.be\/fr\/#website\"},\"primaryImageOfPage\":{\"@id\":\"https:\/\/arthurgreenbean.be\/fr\/produkt\/massage-ayurvedique-avec-sonja-pristhabhyanga-massage-ayurvedique-du-dos\/#primaryimage\"},\"image\":{\"@id\":\"https:\/\/arthurgreenbean.be\/fr\/produkt\/massage-ayurvedique-avec-sonja-pristhabhyanga-massage-ayurvedique-du-dos\/#primaryimage\"},\"thumbnailUrl\":\"https:\/\/arthurgreenbean.be\/wp-content\/uploads\/Shutterstock_11819434876-scaled.jpg\",\"datePublished\":\"2023-05-05T19:02:22+00:00\",\"dateModified\":\"2026-01-09T17:08:18+00:00\",\"breadcrumb\":{\"@id\":\"https:\/\/arthurgreenbean.be\/fr\/produkt\/massage-ayurvedique-avec-sonja-pristhabhyanga-massage-ayurvedique-du-dos\/#breadcrumb\"},\"inLanguage\":\"fr-FR\",\"potentialAction\":[{\"@type\":\"ReadAction\",\"target\":[\"https:\/\/arthurgreenbean.be\/fr\/produkt\/massage-ayurvedique-avec-sonja-pristhabhyanga-massage-ayurvedique-du-dos\/\"]}]},{\"@type\":\"ImageObject\",\"inLanguage\":\"fr-FR\",\"@id\":\"https:\/\/arthurgreenbean.be\/fr\/produkt\/massage-ayurvedique-avec-sonja-pristhabhyanga-massage-ayurvedique-du-dos\/#primaryimage\",\"url\":\"https:\/\/arthurgreenbean.be\/wp-content\/uploads\/Shutterstock_11819434876-scaled.jpg\",\"contentUrl\":\"https:\/\/arthurgreenbean.be\/wp-content\/uploads\/Shutterstock_11819434876-scaled.jpg\",\"width\":2560,\"height\":1707,\"caption\":\"great Ayurvedic massage\"},{\"@type\":\"BreadcrumbList\",\"@id\":\"https:\/\/arthurgreenbean.be\/fr\/produkt\/massage-ayurvedique-avec-sonja-pristhabhyanga-massage-ayurvedique-du-dos\/#breadcrumb\",\"itemListElement\":[{\"@type\":\"ListItem\",\"position\":1,\"name\":\"Home\",\"item\":\"https:\/\/arthurgreenbean.be\/fr\/\"},{\"@type\":\"ListItem\",\"position\":2,\"name\":\"Shop\",\"item\":\"https:\/\/arthurgreenbean.be\/shop\/\"},{\"@type\":\"ListItem\",\"position\":3,\"name\":\"Massage ayurv\u00e9dique avec Sonja &#8211; Pristhabhyanga \/ Massage ayurv\u00e9dique du dos\"}]},{\"@type\":\"WebSite\",\"@id\":\"https:\/\/arthurgreenbean.be\/fr\/#website\",\"url\":\"https:\/\/arthurgreenbean.be\/fr\/\",\"name\":\"Arthurgreenbean\",\"description\":\"Arthur Greenbean Ranch\",\"publisher\":{\"@id\":\"https:\/\/arthurgreenbean.be\/fr\/#organization\"},\"potentialAction\":[{\"@type\":\"SearchAction\",\"target\":{\"@type\":\"EntryPoint\",\"urlTemplate\":\"https:\/\/arthurgreenbean.be\/fr\/?s={search_term_string}\"},\"query-input\":{\"@type\":\"PropertyValueSpecification\",\"valueRequired\":true,\"valueName\":\"search_term_string\"}}],\"inLanguage\":\"fr-FR\"},{\"@type\":\"Organization\",\"@id\":\"https:\/\/arthurgreenbean.be\/fr\/#organization\",\"name\":\"Arthurgreenbean Ranch\",\"url\":\"https:\/\/arthurgreenbean.be\/fr\/\",\"logo\":{\"@type\":\"ImageObject\",\"inLanguage\":\"fr-FR\",\"@id\":\"https:\/\/arthurgreenbean.be\/fr\/#\/schema\/logo\/image\/\",\"url\":\"https:\/\/arthurgreenbean.be\/wp-content\/uploads\/agbr-696-1.jpg\",\"contentUrl\":\"https:\/\/arthurgreenbean.be\/wp-content\/uploads\/agbr-696-1.jpg\",\"width\":696,\"height\":696,\"caption\":\"Arthurgreenbean Ranch\"},\"image\":{\"@id\":\"https:\/\/arthurgreenbean.be\/fr\/#\/schema\/logo\/image\/\"},\"sameAs\":[\"https:\/\/www.facebook.com\/profile.php?id=100091825763096\"]}]}<\/script>\n<!-- \/ Yoast SEO Premium plugin. -->","yoast_head_json":{"title":"Massage ayurv\u00e9dique avec Sonja - Pristhabhyanga \/ Massage ayurv\u00e9dique du dos - AGBR","robots":{"index":"index","follow":"follow","max-snippet":"max-snippet:-1","max-image-preview":"max-image-preview:large","max-video-preview":"max-video-preview:-1"},"canonical":"https:\/\/arthurgreenbean.be\/fr\/produkt\/massage-ayurvedique-avec-sonja-pristhabhyanga-massage-ayurvedique-du-dos\/","og_locale":"fr_FR","og_type":"article","og_title":"Massage ayurv\u00e9dique avec Sonja - Pristhabhyanga \/ Massage ayurv\u00e9dique du dos","og_description":"Pristhabhyanga \/ Massage ayurv\u00e9dique du dos Dur\u00e9e de l'examen : 30 minutes  Prix : 45 euros  Sur rendez-vous uniquement","og_url":"https:\/\/arthurgreenbean.be\/fr\/produkt\/massage-ayurvedique-avec-sonja-pristhabhyanga-massage-ayurvedique-du-dos\/","og_site_name":"AGBR","article_publisher":"https:\/\/www.facebook.com\/profile.php?id=100091825763096","article_modified_time":"2026-01-09T17:08:18+00:00","og_image":[{"width":2560,"height":1707,"url":"https:\/\/arthurgreenbean.be\/wp-content\/uploads\/Shutterstock_11819434876-scaled.jpg","type":"image\/jpeg"}],"twitter_card":"summary_large_image","twitter_misc":{"Dur\u00e9e de lecture estim\u00e9e":"1 minute"},"schema":{"@context":"https:\/\/schema.org","@graph":[{"@type":"WebPage","@id":"https:\/\/arthurgreenbean.be\/fr\/produkt\/massage-ayurvedique-avec-sonja-pristhabhyanga-massage-ayurvedique-du-dos\/","url":"https:\/\/arthurgreenbean.be\/fr\/produkt\/massage-ayurvedique-avec-sonja-pristhabhyanga-massage-ayurvedique-du-dos\/","name":"Massage ayurv\u00e9dique avec Sonja - Pristhabhyanga \/ Massage ayurv\u00e9dique du dos - AGBR","isPartOf":{"@id":"https:\/\/arthurgreenbean.be\/fr\/#website"},"primaryImageOfPage":{"@id":"https:\/\/arthurgreenbean.be\/fr\/produkt\/massage-ayurvedique-avec-sonja-pristhabhyanga-massage-ayurvedique-du-dos\/#primaryimage"},"image":{"@id":"https:\/\/arthurgreenbean.be\/fr\/produkt\/massage-ayurvedique-avec-sonja-pristhabhyanga-massage-ayurvedique-du-dos\/#primaryimage"},"thumbnailUrl":"https:\/\/arthurgreenbean.be\/wp-content\/uploads\/Shutterstock_11819434876-scaled.jpg","datePublished":"2023-05-05T19:02:22+00:00","dateModified":"2026-01-09T17:08:18+00:00","breadcrumb":{"@id":"https:\/\/arthurgreenbean.be\/fr\/produkt\/massage-ayurvedique-avec-sonja-pristhabhyanga-massage-ayurvedique-du-dos\/#breadcrumb"},"inLanguage":"fr-FR","potentialAction":[{"@type":"ReadAction","target":["https:\/\/arthurgreenbean.be\/fr\/produkt\/massage-ayurvedique-avec-sonja-pristhabhyanga-massage-ayurvedique-du-dos\/"]}]},{"@type":"ImageObject","inLanguage":"fr-FR","@id":"https:\/\/arthurgreenbean.be\/fr\/produkt\/massage-ayurvedique-avec-sonja-pristhabhyanga-massage-ayurvedique-du-dos\/#primaryimage","url":"https:\/\/arthurgreenbean.be\/wp-content\/uploads\/Shutterstock_11819434876-scaled.jpg","contentUrl":"https:\/\/arthurgreenbean.be\/wp-content\/uploads\/Shutterstock_11819434876-scaled.jpg","width":2560,"height":1707,"caption":"great Ayurvedic massage"},{"@type":"BreadcrumbList","@id":"https:\/\/arthurgreenbean.be\/fr\/produkt\/massage-ayurvedique-avec-sonja-pristhabhyanga-massage-ayurvedique-du-dos\/#breadcrumb","itemListElement":[{"@type":"ListItem","position":1,"name":"Home","item":"https:\/\/arthurgreenbean.be\/fr\/"},{"@type":"ListItem","position":2,"name":"Shop","item":"https:\/\/arthurgreenbean.be\/shop\/"},{"@type":"ListItem","position":3,"name":"Massage ayurv\u00e9dique avec Sonja &#8211; Pristhabhyanga \/ Massage ayurv\u00e9dique du dos"}]},{"@type":"WebSite","@id":"https:\/\/arthurgreenbean.be\/fr\/#website","url":"https:\/\/arthurgreenbean.be\/fr\/","name":"Arthurgreenbean","description":"Arthur Greenbean Ranch","publisher":{"@id":"https:\/\/arthurgreenbean.be\/fr\/#organization"},"potentialAction":[{"@type":"SearchAction","target":{"@type":"EntryPoint","urlTemplate":"https:\/\/arthurgreenbean.be\/fr\/?s={search_term_string}"},"query-input":{"@type":"PropertyValueSpecification","valueRequired":true,"valueName":"search_term_string"}}],"inLanguage":"fr-FR"},{"@type":"Organization","@id":"https:\/\/arthurgreenbean.be\/fr\/#organization","name":"Arthurgreenbean Ranch","url":"https:\/\/arthurgreenbean.be\/fr\/","logo":{"@type":"ImageObject","inLanguage":"fr-FR","@id":"https:\/\/arthurgreenbean.be\/fr\/#\/schema\/logo\/image\/","url":"https:\/\/arthurgreenbean.be\/wp-content\/uploads\/agbr-696-1.jpg","contentUrl":"https:\/\/arthurgreenbean.be\/wp-content\/uploads\/agbr-696-1.jpg","width":696,"height":696,"caption":"Arthurgreenbean Ranch"},"image":{"@id":"https:\/\/arthurgreenbean.be\/fr\/#\/schema\/logo\/image\/"},"sameAs":["https:\/\/www.facebook.com\/profile.php?id=100091825763096"]}]}},"_links":{"self":[{"href":"https:\/\/arthurgreenbean.be\/fr\/wp-json\/wp\/v2\/product\/4060","targetHints":{"allow":["GET"]}}],"collection":[{"href":"https:\/\/arthurgreenbean.be\/fr\/wp-json\/wp\/v2\/product"}],"about":[{"href":"https:\/\/arthurgreenbean.be\/fr\/wp-json\/wp\/v2\/types\/product"}],"replies":[{"embeddable":true,"href":"https:\/\/arthurgreenbean.be\/fr\/wp-json\/wp\/v2\/comments?post=4060"}],"wp:featuredmedia":[{"embeddable":true,"href":"https:\/\/arthurgreenbean.be\/fr\/wp-json\/wp\/v2\/media\/4091"}],"wp:attachment":[{"href":"https:\/\/arthurgreenbean.be\/fr\/wp-json\/wp\/v2\/media?parent=4060"}],"wp:term":[{"taxonomy":"product_brand","embeddable":true,"href":"https:\/\/arthurgreenbean.be\/fr\/wp-json\/wp\/v2\/product_brand?post=4060"},{"taxonomy":"product_cat","embeddable":true,"href":"https:\/\/arthurgreenbean.be\/fr\/wp-json\/wp\/v2\/product_cat?post=4060"},{"taxonomy":"product_tag","embeddable":true,"href":"https:\/\/arthurgreenbean.be\/fr\/wp-json\/wp\/v2\/product_tag?post=4060"}],"curies":[{"name":"wp","href":"https:\/\/api.w.org\/{rel}","templated":true}]}}