{"id":4054,"date":"2023-05-05T18:46:46","date_gmt":"2023-05-05T18:46:46","guid":{"rendered":"https:\/\/arthurgreenbean.be\/?post_type=product&#038;p=4054"},"modified":"2026-01-09T17:16:44","modified_gmt":"2026-01-09T17:16:44","slug":"massage-ayurvedique-avec-sonja-padabhyanga-massage-ayurvedique-des-pieds","status":"publish","type":"product","link":"https:\/\/arthurgreenbean.be\/fr\/produkt\/massage-ayurvedique-avec-sonja-padabhyanga-massage-ayurvedique-des-pieds\/","title":{"rendered":"Massage ayurv\u00e9dique avec Sonja &#8211; Padabhyanga &#8211; Massage ayurv\u00e9dique des pieds"},"content":{"rendered":"<h3 class=\"fusion-responsive-typography-calculated\" data-fontsize=\"36\" data-lineheight=\"43.200001px\">Padabhyanga \/<br \/>\nMassage ayurv\u00e9dique des pieds<\/h3>\n<p>Le massage ayurv\u00e9dique des pieds est une th\u00e9rapie de massage calmante et apaisante qui peut d\u00e9tendre, revitaliser et rajeunir tout le corps. Apr\u00e8s une journ\u00e9e bien remplie, c&rsquo;est le massage id\u00e9al pour se lib\u00e9rer de tout ce que l&rsquo;on porte sur ses pieds. Les bienfaits d&rsquo;un padabhyanga sont multiples et d\u00e9crits dans diff\u00e9rents textes ayurv\u00e9diques, d\u00e9couvrez les bons effets qu&rsquo;il aura sur vous.<\/p>\n<p>Pour plus d&rsquo;informations, consultez la rubrique \u00ab\u00a0Massages ayurv\u00e9diques\u00a0\u00bb.<\/p>\n<p>Choisissez l&rsquo;une des p\u00e9riodes indiqu\u00e9es dans le calendrier et nous vous contacterons d\u00e8s que possible pour confirmer ou non.<\/p>\n<p>R\u00e9serv\u00e9 aux femmes.<\/p>\n","protected":false},"excerpt":{"rendered":"<h3 class=\"fusion-responsive-typography-calculated\" data-fontsize=\"36\" data-lineheight=\"43.200001px\">Padabhyanga &#8211;<br \/>\nMassage ayurv\u00e9dique des pieds<\/h3>\n<p><strong>Dur\u00e9e de l&rsquo;examen : 30 minutes<\/strong><\/p>\n<p><strong>Prix : 45 euros<\/strong><\/p>\n<p><strong>Sur rendez-vous uniquement <\/strong><\/p>\n","protected":false},"featured_media":3364,"comment_status":"open","ping_status":"closed","template":"","meta":[],"product_brand":[],"product_cat":[115,141,116,140],"product_tag":[120,80,142,82],"class_list":{"0":"post-4054","1":"product","2":"type-product","3":"status-publish","4":"has-post-thumbnail","6":"product_cat-ayurveda-fr","7":"product_cat-massage-fr","8":"product_cat-massages-ayurvediques","9":"product_cat-sur-rendez-vous-uniquement","10":"product_tag-ayurveda-fr","11":"product_tag-belgique","12":"product_tag-massages-fr","13":"product_tag-sante","15":"first","16":"instock","17":"sold-individually","18":"shipping-taxable","19":"purchasable","20":"product-type-appointment"},"exclude_global_add_ons":[],"addons":[],"yoast_head":"<!-- This site is optimized with the Yoast SEO Premium plugin v26.7 (Yoast SEO v27.2) - https:\/\/yoast.com\/product\/yoast-seo-premium-wordpress\/ -->\n<title>Massage ayurv\u00e9dique avec Sonja - Padabhyanga - Massage ayurv\u00e9dique des pieds - AGBR<\/title>\n<meta name=\"robots\" content=\"index, follow, max-snippet:-1, max-image-preview:large, max-video-preview:-1\" \/>\n<link rel=\"canonical\" href=\"https:\/\/arthurgreenbean.be\/fr\/produkt\/massage-ayurvedique-avec-sonja-padabhyanga-massage-ayurvedique-des-pieds\/\" \/>\n<meta property=\"og:locale\" content=\"fr_FR\" \/>\n<meta property=\"og:type\" content=\"article\" \/>\n<meta property=\"og:title\" content=\"Massage ayurv\u00e9dique avec Sonja - Padabhyanga - Massage ayurv\u00e9dique des pieds\" \/>\n<meta property=\"og:description\" content=\"Padabhyanga - Massage ayurv\u00e9dique des pieds Dur\u00e9e de l&#039;examen : 30 minutes  Prix : 45 euros  Sur rendez-vous uniquement\" \/>\n<meta property=\"og:url\" content=\"https:\/\/arthurgreenbean.be\/fr\/produkt\/massage-ayurvedique-avec-sonja-padabhyanga-massage-ayurvedique-des-pieds\/\" \/>\n<meta property=\"og:site_name\" content=\"AGBR\" \/>\n<meta property=\"article:publisher\" content=\"https:\/\/www.facebook.com\/profile.php?id=100091825763096\" \/>\n<meta property=\"article:modified_time\" content=\"2026-01-09T17:16:44+00:00\" \/>\n<meta property=\"og:image\" content=\"https:\/\/arthurgreenbean.be\/wp-content\/uploads\/Fussmassage.jpg\" \/>\n\t<meta property=\"og:image:width\" content=\"960\" \/>\n\t<meta property=\"og:image:height\" content=\"1200\" \/>\n\t<meta property=\"og:image:type\" content=\"image\/jpeg\" \/>\n<meta name=\"twitter:card\" content=\"summary_large_image\" \/>\n<meta name=\"twitter:label1\" content=\"Dur\u00e9e de lecture estim\u00e9e\" \/>\n\t<meta name=\"twitter:data1\" content=\"1 minute\" \/>\n<script type=\"application\/ld+json\" class=\"yoast-schema-graph\">{\"@context\":\"https:\/\/schema.org\",\"@graph\":[{\"@type\":\"WebPage\",\"@id\":\"https:\/\/arthurgreenbean.be\/fr\/produkt\/massage-ayurvedique-avec-sonja-padabhyanga-massage-ayurvedique-des-pieds\/\",\"url\":\"https:\/\/arthurgreenbean.be\/fr\/produkt\/massage-ayurvedique-avec-sonja-padabhyanga-massage-ayurvedique-des-pieds\/\",\"name\":\"Massage ayurv\u00e9dique avec Sonja - Padabhyanga - Massage ayurv\u00e9dique des pieds - AGBR\",\"isPartOf\":{\"@id\":\"https:\/\/arthurgreenbean.be\/fr\/#website\"},\"primaryImageOfPage\":{\"@id\":\"https:\/\/arthurgreenbean.be\/fr\/produkt\/massage-ayurvedique-avec-sonja-padabhyanga-massage-ayurvedique-des-pieds\/#primaryimage\"},\"image\":{\"@id\":\"https:\/\/arthurgreenbean.be\/fr\/produkt\/massage-ayurvedique-avec-sonja-padabhyanga-massage-ayurvedique-des-pieds\/#primaryimage\"},\"thumbnailUrl\":\"https:\/\/arthurgreenbean.be\/wp-content\/uploads\/Fussmassage.jpg\",\"datePublished\":\"2023-05-05T18:46:46+00:00\",\"dateModified\":\"2026-01-09T17:16:44+00:00\",\"breadcrumb\":{\"@id\":\"https:\/\/arthurgreenbean.be\/fr\/produkt\/massage-ayurvedique-avec-sonja-padabhyanga-massage-ayurvedique-des-pieds\/#breadcrumb\"},\"inLanguage\":\"fr-FR\",\"potentialAction\":[{\"@type\":\"ReadAction\",\"target\":[\"https:\/\/arthurgreenbean.be\/fr\/produkt\/massage-ayurvedique-avec-sonja-padabhyanga-massage-ayurvedique-des-pieds\/\"]}]},{\"@type\":\"ImageObject\",\"inLanguage\":\"fr-FR\",\"@id\":\"https:\/\/arthurgreenbean.be\/fr\/produkt\/massage-ayurvedique-avec-sonja-padabhyanga-massage-ayurvedique-des-pieds\/#primaryimage\",\"url\":\"https:\/\/arthurgreenbean.be\/wp-content\/uploads\/Fussmassage.jpg\",\"contentUrl\":\"https:\/\/arthurgreenbean.be\/wp-content\/uploads\/Fussmassage.jpg\",\"width\":960,\"height\":1200,\"caption\":\"pressure on the right spots brings bliss and relief to the whole body\"},{\"@type\":\"BreadcrumbList\",\"@id\":\"https:\/\/arthurgreenbean.be\/fr\/produkt\/massage-ayurvedique-avec-sonja-padabhyanga-massage-ayurvedique-des-pieds\/#breadcrumb\",\"itemListElement\":[{\"@type\":\"ListItem\",\"position\":1,\"name\":\"Home\",\"item\":\"https:\/\/arthurgreenbean.be\/fr\/\"},{\"@type\":\"ListItem\",\"position\":2,\"name\":\"Shop\",\"item\":\"https:\/\/arthurgreenbean.be\/shop\/\"},{\"@type\":\"ListItem\",\"position\":3,\"name\":\"Massage ayurv\u00e9dique avec Sonja &#8211; Padabhyanga &#8211; Massage ayurv\u00e9dique des pieds\"}]},{\"@type\":\"WebSite\",\"@id\":\"https:\/\/arthurgreenbean.be\/fr\/#website\",\"url\":\"https:\/\/arthurgreenbean.be\/fr\/\",\"name\":\"Arthurgreenbean\",\"description\":\"Arthur Greenbean Ranch\",\"publisher\":{\"@id\":\"https:\/\/arthurgreenbean.be\/fr\/#organization\"},\"potentialAction\":[{\"@type\":\"SearchAction\",\"target\":{\"@type\":\"EntryPoint\",\"urlTemplate\":\"https:\/\/arthurgreenbean.be\/fr\/?s={search_term_string}\"},\"query-input\":{\"@type\":\"PropertyValueSpecification\",\"valueRequired\":true,\"valueName\":\"search_term_string\"}}],\"inLanguage\":\"fr-FR\"},{\"@type\":\"Organization\",\"@id\":\"https:\/\/arthurgreenbean.be\/fr\/#organization\",\"name\":\"Arthurgreenbean Ranch\",\"url\":\"https:\/\/arthurgreenbean.be\/fr\/\",\"logo\":{\"@type\":\"ImageObject\",\"inLanguage\":\"fr-FR\",\"@id\":\"https:\/\/arthurgreenbean.be\/fr\/#\/schema\/logo\/image\/\",\"url\":\"https:\/\/arthurgreenbean.be\/wp-content\/uploads\/agbr-696-1.jpg\",\"contentUrl\":\"https:\/\/arthurgreenbean.be\/wp-content\/uploads\/agbr-696-1.jpg\",\"width\":696,\"height\":696,\"caption\":\"Arthurgreenbean Ranch\"},\"image\":{\"@id\":\"https:\/\/arthurgreenbean.be\/fr\/#\/schema\/logo\/image\/\"},\"sameAs\":[\"https:\/\/www.facebook.com\/profile.php?id=100091825763096\"]}]}<\/script>\n<!-- \/ Yoast SEO Premium plugin. -->","yoast_head_json":{"title":"Massage ayurv\u00e9dique avec Sonja - Padabhyanga - Massage ayurv\u00e9dique des pieds - AGBR","robots":{"index":"index","follow":"follow","max-snippet":"max-snippet:-1","max-image-preview":"max-image-preview:large","max-video-preview":"max-video-preview:-1"},"canonical":"https:\/\/arthurgreenbean.be\/fr\/produkt\/massage-ayurvedique-avec-sonja-padabhyanga-massage-ayurvedique-des-pieds\/","og_locale":"fr_FR","og_type":"article","og_title":"Massage ayurv\u00e9dique avec Sonja - Padabhyanga - Massage ayurv\u00e9dique des pieds","og_description":"Padabhyanga - Massage ayurv\u00e9dique des pieds Dur\u00e9e de l'examen : 30 minutes  Prix : 45 euros  Sur rendez-vous uniquement","og_url":"https:\/\/arthurgreenbean.be\/fr\/produkt\/massage-ayurvedique-avec-sonja-padabhyanga-massage-ayurvedique-des-pieds\/","og_site_name":"AGBR","article_publisher":"https:\/\/www.facebook.com\/profile.php?id=100091825763096","article_modified_time":"2026-01-09T17:16:44+00:00","og_image":[{"width":960,"height":1200,"url":"https:\/\/arthurgreenbean.be\/wp-content\/uploads\/Fussmassage.jpg","type":"image\/jpeg"}],"twitter_card":"summary_large_image","twitter_misc":{"Dur\u00e9e de lecture estim\u00e9e":"1 minute"},"schema":{"@context":"https:\/\/schema.org","@graph":[{"@type":"WebPage","@id":"https:\/\/arthurgreenbean.be\/fr\/produkt\/massage-ayurvedique-avec-sonja-padabhyanga-massage-ayurvedique-des-pieds\/","url":"https:\/\/arthurgreenbean.be\/fr\/produkt\/massage-ayurvedique-avec-sonja-padabhyanga-massage-ayurvedique-des-pieds\/","name":"Massage ayurv\u00e9dique avec Sonja - Padabhyanga - Massage ayurv\u00e9dique des pieds - AGBR","isPartOf":{"@id":"https:\/\/arthurgreenbean.be\/fr\/#website"},"primaryImageOfPage":{"@id":"https:\/\/arthurgreenbean.be\/fr\/produkt\/massage-ayurvedique-avec-sonja-padabhyanga-massage-ayurvedique-des-pieds\/#primaryimage"},"image":{"@id":"https:\/\/arthurgreenbean.be\/fr\/produkt\/massage-ayurvedique-avec-sonja-padabhyanga-massage-ayurvedique-des-pieds\/#primaryimage"},"thumbnailUrl":"https:\/\/arthurgreenbean.be\/wp-content\/uploads\/Fussmassage.jpg","datePublished":"2023-05-05T18:46:46+00:00","dateModified":"2026-01-09T17:16:44+00:00","breadcrumb":{"@id":"https:\/\/arthurgreenbean.be\/fr\/produkt\/massage-ayurvedique-avec-sonja-padabhyanga-massage-ayurvedique-des-pieds\/#breadcrumb"},"inLanguage":"fr-FR","potentialAction":[{"@type":"ReadAction","target":["https:\/\/arthurgreenbean.be\/fr\/produkt\/massage-ayurvedique-avec-sonja-padabhyanga-massage-ayurvedique-des-pieds\/"]}]},{"@type":"ImageObject","inLanguage":"fr-FR","@id":"https:\/\/arthurgreenbean.be\/fr\/produkt\/massage-ayurvedique-avec-sonja-padabhyanga-massage-ayurvedique-des-pieds\/#primaryimage","url":"https:\/\/arthurgreenbean.be\/wp-content\/uploads\/Fussmassage.jpg","contentUrl":"https:\/\/arthurgreenbean.be\/wp-content\/uploads\/Fussmassage.jpg","width":960,"height":1200,"caption":"pressure on the right spots brings bliss and relief to the whole body"},{"@type":"BreadcrumbList","@id":"https:\/\/arthurgreenbean.be\/fr\/produkt\/massage-ayurvedique-avec-sonja-padabhyanga-massage-ayurvedique-des-pieds\/#breadcrumb","itemListElement":[{"@type":"ListItem","position":1,"name":"Home","item":"https:\/\/arthurgreenbean.be\/fr\/"},{"@type":"ListItem","position":2,"name":"Shop","item":"https:\/\/arthurgreenbean.be\/shop\/"},{"@type":"ListItem","position":3,"name":"Massage ayurv\u00e9dique avec Sonja &#8211; Padabhyanga &#8211; Massage ayurv\u00e9dique des pieds"}]},{"@type":"WebSite","@id":"https:\/\/arthurgreenbean.be\/fr\/#website","url":"https:\/\/arthurgreenbean.be\/fr\/","name":"Arthurgreenbean","description":"Arthur Greenbean Ranch","publisher":{"@id":"https:\/\/arthurgreenbean.be\/fr\/#organization"},"potentialAction":[{"@type":"SearchAction","target":{"@type":"EntryPoint","urlTemplate":"https:\/\/arthurgreenbean.be\/fr\/?s={search_term_string}"},"query-input":{"@type":"PropertyValueSpecification","valueRequired":true,"valueName":"search_term_string"}}],"inLanguage":"fr-FR"},{"@type":"Organization","@id":"https:\/\/arthurgreenbean.be\/fr\/#organization","name":"Arthurgreenbean Ranch","url":"https:\/\/arthurgreenbean.be\/fr\/","logo":{"@type":"ImageObject","inLanguage":"fr-FR","@id":"https:\/\/arthurgreenbean.be\/fr\/#\/schema\/logo\/image\/","url":"https:\/\/arthurgreenbean.be\/wp-content\/uploads\/agbr-696-1.jpg","contentUrl":"https:\/\/arthurgreenbean.be\/wp-content\/uploads\/agbr-696-1.jpg","width":696,"height":696,"caption":"Arthurgreenbean Ranch"},"image":{"@id":"https:\/\/arthurgreenbean.be\/fr\/#\/schema\/logo\/image\/"},"sameAs":["https:\/\/www.facebook.com\/profile.php?id=100091825763096"]}]}},"_links":{"self":[{"href":"https:\/\/arthurgreenbean.be\/fr\/wp-json\/wp\/v2\/product\/4054","targetHints":{"allow":["GET"]}}],"collection":[{"href":"https:\/\/arthurgreenbean.be\/fr\/wp-json\/wp\/v2\/product"}],"about":[{"href":"https:\/\/arthurgreenbean.be\/fr\/wp-json\/wp\/v2\/types\/product"}],"replies":[{"embeddable":true,"href":"https:\/\/arthurgreenbean.be\/fr\/wp-json\/wp\/v2\/comments?post=4054"}],"wp:featuredmedia":[{"embeddable":true,"href":"https:\/\/arthurgreenbean.be\/fr\/wp-json\/wp\/v2\/media\/3364"}],"wp:attachment":[{"href":"https:\/\/arthurgreenbean.be\/fr\/wp-json\/wp\/v2\/media?parent=4054"}],"wp:term":[{"taxonomy":"product_brand","embeddable":true,"href":"https:\/\/arthurgreenbean.be\/fr\/wp-json\/wp\/v2\/product_brand?post=4054"},{"taxonomy":"product_cat","embeddable":true,"href":"https:\/\/arthurgreenbean.be\/fr\/wp-json\/wp\/v2\/product_cat?post=4054"},{"taxonomy":"product_tag","embeddable":true,"href":"https:\/\/arthurgreenbean.be\/fr\/wp-json\/wp\/v2\/product_tag?post=4054"}],"curies":[{"name":"wp","href":"https:\/\/api.w.org\/{rel}","templated":true}]}}