{"id":3909,"date":"2023-01-12T21:26:15","date_gmt":"2023-01-12T21:26:15","guid":{"rendered":"https:\/\/arthurgreenbean.be\/produkt\/cours-dagriculture-regenerative-avec-mallory-partie-1\/"},"modified":"2026-01-07T15:34:33","modified_gmt":"2026-01-07T15:34:33","slug":"cours-dagriculture-regeneratrice-avec-mallory","status":"publish","type":"product","link":"https:\/\/arthurgreenbean.be\/fr\/produkt\/cours-dagriculture-regeneratrice-avec-mallory\/","title":{"rendered":"Cours d&rsquo;une journ\u00e9e sur l&rsquo;agriculture r\u00e9g\u00e9n\u00e9rative \/ sans creuser, sans labourer \/ \u00ab\u00a0Spring Awakening\u00a0\u00bb &#8211; 25 avril"},"content":{"rendered":"<p class=\"p1\">Dans cet atelier, vous apprendrez tout sur le d\u00e9but et la pr\u00e9paration de la saison de plantation et de croissance dans notre petite ferme biologique.<br \/>\nNous utilisons la m\u00e9thode du non-labour dans notre syst\u00e8me d&rsquo;agriculture r\u00e9g\u00e9n\u00e9rative.<\/p>\n<p>Samedi 25 avril 2026, 10h00-16h00, avec une pause<\/p>\n<h3>Prix : 75 euros<\/h3>\n<p>Limit\u00e9 \u00e0 10 personnes<\/p>\n<p>Boissons et d\u00e9jeuner ayurv\u00e9dique v\u00e9g\u00e9tarien ou v\u00e9g\u00e9talien inclus.<\/p>\n<p>Dans notre ferme, vous verrez \u00e0 quoi peut ressembler un syst\u00e8me d&rsquo;agriculture r\u00e9g\u00e9n\u00e9ratrice et comment il fonctionne. Il y aura une introduction \u00e0 l&rsquo;histoire et \u00e0 l&rsquo;\u00e9thique de l&rsquo;agriculture r\u00e9g\u00e9n\u00e9rative, \u00e0 la planification des lits et \u00e0 la conception.<\/p>\n<p>Nous vous montrerons \u00e9galement tout ce qu&rsquo;il faut savoir sur l&rsquo;entretien du sol, la construction du sol, la gestion de l&rsquo;eau, les sources de semences, la plantation de graines ou de semis.<\/p>\n<p>Nous faisons participer les animaux en faisant tourner les herbes, en utilisant des technologies\/outils et en travaillant en communaut\u00e9 avec nos amis, nos voisins et notre famille. Vous \u00eates les bienvenus pour participer \u00e0 cette journ\u00e9e.<\/p>\n<p>&nbsp;<\/p>\n","protected":false},"excerpt":{"rendered":"<p class=\"p1\"><span class=\"s1\"><b>Atelier sur l&rsquo;agriculture r\u00e9g\u00e9n\u00e9ratrice \/ ne pas creuser, ne pas labourer \/ \u00ab\u00a0Le r\u00e9veil du printemps\u00a0\u00bb<\/b><\/span><\/p>\n<p>D\u00e9but et pr\u00e9paration de la saison de plantation<br \/>\nboissons et d\u00e9jeuner ayurv\u00e9dique v\u00e9g\u00e9tarien ou v\u00e9g\u00e9talien inclus<\/p>\n<p>Samedi 25 avril, de 10h00 \u00e0 16h00, avec une pause<\/p>\n<h3>Prix : 75,- Euro<\/h3>\n<p>L&rsquo;atelier est limit\u00e9 \u00e0 12 personnes.<\/p>\n","protected":false},"featured_media":5200,"comment_status":"open","ping_status":"closed","template":"","meta":[],"product_brand":[],"product_cat":[79],"product_tag":[81,85,80,84,83,86,82],"class_list":{"0":"post-3909","1":"product","2":"type-product","3":"status-publish","4":"has-post-thumbnail","6":"product_cat-atelier-sur-lagriculture-regeneratrice","7":"product_tag-alimentation","8":"product_tag-atelier","9":"product_tag-belgique","10":"product_tag-faramineux","11":"product_tag-organique","12":"product_tag-regenerateur","13":"product_tag-sante","15":"first","16":"outofstock","17":"shipping-taxable","18":"purchasable","19":"product-type-appointment"},"exclude_global_add_ons":[],"addons":[],"yoast_head":"<!-- This site is optimized with the Yoast SEO Premium plugin v26.7 (Yoast SEO v27.2) - https:\/\/yoast.com\/product\/yoast-seo-premium-wordpress\/ -->\n<title>Cours d&#039;une journ\u00e9e sur l&#039;agriculture r\u00e9g\u00e9n\u00e9rative \/ sans creuser, sans labourer \/ &quot;Spring Awakening&quot; - 25 avril - AGBR<\/title>\n<meta name=\"robots\" content=\"index, follow, max-snippet:-1, max-image-preview:large, max-video-preview:-1\" \/>\n<link rel=\"canonical\" href=\"https:\/\/arthurgreenbean.be\/fr\/produkt\/cours-dagriculture-regeneratrice-avec-mallory\/\" \/>\n<meta property=\"og:locale\" content=\"fr_FR\" \/>\n<meta property=\"og:type\" content=\"article\" \/>\n<meta property=\"og:title\" content=\"Cours d&#039;une journ\u00e9e sur l&#039;agriculture r\u00e9g\u00e9n\u00e9rative \/ sans creuser, sans labourer \/ &quot;Spring Awakening&quot; - 25 avril\" \/>\n<meta property=\"og:description\" content=\"Atelier sur l&#039;agriculture r\u00e9g\u00e9n\u00e9ratrice \/ ne pas creuser, ne pas labourer \/ &quot;Le r\u00e9veil du printemps&quot; D\u00e9but et pr\u00e9paration de la saison de plantation boissons et d\u00e9jeuner ayurv\u00e9dique v\u00e9g\u00e9tarien ou v\u00e9g\u00e9talien inclus Samedi 25 avril, de 10h00 \u00e0 16h00, avec une pause Prix : 75,- Euro L&#039;atelier est limit\u00e9 \u00e0 12 personnes.\" \/>\n<meta property=\"og:url\" content=\"https:\/\/arthurgreenbean.be\/fr\/produkt\/cours-dagriculture-regeneratrice-avec-mallory\/\" \/>\n<meta property=\"og:site_name\" content=\"AGBR\" \/>\n<meta property=\"article:publisher\" content=\"https:\/\/www.facebook.com\/profile.php?id=100091825763096\" \/>\n<meta property=\"article:modified_time\" content=\"2026-01-07T15:34:33+00:00\" \/>\n<meta property=\"og:image\" content=\"https:\/\/arthurgreenbean.be\/wp-content\/uploads\/IMG_9858.jpg\" \/>\n\t<meta property=\"og:image:width\" content=\"1920\" \/>\n\t<meta property=\"og:image:height\" content=\"810\" \/>\n\t<meta property=\"og:image:type\" content=\"image\/jpeg\" \/>\n<meta name=\"twitter:card\" content=\"summary_large_image\" \/>\n<meta name=\"twitter:label1\" content=\"Dur\u00e9e de lecture estim\u00e9e\" \/>\n\t<meta name=\"twitter:data1\" content=\"1 minute\" \/>\n<script type=\"application\/ld+json\" class=\"yoast-schema-graph\">{\"@context\":\"https:\/\/schema.org\",\"@graph\":[{\"@type\":\"WebPage\",\"@id\":\"https:\/\/arthurgreenbean.be\/fr\/produkt\/cours-dagriculture-regeneratrice-avec-mallory\/\",\"url\":\"https:\/\/arthurgreenbean.be\/fr\/produkt\/cours-dagriculture-regeneratrice-avec-mallory\/\",\"name\":\"Cours d'une journ\u00e9e sur l'agriculture r\u00e9g\u00e9n\u00e9rative \/ sans creuser, sans labourer \/ \\\"Spring Awakening\\\" - 25 avril - AGBR\",\"isPartOf\":{\"@id\":\"https:\/\/arthurgreenbean.be\/fr\/#website\"},\"primaryImageOfPage\":{\"@id\":\"https:\/\/arthurgreenbean.be\/fr\/produkt\/cours-dagriculture-regeneratrice-avec-mallory\/#primaryimage\"},\"image\":{\"@id\":\"https:\/\/arthurgreenbean.be\/fr\/produkt\/cours-dagriculture-regeneratrice-avec-mallory\/#primaryimage\"},\"thumbnailUrl\":\"https:\/\/arthurgreenbean.be\/wp-content\/uploads\/Bildschirmfoto-2023-07-20-um-16.58.36-scaled.jpg\",\"datePublished\":\"2023-01-12T21:26:15+00:00\",\"dateModified\":\"2026-01-07T15:34:33+00:00\",\"breadcrumb\":{\"@id\":\"https:\/\/arthurgreenbean.be\/fr\/produkt\/cours-dagriculture-regeneratrice-avec-mallory\/#breadcrumb\"},\"inLanguage\":\"fr-FR\",\"potentialAction\":[{\"@type\":\"ReadAction\",\"target\":[\"https:\/\/arthurgreenbean.be\/fr\/produkt\/cours-dagriculture-regeneratrice-avec-mallory\/\"]}]},{\"@type\":\"ImageObject\",\"inLanguage\":\"fr-FR\",\"@id\":\"https:\/\/arthurgreenbean.be\/fr\/produkt\/cours-dagriculture-regeneratrice-avec-mallory\/#primaryimage\",\"url\":\"https:\/\/arthurgreenbean.be\/wp-content\/uploads\/Bildschirmfoto-2023-07-20-um-16.58.36-scaled.jpg\",\"contentUrl\":\"https:\/\/arthurgreenbean.be\/wp-content\/uploads\/Bildschirmfoto-2023-07-20-um-16.58.36-scaled.jpg\",\"width\":2560,\"height\":1505},{\"@type\":\"BreadcrumbList\",\"@id\":\"https:\/\/arthurgreenbean.be\/fr\/produkt\/cours-dagriculture-regeneratrice-avec-mallory\/#breadcrumb\",\"itemListElement\":[{\"@type\":\"ListItem\",\"position\":1,\"name\":\"Home\",\"item\":\"https:\/\/arthurgreenbean.be\/fr\/\"},{\"@type\":\"ListItem\",\"position\":2,\"name\":\"Shop\",\"item\":\"https:\/\/arthurgreenbean.be\/shop\/\"},{\"@type\":\"ListItem\",\"position\":3,\"name\":\"Cours d&#8217;une journ\u00e9e sur l&#8217;agriculture r\u00e9g\u00e9n\u00e9rative \/ sans creuser, sans labourer \/ &#8220;Spring Awakening&#8221; &#8211; 25 avril\"}]},{\"@type\":\"WebSite\",\"@id\":\"https:\/\/arthurgreenbean.be\/fr\/#website\",\"url\":\"https:\/\/arthurgreenbean.be\/fr\/\",\"name\":\"Arthurgreenbean\",\"description\":\"Arthur Greenbean Ranch\",\"publisher\":{\"@id\":\"https:\/\/arthurgreenbean.be\/fr\/#organization\"},\"potentialAction\":[{\"@type\":\"SearchAction\",\"target\":{\"@type\":\"EntryPoint\",\"urlTemplate\":\"https:\/\/arthurgreenbean.be\/fr\/?s={search_term_string}\"},\"query-input\":{\"@type\":\"PropertyValueSpecification\",\"valueRequired\":true,\"valueName\":\"search_term_string\"}}],\"inLanguage\":\"fr-FR\"},{\"@type\":\"Organization\",\"@id\":\"https:\/\/arthurgreenbean.be\/fr\/#organization\",\"name\":\"Arthurgreenbean Ranch\",\"url\":\"https:\/\/arthurgreenbean.be\/fr\/\",\"logo\":{\"@type\":\"ImageObject\",\"inLanguage\":\"fr-FR\",\"@id\":\"https:\/\/arthurgreenbean.be\/fr\/#\/schema\/logo\/image\/\",\"url\":\"https:\/\/arthurgreenbean.be\/wp-content\/uploads\/agbr-696-1.jpg\",\"contentUrl\":\"https:\/\/arthurgreenbean.be\/wp-content\/uploads\/agbr-696-1.jpg\",\"width\":696,\"height\":696,\"caption\":\"Arthurgreenbean Ranch\"},\"image\":{\"@id\":\"https:\/\/arthurgreenbean.be\/fr\/#\/schema\/logo\/image\/\"},\"sameAs\":[\"https:\/\/www.facebook.com\/profile.php?id=100091825763096\"]}]}<\/script>\n<!-- \/ Yoast SEO Premium plugin. -->","yoast_head_json":{"title":"Cours d'une journ\u00e9e sur l'agriculture r\u00e9g\u00e9n\u00e9rative \/ sans creuser, sans labourer \/ \"Spring Awakening\" - 25 avril - AGBR","robots":{"index":"index","follow":"follow","max-snippet":"max-snippet:-1","max-image-preview":"max-image-preview:large","max-video-preview":"max-video-preview:-1"},"canonical":"https:\/\/arthurgreenbean.be\/fr\/produkt\/cours-dagriculture-regeneratrice-avec-mallory\/","og_locale":"fr_FR","og_type":"article","og_title":"Cours d'une journ\u00e9e sur l'agriculture r\u00e9g\u00e9n\u00e9rative \/ sans creuser, sans labourer \/ \"Spring Awakening\" - 25 avril","og_description":"Atelier sur l'agriculture r\u00e9g\u00e9n\u00e9ratrice \/ ne pas creuser, ne pas labourer \/ \"Le r\u00e9veil du printemps\" D\u00e9but et pr\u00e9paration de la saison de plantation boissons et d\u00e9jeuner ayurv\u00e9dique v\u00e9g\u00e9tarien ou v\u00e9g\u00e9talien inclus Samedi 25 avril, de 10h00 \u00e0 16h00, avec une pause Prix : 75,- Euro L'atelier est limit\u00e9 \u00e0 12 personnes.","og_url":"https:\/\/arthurgreenbean.be\/fr\/produkt\/cours-dagriculture-regeneratrice-avec-mallory\/","og_site_name":"AGBR","article_publisher":"https:\/\/www.facebook.com\/profile.php?id=100091825763096","article_modified_time":"2026-01-07T15:34:33+00:00","og_image":[{"width":1920,"height":810,"url":"https:\/\/arthurgreenbean.be\/wp-content\/uploads\/IMG_9858.jpg","type":"image\/jpeg"}],"twitter_card":"summary_large_image","twitter_misc":{"Dur\u00e9e de lecture estim\u00e9e":"1 minute"},"schema":{"@context":"https:\/\/schema.org","@graph":[{"@type":"WebPage","@id":"https:\/\/arthurgreenbean.be\/fr\/produkt\/cours-dagriculture-regeneratrice-avec-mallory\/","url":"https:\/\/arthurgreenbean.be\/fr\/produkt\/cours-dagriculture-regeneratrice-avec-mallory\/","name":"Cours d'une journ\u00e9e sur l'agriculture r\u00e9g\u00e9n\u00e9rative \/ sans creuser, sans labourer \/ \"Spring Awakening\" - 25 avril - AGBR","isPartOf":{"@id":"https:\/\/arthurgreenbean.be\/fr\/#website"},"primaryImageOfPage":{"@id":"https:\/\/arthurgreenbean.be\/fr\/produkt\/cours-dagriculture-regeneratrice-avec-mallory\/#primaryimage"},"image":{"@id":"https:\/\/arthurgreenbean.be\/fr\/produkt\/cours-dagriculture-regeneratrice-avec-mallory\/#primaryimage"},"thumbnailUrl":"https:\/\/arthurgreenbean.be\/wp-content\/uploads\/Bildschirmfoto-2023-07-20-um-16.58.36-scaled.jpg","datePublished":"2023-01-12T21:26:15+00:00","dateModified":"2026-01-07T15:34:33+00:00","breadcrumb":{"@id":"https:\/\/arthurgreenbean.be\/fr\/produkt\/cours-dagriculture-regeneratrice-avec-mallory\/#breadcrumb"},"inLanguage":"fr-FR","potentialAction":[{"@type":"ReadAction","target":["https:\/\/arthurgreenbean.be\/fr\/produkt\/cours-dagriculture-regeneratrice-avec-mallory\/"]}]},{"@type":"ImageObject","inLanguage":"fr-FR","@id":"https:\/\/arthurgreenbean.be\/fr\/produkt\/cours-dagriculture-regeneratrice-avec-mallory\/#primaryimage","url":"https:\/\/arthurgreenbean.be\/wp-content\/uploads\/Bildschirmfoto-2023-07-20-um-16.58.36-scaled.jpg","contentUrl":"https:\/\/arthurgreenbean.be\/wp-content\/uploads\/Bildschirmfoto-2023-07-20-um-16.58.36-scaled.jpg","width":2560,"height":1505},{"@type":"BreadcrumbList","@id":"https:\/\/arthurgreenbean.be\/fr\/produkt\/cours-dagriculture-regeneratrice-avec-mallory\/#breadcrumb","itemListElement":[{"@type":"ListItem","position":1,"name":"Home","item":"https:\/\/arthurgreenbean.be\/fr\/"},{"@type":"ListItem","position":2,"name":"Shop","item":"https:\/\/arthurgreenbean.be\/shop\/"},{"@type":"ListItem","position":3,"name":"Cours d&#8217;une journ\u00e9e sur l&#8217;agriculture r\u00e9g\u00e9n\u00e9rative \/ sans creuser, sans labourer \/ &#8220;Spring Awakening&#8221; &#8211; 25 avril"}]},{"@type":"WebSite","@id":"https:\/\/arthurgreenbean.be\/fr\/#website","url":"https:\/\/arthurgreenbean.be\/fr\/","name":"Arthurgreenbean","description":"Arthur Greenbean Ranch","publisher":{"@id":"https:\/\/arthurgreenbean.be\/fr\/#organization"},"potentialAction":[{"@type":"SearchAction","target":{"@type":"EntryPoint","urlTemplate":"https:\/\/arthurgreenbean.be\/fr\/?s={search_term_string}"},"query-input":{"@type":"PropertyValueSpecification","valueRequired":true,"valueName":"search_term_string"}}],"inLanguage":"fr-FR"},{"@type":"Organization","@id":"https:\/\/arthurgreenbean.be\/fr\/#organization","name":"Arthurgreenbean Ranch","url":"https:\/\/arthurgreenbean.be\/fr\/","logo":{"@type":"ImageObject","inLanguage":"fr-FR","@id":"https:\/\/arthurgreenbean.be\/fr\/#\/schema\/logo\/image\/","url":"https:\/\/arthurgreenbean.be\/wp-content\/uploads\/agbr-696-1.jpg","contentUrl":"https:\/\/arthurgreenbean.be\/wp-content\/uploads\/agbr-696-1.jpg","width":696,"height":696,"caption":"Arthurgreenbean Ranch"},"image":{"@id":"https:\/\/arthurgreenbean.be\/fr\/#\/schema\/logo\/image\/"},"sameAs":["https:\/\/www.facebook.com\/profile.php?id=100091825763096"]}]}},"_links":{"self":[{"href":"https:\/\/arthurgreenbean.be\/fr\/wp-json\/wp\/v2\/product\/3909","targetHints":{"allow":["GET"]}}],"collection":[{"href":"https:\/\/arthurgreenbean.be\/fr\/wp-json\/wp\/v2\/product"}],"about":[{"href":"https:\/\/arthurgreenbean.be\/fr\/wp-json\/wp\/v2\/types\/product"}],"replies":[{"embeddable":true,"href":"https:\/\/arthurgreenbean.be\/fr\/wp-json\/wp\/v2\/comments?post=3909"}],"wp:featuredmedia":[{"embeddable":true,"href":"https:\/\/arthurgreenbean.be\/fr\/wp-json\/wp\/v2\/media\/5200"}],"wp:attachment":[{"href":"https:\/\/arthurgreenbean.be\/fr\/wp-json\/wp\/v2\/media?parent=3909"}],"wp:term":[{"taxonomy":"product_brand","embeddable":true,"href":"https:\/\/arthurgreenbean.be\/fr\/wp-json\/wp\/v2\/product_brand?post=3909"},{"taxonomy":"product_cat","embeddable":true,"href":"https:\/\/arthurgreenbean.be\/fr\/wp-json\/wp\/v2\/product_cat?post=3909"},{"taxonomy":"product_tag","embeddable":true,"href":"https:\/\/arthurgreenbean.be\/fr\/wp-json\/wp\/v2\/product_tag?post=3909"}],"curies":[{"name":"wp","href":"https:\/\/api.w.org\/{rel}","templated":true}]}}