{"id":3904,"date":"2023-01-14T21:10:08","date_gmt":"2023-01-14T21:10:08","guid":{"rendered":"https:\/\/arthurgreenbean.be\/produkt\/cours-de-cuisine-ayurvedique-avec-sonja\/"},"modified":"2026-03-29T16:34:06","modified_gmt":"2026-03-29T14:34:06","slug":"cours-de-cuisine-ayurveda-avec-sonja","status":"publish","type":"product","link":"https:\/\/arthurgreenbean.be\/fr\/produkt\/cours-de-cuisine-ayurveda-avec-sonja\/","title":{"rendered":"\u00ab\u00a0\u2728 Ayurvedic Nutrition Workshop\u00a0\u00bb 25 juillet 2026"},"content":{"rendered":"<p data-start=\"200\" data-end=\"260\"><strong data-start=\"200\" data-end=\"260\">Nourrissez votre corps, \u00e9quilibrez votre \u00e9nergie, vivez en harmonie \u2728<\/strong><\/p>\n<p data-start=\"262\" data-end=\"406\">D\u00e9couvrez la sagesse ancestrale de l&rsquo;Ayurveda et apprenez comment des choix alimentaires simples et r\u00e9fl\u00e9chis peuvent transformer votre \u00e9nergie, votre digestion et votre bien-\u00eatre g\u00e9n\u00e9ral.<\/p>\n<p data-start=\"408\" data-end=\"697\">Dans cet atelier, vous serez guid\u00e9 \u00e0 travers les fondements de la <strong data-start=\"470\" data-end=\"493\">nutrition ayurv\u00e9dique<\/strong>, ce qui vous permettra de mieux comprendre comment la nourriture affecte votre corps, votre esprit et votre \u00e9nergie. Apprenez \u00e0 manger d&rsquo;une mani\u00e8re qui favorise l&rsquo;\u00e9quilibre, la vitalit\u00e9 et la sant\u00e9 \u00e0 long terme, sans r\u00e8gles strictes ni r\u00e9gimes compliqu\u00e9s. <\/p>\n<p data-start=\"699\" data-end=\"736\"><strong data-start=\"699\" data-end=\"736\">Dans cet atelier, vous apprendrez<\/strong><\/p>\n<ul data-start=\"737\" data-end=\"1029\">\n<li data-start=\"737\" data-end=\"783\">\n<p data-start=\"739\" data-end=\"783\">Les principes fondamentaux de la nutrition ayurv\u00e9dique<\/p>\n<\/li>\n<li data-start=\"784\" data-end=\"846\">\n<p data-start=\"786\" data-end=\"846\">Comment maintenir votre \u00e9nergie et votre sant\u00e9 en \u00e9quilibre gr\u00e2ce \u00e0 l&rsquo;alimentation ?<\/p>\n<\/li>\n<li data-start=\"847\" data-end=\"899\">\n<p data-start=\"849\" data-end=\"899\">Comment la digestion influence la vitalit\u00e9 et le bien-\u00eatre<\/p>\n<\/li>\n<li data-start=\"900\" data-end=\"960\">\n<p data-start=\"902\" data-end=\"960\">Conseils pratiques pour choisir des aliments qui vous nourrissent vraiment<\/p>\n<\/li>\n<li data-start=\"961\" data-end=\"1029\">\n<p data-start=\"963\" data-end=\"1029\">Comment int\u00e9grer en douceur cette sagesse ayurv\u00e9dique dans votre routine quotidienne ?<\/p>\n<\/li>\n<\/ul>\n<p data-start=\"1031\" data-end=\"1080\">Cet atelier s&rsquo;adresse \u00e0 tous ceux qui souhaitent.. :<\/p>\n<ul data-start=\"1081\" data-end=\"1280\">\n<li data-start=\"1081\" data-end=\"1117\">\n<p data-start=\"1083\" data-end=\"1117\">Vous vous sentez plus \u00e9nergique et mieux ancr\u00e9 dans la r\u00e9alit\u00e9<\/p>\n<\/li>\n<li data-start=\"1118\" data-end=\"1158\">\n<p data-start=\"1120\" data-end=\"1158\">Am\u00e9liorer la digestion et la sant\u00e9 g\u00e9n\u00e9rale<\/p>\n<\/li>\n<li data-start=\"1159\" data-end=\"1223\">\n<p data-start=\"1161\" data-end=\"1223\">D\u00e9velopper une relation plus intuitive et \u00e9quilibr\u00e9e avec la nourriture<\/p>\n<\/li>\n<li data-start=\"1224\" data-end=\"1280\">\n<p data-start=\"1226\" data-end=\"1280\">Adoptez des habitudes durables et r\u00e9fl\u00e9chies dans votre vie de tous les jours<\/p>\n<\/li>\n<\/ul>\n<p data-start=\"1282\" data-end=\"1379\">\u2728 <strong data-start=\"1284\" data-end=\"1315\">Aucune connaissance pr\u00e9alable n&rsquo;est requise<\/strong> &#8211; juste de la curiosit\u00e9 et le d\u00e9sir de prendre soin de vous plus profond\u00e9ment.<\/p>\n<p data-start=\"1381\" data-end=\"1546\">Rejoignez-nous pour une exp\u00e9rience nourrissante qui allie sagesse ancestrale et conseils pratiques, et repartez avec le sentiment d&rsquo;\u00eatre inspir\u00e9 pour soutenir votre sant\u00e9 &#8211; un repas attentif \u00e0 la fois.<\/p>\n<p data-start=\"1548\" data-end=\"1619\"><strong data-start=\"1548\" data-end=\"1616\">R\u00e9servez votre place et commencez votre voyage vers un mode de vie plus \u00e9quilibr\u00e9.<\/strong> \ud83c\udf31<\/p>\n","protected":false},"excerpt":{"rendered":"<p>\u00ab\u00a0<strong>Atelier de nutrition ayurv\u00e9dique<\/strong> &#8211; <strong data-start=\"200\" data-end=\"260\">Nourrissez votre corps, \u00e9quilibrez votre \u00e9nergie, vivez en harmonie \u2728<\/strong><\/p>\n<p>25 juillet 2026<br \/>\n13:00 &#8211; 16:00<\/p>\n<p><strong>55 Euro par personne<\/strong><\/p>\n<p>boissons et p\u00e2tisseries ayurv\u00e9diques incluses.<\/p>\n","protected":false},"featured_media":3414,"comment_status":"open","ping_status":"closed","template":"","meta":[],"product_brand":[],"product_cat":[163,115,117,116,118],"product_tag":[85,120,80,121,82],"class_list":{"0":"post-3904","1":"product","2":"type-product","3":"status-publish","4":"has-post-thumbnail","6":"product_cat-atelier","7":"product_cat-ayurveda-fr","8":"product_cat-cuisine-ayurvedique","9":"product_cat-massages-ayurvediques","10":"product_cat-production-alimentaire","11":"product_tag-atelier","12":"product_tag-ayurveda-fr","13":"product_tag-belgique","14":"product_tag-pied","15":"product_tag-sante","17":"first","18":"outofstock","19":"shipping-taxable","20":"purchasable","21":"product-type-appointment"},"exclude_global_add_ons":[],"addons":[],"yoast_head":"<!-- This site is optimized with the Yoast SEO Premium plugin v26.7 (Yoast SEO v27.2) - https:\/\/yoast.com\/product\/yoast-seo-premium-wordpress\/ -->\n<title>&quot;\u2728 Ayurvedic Nutrition Workshop&quot; 25 juillet 2026 - AGBR<\/title>\n<meta name=\"robots\" content=\"index, follow, max-snippet:-1, max-image-preview:large, max-video-preview:-1\" \/>\n<link rel=\"canonical\" href=\"https:\/\/arthurgreenbean.be\/fr\/produkt\/cours-de-cuisine-ayurveda-avec-sonja\/\" \/>\n<meta property=\"og:locale\" content=\"fr_FR\" \/>\n<meta property=\"og:type\" content=\"article\" \/>\n<meta property=\"og:title\" content=\"&quot;\u2728 Ayurvedic Nutrition Workshop&quot; 25 juillet 2026\" \/>\n<meta property=\"og:description\" content=\"&quot;Atelier de nutrition ayurv\u00e9dique - Nourrissez votre corps, \u00e9quilibrez votre \u00e9nergie, vivez en harmonie \u2728 25 juillet 2026 13:00 - 16:00 55 Euro par personne boissons et p\u00e2tisseries ayurv\u00e9diques incluses.\" \/>\n<meta property=\"og:url\" content=\"https:\/\/arthurgreenbean.be\/fr\/produkt\/cours-de-cuisine-ayurveda-avec-sonja\/\" \/>\n<meta property=\"og:site_name\" content=\"AGBR\" \/>\n<meta property=\"article:publisher\" content=\"https:\/\/www.facebook.com\/profile.php?id=100091825763096\" \/>\n<meta property=\"article:modified_time\" content=\"2026-03-29T14:34:06+00:00\" \/>\n<meta property=\"og:image\" content=\"https:\/\/arthurgreenbean.be\/wp-content\/uploads\/Sonja-whatsonwhen-Kochkurs-1-1.jpg\" \/>\n\t<meta property=\"og:image:width\" content=\"960\" \/>\n\t<meta property=\"og:image:height\" content=\"1200\" \/>\n\t<meta property=\"og:image:type\" content=\"image\/jpeg\" \/>\n<meta name=\"twitter:card\" content=\"summary_large_image\" \/>\n<meta name=\"twitter:label1\" content=\"Dur\u00e9e de lecture estim\u00e9e\" \/>\n\t<meta name=\"twitter:data1\" content=\"1 minute\" \/>\n<script type=\"application\/ld+json\" class=\"yoast-schema-graph\">{\"@context\":\"https:\/\/schema.org\",\"@graph\":[{\"@type\":\"WebPage\",\"@id\":\"https:\/\/arthurgreenbean.be\/fr\/produkt\/cours-de-cuisine-ayurveda-avec-sonja\/\",\"url\":\"https:\/\/arthurgreenbean.be\/fr\/produkt\/cours-de-cuisine-ayurveda-avec-sonja\/\",\"name\":\"\\\"\u2728 Ayurvedic Nutrition Workshop\\\" 25 juillet 2026 - AGBR\",\"isPartOf\":{\"@id\":\"https:\/\/arthurgreenbean.be\/fr\/#website\"},\"primaryImageOfPage\":{\"@id\":\"https:\/\/arthurgreenbean.be\/fr\/produkt\/cours-de-cuisine-ayurveda-avec-sonja\/#primaryimage\"},\"image\":{\"@id\":\"https:\/\/arthurgreenbean.be\/fr\/produkt\/cours-de-cuisine-ayurveda-avec-sonja\/#primaryimage\"},\"thumbnailUrl\":\"https:\/\/arthurgreenbean.be\/wp-content\/uploads\/Sonja-whatsonwhen-Kochkurs-1-1.jpg\",\"datePublished\":\"2023-01-14T21:10:08+00:00\",\"dateModified\":\"2026-03-29T14:34:06+00:00\",\"breadcrumb\":{\"@id\":\"https:\/\/arthurgreenbean.be\/fr\/produkt\/cours-de-cuisine-ayurveda-avec-sonja\/#breadcrumb\"},\"inLanguage\":\"fr-FR\",\"potentialAction\":[{\"@type\":\"ReadAction\",\"target\":[\"https:\/\/arthurgreenbean.be\/fr\/produkt\/cours-de-cuisine-ayurveda-avec-sonja\/\"]}]},{\"@type\":\"ImageObject\",\"inLanguage\":\"fr-FR\",\"@id\":\"https:\/\/arthurgreenbean.be\/fr\/produkt\/cours-de-cuisine-ayurveda-avec-sonja\/#primaryimage\",\"url\":\"https:\/\/arthurgreenbean.be\/wp-content\/uploads\/Sonja-whatsonwhen-Kochkurs-1-1.jpg\",\"contentUrl\":\"https:\/\/arthurgreenbean.be\/wp-content\/uploads\/Sonja-whatsonwhen-Kochkurs-1-1.jpg\",\"width\":960,\"height\":1200,\"caption\":\"Sonja enseigne la bonne cuisine\"},{\"@type\":\"BreadcrumbList\",\"@id\":\"https:\/\/arthurgreenbean.be\/fr\/produkt\/cours-de-cuisine-ayurveda-avec-sonja\/#breadcrumb\",\"itemListElement\":[{\"@type\":\"ListItem\",\"position\":1,\"name\":\"Home\",\"item\":\"https:\/\/arthurgreenbean.be\/fr\/\"},{\"@type\":\"ListItem\",\"position\":2,\"name\":\"Shop\",\"item\":\"https:\/\/arthurgreenbean.be\/shop\/\"},{\"@type\":\"ListItem\",\"position\":3,\"name\":\"&#8220;\u2728 Ayurvedic Nutrition Workshop&#8221; 25 juillet 2026\"}]},{\"@type\":\"WebSite\",\"@id\":\"https:\/\/arthurgreenbean.be\/fr\/#website\",\"url\":\"https:\/\/arthurgreenbean.be\/fr\/\",\"name\":\"Arthurgreenbean\",\"description\":\"Arthur Greenbean Ranch\",\"publisher\":{\"@id\":\"https:\/\/arthurgreenbean.be\/fr\/#organization\"},\"potentialAction\":[{\"@type\":\"SearchAction\",\"target\":{\"@type\":\"EntryPoint\",\"urlTemplate\":\"https:\/\/arthurgreenbean.be\/fr\/?s={search_term_string}\"},\"query-input\":{\"@type\":\"PropertyValueSpecification\",\"valueRequired\":true,\"valueName\":\"search_term_string\"}}],\"inLanguage\":\"fr-FR\"},{\"@type\":\"Organization\",\"@id\":\"https:\/\/arthurgreenbean.be\/fr\/#organization\",\"name\":\"Arthurgreenbean Ranch\",\"url\":\"https:\/\/arthurgreenbean.be\/fr\/\",\"logo\":{\"@type\":\"ImageObject\",\"inLanguage\":\"fr-FR\",\"@id\":\"https:\/\/arthurgreenbean.be\/fr\/#\/schema\/logo\/image\/\",\"url\":\"https:\/\/arthurgreenbean.be\/wp-content\/uploads\/agbr-696-1.jpg\",\"contentUrl\":\"https:\/\/arthurgreenbean.be\/wp-content\/uploads\/agbr-696-1.jpg\",\"width\":696,\"height\":696,\"caption\":\"Arthurgreenbean Ranch\"},\"image\":{\"@id\":\"https:\/\/arthurgreenbean.be\/fr\/#\/schema\/logo\/image\/\"},\"sameAs\":[\"https:\/\/www.facebook.com\/profile.php?id=100091825763096\"]}]}<\/script>\n<!-- \/ Yoast SEO Premium plugin. -->","yoast_head_json":{"title":"\"\u2728 Ayurvedic Nutrition Workshop\" 25 juillet 2026 - AGBR","robots":{"index":"index","follow":"follow","max-snippet":"max-snippet:-1","max-image-preview":"max-image-preview:large","max-video-preview":"max-video-preview:-1"},"canonical":"https:\/\/arthurgreenbean.be\/fr\/produkt\/cours-de-cuisine-ayurveda-avec-sonja\/","og_locale":"fr_FR","og_type":"article","og_title":"\"\u2728 Ayurvedic Nutrition Workshop\" 25 juillet 2026","og_description":"\"Atelier de nutrition ayurv\u00e9dique - Nourrissez votre corps, \u00e9quilibrez votre \u00e9nergie, vivez en harmonie \u2728 25 juillet 2026 13:00 - 16:00 55 Euro par personne boissons et p\u00e2tisseries ayurv\u00e9diques incluses.","og_url":"https:\/\/arthurgreenbean.be\/fr\/produkt\/cours-de-cuisine-ayurveda-avec-sonja\/","og_site_name":"AGBR","article_publisher":"https:\/\/www.facebook.com\/profile.php?id=100091825763096","article_modified_time":"2026-03-29T14:34:06+00:00","og_image":[{"width":960,"height":1200,"url":"https:\/\/arthurgreenbean.be\/wp-content\/uploads\/Sonja-whatsonwhen-Kochkurs-1-1.jpg","type":"image\/jpeg"}],"twitter_card":"summary_large_image","twitter_misc":{"Dur\u00e9e de lecture estim\u00e9e":"1 minute"},"schema":{"@context":"https:\/\/schema.org","@graph":[{"@type":"WebPage","@id":"https:\/\/arthurgreenbean.be\/fr\/produkt\/cours-de-cuisine-ayurveda-avec-sonja\/","url":"https:\/\/arthurgreenbean.be\/fr\/produkt\/cours-de-cuisine-ayurveda-avec-sonja\/","name":"\"\u2728 Ayurvedic Nutrition Workshop\" 25 juillet 2026 - AGBR","isPartOf":{"@id":"https:\/\/arthurgreenbean.be\/fr\/#website"},"primaryImageOfPage":{"@id":"https:\/\/arthurgreenbean.be\/fr\/produkt\/cours-de-cuisine-ayurveda-avec-sonja\/#primaryimage"},"image":{"@id":"https:\/\/arthurgreenbean.be\/fr\/produkt\/cours-de-cuisine-ayurveda-avec-sonja\/#primaryimage"},"thumbnailUrl":"https:\/\/arthurgreenbean.be\/wp-content\/uploads\/Sonja-whatsonwhen-Kochkurs-1-1.jpg","datePublished":"2023-01-14T21:10:08+00:00","dateModified":"2026-03-29T14:34:06+00:00","breadcrumb":{"@id":"https:\/\/arthurgreenbean.be\/fr\/produkt\/cours-de-cuisine-ayurveda-avec-sonja\/#breadcrumb"},"inLanguage":"fr-FR","potentialAction":[{"@type":"ReadAction","target":["https:\/\/arthurgreenbean.be\/fr\/produkt\/cours-de-cuisine-ayurveda-avec-sonja\/"]}]},{"@type":"ImageObject","inLanguage":"fr-FR","@id":"https:\/\/arthurgreenbean.be\/fr\/produkt\/cours-de-cuisine-ayurveda-avec-sonja\/#primaryimage","url":"https:\/\/arthurgreenbean.be\/wp-content\/uploads\/Sonja-whatsonwhen-Kochkurs-1-1.jpg","contentUrl":"https:\/\/arthurgreenbean.be\/wp-content\/uploads\/Sonja-whatsonwhen-Kochkurs-1-1.jpg","width":960,"height":1200,"caption":"Sonja enseigne la bonne cuisine"},{"@type":"BreadcrumbList","@id":"https:\/\/arthurgreenbean.be\/fr\/produkt\/cours-de-cuisine-ayurveda-avec-sonja\/#breadcrumb","itemListElement":[{"@type":"ListItem","position":1,"name":"Home","item":"https:\/\/arthurgreenbean.be\/fr\/"},{"@type":"ListItem","position":2,"name":"Shop","item":"https:\/\/arthurgreenbean.be\/shop\/"},{"@type":"ListItem","position":3,"name":"&#8220;\u2728 Ayurvedic Nutrition Workshop&#8221; 25 juillet 2026"}]},{"@type":"WebSite","@id":"https:\/\/arthurgreenbean.be\/fr\/#website","url":"https:\/\/arthurgreenbean.be\/fr\/","name":"Arthurgreenbean","description":"Arthur Greenbean Ranch","publisher":{"@id":"https:\/\/arthurgreenbean.be\/fr\/#organization"},"potentialAction":[{"@type":"SearchAction","target":{"@type":"EntryPoint","urlTemplate":"https:\/\/arthurgreenbean.be\/fr\/?s={search_term_string}"},"query-input":{"@type":"PropertyValueSpecification","valueRequired":true,"valueName":"search_term_string"}}],"inLanguage":"fr-FR"},{"@type":"Organization","@id":"https:\/\/arthurgreenbean.be\/fr\/#organization","name":"Arthurgreenbean Ranch","url":"https:\/\/arthurgreenbean.be\/fr\/","logo":{"@type":"ImageObject","inLanguage":"fr-FR","@id":"https:\/\/arthurgreenbean.be\/fr\/#\/schema\/logo\/image\/","url":"https:\/\/arthurgreenbean.be\/wp-content\/uploads\/agbr-696-1.jpg","contentUrl":"https:\/\/arthurgreenbean.be\/wp-content\/uploads\/agbr-696-1.jpg","width":696,"height":696,"caption":"Arthurgreenbean Ranch"},"image":{"@id":"https:\/\/arthurgreenbean.be\/fr\/#\/schema\/logo\/image\/"},"sameAs":["https:\/\/www.facebook.com\/profile.php?id=100091825763096"]}]}},"_links":{"self":[{"href":"https:\/\/arthurgreenbean.be\/fr\/wp-json\/wp\/v2\/product\/3904","targetHints":{"allow":["GET"]}}],"collection":[{"href":"https:\/\/arthurgreenbean.be\/fr\/wp-json\/wp\/v2\/product"}],"about":[{"href":"https:\/\/arthurgreenbean.be\/fr\/wp-json\/wp\/v2\/types\/product"}],"replies":[{"embeddable":true,"href":"https:\/\/arthurgreenbean.be\/fr\/wp-json\/wp\/v2\/comments?post=3904"}],"wp:featuredmedia":[{"embeddable":true,"href":"https:\/\/arthurgreenbean.be\/fr\/wp-json\/wp\/v2\/media\/3414"}],"wp:attachment":[{"href":"https:\/\/arthurgreenbean.be\/fr\/wp-json\/wp\/v2\/media?parent=3904"}],"wp:term":[{"taxonomy":"product_brand","embeddable":true,"href":"https:\/\/arthurgreenbean.be\/fr\/wp-json\/wp\/v2\/product_brand?post=3904"},{"taxonomy":"product_cat","embeddable":true,"href":"https:\/\/arthurgreenbean.be\/fr\/wp-json\/wp\/v2\/product_cat?post=3904"},{"taxonomy":"product_tag","embeddable":true,"href":"https:\/\/arthurgreenbean.be\/fr\/wp-json\/wp\/v2\/product_tag?post=3904"}],"curies":[{"name":"wp","href":"https:\/\/api.w.org\/{rel}","templated":true}]}}