{"id":3902,"date":"2023-02-19T18:46:47","date_gmt":"2023-02-19T18:46:47","guid":{"rendered":"https:\/\/arthurgreenbean.be\/produkt\/seances-privees-de-yoga-avec-mallory\/"},"modified":"2023-05-14T14:32:56","modified_gmt":"2023-05-14T14:32:56","slug":"seances-de-yoga-privees-avec-mallory","status":"publish","type":"product","link":"https:\/\/arthurgreenbean.be\/fr\/produkt\/seances-de-yoga-privees-avec-mallory\/","title":{"rendered":"Cours de Hatha Yoga avec Mallory"},"content":{"rendered":"<h3>\u00ab\u00a0Von Nix kommt Nix\u00a0\u00bb<\/h3>\n<h3>Adapt\u00e9s aux besoins individuels ou collectifs. Alignement postural, travail sur la respiration, m\u00e9ditation, \u00e0 tous les niveaux n\u00e9cessaires. En tant que session unique ou dans le cadre d&rsquo;un plan \u00e0 plus long terme. Formation de coach de vie pour les guerriers yogiques modernes ou pour les personnes \u00e2g\u00e9es.<\/h3>\n<p>Prix 60,- : 1 Std, 90,- pour 2 heures. Avanc\u00e9 ou d\u00e9butant, instruction du tout<br \/>\nniveaux de Hatha Yoga. S\u00e9ances individuelles sur rendez-vous uniquement.<\/p>\n","protected":false},"excerpt":{"rendered":"<p>S\u00e9ances individuelles sur rendez-vous.<\/p>\n<h3>Prix : 60 &#8211; 90 Euro<\/h3>\n<ul>\n<li>pendant 1 ou 2 heures<\/li>\n<li>enseignement \u00e0 tous les niveaux du Hatha Yoga<\/li>\n<\/ul>\n","protected":false},"featured_media":3434,"comment_status":"open","ping_status":"closed","template":"","meta":[],"product_brand":[],"product_cat":[105,140,104,103],"product_tag":[80,107,109,110,108,106],"class_list":{"0":"post-3902","1":"product","2":"type-product","3":"status-publish","4":"has-post-thumbnail","6":"product_cat-seances-privees-de-yoga-avec-mallory","7":"product_cat-sur-rendez-vous-uniquement","8":"product_cat-yinyoga-fr","9":"product_cat-yoga-fr","10":"product_tag-belgique","11":"product_tag-hatha-yoga-fr","12":"product_tag-la-respiration","13":"product_tag-prive","14":"product_tag-wim-hof-fr","15":"product_tag-yoga-fr","17":"first","18":"instock","19":"shipping-taxable","20":"purchasable","21":"product-type-appointment"},"exclude_global_add_ons":[],"addons":[],"yoast_head":"<!-- This site is optimized with the Yoast SEO Premium plugin v26.7 (Yoast SEO v27.2) - https:\/\/yoast.com\/product\/yoast-seo-premium-wordpress\/ -->\n<title>Cours de Hatha Yoga avec Mallory - AGBR<\/title>\n<meta name=\"robots\" content=\"index, follow, max-snippet:-1, max-image-preview:large, max-video-preview:-1\" \/>\n<link rel=\"canonical\" href=\"https:\/\/arthurgreenbean.be\/fr\/produkt\/seances-de-yoga-privees-avec-mallory\/\" \/>\n<meta property=\"og:locale\" content=\"fr_FR\" \/>\n<meta property=\"og:type\" content=\"article\" \/>\n<meta property=\"og:title\" content=\"Cours de Hatha Yoga avec Mallory\" \/>\n<meta property=\"og:description\" content=\"S\u00e9ances individuelles sur rendez-vous. Prix : 60 - 90 Euro  pendant 1 ou 2 heures  enseignement \u00e0 tous les niveaux du Hatha Yoga\" \/>\n<meta property=\"og:url\" content=\"https:\/\/arthurgreenbean.be\/fr\/produkt\/seances-de-yoga-privees-avec-mallory\/\" \/>\n<meta property=\"og:site_name\" content=\"AGBR\" \/>\n<meta property=\"article:publisher\" content=\"https:\/\/www.facebook.com\/profile.php?id=100091825763096\" \/>\n<meta property=\"article:modified_time\" content=\"2023-05-14T14:32:56+00:00\" \/>\n<meta property=\"og:image\" content=\"https:\/\/arthurgreenbean.be\/wp-content\/uploads\/Ebene-9-2.jpg\" \/>\n\t<meta property=\"og:image:width\" content=\"960\" \/>\n\t<meta property=\"og:image:height\" content=\"540\" \/>\n\t<meta property=\"og:image:type\" content=\"image\/jpeg\" \/>\n<meta name=\"twitter:card\" content=\"summary_large_image\" \/>\n<script type=\"application\/ld+json\" class=\"yoast-schema-graph\">{\"@context\":\"https:\/\/schema.org\",\"@graph\":[{\"@type\":\"WebPage\",\"@id\":\"https:\/\/arthurgreenbean.be\/fr\/produkt\/seances-de-yoga-privees-avec-mallory\/\",\"url\":\"https:\/\/arthurgreenbean.be\/fr\/produkt\/seances-de-yoga-privees-avec-mallory\/\",\"name\":\"Cours de Hatha Yoga avec Mallory - AGBR\",\"isPartOf\":{\"@id\":\"https:\/\/arthurgreenbean.be\/fr\/#website\"},\"primaryImageOfPage\":{\"@id\":\"https:\/\/arthurgreenbean.be\/fr\/produkt\/seances-de-yoga-privees-avec-mallory\/#primaryimage\"},\"image\":{\"@id\":\"https:\/\/arthurgreenbean.be\/fr\/produkt\/seances-de-yoga-privees-avec-mallory\/#primaryimage\"},\"thumbnailUrl\":\"https:\/\/arthurgreenbean.be\/wp-content\/uploads\/Ebene-9-2.jpg\",\"datePublished\":\"2023-02-19T18:46:47+00:00\",\"dateModified\":\"2023-05-14T14:32:56+00:00\",\"breadcrumb\":{\"@id\":\"https:\/\/arthurgreenbean.be\/fr\/produkt\/seances-de-yoga-privees-avec-mallory\/#breadcrumb\"},\"inLanguage\":\"fr-FR\",\"potentialAction\":[{\"@type\":\"ReadAction\",\"target\":[\"https:\/\/arthurgreenbean.be\/fr\/produkt\/seances-de-yoga-privees-avec-mallory\/\"]}]},{\"@type\":\"ImageObject\",\"inLanguage\":\"fr-FR\",\"@id\":\"https:\/\/arthurgreenbean.be\/fr\/produkt\/seances-de-yoga-privees-avec-mallory\/#primaryimage\",\"url\":\"https:\/\/arthurgreenbean.be\/wp-content\/uploads\/Ebene-9-2.jpg\",\"contentUrl\":\"https:\/\/arthurgreenbean.be\/wp-content\/uploads\/Ebene-9-2.jpg\",\"width\":960,\"height\":540,\"caption\":\"grand travail dans les champs pour cr\u00e9er de nouveaux lits de plantation\"},{\"@type\":\"BreadcrumbList\",\"@id\":\"https:\/\/arthurgreenbean.be\/fr\/produkt\/seances-de-yoga-privees-avec-mallory\/#breadcrumb\",\"itemListElement\":[{\"@type\":\"ListItem\",\"position\":1,\"name\":\"Home\",\"item\":\"https:\/\/arthurgreenbean.be\/fr\/\"},{\"@type\":\"ListItem\",\"position\":2,\"name\":\"Shop\",\"item\":\"https:\/\/arthurgreenbean.be\/shop\/\"},{\"@type\":\"ListItem\",\"position\":3,\"name\":\"Cours de Hatha Yoga avec Mallory\"}]},{\"@type\":\"WebSite\",\"@id\":\"https:\/\/arthurgreenbean.be\/fr\/#website\",\"url\":\"https:\/\/arthurgreenbean.be\/fr\/\",\"name\":\"Arthurgreenbean\",\"description\":\"Arthur Greenbean Ranch\",\"publisher\":{\"@id\":\"https:\/\/arthurgreenbean.be\/fr\/#organization\"},\"potentialAction\":[{\"@type\":\"SearchAction\",\"target\":{\"@type\":\"EntryPoint\",\"urlTemplate\":\"https:\/\/arthurgreenbean.be\/fr\/?s={search_term_string}\"},\"query-input\":{\"@type\":\"PropertyValueSpecification\",\"valueRequired\":true,\"valueName\":\"search_term_string\"}}],\"inLanguage\":\"fr-FR\"},{\"@type\":\"Organization\",\"@id\":\"https:\/\/arthurgreenbean.be\/fr\/#organization\",\"name\":\"Arthurgreenbean Ranch\",\"url\":\"https:\/\/arthurgreenbean.be\/fr\/\",\"logo\":{\"@type\":\"ImageObject\",\"inLanguage\":\"fr-FR\",\"@id\":\"https:\/\/arthurgreenbean.be\/fr\/#\/schema\/logo\/image\/\",\"url\":\"https:\/\/arthurgreenbean.be\/wp-content\/uploads\/agbr-696-1.jpg\",\"contentUrl\":\"https:\/\/arthurgreenbean.be\/wp-content\/uploads\/agbr-696-1.jpg\",\"width\":696,\"height\":696,\"caption\":\"Arthurgreenbean Ranch\"},\"image\":{\"@id\":\"https:\/\/arthurgreenbean.be\/fr\/#\/schema\/logo\/image\/\"},\"sameAs\":[\"https:\/\/www.facebook.com\/profile.php?id=100091825763096\"]}]}<\/script>\n<!-- \/ Yoast SEO Premium plugin. -->","yoast_head_json":{"title":"Cours de Hatha Yoga avec Mallory - AGBR","robots":{"index":"index","follow":"follow","max-snippet":"max-snippet:-1","max-image-preview":"max-image-preview:large","max-video-preview":"max-video-preview:-1"},"canonical":"https:\/\/arthurgreenbean.be\/fr\/produkt\/seances-de-yoga-privees-avec-mallory\/","og_locale":"fr_FR","og_type":"article","og_title":"Cours de Hatha Yoga avec Mallory","og_description":"S\u00e9ances individuelles sur rendez-vous. Prix : 60 - 90 Euro  pendant 1 ou 2 heures  enseignement \u00e0 tous les niveaux du Hatha Yoga","og_url":"https:\/\/arthurgreenbean.be\/fr\/produkt\/seances-de-yoga-privees-avec-mallory\/","og_site_name":"AGBR","article_publisher":"https:\/\/www.facebook.com\/profile.php?id=100091825763096","article_modified_time":"2023-05-14T14:32:56+00:00","og_image":[{"width":960,"height":540,"url":"https:\/\/arthurgreenbean.be\/wp-content\/uploads\/Ebene-9-2.jpg","type":"image\/jpeg"}],"twitter_card":"summary_large_image","schema":{"@context":"https:\/\/schema.org","@graph":[{"@type":"WebPage","@id":"https:\/\/arthurgreenbean.be\/fr\/produkt\/seances-de-yoga-privees-avec-mallory\/","url":"https:\/\/arthurgreenbean.be\/fr\/produkt\/seances-de-yoga-privees-avec-mallory\/","name":"Cours de Hatha Yoga avec Mallory - AGBR","isPartOf":{"@id":"https:\/\/arthurgreenbean.be\/fr\/#website"},"primaryImageOfPage":{"@id":"https:\/\/arthurgreenbean.be\/fr\/produkt\/seances-de-yoga-privees-avec-mallory\/#primaryimage"},"image":{"@id":"https:\/\/arthurgreenbean.be\/fr\/produkt\/seances-de-yoga-privees-avec-mallory\/#primaryimage"},"thumbnailUrl":"https:\/\/arthurgreenbean.be\/wp-content\/uploads\/Ebene-9-2.jpg","datePublished":"2023-02-19T18:46:47+00:00","dateModified":"2023-05-14T14:32:56+00:00","breadcrumb":{"@id":"https:\/\/arthurgreenbean.be\/fr\/produkt\/seances-de-yoga-privees-avec-mallory\/#breadcrumb"},"inLanguage":"fr-FR","potentialAction":[{"@type":"ReadAction","target":["https:\/\/arthurgreenbean.be\/fr\/produkt\/seances-de-yoga-privees-avec-mallory\/"]}]},{"@type":"ImageObject","inLanguage":"fr-FR","@id":"https:\/\/arthurgreenbean.be\/fr\/produkt\/seances-de-yoga-privees-avec-mallory\/#primaryimage","url":"https:\/\/arthurgreenbean.be\/wp-content\/uploads\/Ebene-9-2.jpg","contentUrl":"https:\/\/arthurgreenbean.be\/wp-content\/uploads\/Ebene-9-2.jpg","width":960,"height":540,"caption":"grand travail dans les champs pour cr\u00e9er de nouveaux lits de plantation"},{"@type":"BreadcrumbList","@id":"https:\/\/arthurgreenbean.be\/fr\/produkt\/seances-de-yoga-privees-avec-mallory\/#breadcrumb","itemListElement":[{"@type":"ListItem","position":1,"name":"Home","item":"https:\/\/arthurgreenbean.be\/fr\/"},{"@type":"ListItem","position":2,"name":"Shop","item":"https:\/\/arthurgreenbean.be\/shop\/"},{"@type":"ListItem","position":3,"name":"Cours de Hatha Yoga avec Mallory"}]},{"@type":"WebSite","@id":"https:\/\/arthurgreenbean.be\/fr\/#website","url":"https:\/\/arthurgreenbean.be\/fr\/","name":"Arthurgreenbean","description":"Arthur Greenbean Ranch","publisher":{"@id":"https:\/\/arthurgreenbean.be\/fr\/#organization"},"potentialAction":[{"@type":"SearchAction","target":{"@type":"EntryPoint","urlTemplate":"https:\/\/arthurgreenbean.be\/fr\/?s={search_term_string}"},"query-input":{"@type":"PropertyValueSpecification","valueRequired":true,"valueName":"search_term_string"}}],"inLanguage":"fr-FR"},{"@type":"Organization","@id":"https:\/\/arthurgreenbean.be\/fr\/#organization","name":"Arthurgreenbean Ranch","url":"https:\/\/arthurgreenbean.be\/fr\/","logo":{"@type":"ImageObject","inLanguage":"fr-FR","@id":"https:\/\/arthurgreenbean.be\/fr\/#\/schema\/logo\/image\/","url":"https:\/\/arthurgreenbean.be\/wp-content\/uploads\/agbr-696-1.jpg","contentUrl":"https:\/\/arthurgreenbean.be\/wp-content\/uploads\/agbr-696-1.jpg","width":696,"height":696,"caption":"Arthurgreenbean Ranch"},"image":{"@id":"https:\/\/arthurgreenbean.be\/fr\/#\/schema\/logo\/image\/"},"sameAs":["https:\/\/www.facebook.com\/profile.php?id=100091825763096"]}]}},"_links":{"self":[{"href":"https:\/\/arthurgreenbean.be\/fr\/wp-json\/wp\/v2\/product\/3902","targetHints":{"allow":["GET"]}}],"collection":[{"href":"https:\/\/arthurgreenbean.be\/fr\/wp-json\/wp\/v2\/product"}],"about":[{"href":"https:\/\/arthurgreenbean.be\/fr\/wp-json\/wp\/v2\/types\/product"}],"replies":[{"embeddable":true,"href":"https:\/\/arthurgreenbean.be\/fr\/wp-json\/wp\/v2\/comments?post=3902"}],"wp:featuredmedia":[{"embeddable":true,"href":"https:\/\/arthurgreenbean.be\/fr\/wp-json\/wp\/v2\/media\/3434"}],"wp:attachment":[{"href":"https:\/\/arthurgreenbean.be\/fr\/wp-json\/wp\/v2\/media?parent=3902"}],"wp:term":[{"taxonomy":"product_brand","embeddable":true,"href":"https:\/\/arthurgreenbean.be\/fr\/wp-json\/wp\/v2\/product_brand?post=3902"},{"taxonomy":"product_cat","embeddable":true,"href":"https:\/\/arthurgreenbean.be\/fr\/wp-json\/wp\/v2\/product_cat?post=3902"},{"taxonomy":"product_tag","embeddable":true,"href":"https:\/\/arthurgreenbean.be\/fr\/wp-json\/wp\/v2\/product_tag?post=3902"}],"curies":[{"name":"wp","href":"https:\/\/api.w.org\/{rel}","templated":true}]}}