{"id":3899,"date":"2023-01-16T14:39:37","date_gmt":"2023-01-16T14:39:37","guid":{"rendered":"https:\/\/arthurgreenbean.be\/produkt\/cours-dagriculture-regenerative-avec-mallory-partie-2\/"},"modified":"2026-01-07T19:58:59","modified_gmt":"2026-01-07T19:58:59","slug":"cours-sur-lagriculture-regeneratrice-avec-la-myrtille-partie-2","status":"publish","type":"product","link":"https:\/\/arthurgreenbean.be\/fr\/produkt\/cours-sur-lagriculture-regeneratrice-avec-la-myrtille-partie-2\/","title":{"rendered":"Atelier : Conserver les l\u00e9gumes et les fruits pour l&rsquo;hiver &#8211; 26 septembre"},"content":{"rendered":"<p>Tout sur la fermentation et le s\u00e9chage dans la qualit\u00e9 des aliments bruts<\/p>\n<p>L&rsquo;\u00e9t\u00e9 est termin\u00e9 et l&rsquo;automne arrive. Les arbres sont encore pleins de pommes, mais la plupart des autres fruits et l\u00e9gumes sont r\u00e9colt\u00e9s. Les herbes aromatiques doivent \u00e9galement \u00eatre r\u00e9colt\u00e9es maintenant, avant l&rsquo;arriv\u00e9e des premi\u00e8res gel\u00e9es.<\/p>\n<p>Dans cet atelier, vous apprendrez diff\u00e9rentes fa\u00e7ons de conserver votre r\u00e9colte pour les jours d&rsquo;hiver.<\/p>\n<p>Nous vous montrerons tout sur le s\u00e9chage des fruits, des herbes et des l\u00e9gumes en qualit\u00e9 crue, par exemple les poires, les mirabelles et les prunes, mais aussi les tomates et le thym, qui sont tout simplement excellents \u00e0 s\u00e9cher !<\/p>\n<p>Nous fermenterons \u00e9galement du chou blanc ainsi que des petites tomates afin de vous faire d\u00e9couvrir cette fa\u00e7on passionnante et saine de rendre les l\u00e9gumes encore plus sains, en apportant quelque chose de sp\u00e9cial dans l&rsquo;assiette pendant les jours froids. La th\u00e9orie de la fermentation et des produits ferment\u00e9s ainsi que les avantages pour la sant\u00e9 de leur consommation seront \u00e9galement abord\u00e9s.<\/p>\n<p>Tout cela sera passionnant et d\u00e9pendra de la r\u00e9colte de cette ann\u00e9e pour remplir cet atelier. Vous pourrez emporter quelque chose avec vous et d\u00e9guster votre produit ferment\u00e9 ou s\u00e9ch\u00e9 plus tard dans l&rsquo;ann\u00e9e.<\/p>\n<p>Laissez-vous surprendre :)<\/p>\n","protected":false},"excerpt":{"rendered":"<p class=\"p1\">Atelier : Conserver les l\u00e9gumes et les fruits r\u00e9colt\u00e9s &#8211; tout sur la fermentation et le s\u00e9chage dans la qualit\u00e9 des aliments bruts.<\/p>\n<p class=\"p1\">26 septembre, 11h00-17h00, avec une pause comprenant chai, caf\u00e9 et p\u00e2tisserie ayurv\u00e9dique.<\/p>\n<h3>Prix : 65,- Euro<\/h3>\n<p>L&rsquo;atelier est limit\u00e9 \u00e0 8 personnes.<\/p>\n","protected":false},"featured_media":7082,"comment_status":"open","ping_status":"closed","template":"","meta":[],"product_brand":[],"product_cat":[163,79,118,251],"product_tag":[81,85,80,84,83,86,82],"class_list":{"0":"post-3899","1":"product","2":"type-product","3":"status-publish","4":"has-post-thumbnail","6":"product_cat-atelier","7":"product_cat-atelier-sur-lagriculture-regeneratrice","8":"product_cat-production-alimentaire","9":"product_cat-sante","10":"product_tag-alimentation","11":"product_tag-atelier","12":"product_tag-belgique","13":"product_tag-faramineux","14":"product_tag-organique","15":"product_tag-regenerateur","16":"product_tag-sante","18":"first","19":"instock","20":"shipping-taxable","21":"purchasable","22":"product-type-appointment"},"exclude_global_add_ons":[],"addons":[],"yoast_head":"<!-- This site is optimized with the Yoast SEO Premium plugin v26.7 (Yoast SEO v27.2) - https:\/\/yoast.com\/product\/yoast-seo-premium-wordpress\/ -->\n<title>Atelier : Conserver les l\u00e9gumes et les fruits pour l&#039;hiver - 26 septembre - AGBR<\/title>\n<meta name=\"description\" content=\"Atelier : Traitement des l\u00e9gumes et des fruits r\u00e9colt\u00e9s - tout sur la fermentation et le s\u00e9chage dans la qualit\u00e9 des aliments bruts, y compris les boissons et les p\u00e2tisseries ayurv\u00e9diques 26 septembre, 11:00-17:00, avec une pause Prix : 65,- Euro L&#039;atelier est limit\u00e9 \u00e0 8 personnes.\" \/>\n<meta name=\"robots\" content=\"index, follow, max-snippet:-1, max-image-preview:large, max-video-preview:-1\" \/>\n<link rel=\"canonical\" href=\"https:\/\/arthurgreenbean.be\/fr\/produkt\/cours-sur-lagriculture-regeneratrice-avec-la-myrtille-partie-2\/\" \/>\n<meta property=\"og:locale\" content=\"fr_FR\" \/>\n<meta property=\"og:type\" content=\"article\" \/>\n<meta property=\"og:title\" content=\"Atelier : Conserver les l\u00e9gumes et les fruits pour l&#039;hiver - 26 septembre\" \/>\n<meta property=\"og:description\" content=\"Atelier : Traitement des l\u00e9gumes et des fruits r\u00e9colt\u00e9s - tout sur la fermentation et le s\u00e9chage dans la qualit\u00e9 des aliments bruts, y compris les boissons et les p\u00e2tisseries ayurv\u00e9diques 26 septembre, 11:00-17:00, avec une pause Prix : 65,- Euro L&#039;atelier est limit\u00e9 \u00e0 8 personnes.\" \/>\n<meta property=\"og:url\" content=\"https:\/\/arthurgreenbean.be\/fr\/produkt\/cours-sur-lagriculture-regeneratrice-avec-la-myrtille-partie-2\/\" \/>\n<meta property=\"og:site_name\" content=\"AGBR\" \/>\n<meta property=\"article:publisher\" content=\"https:\/\/www.facebook.com\/profile.php?id=100091825763096\" \/>\n<meta property=\"article:modified_time\" content=\"2026-01-07T19:58:59+00:00\" \/>\n<meta property=\"og:image\" content=\"https:\/\/arthurgreenbean.be\/wp-content\/uploads\/Pflaumen.jpg\" \/>\n\t<meta property=\"og:image:width\" content=\"1920\" \/>\n\t<meta property=\"og:image:height\" content=\"1400\" \/>\n\t<meta property=\"og:image:type\" content=\"image\/jpeg\" \/>\n<meta name=\"twitter:card\" content=\"summary_large_image\" \/>\n<meta name=\"twitter:label1\" content=\"Dur\u00e9e de lecture estim\u00e9e\" \/>\n\t<meta name=\"twitter:data1\" content=\"1 minute\" \/>\n<script type=\"application\/ld+json\" class=\"yoast-schema-graph\">{\"@context\":\"https:\/\/schema.org\",\"@graph\":[{\"@type\":\"WebPage\",\"@id\":\"https:\/\/arthurgreenbean.be\/fr\/produkt\/cours-sur-lagriculture-regeneratrice-avec-la-myrtille-partie-2\/\",\"url\":\"https:\/\/arthurgreenbean.be\/fr\/produkt\/cours-sur-lagriculture-regeneratrice-avec-la-myrtille-partie-2\/\",\"name\":\"Atelier : Conserver les l\u00e9gumes et les fruits pour l'hiver - 26 septembre - AGBR\",\"isPartOf\":{\"@id\":\"https:\/\/arthurgreenbean.be\/fr\/#website\"},\"primaryImageOfPage\":{\"@id\":\"https:\/\/arthurgreenbean.be\/fr\/produkt\/cours-sur-lagriculture-regeneratrice-avec-la-myrtille-partie-2\/#primaryimage\"},\"image\":{\"@id\":\"https:\/\/arthurgreenbean.be\/fr\/produkt\/cours-sur-lagriculture-regeneratrice-avec-la-myrtille-partie-2\/#primaryimage\"},\"thumbnailUrl\":\"https:\/\/arthurgreenbean.be\/wp-content\/uploads\/Pflaumen.jpg\",\"datePublished\":\"2023-01-16T14:39:37+00:00\",\"dateModified\":\"2026-01-07T19:58:59+00:00\",\"description\":\"Atelier : Traitement des l\u00e9gumes et des fruits r\u00e9colt\u00e9s - tout sur la fermentation et le s\u00e9chage dans la qualit\u00e9 des aliments bruts, y compris les boissons et les p\u00e2tisseries ayurv\u00e9diques 26 septembre, 11:00-17:00, avec une pause Prix : 65,- Euro L'atelier est limit\u00e9 \u00e0 8 personnes.\",\"breadcrumb\":{\"@id\":\"https:\/\/arthurgreenbean.be\/fr\/produkt\/cours-sur-lagriculture-regeneratrice-avec-la-myrtille-partie-2\/#breadcrumb\"},\"inLanguage\":\"fr-FR\",\"potentialAction\":[{\"@type\":\"ReadAction\",\"target\":[\"https:\/\/arthurgreenbean.be\/fr\/produkt\/cours-sur-lagriculture-regeneratrice-avec-la-myrtille-partie-2\/\"]}]},{\"@type\":\"ImageObject\",\"inLanguage\":\"fr-FR\",\"@id\":\"https:\/\/arthurgreenbean.be\/fr\/produkt\/cours-sur-lagriculture-regeneratrice-avec-la-myrtille-partie-2\/#primaryimage\",\"url\":\"https:\/\/arthurgreenbean.be\/wp-content\/uploads\/Pflaumen.jpg\",\"contentUrl\":\"https:\/\/arthurgreenbean.be\/wp-content\/uploads\/Pflaumen.jpg\",\"width\":1920,\"height\":1400,\"caption\":\"delicious Avalon plums, the new harvest 2025\"},{\"@type\":\"BreadcrumbList\",\"@id\":\"https:\/\/arthurgreenbean.be\/fr\/produkt\/cours-sur-lagriculture-regeneratrice-avec-la-myrtille-partie-2\/#breadcrumb\",\"itemListElement\":[{\"@type\":\"ListItem\",\"position\":1,\"name\":\"Home\",\"item\":\"https:\/\/arthurgreenbean.be\/fr\/\"},{\"@type\":\"ListItem\",\"position\":2,\"name\":\"Shop\",\"item\":\"https:\/\/arthurgreenbean.be\/shop\/\"},{\"@type\":\"ListItem\",\"position\":3,\"name\":\"Atelier : Conserver les l\u00e9gumes et les fruits pour l&#8217;hiver &#8211; 26 septembre\"}]},{\"@type\":\"WebSite\",\"@id\":\"https:\/\/arthurgreenbean.be\/fr\/#website\",\"url\":\"https:\/\/arthurgreenbean.be\/fr\/\",\"name\":\"Arthurgreenbean\",\"description\":\"Arthur Greenbean Ranch\",\"publisher\":{\"@id\":\"https:\/\/arthurgreenbean.be\/fr\/#organization\"},\"potentialAction\":[{\"@type\":\"SearchAction\",\"target\":{\"@type\":\"EntryPoint\",\"urlTemplate\":\"https:\/\/arthurgreenbean.be\/fr\/?s={search_term_string}\"},\"query-input\":{\"@type\":\"PropertyValueSpecification\",\"valueRequired\":true,\"valueName\":\"search_term_string\"}}],\"inLanguage\":\"fr-FR\"},{\"@type\":\"Organization\",\"@id\":\"https:\/\/arthurgreenbean.be\/fr\/#organization\",\"name\":\"Arthurgreenbean Ranch\",\"url\":\"https:\/\/arthurgreenbean.be\/fr\/\",\"logo\":{\"@type\":\"ImageObject\",\"inLanguage\":\"fr-FR\",\"@id\":\"https:\/\/arthurgreenbean.be\/fr\/#\/schema\/logo\/image\/\",\"url\":\"https:\/\/arthurgreenbean.be\/wp-content\/uploads\/agbr-696-1.jpg\",\"contentUrl\":\"https:\/\/arthurgreenbean.be\/wp-content\/uploads\/agbr-696-1.jpg\",\"width\":696,\"height\":696,\"caption\":\"Arthurgreenbean Ranch\"},\"image\":{\"@id\":\"https:\/\/arthurgreenbean.be\/fr\/#\/schema\/logo\/image\/\"},\"sameAs\":[\"https:\/\/www.facebook.com\/profile.php?id=100091825763096\"]}]}<\/script>\n<!-- \/ Yoast SEO Premium plugin. -->","yoast_head_json":{"title":"Atelier : Conserver les l\u00e9gumes et les fruits pour l'hiver - 26 septembre - AGBR","description":"Atelier : Traitement des l\u00e9gumes et des fruits r\u00e9colt\u00e9s - tout sur la fermentation et le s\u00e9chage dans la qualit\u00e9 des aliments bruts, y compris les boissons et les p\u00e2tisseries ayurv\u00e9diques 26 septembre, 11:00-17:00, avec une pause Prix : 65,- Euro L'atelier est limit\u00e9 \u00e0 8 personnes.","robots":{"index":"index","follow":"follow","max-snippet":"max-snippet:-1","max-image-preview":"max-image-preview:large","max-video-preview":"max-video-preview:-1"},"canonical":"https:\/\/arthurgreenbean.be\/fr\/produkt\/cours-sur-lagriculture-regeneratrice-avec-la-myrtille-partie-2\/","og_locale":"fr_FR","og_type":"article","og_title":"Atelier : Conserver les l\u00e9gumes et les fruits pour l'hiver - 26 septembre","og_description":"Atelier : Traitement des l\u00e9gumes et des fruits r\u00e9colt\u00e9s - tout sur la fermentation et le s\u00e9chage dans la qualit\u00e9 des aliments bruts, y compris les boissons et les p\u00e2tisseries ayurv\u00e9diques 26 septembre, 11:00-17:00, avec une pause Prix : 65,- Euro L'atelier est limit\u00e9 \u00e0 8 personnes.","og_url":"https:\/\/arthurgreenbean.be\/fr\/produkt\/cours-sur-lagriculture-regeneratrice-avec-la-myrtille-partie-2\/","og_site_name":"AGBR","article_publisher":"https:\/\/www.facebook.com\/profile.php?id=100091825763096","article_modified_time":"2026-01-07T19:58:59+00:00","og_image":[{"width":1920,"height":1400,"url":"https:\/\/arthurgreenbean.be\/wp-content\/uploads\/Pflaumen.jpg","type":"image\/jpeg"}],"twitter_card":"summary_large_image","twitter_misc":{"Dur\u00e9e de lecture estim\u00e9e":"1 minute"},"schema":{"@context":"https:\/\/schema.org","@graph":[{"@type":"WebPage","@id":"https:\/\/arthurgreenbean.be\/fr\/produkt\/cours-sur-lagriculture-regeneratrice-avec-la-myrtille-partie-2\/","url":"https:\/\/arthurgreenbean.be\/fr\/produkt\/cours-sur-lagriculture-regeneratrice-avec-la-myrtille-partie-2\/","name":"Atelier : Conserver les l\u00e9gumes et les fruits pour l'hiver - 26 septembre - AGBR","isPartOf":{"@id":"https:\/\/arthurgreenbean.be\/fr\/#website"},"primaryImageOfPage":{"@id":"https:\/\/arthurgreenbean.be\/fr\/produkt\/cours-sur-lagriculture-regeneratrice-avec-la-myrtille-partie-2\/#primaryimage"},"image":{"@id":"https:\/\/arthurgreenbean.be\/fr\/produkt\/cours-sur-lagriculture-regeneratrice-avec-la-myrtille-partie-2\/#primaryimage"},"thumbnailUrl":"https:\/\/arthurgreenbean.be\/wp-content\/uploads\/Pflaumen.jpg","datePublished":"2023-01-16T14:39:37+00:00","dateModified":"2026-01-07T19:58:59+00:00","description":"Atelier : Traitement des l\u00e9gumes et des fruits r\u00e9colt\u00e9s - tout sur la fermentation et le s\u00e9chage dans la qualit\u00e9 des aliments bruts, y compris les boissons et les p\u00e2tisseries ayurv\u00e9diques 26 septembre, 11:00-17:00, avec une pause Prix : 65,- Euro L'atelier est limit\u00e9 \u00e0 8 personnes.","breadcrumb":{"@id":"https:\/\/arthurgreenbean.be\/fr\/produkt\/cours-sur-lagriculture-regeneratrice-avec-la-myrtille-partie-2\/#breadcrumb"},"inLanguage":"fr-FR","potentialAction":[{"@type":"ReadAction","target":["https:\/\/arthurgreenbean.be\/fr\/produkt\/cours-sur-lagriculture-regeneratrice-avec-la-myrtille-partie-2\/"]}]},{"@type":"ImageObject","inLanguage":"fr-FR","@id":"https:\/\/arthurgreenbean.be\/fr\/produkt\/cours-sur-lagriculture-regeneratrice-avec-la-myrtille-partie-2\/#primaryimage","url":"https:\/\/arthurgreenbean.be\/wp-content\/uploads\/Pflaumen.jpg","contentUrl":"https:\/\/arthurgreenbean.be\/wp-content\/uploads\/Pflaumen.jpg","width":1920,"height":1400,"caption":"delicious Avalon plums, the new harvest 2025"},{"@type":"BreadcrumbList","@id":"https:\/\/arthurgreenbean.be\/fr\/produkt\/cours-sur-lagriculture-regeneratrice-avec-la-myrtille-partie-2\/#breadcrumb","itemListElement":[{"@type":"ListItem","position":1,"name":"Home","item":"https:\/\/arthurgreenbean.be\/fr\/"},{"@type":"ListItem","position":2,"name":"Shop","item":"https:\/\/arthurgreenbean.be\/shop\/"},{"@type":"ListItem","position":3,"name":"Atelier : Conserver les l\u00e9gumes et les fruits pour l&#8217;hiver &#8211; 26 septembre"}]},{"@type":"WebSite","@id":"https:\/\/arthurgreenbean.be\/fr\/#website","url":"https:\/\/arthurgreenbean.be\/fr\/","name":"Arthurgreenbean","description":"Arthur Greenbean Ranch","publisher":{"@id":"https:\/\/arthurgreenbean.be\/fr\/#organization"},"potentialAction":[{"@type":"SearchAction","target":{"@type":"EntryPoint","urlTemplate":"https:\/\/arthurgreenbean.be\/fr\/?s={search_term_string}"},"query-input":{"@type":"PropertyValueSpecification","valueRequired":true,"valueName":"search_term_string"}}],"inLanguage":"fr-FR"},{"@type":"Organization","@id":"https:\/\/arthurgreenbean.be\/fr\/#organization","name":"Arthurgreenbean Ranch","url":"https:\/\/arthurgreenbean.be\/fr\/","logo":{"@type":"ImageObject","inLanguage":"fr-FR","@id":"https:\/\/arthurgreenbean.be\/fr\/#\/schema\/logo\/image\/","url":"https:\/\/arthurgreenbean.be\/wp-content\/uploads\/agbr-696-1.jpg","contentUrl":"https:\/\/arthurgreenbean.be\/wp-content\/uploads\/agbr-696-1.jpg","width":696,"height":696,"caption":"Arthurgreenbean Ranch"},"image":{"@id":"https:\/\/arthurgreenbean.be\/fr\/#\/schema\/logo\/image\/"},"sameAs":["https:\/\/www.facebook.com\/profile.php?id=100091825763096"]}]}},"_links":{"self":[{"href":"https:\/\/arthurgreenbean.be\/fr\/wp-json\/wp\/v2\/product\/3899","targetHints":{"allow":["GET"]}}],"collection":[{"href":"https:\/\/arthurgreenbean.be\/fr\/wp-json\/wp\/v2\/product"}],"about":[{"href":"https:\/\/arthurgreenbean.be\/fr\/wp-json\/wp\/v2\/types\/product"}],"replies":[{"embeddable":true,"href":"https:\/\/arthurgreenbean.be\/fr\/wp-json\/wp\/v2\/comments?post=3899"}],"wp:featuredmedia":[{"embeddable":true,"href":"https:\/\/arthurgreenbean.be\/fr\/wp-json\/wp\/v2\/media\/7082"}],"wp:attachment":[{"href":"https:\/\/arthurgreenbean.be\/fr\/wp-json\/wp\/v2\/media?parent=3899"}],"wp:term":[{"taxonomy":"product_brand","embeddable":true,"href":"https:\/\/arthurgreenbean.be\/fr\/wp-json\/wp\/v2\/product_brand?post=3899"},{"taxonomy":"product_cat","embeddable":true,"href":"https:\/\/arthurgreenbean.be\/fr\/wp-json\/wp\/v2\/product_cat?post=3899"},{"taxonomy":"product_tag","embeddable":true,"href":"https:\/\/arthurgreenbean.be\/fr\/wp-json\/wp\/v2\/product_tag?post=3899"}],"curies":[{"name":"wp","href":"https:\/\/api.w.org\/{rel}","templated":true}]}}