{"id":4485,"date":"2023-05-12T19:36:52","date_gmt":"2023-05-12T19:36:52","guid":{"rendered":"https:\/\/arthurgreenbean.be\/datenschutz\/"},"modified":"2026-01-14T18:53:28","modified_gmt":"2026-01-14T18:53:28","slug":"protection-des-donnees","status":"publish","type":"page","link":"https:\/\/arthurgreenbean.be\/fr\/protection-des-donnees\/","title":{"rendered":"Protection des donn\u00e9es"},"content":{"rendered":"<p><div class=\"fusion-fullwidth fullwidth-box fusion-builder-row-1 fusion-flex-container has-pattern-background has-mask-background nonhundred-percent-fullwidth non-hundred-percent-height-scrolling\" style=\"--awb-background-position:center top;--awb-border-radius-top-left:0px;--awb-border-radius-top-right:0px;--awb-border-radius-bottom-right:0px;--awb-border-radius-bottom-left:0px;--awb-padding-top:80px;--awb-padding-top-medium:45px;--awb-padding-bottom-medium:72px;--awb-margin-top:-80px;--awb-margin-bottom:0px;--awb-background-color:rgba(55,89,79,0);--awb-flex-wrap:wrap;\" ><div class=\"fusion-builder-row fusion-row fusion-flex-align-items-flex-start fusion-flex-content-wrap\" style=\"max-width:1144px;margin-left: calc(-4% \/ 2 );margin-right: calc(-4% \/ 2 );\"><div class=\"fusion-layout-column fusion_builder_column fusion-builder-column-0 fusion_builder_column_1_1 1_1 fusion-flex-column fusion-animated\" style=\"--awb-padding-top:10%;--awb-padding-right:10%;--awb-padding-bottom:10%;--awb-padding-left:10%;--awb-overflow:hidden;--awb-bg-color:#ffffff;--awb-bg-color-hover:#ffffff;--awb-bg-position:center center;--awb-bg-size:cover;--awb-border-radius:20px 20px 20px 20px;--awb-width-large:100%;--awb-margin-top-large:40px;--awb-spacing-right-large:1.92%;--awb-margin-bottom-large:60px;--awb-spacing-left-large:1.92%;--awb-width-medium:100%;--awb-order-medium:0;--awb-spacing-right-medium:1.92%;--awb-spacing-left-medium:1.92%;--awb-width-small:100%;--awb-order-small:0;--awb-spacing-right-small:1.92%;--awb-spacing-left-small:1.92%;\" data-animationType=\"fadeInUp\" data-animationDuration=\"1.3\" data-animationOffset=\"top-into-view\" data-scroll-devices=\"small-visibility,medium-visibility,large-visibility\"><div class=\"fusion-column-wrapper lazyload fusion-column-has-shadow fusion-flex-justify-content-flex-start fusion-content-layout-column fusion-column-has-bg-image\" data-bg-url=\"https:\/\/arthurgreenbean.be\/wp-content\/uploads\/AGBR-Startseite-2-1.jpg\" data-bg=\"https:\/\/arthurgreenbean.be\/wp-content\/uploads\/AGBR-Startseite-2-1.jpg\"><div class=\"fusion-builder-row fusion-builder-row-inner fusion-row fusion-flex-align-items-flex-start fusion-flex-content-wrap\" style=\"--awb-flex-grow:0;--awb-flex-grow-medium:0;--awb-flex-grow-small:0;--awb-flex-shrink:0;--awb-flex-shrink-medium:0;--awb-flex-shrink-small:0;width:104% !important;max-width:104% !important;margin-left: calc(-4% \/ 2 );margin-right: calc(-4% \/ 2 );\"><div class=\"fusion-layout-column fusion_builder_column_inner fusion-builder-nested-column-0 fusion_builder_column_inner_1_1 1_1 fusion-flex-column fusion-flex-align-self-center\" style=\"--awb-padding-right-small:0px;--awb-padding-left-small:0px;--awb-bg-size:cover;--awb-width-large:100%;--awb-margin-top-large:0px;--awb-spacing-right-large:1.92%;--awb-margin-bottom-large:0px;--awb-spacing-left-large:1.92%;--awb-width-medium:100%;--awb-order-medium:0;--awb-spacing-right-medium:1.92%;--awb-spacing-left-medium:1.92%;--awb-width-small:100%;--awb-order-small:0;--awb-spacing-right-small:1.92%;--awb-spacing-left-small:1.92%;\"><div class=\"fusion-column-wrapper fusion-column-has-shadow fusion-flex-justify-content-flex-end fusion-content-layout-column\"><div class=\"fusion-title title fusion-title-1 fusion-no-small-visibility fusion-sep-none fusion-title-text fusion-title-size-two\" style=\"--awb-text-color:#ffffff;--awb-margin-top-small:10px;--awb-margin-right-small:0px;--awb-margin-bottom-small:10px;--awb-margin-left-small:0px;--awb-sep-color:#d1d1d1;--awb-font-size:60px;\"><h2 class=\"fusion-title-heading title-heading-left fusion-responsive-typography-calculated\" style=\"font-family:&quot;Work Sans&quot;;font-style:normal;font-weight:400;margin:0;letter-spacing:.025em;text-transform:var(--awb-typography1-text-transform);font-size:1em;--fontSize:60;line-height:1.08;text-shadow:5px 5px 5px rgba(0,0,0,0.56);\"><h1 style=\"text-align: left;\">Protection des donn\u00e9es<\/h1><\/h2><\/div><div class=\"fusion-title title fusion-title-2 fusion-no-large-visibility fusion-sep-none fusion-title-text fusion-title-size-two\" style=\"--awb-text-color:#ffffff;--awb-margin-bottom:30px;--awb-margin-top-small:10px;--awb-margin-right-small:0px;--awb-margin-bottom-small:10px;--awb-margin-left-small:0px;--awb-sep-color:#d1d1d1;--awb-font-size:32px;\"><h2 class=\"fusion-title-heading title-heading-left fusion-responsive-typography-calculated\" style=\"font-family:&quot;Work Sans&quot;;font-style:normal;font-weight:400;margin:0;text-transform:var(--awb-typography1-text-transform);font-size:1em;--fontSize:32;line-height:1.19;text-shadow:1px 1px 8px rgba(0,0,0,0.55);\"><h1 style=\"text-align: left;\">Protection des donn\u00e9es<\/h1><\/h2><\/div><\/div><\/div><\/div><\/div><\/div><\/div><\/div><div class=\"fusion-fullwidth fullwidth-box fusion-builder-row-2 fusion-flex-container has-pattern-background has-mask-background nonhundred-percent-fullwidth non-hundred-percent-height-scrolling\" style=\"--awb-border-radius-top-left:0px;--awb-border-radius-top-right:0px;--awb-border-radius-bottom-right:0px;--awb-border-radius-bottom-left:0px;--awb-flex-wrap:wrap;\" ><div class=\"fusion-builder-row fusion-row fusion-flex-align-items-flex-start fusion-flex-content-wrap\" style=\"max-width:1144px;margin-left: calc(-4% \/ 2 );margin-right: calc(-4% \/ 2 );\"><div class=\"fusion-layout-column fusion_builder_column fusion-builder-column-1 fusion_builder_column_1_1 1_1 fusion-flex-column\" style=\"--awb-bg-size:cover;--awb-width-large:100%;--awb-margin-top-large:0px;--awb-spacing-right-large:1.92%;--awb-margin-bottom-large:0px;--awb-spacing-left-large:1.92%;--awb-width-medium:100%;--awb-order-medium:0;--awb-spacing-right-medium:1.92%;--awb-spacing-left-medium:1.92%;--awb-width-small:100%;--awb-order-small:0;--awb-spacing-right-small:1.92%;--awb-spacing-left-small:1.92%;\"><div class=\"fusion-column-wrapper fusion-column-has-shadow fusion-flex-justify-content-flex-start fusion-content-layout-column\"><div class=\"fusion-text fusion-text-1\" style=\"--awb-font-size:20px;--awb-line-height:1.2;--awb-letter-spacing:var(--awb-typography4-letter-spacing);--awb-text-transform:var(--awb-typography4-text-transform);--awb-text-color:var(--awb-color6);--awb-text-font-family:var(--awb-typography4-font-family);--awb-text-font-weight:var(--awb-typography4-font-weight);--awb-text-font-style:var(--awb-typography4-font-style);\"><p>Mallory Grill, self-employed, Rue de l&rsquo;Yser 162, 4840 Welkenraedt, Belge<br \/>\nUnternehmensnummer 0721.766.805<\/p>\n<p>Sonja Grill &#8211; Surya Ayurveda Rue de l&rsquo;Yser 162, 4840 Welkenraedt, Belge.<br \/>\nUnternehmensnummer 0800.290.184<\/p>\n<p>0032 87 703624<\/p>\n<p><a title=\"mailto:arthur@arthurgreenbean.be\" href=\"mailto:arthur@arthurgreenbean.be\">arthur@arthurgreenbean.be<\/a><\/p>\n<p>L&rsquo;entreprise Mallory Grill &amp; \u00e9galement Surya Ayurveda (Sonja Grill) respecte votre vie priv\u00e9e et veille \u00e0 ce que les informations personnelles que vous nous fournissez restent confidentielles. In this Privacy Policy, you can read about what information we collect when you use our services and\/or products, the purposes for which we collect this information, and how we use it. We also explain what rights you have, who has access to your data and how long we keep it. If you have any questions about our privacy policy after reading this statement, you can send them to <a title=\"mailto:arthur@arthurgreenbean.be\" href=\"mailto:arthur@arthurgreenbean.be\">arthur@arthurgreenbean.be<\/a>.<\/p>\n<p><strong>Purpose of processing and retention period <\/strong><\/p>\n<p>La soci\u00e9t\u00e9 Mallory Grill et la soci\u00e9t\u00e9 Surya Ayurveda (Sonja Grill) collectent et traitent vos donn\u00e9es aux fins d\u00e9crites ci-dessous. In doing so, we use both the data that you provide to us and the data that we collect ourselves (for example, about your visit to our website). We keep personal data for as long as is necessary for the purposes in question or as required by law (obligation to keep accounting records, etc.).<\/p>\n<p><strong>Execution of your order <\/strong><\/p>\n<p>In order to execute your order, we need your name, e-mail address, delivery address, payment details and sometimes your telephone number and\/or date of birth. This allows us to deliver your order and keep you informed about the progress of the delivery. We are required by law to keep your order data for seven (7) years.<\/p>\n<p><strong>Legal grounds for processing <\/strong><\/p>\n<p>Mallory Grill &amp; Surya Ayurveda (Sonja Grill) traite des donn\u00e9es personnelles pour les raisons l\u00e9gales suivantes :<\/p>\n<p>Authorization (e.g. sending newsletters and invitations; collection of sensitive data).<\/p>\n<p>&#8211; n\u00e9cessaires \u00e0 l&rsquo;ex\u00e9cution d&rsquo;un contrat (ex\u00e9cution de votre commande, &#8230;)<\/p>\n<p>&#8211; n\u00e9cessaire pour se conformer \u00e0 une obligation l\u00e9gale<\/p>\n<p>&#8211; n\u00e9cessaire pour faire valoir nos int\u00e9r\u00eats commerciaux l\u00e9gitimes<\/p>\n<p>Si des donn\u00e9es \u00e0 caract\u00e8re personnel sont trait\u00e9es dans ce contexte sur la base juridique d&rsquo;une autorisation, vous avez le droit de r\u00e9voquer \u00e0 tout moment l&rsquo;autorisation accord\u00e9e.<\/p>\n<p><b><br \/>\nTransfert \u00e0 des tiers :<\/b> Fa. Mallory Grill &amp; Fa. Surya Ayurveda (Sonja Grill) ne vend pas vos donn\u00e9es personnelles \u00e0 des tiers. We share your data internally with our employees (salaried or freelance). En outre, nous <span style=\"color: var(--awb-text-color); font-family: var(--awb-text-font-family); font-size: var(--awb-font-size); font-style: var(--awb-text-font-style); letter-spacing: var(--awb-letter-spacing); text-align: var(--awb-content-alignment); text-transform: var(--awb-text-transform); background-color: var(--awb-bg-color-hover);\">ne<\/span> transmettons vos donn\u00e9es \u00e0 <span style=\"color: var(--awb-text-color); font-family: var(--awb-text-font-family); font-size: var(--awb-font-size); font-style: var(--awb-text-font-style); letter-spacing: var(--awb-letter-spacing); text-align: var(--awb-content-alignment); text-transform: var(--awb-text-transform); background-color: var(--awb-bg-color-hover);\">des tiers que pour<\/span>:<\/p>\n<p>&#8211; l&rsquo;ex\u00e9cution de votre commande ou de votre r\u00e9servation.<\/p>\n<p>&#8211; la cr\u00e9ation (et la distribution) de bulletins d&rsquo;information et d&rsquo;invitations.<\/p>\n<p>Our employees and the third parties commissioned by us are obliged to treat your data confidentially. We guarantee that they have taken the necessary protective measures for this.<\/p>\n<p><b>Cookies :<\/b> Lorsque vous visitez notre site web, de petits fichiers texte appel\u00e9s cookies sont stock\u00e9s sur votre ordinateur ou votre appareil mobile. Cookies allow us to recognize your device on a subsequent visit, so you do not have to enter or transmit the same information each time. Cookies also tell us how you use our website and how we can improve the usability of our services.<\/p>\n<p>You can set your Internet browser to not accept cookies, to warn you when a cookie is set, or to delete cookies after your session. Some graphical elements may not display properly or you may not be able to use certain applications if cookies are disabled in your browser.<br \/>\nNous utilisons les cookies suivants :<\/p>\n<p>Veuillez cliquer sur le bouton rouge des cookies dans le coin gauche pour ouvrir les param\u00e8tres des cookies.<\/p>\n<p><span style=\"color: var(--awb-text-color); font-family: var(--awb-text-font-family); font-size: var(--awb-font-size); font-style: var(--awb-text-font-style); letter-spacing: var(--awb-letter-spacing); text-align: var(--awb-content-alignment); text-transform: var(--awb-text-transform);\"><br \/>\n<b>Y<\/b><br \/>\n<\/span><strong style=\"color: var(--awb-text-color); font-family: var(--awb-text-font-family); font-size: var(--awb-font-size); font-style: var(--awb-text-font-style); letter-spacing: var(--awb-letter-spacing); text-align: var(--awb-content-alignment); text-transform: var(--awb-text-transform);\">nos droits concernant vos donn\u00e9es personnelles <\/strong><\/p>\n<p>You have the right to access the personal data we hold about you and to rectify it (or have it rectified) if it is inaccurate or incomplete. You may also have your personal data erased, restrict the processing of your personal data and object to the processing of (part of) your personal data by us or one of our subcontractors.<\/p>\n<p>You also have the right to request a copy (in a structured, up-to-date and machine-readable form) of your personal data and to have it transferred to another party.<br \/>\nYou have the right to object, free of charge, to the processing of your personal data for direct marketing purposes.<\/p>\n<p><strong>To exercise the above rights, you only need to: <\/strong><\/p>\n<p>envoyez un e-mail \u00e0 <a title=\"mailto:arthur@arthurgreenbean.be\" href=\"mailto:arthur@arthurgreenbean.be\">arthur@arthurgreenbean.be<\/a><br \/>\nIn order to avoid misuse, we kindly ask you to also send us a copy of your identity card (possibly with a photo made unrecognizable).<\/p>\n<p><b><br \/>\nR\u00e9clamations :<\/b> Vous avez des questions ou des r\u00e9clamations concernant vos donn\u00e9es et la protection des donn\u00e9es ? Please contact us using the contact details at the beginning of this privacy policy.<\/p>\n<p>You always have the right to submit your complaint to the Data Protection Authority: (<a title=\"mailto:contact@apd-gba.be\" href=\"mailto:contact@apd-gba.be\">contact@apd-gba.be<\/a>, <a href=\"tel:+3222744800\">+32 (0)2 274 48 00<\/a>), <a title=\"http:\/\/www.autoriteprotectiondonnees.be\" href=\"http:\/\/www.autoriteprotectiondonnees.be\">www.autoriteprotectiondonnees.be<\/a>, Rue de la Presse 35, 1000 Brussels).<\/p>\n<p><b>Modification de la politique<\/b> de confidentialit\u00e9 La soci\u00e9t\u00e9 Mallory Grill et la soci\u00e9t\u00e9 Surya Ayurveda (Sonja Grill) peuvent modifier leur politique de confidentialit\u00e9. Any such change will be posted on our website. This privacy statement was last modified on: 14.01.2026<\/p>\n<\/div><\/div><\/div><\/div><\/div><\/p>\n","protected":false},"excerpt":{"rendered":"","protected":false},"author":1,"featured_media":0,"parent":0,"menu_order":0,"comment_status":"closed","ping_status":"closed","template":"100-width.php","meta":{"footnotes":""},"class_list":["post-4485","page","type-page","status-publish","hentry"],"yoast_head":"<!-- This site is optimized with the Yoast SEO Premium plugin v26.7 (Yoast SEO v27.2) - https:\/\/yoast.com\/product\/yoast-seo-premium-wordpress\/ -->\n<title>Protection des donn\u00e9es - AGBR<\/title>\n<meta name=\"robots\" content=\"index, follow, max-snippet:-1, max-image-preview:large, max-video-preview:-1\" \/>\n<link rel=\"canonical\" href=\"https:\/\/arthurgreenbean.be\/fr\/protection-des-donnees\/\" \/>\n<meta property=\"og:locale\" content=\"fr_FR\" \/>\n<meta property=\"og:type\" content=\"article\" \/>\n<meta property=\"og:title\" content=\"Protection des donn\u00e9es\" \/>\n<meta property=\"og:url\" content=\"https:\/\/arthurgreenbean.be\/fr\/protection-des-donnees\/\" \/>\n<meta property=\"og:site_name\" content=\"AGBR\" \/>\n<meta property=\"article:publisher\" content=\"https:\/\/www.facebook.com\/profile.php?id=100091825763096\" \/>\n<meta property=\"article:modified_time\" content=\"2026-01-14T18:53:28+00:00\" \/>\n<meta property=\"og:image\" content=\"https:\/\/arthurgreenbean.be\/wp-content\/uploads\/agbr-1200.jpg\" \/>\n\t<meta property=\"og:image:width\" content=\"1200\" \/>\n\t<meta property=\"og:image:height\" content=\"675\" \/>\n\t<meta property=\"og:image:type\" content=\"image\/jpeg\" \/>\n<meta name=\"twitter:card\" content=\"summary_large_image\" \/>\n<meta name=\"twitter:label1\" content=\"Dur\u00e9e de lecture estim\u00e9e\" \/>\n\t<meta name=\"twitter:data1\" content=\"4 minutes\" \/>\n<script type=\"application\/ld+json\" class=\"yoast-schema-graph\">{\"@context\":\"https:\/\/schema.org\",\"@graph\":[{\"@type\":\"WebPage\",\"@id\":\"https:\/\/arthurgreenbean.be\/fr\/protection-des-donnees\/\",\"url\":\"https:\/\/arthurgreenbean.be\/fr\/protection-des-donnees\/\",\"name\":\"Protection des donn\u00e9es - AGBR\",\"isPartOf\":{\"@id\":\"https:\/\/arthurgreenbean.be\/fr\/#website\"},\"datePublished\":\"2023-05-12T19:36:52+00:00\",\"dateModified\":\"2026-01-14T18:53:28+00:00\",\"breadcrumb\":{\"@id\":\"https:\/\/arthurgreenbean.be\/fr\/protection-des-donnees\/#breadcrumb\"},\"inLanguage\":\"fr-FR\",\"potentialAction\":[{\"@type\":\"ReadAction\",\"target\":[\"https:\/\/arthurgreenbean.be\/fr\/protection-des-donnees\/\"]}]},{\"@type\":\"BreadcrumbList\",\"@id\":\"https:\/\/arthurgreenbean.be\/fr\/protection-des-donnees\/#breadcrumb\",\"itemListElement\":[{\"@type\":\"ListItem\",\"position\":1,\"name\":\"Home\",\"item\":\"https:\/\/arthurgreenbean.be\/fr\/\"},{\"@type\":\"ListItem\",\"position\":2,\"name\":\"Protection des donn\u00e9es\"}]},{\"@type\":\"WebSite\",\"@id\":\"https:\/\/arthurgreenbean.be\/fr\/#website\",\"url\":\"https:\/\/arthurgreenbean.be\/fr\/\",\"name\":\"Arthurgreenbean\",\"description\":\"Arthur Greenbean Ranch\",\"publisher\":{\"@id\":\"https:\/\/arthurgreenbean.be\/fr\/#organization\"},\"potentialAction\":[{\"@type\":\"SearchAction\",\"target\":{\"@type\":\"EntryPoint\",\"urlTemplate\":\"https:\/\/arthurgreenbean.be\/fr\/?s={search_term_string}\"},\"query-input\":{\"@type\":\"PropertyValueSpecification\",\"valueRequired\":true,\"valueName\":\"search_term_string\"}}],\"inLanguage\":\"fr-FR\"},{\"@type\":\"Organization\",\"@id\":\"https:\/\/arthurgreenbean.be\/fr\/#organization\",\"name\":\"Arthurgreenbean Ranch\",\"url\":\"https:\/\/arthurgreenbean.be\/fr\/\",\"logo\":{\"@type\":\"ImageObject\",\"inLanguage\":\"fr-FR\",\"@id\":\"https:\/\/arthurgreenbean.be\/fr\/#\/schema\/logo\/image\/\",\"url\":\"https:\/\/arthurgreenbean.be\/wp-content\/uploads\/agbr-696-1.jpg\",\"contentUrl\":\"https:\/\/arthurgreenbean.be\/wp-content\/uploads\/agbr-696-1.jpg\",\"width\":696,\"height\":696,\"caption\":\"Arthurgreenbean Ranch\"},\"image\":{\"@id\":\"https:\/\/arthurgreenbean.be\/fr\/#\/schema\/logo\/image\/\"},\"sameAs\":[\"https:\/\/www.facebook.com\/profile.php?id=100091825763096\"]}]}<\/script>\n<!-- \/ Yoast SEO Premium plugin. -->","yoast_head_json":{"title":"Protection des donn\u00e9es - AGBR","robots":{"index":"index","follow":"follow","max-snippet":"max-snippet:-1","max-image-preview":"max-image-preview:large","max-video-preview":"max-video-preview:-1"},"canonical":"https:\/\/arthurgreenbean.be\/fr\/protection-des-donnees\/","og_locale":"fr_FR","og_type":"article","og_title":"Protection des donn\u00e9es","og_url":"https:\/\/arthurgreenbean.be\/fr\/protection-des-donnees\/","og_site_name":"AGBR","article_publisher":"https:\/\/www.facebook.com\/profile.php?id=100091825763096","article_modified_time":"2026-01-14T18:53:28+00:00","og_image":[{"width":1200,"height":675,"url":"https:\/\/arthurgreenbean.be\/wp-content\/uploads\/agbr-1200.jpg","type":"image\/jpeg"}],"twitter_card":"summary_large_image","twitter_misc":{"Dur\u00e9e de lecture estim\u00e9e":"4 minutes"},"schema":{"@context":"https:\/\/schema.org","@graph":[{"@type":"WebPage","@id":"https:\/\/arthurgreenbean.be\/fr\/protection-des-donnees\/","url":"https:\/\/arthurgreenbean.be\/fr\/protection-des-donnees\/","name":"Protection des donn\u00e9es - AGBR","isPartOf":{"@id":"https:\/\/arthurgreenbean.be\/fr\/#website"},"datePublished":"2023-05-12T19:36:52+00:00","dateModified":"2026-01-14T18:53:28+00:00","breadcrumb":{"@id":"https:\/\/arthurgreenbean.be\/fr\/protection-des-donnees\/#breadcrumb"},"inLanguage":"fr-FR","potentialAction":[{"@type":"ReadAction","target":["https:\/\/arthurgreenbean.be\/fr\/protection-des-donnees\/"]}]},{"@type":"BreadcrumbList","@id":"https:\/\/arthurgreenbean.be\/fr\/protection-des-donnees\/#breadcrumb","itemListElement":[{"@type":"ListItem","position":1,"name":"Home","item":"https:\/\/arthurgreenbean.be\/fr\/"},{"@type":"ListItem","position":2,"name":"Protection des donn\u00e9es"}]},{"@type":"WebSite","@id":"https:\/\/arthurgreenbean.be\/fr\/#website","url":"https:\/\/arthurgreenbean.be\/fr\/","name":"Arthurgreenbean","description":"Arthur Greenbean Ranch","publisher":{"@id":"https:\/\/arthurgreenbean.be\/fr\/#organization"},"potentialAction":[{"@type":"SearchAction","target":{"@type":"EntryPoint","urlTemplate":"https:\/\/arthurgreenbean.be\/fr\/?s={search_term_string}"},"query-input":{"@type":"PropertyValueSpecification","valueRequired":true,"valueName":"search_term_string"}}],"inLanguage":"fr-FR"},{"@type":"Organization","@id":"https:\/\/arthurgreenbean.be\/fr\/#organization","name":"Arthurgreenbean Ranch","url":"https:\/\/arthurgreenbean.be\/fr\/","logo":{"@type":"ImageObject","inLanguage":"fr-FR","@id":"https:\/\/arthurgreenbean.be\/fr\/#\/schema\/logo\/image\/","url":"https:\/\/arthurgreenbean.be\/wp-content\/uploads\/agbr-696-1.jpg","contentUrl":"https:\/\/arthurgreenbean.be\/wp-content\/uploads\/agbr-696-1.jpg","width":696,"height":696,"caption":"Arthurgreenbean Ranch"},"image":{"@id":"https:\/\/arthurgreenbean.be\/fr\/#\/schema\/logo\/image\/"},"sameAs":["https:\/\/www.facebook.com\/profile.php?id=100091825763096"]}]}},"_links":{"self":[{"href":"https:\/\/arthurgreenbean.be\/fr\/wp-json\/wp\/v2\/pages\/4485","targetHints":{"allow":["GET"]}}],"collection":[{"href":"https:\/\/arthurgreenbean.be\/fr\/wp-json\/wp\/v2\/pages"}],"about":[{"href":"https:\/\/arthurgreenbean.be\/fr\/wp-json\/wp\/v2\/types\/page"}],"author":[{"embeddable":true,"href":"https:\/\/arthurgreenbean.be\/fr\/wp-json\/wp\/v2\/users\/1"}],"replies":[{"embeddable":true,"href":"https:\/\/arthurgreenbean.be\/fr\/wp-json\/wp\/v2\/comments?post=4485"}],"version-history":[{"count":7,"href":"https:\/\/arthurgreenbean.be\/fr\/wp-json\/wp\/v2\/pages\/4485\/revisions"}],"predecessor-version":[{"id":7724,"href":"https:\/\/arthurgreenbean.be\/fr\/wp-json\/wp\/v2\/pages\/4485\/revisions\/7724"}],"wp:attachment":[{"href":"https:\/\/arthurgreenbean.be\/fr\/wp-json\/wp\/v2\/media?parent=4485"}],"curies":[{"name":"wp","href":"https:\/\/api.w.org\/{rel}","templated":true}]}}