{"id":3805,"date":"2023-02-05T13:28:59","date_gmt":"2023-02-05T13:28:59","guid":{"rendered":"https:\/\/arthurgreenbean.be\/lagriculture-regeneratrice\/un-peu-dhistoire-du-ranch\/"},"modified":"2023-04-29T20:16:25","modified_gmt":"2023-04-29T20:16:25","slug":"un-peu-dhistoire-du-ranch","status":"publish","type":"page","link":"https:\/\/arthurgreenbean.be\/fr\/lagriculture-regeneratrice\/un-peu-dhistoire-du-ranch\/","title":{"rendered":"Un peu d&rsquo;histoire du Ranch"},"content":{"rendered":"<p><div class=\"fusion-fullwidth fullwidth-box fusion-builder-row-1 fusion-flex-container has-pattern-background has-mask-background nonhundred-percent-fullwidth non-hundred-percent-height-scrolling\" style=\"--link_hover_color: #ff871f;--link_color: #47c7cd;--awb-background-blend-mode:multiply;--awb-border-sizes-top:0;--awb-border-sizes-bottom:0;--awb-border-sizes-left:0;--awb-border-sizes-right:0;--awb-border-color:#ffffff;--awb-border-radius-top-left:0px;--awb-border-radius-top-right:0px;--awb-border-radius-bottom-right:0px;--awb-border-radius-bottom-left:0px;--awb-padding-top:50px;--awb-background-color:rgba(239,239,239,0);--awb-flex-wrap:wrap;\" ><div class=\"fusion-builder-row fusion-row fusion-flex-align-items-flex-start fusion-flex-content-wrap\" style=\"max-width:1144px;margin-left: calc(-4% \/ 2 );margin-right: calc(-4% \/ 2 );\"><div class=\"fusion-layout-column fusion_builder_column fusion-builder-column-0 fusion_builder_column_1_1 1_1 fusion-flex-column fusion-animated\" style=\"--awb-padding-top:10%;--awb-padding-right:10%;--awb-padding-bottom:10%;--awb-padding-left:10%;--awb-overflow:hidden;--awb-bg-color:#ffffff;--awb-bg-color-hover:#ffffff;--awb-bg-position:center top;--awb-bg-size:cover;--awb-border-radius:20px 20px 20px 20px;--awb-width-large:100%;--awb-margin-top-large:40px;--awb-spacing-right-large:1.92%;--awb-margin-bottom-large:60px;--awb-spacing-left-large:1.92%;--awb-width-medium:100%;--awb-order-medium:0;--awb-spacing-right-medium:1.92%;--awb-spacing-left-medium:1.92%;--awb-width-small:100%;--awb-order-small:0;--awb-spacing-right-small:1.92%;--awb-spacing-left-small:1.92%;\" data-animationType=\"fadeInUp\" data-animationDuration=\"1.3\" data-animationOffset=\"top-into-view\" data-scroll-devices=\"small-visibility,medium-visibility,large-visibility\"><div class=\"fusion-column-wrapper lazyload fusion-column-has-shadow fusion-flex-justify-content-flex-start fusion-content-layout-column fusion-column-has-bg-image\" data-bg-url=\"https:\/\/arthurgreenbean.be\/wp-content\/uploads\/Header_History-1920.jpg\" data-bg=\"https:\/\/arthurgreenbean.be\/wp-content\/uploads\/Header_History-1920.jpg\"><div class=\"fusion-builder-row fusion-builder-row-inner fusion-row fusion-flex-align-items-flex-start fusion-flex-content-wrap\" style=\"--awb-flex-grow:0;--awb-flex-grow-medium:0;--awb-flex-grow-small:0;--awb-flex-shrink:0;--awb-flex-shrink-medium:0;--awb-flex-shrink-small:0;width:104% !important;max-width:104% !important;margin-left: calc(-4% \/ 2 );margin-right: calc(-4% \/ 2 );\"><div class=\"fusion-layout-column fusion_builder_column_inner fusion-builder-nested-column-0 fusion_builder_column_inner_1_1 1_1 fusion-flex-column fusion-flex-align-self-center\" style=\"--awb-padding-right-small:0px;--awb-padding-left-small:0px;--awb-bg-size:cover;--awb-width-large:100%;--awb-margin-top-large:0px;--awb-spacing-right-large:1.92%;--awb-margin-bottom-large:0px;--awb-spacing-left-large:1.92%;--awb-width-medium:100%;--awb-order-medium:0;--awb-spacing-right-medium:1.92%;--awb-spacing-left-medium:1.92%;--awb-width-small:100%;--awb-order-small:0;--awb-spacing-right-small:1.92%;--awb-spacing-left-small:1.92%;\"><div class=\"fusion-column-wrapper fusion-column-has-shadow fusion-flex-justify-content-flex-end fusion-content-layout-column\"><div class=\"fusion-title title fusion-title-1 fusion-no-small-visibility fusion-sep-none fusion-title-center fusion-title-text fusion-title-size-two\" style=\"--awb-text-color:#ffffff;--awb-margin-top-small:10px;--awb-margin-right-small:0px;--awb-margin-bottom-small:10px;--awb-margin-left-small:0px;--awb-sep-color:#d1d1d1;--awb-font-size:60px;\"><h2 class=\"fusion-title-heading title-heading-center fusion-responsive-typography-calculated\" style=\"font-family:&quot;Work Sans&quot;;font-style:normal;font-weight:400;margin:0;letter-spacing:.025em;text-transform:var(--awb-typography1-text-transform);font-size:1em;--fontSize:60;line-height:1.08;text-shadow:5px 5px 5px rgba(0,0,0,0.56);\"><p style=\"text-align: left;\">Un peu d&rsquo;histoire du Ranch<\/p><\/h2><\/div><div class=\"fusion-title title fusion-title-2 fusion-no-large-visibility fusion-sep-none fusion-title-center fusion-title-text fusion-title-size-one\" style=\"--awb-text-color:#ffffff;--awb-margin-bottom:30px;--awb-margin-top-small:10px;--awb-margin-right-small:0px;--awb-margin-bottom-small:10px;--awb-margin-left-small:0px;--awb-sep-color:#d1d1d1;--awb-font-size:32px;\"><h1 class=\"fusion-title-heading title-heading-center fusion-responsive-typography-calculated\" style=\"font-family:&quot;Work Sans&quot;;font-style:normal;font-weight:400;margin:0;text-transform:var(--awb-typography1-text-transform);font-size:1em;--fontSize:32;line-height:1.19;text-shadow:1px 1px 8px rgba(0,0,0,0.55);\"><p style=\"text-align: left;\">Un peu d&rsquo;histoire du Ranch<\/p><\/h1><\/div><div class=\"fusion-text fusion-text-1 fusion-no-small-visibility\" style=\"--awb-font-size:22px;--awb-line-height:1.4;--awb-letter-spacing:0px;--awb-text-transform:var(--awb-typography4-text-transform);--awb-text-color:#ffffff;--awb-text-font-family:&quot;Roboto&quot;;--awb-text-font-style:normal;--awb-text-font-weight:400;\"><p class=\"p1\" style=\"text-align: left;\">L\u00e0 o\u00f9 Arthur a trouv\u00e9 ses racines.<\/p>\n<\/div><div class=\"fusion-text fusion-text-2 fusion-no-medium-visibility fusion-no-large-visibility\" style=\"--awb-font-size:16px;--awb-line-height:1.4;--awb-letter-spacing:0px;--awb-text-transform:var(--awb-typography4-text-transform);--awb-text-color:#ffffff;--awb-text-font-family:&quot;Roboto&quot;;--awb-text-font-style:normal;--awb-text-font-weight:400;\"><p class=\"p1\" style=\"text-align: left;\">L\u00e0 o\u00f9 Arthur a trouv\u00e9 ses racines.<\/p>\n<\/div><\/div><\/div><\/div><\/div><\/div><div class=\"fusion-layout-column fusion_builder_column fusion-builder-column-1 fusion_builder_column_1_1 1_1 fusion-flex-column\" style=\"--awb-bg-size:cover;--awb-width-large:100%;--awb-margin-top-large:0px;--awb-spacing-right-large:1.92%;--awb-margin-bottom-large:0px;--awb-spacing-left-large:1.92%;--awb-width-medium:100%;--awb-order-medium:0;--awb-spacing-right-medium:1.92%;--awb-spacing-left-medium:1.92%;--awb-width-small:100%;--awb-order-small:0;--awb-spacing-right-small:1.92%;--awb-spacing-left-small:1.92%;\"><div class=\"fusion-column-wrapper fusion-column-has-shadow fusion-flex-justify-content-flex-start fusion-content-layout-column\"><div class=\"fusion-text fusion-text-3\"><p class=\"p1\">Un petit bout de Belgique, dans le fameux Dreil\u00e4ndereck (ou Hohes Venn !), pr\u00e8s de Maastricht, Aix-la-Chapelle et Li\u00e8ge. 3,5 hectares, 210 m\u00e8tres d&rsquo;altitude, des hivers froids et durs, en particulier \u00e0 cause de l&rsquo;air froid qui vient parfois du Hohes Venn, des \u00e9t\u00e9s incroyablement beaux, et tout ce qu&rsquo;il y a entre les deux.<\/p>\n<p class=\"p1\">Plus de 50 ans avant nous, la famille d&rsquo;agriculteurs Lambertz (2 fr\u00e8res et leur \u00e9pouse Pauline) a r\u00e9ussi \u00e0 gagner sa vie ici avec 8 vaches et beaucoup de travail. Un fr\u00e8re vit \u00e0 l&rsquo;heure o\u00f9 j&rsquo;\u00e9cris ces lignes&#8230; qu&rsquo;ils soient b\u00e9nis, ils ont connu une \u00e9poque tr\u00e8s diff\u00e9rente ici ! La r\u00e9gion est pleine de souvenirs de la Seconde Guerre mondiale.<\/p>\n<p class=\"p1\">Une ligne de chemin de fer passe devant l&rsquo;entr\u00e9e de notre all\u00e9e, et c&rsquo;est ici que se trouve une croix en pierre d\u00e9di\u00e9e \u00e0 un pauvre diable qui, en 1944 (d&rsquo;apr\u00e8s ce que m&rsquo;ont dit les fermiers), a saut\u00e9 d&rsquo;un train de prisonniers pour s&rsquo;\u00e9chapper et est mort sur place, \u00e0 cet endroit-l\u00e0&#8230;<span class=\"Apple-converted-space\"> <\/span><\/p>\n<p>Je suis fascin\u00e9e par la vie qui r\u00e9gnait ici il y a tout juste 120 ans, lorsque la petite ferme belge typique a \u00e9t\u00e9 construite en utilisant le \u00ab\u00a0bruch-stein\u00a0\u00bb local (allemand, lit. : \u00ab\u00a0pierre cass\u00e9e\u00a0\u00bb), qui a une couleur et une sensation tr\u00e8s agr\u00e9ables et chaudes. Ils n&rsquo;utilisaient pas de ciment dans le mortier ( !) et comme le sol \u00e9tait plus ou moins constitu\u00e9 d&rsquo;argile solide, ils ne faisaient m\u00eame pas de \u00ab\u00a0fondations\u00a0\u00bb.<\/p>\n<\/div><\/div><\/div><\/div><\/div><div class=\"fusion-fullwidth fullwidth-box fusion-builder-row-2 fusion-flex-container has-pattern-background has-mask-background nonhundred-percent-fullwidth non-hundred-percent-height-scrolling fusion-no-small-visibility\" style=\"--awb-border-radius-top-left:0px;--awb-border-radius-top-right:0px;--awb-border-radius-bottom-right:0px;--awb-border-radius-bottom-left:0px;--awb-flex-wrap:wrap;\" ><div class=\"fusion-builder-row fusion-row fusion-flex-align-items-flex-start fusion-flex-content-wrap\" style=\"max-width:1144px;margin-left: calc(-4% \/ 2 );margin-right: calc(-4% \/ 2 );\"><div class=\"fusion-layout-column fusion_builder_column fusion-builder-column-2 fusion_builder_column_1_1 1_1 fusion-flex-column\" style=\"--awb-bg-size:cover;--awb-width-large:100%;--awb-margin-top-large:0px;--awb-spacing-right-large:1.92%;--awb-margin-bottom-large:0px;--awb-spacing-left-large:1.92%;--awb-width-medium:100%;--awb-order-medium:0;--awb-spacing-right-medium:1.92%;--awb-spacing-left-medium:1.92%;--awb-width-small:100%;--awb-order-small:0;--awb-spacing-right-small:1.92%;--awb-spacing-left-small:1.92%;\"><div class=\"fusion-column-wrapper fusion-column-has-shadow fusion-flex-justify-content-flex-start fusion-content-layout-row\"><div class=\"fusion-separator fusion-full-width-sep\" style=\"align-self: flex-start;margin-right:auto;flex-grow:4;margin-top:50px;margin-bottom:30px;width:100%;max-width:100%;\"><div class=\"fusion-separator-border sep-shadow\" style=\"--awb-height:20px;--awb-amount:20px;--awb-sep-color:var(--awb-color4);background:radial-gradient(ellipse at 50% -50% , var(--awb-color4) 0px, rgba(255, 255, 255, 0) 80%) repeat scroll 0 0 rgba(0, 0, 0, 0);background:-webkit-radial-gradient(ellipse at 50% -50% , var(--awb-color4) 0px, rgba(255, 255, 255, 0) 80%) repeat scroll 0 0 rgba(0, 0, 0, 0);background:-moz-radial-gradient(ellipse at 50% -50% , var(--awb-color4) 0px, rgba(255, 255, 255, 0) 80%) repeat scroll 0 0 rgba(0, 0, 0, 0);background:-o-radial-gradient(ellipse at 50% -50% , var(--awb-color4) 0px, rgba(255, 255, 255, 0) 80%) repeat scroll 0 0 rgba(0, 0, 0, 0);\"><\/div><\/div><\/div><\/div><\/div><\/div><div class=\"fusion-fullwidth fullwidth-box fusion-builder-row-3 fusion-flex-container has-pattern-background has-mask-background nonhundred-percent-fullwidth non-hundred-percent-height-scrolling\" style=\"--awb-border-radius-top-left:0px;--awb-border-radius-top-right:0px;--awb-border-radius-bottom-right:0px;--awb-border-radius-bottom-left:0px;--awb-margin-top:50px;--awb-margin-bottom:80px;--awb-background-color:rgba(223,239,194,0);--awb-flex-wrap:wrap;\" ><div class=\"fusion-builder-row fusion-row fusion-flex-align-items-flex-start fusion-flex-content-wrap\" style=\"max-width:1144px;margin-left: calc(-4% \/ 2 );margin-right: calc(-4% \/ 2 );\"><div class=\"fusion-layout-column fusion_builder_column fusion-builder-column-3 fusion_builder_column_1_2 1_2 fusion-flex-column\" style=\"--awb-overflow:hidden;--awb-bg-size:cover;--awb-box-shadow:5px 5px 20px 7px rgba(0,0,0,0.15);;--awb-border-radius:20px 20px 20px 20px;--awb-width-large:50%;--awb-margin-top-large:0px;--awb-spacing-right-large:3.84%;--awb-margin-bottom-large:0px;--awb-spacing-left-large:3.84%;--awb-width-medium:100%;--awb-order-medium:0;--awb-spacing-right-medium:1.92%;--awb-spacing-left-medium:1.92%;--awb-width-small:100%;--awb-order-small:0;--awb-spacing-right-small:1.92%;--awb-margin-bottom-small:60px;--awb-spacing-left-small:1.92%;\"><div class=\"fusion-column-wrapper fusion-column-has-shadow fusion-flex-justify-content-flex-start fusion-content-layout-column\"><div class=\"fusion-image-element \" style=\"--awb-caption-title-font-family:var(--h2_typography-font-family);--awb-caption-title-font-weight:var(--h2_typography-font-weight);--awb-caption-title-font-style:var(--h2_typography-font-style);--awb-caption-title-size:var(--h2_typography-font-size);--awb-caption-title-transform:var(--h2_typography-text-transform);--awb-caption-title-line-height:var(--h2_typography-line-height);--awb-caption-title-letter-spacing:var(--h2_typography-letter-spacing);\"><span class=\" fusion-imageframe imageframe-none imageframe-1 hover-type-none\"><img decoding=\"async\" width=\"1160\" height=\"1400\" alt=\"Cameroon sheep in the orchard on a misty day\" title=\"960&#215;1400-History\" src=\"https:\/\/arthurgreenbean.be\/wp-content\/uploads\/960x1400-History.jpg\" data-orig-src=\"https:\/\/arthurgreenbean.be\/wp-content\/uploads\/960x1400-History.jpg\" class=\"lazyload img-responsive wp-image-3444\" srcset=\"data:image\/svg+xml,%3Csvg%20xmlns%3D%27http%3A%2F%2Fwww.w3.org%2F2000%2Fsvg%27%20width%3D%271160%27%20height%3D%271400%27%20viewBox%3D%270%200%201160%201400%27%3E%3Crect%20width%3D%271160%27%20height%3D%271400%27%20fill-opacity%3D%220%22%2F%3E%3C%2Fsvg%3E\" data-srcset=\"https:\/\/arthurgreenbean.be\/wp-content\/uploads\/960x1400-History-200x241.jpg 200w, https:\/\/arthurgreenbean.be\/wp-content\/uploads\/960x1400-History-400x483.jpg 400w, https:\/\/arthurgreenbean.be\/wp-content\/uploads\/960x1400-History-600x724.jpg 600w, https:\/\/arthurgreenbean.be\/wp-content\/uploads\/960x1400-History-800x966.jpg 800w, https:\/\/arthurgreenbean.be\/wp-content\/uploads\/960x1400-History.jpg 1160w\" data-sizes=\"auto\" data-orig-sizes=\"(max-width: 1024px) 100vw, (max-width: 640px) 100vw, 600px\" \/><\/span><\/div><\/div><\/div><div class=\"fusion-layout-column fusion_builder_column fusion-builder-column-4 fusion_builder_column_1_2 1_2 fusion-flex-column fusion-flex-align-self-center\" style=\"--awb-bg-size:cover;--awb-width-large:50%;--awb-margin-top-large:0px;--awb-spacing-right-large:3.84%;--awb-margin-bottom-large:0px;--awb-spacing-left-large:3.84%;--awb-width-medium:100%;--awb-order-medium:0;--awb-spacing-right-medium:1.92%;--awb-spacing-left-medium:1.92%;--awb-width-small:100%;--awb-order-small:0;--awb-spacing-right-small:1.92%;--awb-spacing-left-small:1.92%;\"><div class=\"fusion-column-wrapper fusion-column-has-shadow fusion-flex-justify-content-center fusion-content-layout-column\"><div class=\"fusion-text fusion-text-4\"><p class=\"p1\">Ils ont am\u00e9nag\u00e9 une petite cave vo\u00fbt\u00e9e tr\u00e8s agr\u00e9able, qui abrite \u00e9galement un r\u00e9servoir d&rsquo;eau en pierre pour les vaches en \u00e9t\u00e9, aliment\u00e9 par l&rsquo;eau de pluie recueillie sur le toit. Le fer n&rsquo;a pas \u00e9t\u00e9 utilis\u00e9, \u00e0 l&rsquo;exception de quelques clous en fer fabriqu\u00e9s \u00e0 la main, mais le ch\u00eane a \u00e9t\u00e9 largement utilis\u00e9 pour la construction du toit, et l&rsquo;ensemble a \u00e9t\u00e9 assembl\u00e9 de mani\u00e8re traditionnelle, ce qui a permis de construire une maison solide et durable. La vie a d\u00fb \u00eatre tr\u00e8s dure, puisqu&rsquo;il fallait vivre du lait de 8 vaches, plus ou moins.<\/p>\n<p class=\"p1\">Selon ce que l&rsquo;on fait des 3,5 ha, cela peut repr\u00e9senter beaucoup de travail, ou simplement beaucoup de travail. Lorsqu&rsquo;ils nous ont vendu l&rsquo;endroit en 1994, ils \u00e9taient pr\u00eats \u00e0 prendre leur retraite. Mais ce n&rsquo;est pas le cas. Le plaisir a commenc\u00e9, et cet endroit a ajout\u00e9 quelques arbres, des insectes et des abeilles&#8230;<span class=\"Apple-converted-space\"> <\/span><\/p>\n<\/div><\/div><\/div><\/div><\/div><\/p>\n","protected":false},"excerpt":{"rendered":"","protected":false},"author":1,"featured_media":0,"parent":3801,"menu_order":0,"comment_status":"closed","ping_status":"closed","template":"100-width.php","meta":{"footnotes":""},"class_list":["post-3805","page","type-page","status-publish","hentry"],"yoast_head":"<!-- This site is optimized with the Yoast SEO Premium plugin v26.7 (Yoast SEO v27.5) - https:\/\/yoast.com\/product\/yoast-seo-premium-wordpress\/ -->\n<title>Un peu d&#039;histoire du Ranch - AGBR<\/title>\n<meta name=\"robots\" content=\"index, follow, max-snippet:-1, max-image-preview:large, max-video-preview:-1\" \/>\n<link rel=\"canonical\" href=\"https:\/\/arthurgreenbean.be\/fr\/lagriculture-regeneratrice\/un-peu-dhistoire-du-ranch\/\" \/>\n<meta property=\"og:locale\" content=\"fr_FR\" \/>\n<meta property=\"og:type\" content=\"article\" \/>\n<meta property=\"og:title\" content=\"Un peu d&#039;histoire du Ranch\" \/>\n<meta property=\"og:url\" content=\"https:\/\/arthurgreenbean.be\/fr\/lagriculture-regeneratrice\/un-peu-dhistoire-du-ranch\/\" \/>\n<meta property=\"og:site_name\" content=\"AGBR\" \/>\n<meta property=\"article:publisher\" content=\"https:\/\/www.facebook.com\/profile.php?id=100091825763096\" \/>\n<meta property=\"article:modified_time\" content=\"2023-04-29T20:16:25+00:00\" \/>\n<meta property=\"og:image\" content=\"https:\/\/arthurgreenbean.be\/wp-content\/uploads\/agbr-1200.jpg\" \/>\n\t<meta property=\"og:image:width\" content=\"1200\" \/>\n\t<meta property=\"og:image:height\" content=\"675\" \/>\n\t<meta property=\"og:image:type\" content=\"image\/jpeg\" \/>\n<meta name=\"twitter:card\" content=\"summary_large_image\" \/>\n<meta name=\"twitter:label1\" content=\"Dur\u00e9e de lecture estim\u00e9e\" \/>\n\t<meta name=\"twitter:data1\" content=\"20 minutes\" \/>\n<script type=\"application\/ld+json\" class=\"yoast-schema-graph\">{\"@context\":\"https:\\\/\\\/schema.org\",\"@graph\":[{\"@type\":\"WebPage\",\"@id\":\"https:\\\/\\\/arthurgreenbean.be\\\/fr\\\/lagriculture-regeneratrice\\\/un-peu-dhistoire-du-ranch\\\/\",\"url\":\"https:\\\/\\\/arthurgreenbean.be\\\/fr\\\/lagriculture-regeneratrice\\\/un-peu-dhistoire-du-ranch\\\/\",\"name\":\"Un peu d'histoire du Ranch - AGBR\",\"isPartOf\":{\"@id\":\"https:\\\/\\\/arthurgreenbean.be\\\/fr\\\/#website\"},\"datePublished\":\"2023-02-05T13:28:59+00:00\",\"dateModified\":\"2023-04-29T20:16:25+00:00\",\"breadcrumb\":{\"@id\":\"https:\\\/\\\/arthurgreenbean.be\\\/fr\\\/lagriculture-regeneratrice\\\/un-peu-dhistoire-du-ranch\\\/#breadcrumb\"},\"inLanguage\":\"fr-FR\",\"potentialAction\":[{\"@type\":\"ReadAction\",\"target\":[\"https:\\\/\\\/arthurgreenbean.be\\\/fr\\\/lagriculture-regeneratrice\\\/un-peu-dhistoire-du-ranch\\\/\"]}]},{\"@type\":\"BreadcrumbList\",\"@id\":\"https:\\\/\\\/arthurgreenbean.be\\\/fr\\\/lagriculture-regeneratrice\\\/un-peu-dhistoire-du-ranch\\\/#breadcrumb\",\"itemListElement\":[{\"@type\":\"ListItem\",\"position\":1,\"name\":\"Home\",\"item\":\"https:\\\/\\\/arthurgreenbean.be\\\/fr\\\/\"},{\"@type\":\"ListItem\",\"position\":2,\"name\":\"L&#8217;agriculture r\u00e9g\u00e9n\u00e9ratrice\",\"item\":\"https:\\\/\\\/arthurgreenbean.be\\\/fr\\\/lagriculture-regeneratrice\\\/\"},{\"@type\":\"ListItem\",\"position\":3,\"name\":\"Un peu d&#8217;histoire du Ranch\"}]},{\"@type\":\"WebSite\",\"@id\":\"https:\\\/\\\/arthurgreenbean.be\\\/fr\\\/#website\",\"url\":\"https:\\\/\\\/arthurgreenbean.be\\\/fr\\\/\",\"name\":\"Arthurgreenbean\",\"description\":\"Arthur Greenbean Ranch\",\"publisher\":{\"@id\":\"https:\\\/\\\/arthurgreenbean.be\\\/fr\\\/#organization\"},\"potentialAction\":[{\"@type\":\"SearchAction\",\"target\":{\"@type\":\"EntryPoint\",\"urlTemplate\":\"https:\\\/\\\/arthurgreenbean.be\\\/fr\\\/?s={search_term_string}\"},\"query-input\":{\"@type\":\"PropertyValueSpecification\",\"valueRequired\":true,\"valueName\":\"search_term_string\"}}],\"inLanguage\":\"fr-FR\"},{\"@type\":\"Organization\",\"@id\":\"https:\\\/\\\/arthurgreenbean.be\\\/fr\\\/#organization\",\"name\":\"Arthurgreenbean Ranch\",\"url\":\"https:\\\/\\\/arthurgreenbean.be\\\/fr\\\/\",\"logo\":{\"@type\":\"ImageObject\",\"inLanguage\":\"fr-FR\",\"@id\":\"https:\\\/\\\/arthurgreenbean.be\\\/fr\\\/#\\\/schema\\\/logo\\\/image\\\/\",\"url\":\"https:\\\/\\\/arthurgreenbean.be\\\/wp-content\\\/uploads\\\/agbr-696-1.jpg\",\"contentUrl\":\"https:\\\/\\\/arthurgreenbean.be\\\/wp-content\\\/uploads\\\/agbr-696-1.jpg\",\"width\":696,\"height\":696,\"caption\":\"Arthurgreenbean Ranch\"},\"image\":{\"@id\":\"https:\\\/\\\/arthurgreenbean.be\\\/fr\\\/#\\\/schema\\\/logo\\\/image\\\/\"},\"sameAs\":[\"https:\\\/\\\/www.facebook.com\\\/profile.php?id=100091825763096\"]}]}<\/script>\n<!-- \/ Yoast SEO Premium plugin. -->","yoast_head_json":{"title":"Un peu d'histoire du Ranch - AGBR","robots":{"index":"index","follow":"follow","max-snippet":"max-snippet:-1","max-image-preview":"max-image-preview:large","max-video-preview":"max-video-preview:-1"},"canonical":"https:\/\/arthurgreenbean.be\/fr\/lagriculture-regeneratrice\/un-peu-dhistoire-du-ranch\/","og_locale":"fr_FR","og_type":"article","og_title":"Un peu d'histoire du Ranch","og_url":"https:\/\/arthurgreenbean.be\/fr\/lagriculture-regeneratrice\/un-peu-dhistoire-du-ranch\/","og_site_name":"AGBR","article_publisher":"https:\/\/www.facebook.com\/profile.php?id=100091825763096","article_modified_time":"2023-04-29T20:16:25+00:00","og_image":[{"width":1200,"height":675,"url":"https:\/\/arthurgreenbean.be\/wp-content\/uploads\/agbr-1200.jpg","type":"image\/jpeg"}],"twitter_card":"summary_large_image","twitter_misc":{"Dur\u00e9e de lecture estim\u00e9e":"20 minutes"},"schema":{"@context":"https:\/\/schema.org","@graph":[{"@type":"WebPage","@id":"https:\/\/arthurgreenbean.be\/fr\/lagriculture-regeneratrice\/un-peu-dhistoire-du-ranch\/","url":"https:\/\/arthurgreenbean.be\/fr\/lagriculture-regeneratrice\/un-peu-dhistoire-du-ranch\/","name":"Un peu d'histoire du Ranch - AGBR","isPartOf":{"@id":"https:\/\/arthurgreenbean.be\/fr\/#website"},"datePublished":"2023-02-05T13:28:59+00:00","dateModified":"2023-04-29T20:16:25+00:00","breadcrumb":{"@id":"https:\/\/arthurgreenbean.be\/fr\/lagriculture-regeneratrice\/un-peu-dhistoire-du-ranch\/#breadcrumb"},"inLanguage":"fr-FR","potentialAction":[{"@type":"ReadAction","target":["https:\/\/arthurgreenbean.be\/fr\/lagriculture-regeneratrice\/un-peu-dhistoire-du-ranch\/"]}]},{"@type":"BreadcrumbList","@id":"https:\/\/arthurgreenbean.be\/fr\/lagriculture-regeneratrice\/un-peu-dhistoire-du-ranch\/#breadcrumb","itemListElement":[{"@type":"ListItem","position":1,"name":"Home","item":"https:\/\/arthurgreenbean.be\/fr\/"},{"@type":"ListItem","position":2,"name":"L&#8217;agriculture r\u00e9g\u00e9n\u00e9ratrice","item":"https:\/\/arthurgreenbean.be\/fr\/lagriculture-regeneratrice\/"},{"@type":"ListItem","position":3,"name":"Un peu d&#8217;histoire du Ranch"}]},{"@type":"WebSite","@id":"https:\/\/arthurgreenbean.be\/fr\/#website","url":"https:\/\/arthurgreenbean.be\/fr\/","name":"Arthurgreenbean","description":"Arthur Greenbean Ranch","publisher":{"@id":"https:\/\/arthurgreenbean.be\/fr\/#organization"},"potentialAction":[{"@type":"SearchAction","target":{"@type":"EntryPoint","urlTemplate":"https:\/\/arthurgreenbean.be\/fr\/?s={search_term_string}"},"query-input":{"@type":"PropertyValueSpecification","valueRequired":true,"valueName":"search_term_string"}}],"inLanguage":"fr-FR"},{"@type":"Organization","@id":"https:\/\/arthurgreenbean.be\/fr\/#organization","name":"Arthurgreenbean Ranch","url":"https:\/\/arthurgreenbean.be\/fr\/","logo":{"@type":"ImageObject","inLanguage":"fr-FR","@id":"https:\/\/arthurgreenbean.be\/fr\/#\/schema\/logo\/image\/","url":"https:\/\/arthurgreenbean.be\/wp-content\/uploads\/agbr-696-1.jpg","contentUrl":"https:\/\/arthurgreenbean.be\/wp-content\/uploads\/agbr-696-1.jpg","width":696,"height":696,"caption":"Arthurgreenbean Ranch"},"image":{"@id":"https:\/\/arthurgreenbean.be\/fr\/#\/schema\/logo\/image\/"},"sameAs":["https:\/\/www.facebook.com\/profile.php?id=100091825763096"]}]}},"_links":{"self":[{"href":"https:\/\/arthurgreenbean.be\/fr\/wp-json\/wp\/v2\/pages\/3805","targetHints":{"allow":["GET"]}}],"collection":[{"href":"https:\/\/arthurgreenbean.be\/fr\/wp-json\/wp\/v2\/pages"}],"about":[{"href":"https:\/\/arthurgreenbean.be\/fr\/wp-json\/wp\/v2\/types\/page"}],"author":[{"embeddable":true,"href":"https:\/\/arthurgreenbean.be\/fr\/wp-json\/wp\/v2\/users\/1"}],"replies":[{"embeddable":true,"href":"https:\/\/arthurgreenbean.be\/fr\/wp-json\/wp\/v2\/comments?post=3805"}],"version-history":[{"count":1,"href":"https:\/\/arthurgreenbean.be\/fr\/wp-json\/wp\/v2\/pages\/3805\/revisions"}],"predecessor-version":[{"id":3808,"href":"https:\/\/arthurgreenbean.be\/fr\/wp-json\/wp\/v2\/pages\/3805\/revisions\/3808"}],"up":[{"embeddable":true,"href":"https:\/\/arthurgreenbean.be\/fr\/wp-json\/wp\/v2\/pages\/3801"}],"wp:attachment":[{"href":"https:\/\/arthurgreenbean.be\/fr\/wp-json\/wp\/v2\/media?parent=3805"}],"curies":[{"name":"wp","href":"https:\/\/api.w.org\/{rel}","templated":true}]}}