{"id":3778,"date":"2023-04-15T08:40:23","date_gmt":"2023-04-15T08:40:23","guid":{"rendered":"https:\/\/arthurgreenbean.be\/ayurveda\/a-propos-de-sonja\/"},"modified":"2025-01-07T14:02:51","modified_gmt":"2025-01-07T14:02:51","slug":"a-propos-de-sonja","status":"publish","type":"page","link":"https:\/\/arthurgreenbean.be\/fr\/ayurveda\/a-propos-de-sonja\/","title":{"rendered":"\u00c0 propos de Sonja"},"content":{"rendered":"<div class=\"fusion-fullwidth fullwidth-box fusion-builder-row-1 fusion-flex-container has-pattern-background has-mask-background nonhundred-percent-fullwidth non-hundred-percent-height-scrolling\" style=\"--awb-background-blend-mode:multiply;--awb-border-sizes-top:0;--awb-border-sizes-bottom:0;--awb-border-sizes-left:0;--awb-border-sizes-right:0;--awb-border-color:#ffffff;--awb-border-radius-top-left:0px;--awb-border-radius-top-right:0px;--awb-border-radius-bottom-right:0px;--awb-border-radius-bottom-left:0px;--awb-padding-top:50px;--awb-padding-bottom:80px;--awb-background-color:rgba(247,235,249,0);--awb-background-image:linear-gradient(180deg, rgba(212,206,226,0.76) 0%,rgba(184,213,239,0.71) 100%);--awb-flex-wrap:wrap;\" ><div class=\"fusion-builder-row fusion-row fusion-flex-align-items-flex-start fusion-flex-content-wrap\" style=\"max-width:1144px;margin-left: calc(-4% \/ 2 );margin-right: calc(-4% \/ 2 );\"><div class=\"fusion-layout-column fusion_builder_column fusion-builder-column-0 fusion_builder_column_1_1 1_1 fusion-flex-column fusion-animated\" style=\"--awb-padding-top:10%;--awb-padding-right:10%;--awb-padding-bottom:10%;--awb-padding-left:10%;--awb-overflow:hidden;--awb-bg-color:#ffffff;--awb-bg-color-hover:#ffffff;--awb-bg-position:center center;--awb-bg-size:cover;--awb-border-radius:20px 20px 20px 20px;--awb-width-large:100%;--awb-margin-top-large:40px;--awb-spacing-right-large:1.92%;--awb-margin-bottom-large:60px;--awb-spacing-left-large:1.92%;--awb-width-medium:100%;--awb-order-medium:0;--awb-spacing-right-medium:1.92%;--awb-spacing-left-medium:1.92%;--awb-width-small:100%;--awb-order-small:0;--awb-spacing-right-small:1.92%;--awb-spacing-left-small:1.92%;\" data-animationType=\"fadeInUp\" data-animationDuration=\"1.3\" data-animationOffset=\"top-into-view\"><div class=\"fusion-column-wrapper lazyload fusion-column-has-shadow fusion-flex-justify-content-flex-start fusion-content-layout-column fusion-column-has-bg-image\" data-bg-url=\"https:\/\/arthurgreenbean.be\/wp-content\/uploads\/Header-Sonja_1920.jpg\" data-bg=\"https:\/\/arthurgreenbean.be\/wp-content\/uploads\/Header-Sonja_1920.jpg\"><div class=\"fusion-builder-row fusion-builder-row-inner fusion-row fusion-flex-align-items-flex-start fusion-flex-content-wrap\" style=\"--awb-flex-grow:0;--awb-flex-grow-medium:0;--awb-flex-grow-small:0;--awb-flex-shrink:0;--awb-flex-shrink-medium:0;--awb-flex-shrink-small:0;width:104% !important;max-width:104% !important;margin-left: calc(-4% \/ 2 );margin-right: calc(-4% \/ 2 );\"><div class=\"fusion-layout-column fusion_builder_column_inner fusion-builder-nested-column-0 fusion_builder_column_inner_1_1 1_1 fusion-flex-column fusion-flex-align-self-center\" style=\"--awb-padding-right-small:0px;--awb-padding-left-small:0px;--awb-bg-size:cover;--awb-width-large:100%;--awb-margin-top-large:0px;--awb-spacing-right-large:1.92%;--awb-margin-bottom-large:0px;--awb-spacing-left-large:1.92%;--awb-width-medium:100%;--awb-order-medium:0;--awb-spacing-right-medium:1.92%;--awb-spacing-left-medium:1.92%;--awb-width-small:100%;--awb-order-small:0;--awb-spacing-right-small:1.92%;--awb-spacing-left-small:1.92%;\"><div class=\"fusion-column-wrapper fusion-column-has-shadow fusion-flex-justify-content-flex-end fusion-content-layout-column\"><div class=\"fusion-title title fusion-title-1 fusion-no-small-visibility fusion-sep-none fusion-title-text fusion-title-size-two\" style=\"--awb-text-color:#ffffff;--awb-margin-top-small:10px;--awb-margin-right-small:0px;--awb-margin-bottom-small:10px;--awb-margin-left-small:0px;--awb-sep-color:#d1d1d1;--awb-font-size:60px;\"><h2 class=\"fusion-title-heading title-heading-left fusion-responsive-typography-calculated\" style=\"font-family:&quot;Work Sans&quot;;font-style:normal;font-weight:400;margin:0;letter-spacing:.025em;text-transform:var(--awb-typography1-text-transform);font-size:1em;--fontSize:60;line-height:1.08;text-shadow:5px 5px 5px rgba(0,0,0,0.56);\"><p style=\"text-align: left;\">\u00c0 propos de<br \/> Sonja<\/p><\/h2><\/div><div class=\"fusion-title title fusion-title-2 fusion-no-large-visibility fusion-sep-none fusion-title-text fusion-title-size-two\" style=\"--awb-text-color:#ffffff;--awb-margin-bottom:30px;--awb-margin-top-small:10px;--awb-margin-right-small:0px;--awb-margin-bottom-small:10px;--awb-margin-left-small:0px;--awb-sep-color:#d1d1d1;--awb-font-size:32px;\"><h2 class=\"fusion-title-heading title-heading-left fusion-responsive-typography-calculated\" style=\"font-family:&quot;Work Sans&quot;;font-style:normal;font-weight:400;margin:0;text-transform:var(--awb-typography1-text-transform);font-size:1em;--fontSize:32;line-height:1.19;text-shadow:1px 1px 8px rgba(0,0,0,0.55);\">\u00c0 propos de<br \/> Sonja<\/h2><\/div><div class=\"fusion-separator fusion-full-width-sep\" style=\"align-self: center;margin-left: auto;margin-right: auto;margin-bottom:50px;width:100%;\"><\/div><\/div><\/div><\/div><\/div><\/div><div class=\"fusion-layout-column fusion_builder_column fusion-builder-column-1 fusion_builder_column_1_1 1_1 fusion-flex-column fusion-flex-align-self-center\" style=\"--awb-bg-size:cover;--awb-width-large:100%;--awb-margin-top-large:0px;--awb-spacing-right-large:1.92%;--awb-margin-bottom-large:0px;--awb-spacing-left-large:1.92%;--awb-width-medium:100%;--awb-order-medium:0;--awb-spacing-right-medium:1.92%;--awb-spacing-left-medium:1.92%;--awb-width-small:100%;--awb-order-small:0;--awb-spacing-right-small:1.92%;--awb-spacing-left-small:1.92%;\"><div class=\"fusion-column-wrapper fusion-column-has-shadow fusion-flex-justify-content-center fusion-content-layout-column\"><div class=\"fusion-text fusion-text-1\"><p class=\"p1\">Gr\u00e2ce \u00e0 mon amour de toujours pour les plantes et les herbes, la naturopathie et la cuisine v\u00e9g\u00e9tarienne, j&rsquo;ai commenc\u00e9 il y a de nombreuses ann\u00e9es une merveilleuse formation en Ayurveda en tant que nutritionniste ayurv\u00e9dique \u00e0 l&rsquo;Acad\u00e9mie Ayurv\u00e9dique de Birstein, en Allemagne. D\u00e9sireuse de plonger encore plus profond\u00e9ment dans le monde merveilleux de l&rsquo;Ayurveda, j&rsquo;ai \u00e9tudi\u00e9 le massage ayurv\u00e9dique et j&rsquo;ai poursuivi ma formation en tant que th\u00e9rapeute ayurv\u00e9dique. <\/p>\n<p class=\"p1\">L&rsquo;Acad\u00e9mie de Birstein, l&rsquo;h\u00f4pital universitaire ayurv\u00e9dique de Pune et le centre AYUSH de Delhi sont autant d&rsquo;endroits o\u00f9 j&rsquo;ai \u00e9tudi\u00e9 et appris. En outre, j&rsquo;ai beaucoup travaill\u00e9 en tant que technicien de laboratoire de diagnostic professionnel, sp\u00e9cialis\u00e9 dans le domaine des diagnostics de transplantation, ce qui m&rsquo;a permis de mieux comprendre les rouages de la m\u00e9decine conventionnelle, pour laquelle j&rsquo;ai \u00e9galement d\u00e9velopp\u00e9 un profond respect. <\/p>\n<p class=\"p1\">J&rsquo;ai \u00e9galement organis\u00e9 et dirig\u00e9 de nombreux ateliers de nutrition et de cuisine, par exemple dans des universit\u00e9s, \u00e0 la t\u00e9l\u00e9vision et chez des particuliers. Mon studio de massage ayurv\u00e9dique, situ\u00e9 dans le Fabrik Center d&rsquo;Aix-la-Chapelle, a \u00e9t\u00e9 tr\u00e8s appr\u00e9ci\u00e9 et a connu un grand succ\u00e8s ; j&rsquo;ai d\u00e9m\u00e9nag\u00e9 avec mon travail dans notre ferme et je pratique l&rsquo;ayurv\u00e9da dans notre charmante maison. Gr\u00e2ce \u00e0 toutes ces activit\u00e9s, ainsi qu&rsquo;\u00e0 mon travail suppl\u00e9mentaire dans le domaine du jardinage et de la production alimentaire, j&rsquo;ai acquis une grande exp\u00e9rience.  <\/p>\n<\/div><\/div><\/div><div class=\"fusion-layout-column fusion_builder_column fusion-builder-column-2 fusion_builder_column_1_1 1_1 fusion-flex-column fusion-flex-align-self-center\" style=\"--awb-padding-top:30px;--awb-padding-bottom:30px;--awb-bg-size:cover;--awb-width-large:100%;--awb-margin-top-large:0px;--awb-spacing-right-large:1.92%;--awb-margin-bottom-large:0px;--awb-spacing-left-large:1.92%;--awb-width-medium:100%;--awb-order-medium:0;--awb-spacing-right-medium:1.92%;--awb-spacing-left-medium:1.92%;--awb-width-small:100%;--awb-order-small:0;--awb-spacing-right-small:1.92%;--awb-spacing-left-small:1.92%;\"><div class=\"fusion-column-wrapper fusion-column-has-shadow fusion-flex-justify-content-center fusion-content-layout-column\"><div class=\"fusion-separator fusion-full-width-sep\" style=\"align-self: center;margin-left: auto;margin-right: auto;margin-top:80px;margin-bottom:80px;width:100%;\"><div class=\"fusion-separator-border sep-shadow\" style=\"--awb-height:20px;--awb-amount:20px;background:radial-gradient(ellipse at 50% -50% , var(--awb-color7) 0px, rgba(255, 255, 255, 0) 80%) repeat scroll 0 0 rgba(0, 0, 0, 0);background:-webkit-radial-gradient(ellipse at 50% -50% , var(--awb-color7) 0px, rgba(255, 255, 255, 0) 80%) repeat scroll 0 0 rgba(0, 0, 0, 0);background:-moz-radial-gradient(ellipse at 50% -50% , var(--awb-color7) 0px, rgba(255, 255, 255, 0) 80%) repeat scroll 0 0 rgba(0, 0, 0, 0);background:-o-radial-gradient(ellipse at 50% -50% , var(--awb-color7) 0px, rgba(255, 255, 255, 0) 80%) repeat scroll 0 0 rgba(0, 0, 0, 0);\"><\/div><\/div><\/div><\/div><div class=\"fusion-layout-column fusion_builder_column fusion-builder-column-3 fusion_builder_column_1_1 1_1 fusion-flex-column\" style=\"--awb-bg-size:cover;--awb-width-large:100%;--awb-margin-top-large:0px;--awb-spacing-right-large:1.92%;--awb-margin-bottom-large:0px;--awb-spacing-left-large:1.92%;--awb-width-medium:100%;--awb-order-medium:0;--awb-spacing-right-medium:1.92%;--awb-spacing-left-medium:1.92%;--awb-width-small:100%;--awb-order-small:0;--awb-spacing-right-small:1.92%;--awb-spacing-left-small:1.92%;\"><div class=\"fusion-column-wrapper fusion-column-has-shadow fusion-flex-justify-content-flex-start fusion-content-layout-column\"><div class=\"fusion-text fusion-text-2\"><h3 class=\"p1 fusion-responsive-typography-calculated\" data-fontsize=\"36\" data-lineheight=\"43.200001px\" style=\"--fontSize: 36; line-height: 1.2;\">Mes professeurs \u00e9taient et sont toujours :<\/h3>\n<p class=\"p1\"><b>Kerstin Rosenberg <\/b>(<a href=\"http:\/\/ayurveda-akademie.org\" target=\"_blank\" rel=\"noopener\"><br \/>\n  <span class=\"s2\">ayurveda-akademie.org<\/span><br \/>\n<\/a>)<\/p>\n<p class=\"p1\"><b>Karin Bachmaier <\/b>(<a href=\"http:\/\/ayurveda-akademie.org\" target=\"_blank\" rel=\"noopener\"><br \/>\n  <span class=\"s2\">ayurveda-akademie.org<\/span><br \/>\n<\/a>)<\/p>\n<p class=\"p1\"><b>Shivenarain Gupta <\/b>(Nadjad)<\/p>\n<p><strong>Sonja Strassburger (Cramer) (ayurvedamassagetherapie-dielehre)<\/strong><\/p>\n<p><b>Oliver Becker <\/b><a href=\"http:\/\/ayurveda-becker.de)\" target=\"_blank\" rel=\"noopener\"><span class=\"s2\">(ayurveda-becker.de<\/span><\/a>)<\/p>\n<p class=\"p1\"><b>Sandra Gr\u00fcnes <\/b>(<a href=\"http:\/\/ayurveda-freiburg.eu\" target=\"_blank\" rel=\"noopener\"><br \/>\n  <span class=\"s2\">ayurveda-freiburg.eu<\/span><br \/>\n<\/a>)<\/p>\n<p class=\"p1\"><strong>Dr. Christian Kessler<\/strong> ( Charit\u00e9 Berlin)<\/p>\n<p class=\"p1\"><strong>Div. d&rsquo;excellents m\u00e9decins de l&rsquo;AYUSH \/ Delhi et de l&rsquo;h\u00f4pital universitaire de Pune  <\/strong><\/p>\n<p class=\"p1\"><strong>Elmar Stapelfeldt<\/strong> (Charit\u00e9 Berlin)<\/p>\n<p><strong>Ma partenaire Mallory qui me soutient toujours dans tout ce que je fais :)<\/strong><\/p>\n<p><strong>*Je suis membre du VEAT (Verein Europ\u00e4ischer Ayurveda Therapeuten)*.<\/strong><\/p>\n<p class=\"p1\">Rendez-vous pour des th\u00e9rapies, des massages ou tout ce qui correspond au sujet, \u00e9crivez \u00e0 : <a href=\"http:\/\/suryaayurveda.aachen@gmail.com\" target=\"_blank\" rel=\"noopener\">suryaayurveda.aachen@gmail.com<\/a><\/p>\n<\/div><\/div><\/div><div class=\"fusion-layout-column fusion_builder_column fusion-builder-column-4 fusion_builder_column_1_1 1_1 fusion-flex-column fusion-flex-align-self-center\" style=\"--awb-padding-top:30px;--awb-padding-bottom:30px;--awb-bg-size:cover;--awb-width-large:100%;--awb-margin-top-large:0px;--awb-spacing-right-large:1.92%;--awb-margin-bottom-large:0px;--awb-spacing-left-large:1.92%;--awb-width-medium:100%;--awb-order-medium:0;--awb-spacing-right-medium:1.92%;--awb-spacing-left-medium:1.92%;--awb-width-small:100%;--awb-order-small:0;--awb-spacing-right-small:1.92%;--awb-spacing-left-small:1.92%;\"><div class=\"fusion-column-wrapper fusion-column-has-shadow fusion-flex-justify-content-center fusion-content-layout-column\"><div class=\"fusion-separator fusion-full-width-sep\" style=\"align-self: center;margin-left: auto;margin-right: auto;margin-bottom:80px;width:100%;\"><div class=\"fusion-separator-border sep-shadow\" style=\"--awb-height:20px;--awb-amount:20px;background:radial-gradient(ellipse at 50% -50% , var(--awb-color7) 0px, rgba(255, 255, 255, 0) 80%) repeat scroll 0 0 rgba(0, 0, 0, 0);background:-webkit-radial-gradient(ellipse at 50% -50% , var(--awb-color7) 0px, rgba(255, 255, 255, 0) 80%) repeat scroll 0 0 rgba(0, 0, 0, 0);background:-moz-radial-gradient(ellipse at 50% -50% , var(--awb-color7) 0px, rgba(255, 255, 255, 0) 80%) repeat scroll 0 0 rgba(0, 0, 0, 0);background:-o-radial-gradient(ellipse at 50% -50% , var(--awb-color7) 0px, rgba(255, 255, 255, 0) 80%) repeat scroll 0 0 rgba(0, 0, 0, 0);\"><\/div><\/div><\/div><\/div><div class=\"fusion-layout-column fusion_builder_column fusion-builder-column-5 fusion_builder_column_1_1 1_1 fusion-flex-column\" style=\"--awb-bg-size:cover;--awb-width-large:100%;--awb-margin-top-large:0px;--awb-spacing-right-large:1.92%;--awb-margin-bottom-large:0px;--awb-spacing-left-large:1.92%;--awb-width-medium:100%;--awb-order-medium:0;--awb-spacing-right-medium:1.92%;--awb-spacing-left-medium:1.92%;--awb-width-small:100%;--awb-order-small:0;--awb-spacing-right-small:1.92%;--awb-spacing-left-small:1.92%;\"><div class=\"fusion-column-wrapper fusion-column-has-shadow fusion-flex-justify-content-flex-start fusion-content-layout-column\"><div class=\"fusion-text fusion-text-3\"><p class=\"p1\"><em>\u00ab\u00a0Selon les principes ayurv\u00e9diques, en se comprenant soi-m\u00eame, en identifiant sa propre constitution et en reconnaissant les sources d&rsquo;aggravation doshique, on peut non seulement suivre les directives appropri\u00e9es pour nettoyer, purifier et pr\u00e9venir les maladies, mais aussi s&rsquo;\u00e9lever dans un domaine de conscience jusqu&rsquo;alors inconnu.\u00a0\u00bb<br \/>\n<\/em><strong>Vasant Lad<\/strong><\/p>\n<p class=\"p1\"><em>\u00ab\u00a0Parce que nous ne pouvons pas nettoyer notre corps int\u00e9rieur, nous devons apprendre \u00e0 nettoyer nos tissus, nos organes et notre esprit. C&rsquo;est l&rsquo;art de l&rsquo;Ayurveda\u00a0\u00bb.<br \/>\n<\/em><strong>Sebastian Pole<\/strong><\/p>\n<p class=\"p1\"><em>\u00ab\u00a0L&rsquo;Ayurveda nous apprend \u00e0 ch\u00e9rir notre nature inn\u00e9e. Aimer et honorer ce que nous sommes, et non ce que les gens pensent ou nous disent comment nous devrions \u00eatre\u00a0\u00bb.<br \/>\n<\/em><strong>Prana Gouge<\/strong><\/p>\n<p class=\"p1\"><em>\u00ab\u00a0Le m\u00e9decin de l&rsquo;avenir ne donnera pas de m\u00e9dicaments, mais int\u00e9ressera son patient aux soins du corps humain, au r\u00e9gime alimentaire et \u00e0 la cause et \u00e0 la pr\u00e9vention des maladies\u00a0\u00bb.<br \/>\n<\/em><strong>Thomas A. Edison<\/strong><\/p>\n<p class=\"p1\"><em>\u00ab\u00a0L&rsquo;Ayurveda est une philosophie s\u0153ur du yoga. C&rsquo;est la science de la vie ou de la long\u00e9vit\u00e9 et elle enseigne le pouvoir et les cycles de la nature ainsi que les \u00e9l\u00e9ments\u00a0\u00bb.<br \/>\n<\/em><strong>Christy Turlington  <\/strong><\/p>\n<\/div><\/div><\/div><div class=\"fusion-layout-column fusion_builder_column fusion-builder-column-6 fusion_builder_column_1_1 1_1 fusion-flex-column fusion-flex-align-self-center\" style=\"--awb-padding-top:30px;--awb-padding-bottom:30px;--awb-bg-size:cover;--awb-width-large:100%;--awb-margin-top-large:0px;--awb-spacing-right-large:1.92%;--awb-margin-bottom-large:0px;--awb-spacing-left-large:1.92%;--awb-width-medium:100%;--awb-order-medium:0;--awb-spacing-right-medium:1.92%;--awb-spacing-left-medium:1.92%;--awb-width-small:100%;--awb-order-small:0;--awb-spacing-right-small:1.92%;--awb-spacing-left-small:1.92%;\"><div class=\"fusion-column-wrapper fusion-column-has-shadow fusion-flex-justify-content-center fusion-content-layout-column\"><div class=\"fusion-separator fusion-full-width-sep\" style=\"align-self: center;margin-left: auto;margin-right: auto;margin-top:80px;margin-bottom:80px;width:100%;\"><div class=\"fusion-separator-border sep-shadow\" style=\"--awb-height:20px;--awb-amount:20px;background:radial-gradient(ellipse at 50% -50% , var(--awb-color7) 0px, rgba(255, 255, 255, 0) 80%) repeat scroll 0 0 rgba(0, 0, 0, 0);background:-webkit-radial-gradient(ellipse at 50% -50% , var(--awb-color7) 0px, rgba(255, 255, 255, 0) 80%) repeat scroll 0 0 rgba(0, 0, 0, 0);background:-moz-radial-gradient(ellipse at 50% -50% , var(--awb-color7) 0px, rgba(255, 255, 255, 0) 80%) repeat scroll 0 0 rgba(0, 0, 0, 0);background:-o-radial-gradient(ellipse at 50% -50% , var(--awb-color7) 0px, rgba(255, 255, 255, 0) 80%) repeat scroll 0 0 rgba(0, 0, 0, 0);\"><\/div><\/div><\/div><\/div><\/div><\/div>\n","protected":false},"excerpt":{"rendered":"","protected":false},"author":1,"featured_media":0,"parent":3774,"menu_order":0,"comment_status":"closed","ping_status":"closed","template":"100-width.php","meta":{"footnotes":""},"class_list":["post-3778","page","type-page","status-publish","hentry"],"yoast_head":"<!-- This site is optimized with the Yoast SEO Premium plugin v26.7 (Yoast SEO v27.2) - https:\/\/yoast.com\/product\/yoast-seo-premium-wordpress\/ -->\n<title>\u00c0 propos de Sonja - AGBR<\/title>\n<meta name=\"robots\" content=\"index, follow, max-snippet:-1, max-image-preview:large, max-video-preview:-1\" \/>\n<link rel=\"canonical\" href=\"https:\/\/arthurgreenbean.be\/fr\/ayurveda\/a-propos-de-sonja\/\" \/>\n<meta property=\"og:locale\" content=\"fr_FR\" \/>\n<meta property=\"og:type\" content=\"article\" \/>\n<meta property=\"og:title\" content=\"\u00c0 propos de Sonja\" \/>\n<meta property=\"og:url\" content=\"https:\/\/arthurgreenbean.be\/fr\/ayurveda\/a-propos-de-sonja\/\" \/>\n<meta property=\"og:site_name\" content=\"AGBR\" \/>\n<meta property=\"article:publisher\" content=\"https:\/\/www.facebook.com\/profile.php?id=100091825763096\" \/>\n<meta property=\"article:modified_time\" content=\"2025-01-07T14:02:51+00:00\" \/>\n<meta property=\"og:image\" content=\"https:\/\/arthurgreenbean.be\/wp-content\/uploads\/agbr-1200.jpg\" \/>\n\t<meta property=\"og:image:width\" content=\"1200\" \/>\n\t<meta property=\"og:image:height\" content=\"675\" \/>\n\t<meta property=\"og:image:type\" content=\"image\/jpeg\" \/>\n<meta name=\"twitter:card\" content=\"summary_large_image\" \/>\n<meta name=\"twitter:label1\" content=\"Dur\u00e9e de lecture estim\u00e9e\" \/>\n\t<meta name=\"twitter:data1\" content=\"16 minutes\" \/>\n<script type=\"application\/ld+json\" class=\"yoast-schema-graph\">{\"@context\":\"https:\/\/schema.org\",\"@graph\":[{\"@type\":\"WebPage\",\"@id\":\"https:\/\/arthurgreenbean.be\/fr\/ayurveda\/a-propos-de-sonja\/\",\"url\":\"https:\/\/arthurgreenbean.be\/fr\/ayurveda\/a-propos-de-sonja\/\",\"name\":\"\u00c0 propos de Sonja - AGBR\",\"isPartOf\":{\"@id\":\"https:\/\/arthurgreenbean.be\/fr\/#website\"},\"datePublished\":\"2023-04-15T08:40:23+00:00\",\"dateModified\":\"2025-01-07T14:02:51+00:00\",\"breadcrumb\":{\"@id\":\"https:\/\/arthurgreenbean.be\/fr\/ayurveda\/a-propos-de-sonja\/#breadcrumb\"},\"inLanguage\":\"fr-FR\",\"potentialAction\":[{\"@type\":\"ReadAction\",\"target\":[\"https:\/\/arthurgreenbean.be\/fr\/ayurveda\/a-propos-de-sonja\/\"]}]},{\"@type\":\"BreadcrumbList\",\"@id\":\"https:\/\/arthurgreenbean.be\/fr\/ayurveda\/a-propos-de-sonja\/#breadcrumb\",\"itemListElement\":[{\"@type\":\"ListItem\",\"position\":1,\"name\":\"Home\",\"item\":\"https:\/\/arthurgreenbean.be\/fr\/\"},{\"@type\":\"ListItem\",\"position\":2,\"name\":\"Ayurveda\",\"item\":\"https:\/\/arthurgreenbean.be\/fr\/ayurveda\/\"},{\"@type\":\"ListItem\",\"position\":3,\"name\":\"\u00c0 propos de Sonja\"}]},{\"@type\":\"WebSite\",\"@id\":\"https:\/\/arthurgreenbean.be\/fr\/#website\",\"url\":\"https:\/\/arthurgreenbean.be\/fr\/\",\"name\":\"Arthurgreenbean\",\"description\":\"Arthur Greenbean Ranch\",\"publisher\":{\"@id\":\"https:\/\/arthurgreenbean.be\/fr\/#organization\"},\"potentialAction\":[{\"@type\":\"SearchAction\",\"target\":{\"@type\":\"EntryPoint\",\"urlTemplate\":\"https:\/\/arthurgreenbean.be\/fr\/?s={search_term_string}\"},\"query-input\":{\"@type\":\"PropertyValueSpecification\",\"valueRequired\":true,\"valueName\":\"search_term_string\"}}],\"inLanguage\":\"fr-FR\"},{\"@type\":\"Organization\",\"@id\":\"https:\/\/arthurgreenbean.be\/fr\/#organization\",\"name\":\"Arthurgreenbean Ranch\",\"url\":\"https:\/\/arthurgreenbean.be\/fr\/\",\"logo\":{\"@type\":\"ImageObject\",\"inLanguage\":\"fr-FR\",\"@id\":\"https:\/\/arthurgreenbean.be\/fr\/#\/schema\/logo\/image\/\",\"url\":\"https:\/\/arthurgreenbean.be\/wp-content\/uploads\/agbr-696-1.jpg\",\"contentUrl\":\"https:\/\/arthurgreenbean.be\/wp-content\/uploads\/agbr-696-1.jpg\",\"width\":696,\"height\":696,\"caption\":\"Arthurgreenbean Ranch\"},\"image\":{\"@id\":\"https:\/\/arthurgreenbean.be\/fr\/#\/schema\/logo\/image\/\"},\"sameAs\":[\"https:\/\/www.facebook.com\/profile.php?id=100091825763096\"]}]}<\/script>\n<!-- \/ Yoast SEO Premium plugin. -->","yoast_head_json":{"title":"\u00c0 propos de Sonja - AGBR","robots":{"index":"index","follow":"follow","max-snippet":"max-snippet:-1","max-image-preview":"max-image-preview:large","max-video-preview":"max-video-preview:-1"},"canonical":"https:\/\/arthurgreenbean.be\/fr\/ayurveda\/a-propos-de-sonja\/","og_locale":"fr_FR","og_type":"article","og_title":"\u00c0 propos de Sonja","og_url":"https:\/\/arthurgreenbean.be\/fr\/ayurveda\/a-propos-de-sonja\/","og_site_name":"AGBR","article_publisher":"https:\/\/www.facebook.com\/profile.php?id=100091825763096","article_modified_time":"2025-01-07T14:02:51+00:00","og_image":[{"width":1200,"height":675,"url":"https:\/\/arthurgreenbean.be\/wp-content\/uploads\/agbr-1200.jpg","type":"image\/jpeg"}],"twitter_card":"summary_large_image","twitter_misc":{"Dur\u00e9e de lecture estim\u00e9e":"16 minutes"},"schema":{"@context":"https:\/\/schema.org","@graph":[{"@type":"WebPage","@id":"https:\/\/arthurgreenbean.be\/fr\/ayurveda\/a-propos-de-sonja\/","url":"https:\/\/arthurgreenbean.be\/fr\/ayurveda\/a-propos-de-sonja\/","name":"\u00c0 propos de Sonja - AGBR","isPartOf":{"@id":"https:\/\/arthurgreenbean.be\/fr\/#website"},"datePublished":"2023-04-15T08:40:23+00:00","dateModified":"2025-01-07T14:02:51+00:00","breadcrumb":{"@id":"https:\/\/arthurgreenbean.be\/fr\/ayurveda\/a-propos-de-sonja\/#breadcrumb"},"inLanguage":"fr-FR","potentialAction":[{"@type":"ReadAction","target":["https:\/\/arthurgreenbean.be\/fr\/ayurveda\/a-propos-de-sonja\/"]}]},{"@type":"BreadcrumbList","@id":"https:\/\/arthurgreenbean.be\/fr\/ayurveda\/a-propos-de-sonja\/#breadcrumb","itemListElement":[{"@type":"ListItem","position":1,"name":"Home","item":"https:\/\/arthurgreenbean.be\/fr\/"},{"@type":"ListItem","position":2,"name":"Ayurveda","item":"https:\/\/arthurgreenbean.be\/fr\/ayurveda\/"},{"@type":"ListItem","position":3,"name":"\u00c0 propos de Sonja"}]},{"@type":"WebSite","@id":"https:\/\/arthurgreenbean.be\/fr\/#website","url":"https:\/\/arthurgreenbean.be\/fr\/","name":"Arthurgreenbean","description":"Arthur Greenbean Ranch","publisher":{"@id":"https:\/\/arthurgreenbean.be\/fr\/#organization"},"potentialAction":[{"@type":"SearchAction","target":{"@type":"EntryPoint","urlTemplate":"https:\/\/arthurgreenbean.be\/fr\/?s={search_term_string}"},"query-input":{"@type":"PropertyValueSpecification","valueRequired":true,"valueName":"search_term_string"}}],"inLanguage":"fr-FR"},{"@type":"Organization","@id":"https:\/\/arthurgreenbean.be\/fr\/#organization","name":"Arthurgreenbean Ranch","url":"https:\/\/arthurgreenbean.be\/fr\/","logo":{"@type":"ImageObject","inLanguage":"fr-FR","@id":"https:\/\/arthurgreenbean.be\/fr\/#\/schema\/logo\/image\/","url":"https:\/\/arthurgreenbean.be\/wp-content\/uploads\/agbr-696-1.jpg","contentUrl":"https:\/\/arthurgreenbean.be\/wp-content\/uploads\/agbr-696-1.jpg","width":696,"height":696,"caption":"Arthurgreenbean Ranch"},"image":{"@id":"https:\/\/arthurgreenbean.be\/fr\/#\/schema\/logo\/image\/"},"sameAs":["https:\/\/www.facebook.com\/profile.php?id=100091825763096"]}]}},"_links":{"self":[{"href":"https:\/\/arthurgreenbean.be\/fr\/wp-json\/wp\/v2\/pages\/3778","targetHints":{"allow":["GET"]}}],"collection":[{"href":"https:\/\/arthurgreenbean.be\/fr\/wp-json\/wp\/v2\/pages"}],"about":[{"href":"https:\/\/arthurgreenbean.be\/fr\/wp-json\/wp\/v2\/types\/page"}],"author":[{"embeddable":true,"href":"https:\/\/arthurgreenbean.be\/fr\/wp-json\/wp\/v2\/users\/1"}],"replies":[{"embeddable":true,"href":"https:\/\/arthurgreenbean.be\/fr\/wp-json\/wp\/v2\/comments?post=3778"}],"version-history":[{"count":12,"href":"https:\/\/arthurgreenbean.be\/fr\/wp-json\/wp\/v2\/pages\/3778\/revisions"}],"predecessor-version":[{"id":6414,"href":"https:\/\/arthurgreenbean.be\/fr\/wp-json\/wp\/v2\/pages\/3778\/revisions\/6414"}],"up":[{"embeddable":true,"href":"https:\/\/arthurgreenbean.be\/fr\/wp-json\/wp\/v2\/pages\/3774"}],"wp:attachment":[{"href":"https:\/\/arthurgreenbean.be\/fr\/wp-json\/wp\/v2\/media?parent=3778"}],"curies":[{"name":"wp","href":"https:\/\/api.w.org\/{rel}","templated":true}]}}