{"id":7611,"date":"2023-01-16T07:00:55","date_gmt":"2023-01-16T07:00:55","guid":{"rendered":"https:\/\/arthurgreenbean.be\/produkt\/kimchi-workshop-lernen-sie-wie-sie-ihr-eigenes-kimchi-herstellen-29-august\/"},"modified":"2023-01-16T07:00:55","modified_gmt":"2023-01-16T07:00:55","slug":"kimchi-workshop-lernen-sie-wie-sie-ihr-eigenes-kimchi-herstellen-29-august","status":"publish","type":"product","link":"https:\/\/arthurgreenbean.be\/de\/produkt\/kimchi-workshop-lernen-sie-wie-sie-ihr-eigenes-kimchi-herstellen-29-august\/","title":{"rendered":"Kimchi Workshop &#8211; lernen Sie, wie Sie Ihr eigenes Kimchi herstellen &#8211; 29. August"},"content":{"rendered":"<h3>Lebensmittelproduktion \/<br \/>\nDIY-Workshops mit Kimchi<\/h3>\n<p>Wir werden wieder unseren eigenen k\u00f6stlichen Napa-Kohl, Karotten, Knoblauch, Daikon, Fr\u00fchlingszwiebeln, K\u00fcrbis, Birnen und \u00c4pfel anbauen, und wir beginnen sogar damit, versuchsweise eine kleine Menge belgischen Ingwer anzubauen, was vielleicht klappt oder auch nicht&#8230;!<\/p>\n<p>Aus der frischen Ernte unseres Gem\u00fcses werden Sie lernen, wie man exzellentes Kimchi (nicht pasteurisiert, richtig fermentiert) selbst herstellt, indem Sie an unserer j\u00e4hrlichen Kimchi-Produktion teilnehmen, von der Sie Ihr frisches, selbst hergestelltes Kimchi von allerh\u00f6chster Qualit\u00e4t in einem 500g Weck-Glas mit nach Hause nehmen.<\/p>\n<p>Sie werden auch etwas \u00fcber die gesundheitlichen Vorteile von Kimchi und allen fermentierten Produkten erfahren und wie positiv sie sich auf Ihre Darmgesundheit auswirken.<\/p>\n<p>Die einzige nicht-biologische Zutat, die wir verwenden, ist der exzellente, qualitativ hochwertige, scharfe rote koreanische Pfeffer, da wir kein biologisches \u00c4quivalent gefunden haben.<\/p>\n<p>Wenn Sie keine Zeit haben, an dem Kurs teilzunehmen, aber nicht ohne Kimchi leben k\u00f6nnen, k\u00f6nnen Sie es direkt in unserem Hofladen kaufen. Wir werden 500g- und 1kg-Weckgl\u00e4ser mit dem Ring- und Clip-System produzieren.<\/p>\n","protected":false},"excerpt":{"rendered":"<p>Kimchi Workshop &#8211; lernen Sie, wie Sie Ihr eigenes Kimchi herstellen k\u00f6nnen<\/p>\n<p>29. August \/ 11:00 &#8211; 17:00<\/p>\n<h3>Preis: 65 Euro<\/h3>\n<p>mit Pause, leckerem kleinen ayurvedischen Mittagessen &amp; Tee, Kaffee inklusive<\/p>\n<p>Der Workshop ist auf 12 Personen begrenzt.<\/p>\n","protected":false},"featured_media":3391,"comment_status":"open","ping_status":"closed","template":"","meta":[],"product_brand":[],"product_cat":[112,162],"product_tag":[],"class_list":{"0":"post-7611","1":"product","2":"type-product","3":"status-publish","4":"has-post-thumbnail","6":"product_cat-lebensmittelproduktion","7":"product_cat-workshop-de","9":"first","10":"instock","11":"virtual","12":"purchasable","13":"product-type-appointment"},"exclude_global_add_ons":[],"addons":[],"yoast_head":"<!-- This site is optimized with the Yoast SEO Premium plugin v26.7 (Yoast SEO v27.2) - https:\/\/yoast.com\/product\/yoast-seo-premium-wordpress\/ -->\n<title>Kimchi Workshop - lernen Sie, wie Sie Ihr eigenes Kimchi herstellen - 29. August - AGBR<\/title>\n<meta name=\"robots\" content=\"index, follow, max-snippet:-1, max-image-preview:large, max-video-preview:-1\" \/>\n<link rel=\"canonical\" href=\"https:\/\/arthurgreenbean.be\/de\/produkt\/kimchi-workshop-lernen-sie-wie-sie-ihr-eigenes-kimchi-herstellen-29-august\/\" \/>\n<meta property=\"og:locale\" content=\"de_DE\" \/>\n<meta property=\"og:type\" content=\"article\" \/>\n<meta property=\"og:title\" content=\"Kimchi Workshop - lernen Sie, wie Sie Ihr eigenes Kimchi herstellen - 29. August\" \/>\n<meta property=\"og:description\" content=\"Kimchi Workshop - lernen Sie, wie Sie Ihr eigenes Kimchi herstellen k\u00f6nnen 29. August \/ 11:00 - 17:00 Preis: 65 Euro mit Pause, leckerem kleinen ayurvedischen Mittagessen &amp; Tee, Kaffee inklusive Der Workshop ist auf 12 Personen begrenzt.\" \/>\n<meta property=\"og:url\" content=\"https:\/\/arthurgreenbean.be\/de\/produkt\/kimchi-workshop-lernen-sie-wie-sie-ihr-eigenes-kimchi-herstellen-29-august\/\" \/>\n<meta property=\"og:site_name\" content=\"AGBR\" \/>\n<meta property=\"article:publisher\" content=\"https:\/\/www.facebook.com\/profile.php?id=100091825763096\" \/>\n<meta property=\"og:image\" content=\"https:\/\/arthurgreenbean.be\/wp-content\/uploads\/KimShi2.jpg\" \/>\n\t<meta property=\"og:image:width\" content=\"960\" \/>\n\t<meta property=\"og:image:height\" content=\"540\" \/>\n\t<meta property=\"og:image:type\" content=\"image\/jpeg\" \/>\n<meta name=\"twitter:card\" content=\"summary_large_image\" \/>\n<meta name=\"twitter:label1\" content=\"Gesch\u00e4tzte Lesezeit\" \/>\n\t<meta name=\"twitter:data1\" content=\"1\u00a0Minute\" \/>\n<script type=\"application\/ld+json\" class=\"yoast-schema-graph\">{\"@context\":\"https:\/\/schema.org\",\"@graph\":[{\"@type\":\"WebPage\",\"@id\":\"https:\/\/arthurgreenbean.be\/de\/produkt\/kimchi-workshop-lernen-sie-wie-sie-ihr-eigenes-kimchi-herstellen-29-august\/\",\"url\":\"https:\/\/arthurgreenbean.be\/de\/produkt\/kimchi-workshop-lernen-sie-wie-sie-ihr-eigenes-kimchi-herstellen-29-august\/\",\"name\":\"Kimchi Workshop - lernen Sie, wie Sie Ihr eigenes Kimchi herstellen - 29. August - AGBR\",\"isPartOf\":{\"@id\":\"https:\/\/arthurgreenbean.be\/de\/#website\"},\"primaryImageOfPage\":{\"@id\":\"https:\/\/arthurgreenbean.be\/de\/produkt\/kimchi-workshop-lernen-sie-wie-sie-ihr-eigenes-kimchi-herstellen-29-august\/#primaryimage\"},\"image\":{\"@id\":\"https:\/\/arthurgreenbean.be\/de\/produkt\/kimchi-workshop-lernen-sie-wie-sie-ihr-eigenes-kimchi-herstellen-29-august\/#primaryimage\"},\"thumbnailUrl\":\"https:\/\/arthurgreenbean.be\/wp-content\/uploads\/KimShi2.jpg\",\"datePublished\":\"2023-01-16T07:00:55+00:00\",\"breadcrumb\":{\"@id\":\"https:\/\/arthurgreenbean.be\/de\/produkt\/kimchi-workshop-lernen-sie-wie-sie-ihr-eigenes-kimchi-herstellen-29-august\/#breadcrumb\"},\"inLanguage\":\"de\",\"potentialAction\":[{\"@type\":\"ReadAction\",\"target\":[\"https:\/\/arthurgreenbean.be\/de\/produkt\/kimchi-workshop-lernen-sie-wie-sie-ihr-eigenes-kimchi-herstellen-29-august\/\"]}]},{\"@type\":\"ImageObject\",\"inLanguage\":\"de\",\"@id\":\"https:\/\/arthurgreenbean.be\/de\/produkt\/kimchi-workshop-lernen-sie-wie-sie-ihr-eigenes-kimchi-herstellen-29-august\/#primaryimage\",\"url\":\"https:\/\/arthurgreenbean.be\/wp-content\/uploads\/KimShi2.jpg\",\"contentUrl\":\"https:\/\/arthurgreenbean.be\/wp-content\/uploads\/KimShi2.jpg\",\"width\":960,\"height\":540,\"caption\":\"ein erstaunlicher Tag, der viel k\u00f6stliches Bio-Kimchi hervorbrachte\"},{\"@type\":\"BreadcrumbList\",\"@id\":\"https:\/\/arthurgreenbean.be\/de\/produkt\/kimchi-workshop-lernen-sie-wie-sie-ihr-eigenes-kimchi-herstellen-29-august\/#breadcrumb\",\"itemListElement\":[{\"@type\":\"ListItem\",\"position\":1,\"name\":\"Home\",\"item\":\"https:\/\/arthurgreenbean.be\/de\/\"},{\"@type\":\"ListItem\",\"position\":2,\"name\":\"Shop\",\"item\":\"https:\/\/arthurgreenbean.be\/shop\/\"},{\"@type\":\"ListItem\",\"position\":3,\"name\":\"Kimchi Workshop &#8211; lernen Sie, wie Sie Ihr eigenes Kimchi herstellen &#8211; 29. August\"}]},{\"@type\":\"WebSite\",\"@id\":\"https:\/\/arthurgreenbean.be\/de\/#website\",\"url\":\"https:\/\/arthurgreenbean.be\/de\/\",\"name\":\"Arthurgreenbean\",\"description\":\"Arthurgreenbean Ranch\",\"publisher\":{\"@id\":\"https:\/\/arthurgreenbean.be\/de\/#organization\"},\"potentialAction\":[{\"@type\":\"SearchAction\",\"target\":{\"@type\":\"EntryPoint\",\"urlTemplate\":\"https:\/\/arthurgreenbean.be\/de\/?s={search_term_string}\"},\"query-input\":{\"@type\":\"PropertyValueSpecification\",\"valueRequired\":true,\"valueName\":\"search_term_string\"}}],\"inLanguage\":\"de\"},{\"@type\":\"Organization\",\"@id\":\"https:\/\/arthurgreenbean.be\/de\/#organization\",\"name\":\"Arthurgreenbean Ranch\",\"url\":\"https:\/\/arthurgreenbean.be\/de\/\",\"logo\":{\"@type\":\"ImageObject\",\"inLanguage\":\"de\",\"@id\":\"https:\/\/arthurgreenbean.be\/de\/#\/schema\/logo\/image\/\",\"url\":\"https:\/\/arthurgreenbean.be\/wp-content\/uploads\/agbr-696-1.jpg\",\"contentUrl\":\"https:\/\/arthurgreenbean.be\/wp-content\/uploads\/agbr-696-1.jpg\",\"width\":696,\"height\":696,\"caption\":\"Arthurgreenbean Ranch\"},\"image\":{\"@id\":\"https:\/\/arthurgreenbean.be\/de\/#\/schema\/logo\/image\/\"},\"sameAs\":[\"https:\/\/www.facebook.com\/profile.php?id=100091825763096\"]}]}<\/script>\n<!-- \/ Yoast SEO Premium plugin. -->","yoast_head_json":{"title":"Kimchi Workshop - lernen Sie, wie Sie Ihr eigenes Kimchi herstellen - 29. August - AGBR","robots":{"index":"index","follow":"follow","max-snippet":"max-snippet:-1","max-image-preview":"max-image-preview:large","max-video-preview":"max-video-preview:-1"},"canonical":"https:\/\/arthurgreenbean.be\/de\/produkt\/kimchi-workshop-lernen-sie-wie-sie-ihr-eigenes-kimchi-herstellen-29-august\/","og_locale":"de_DE","og_type":"article","og_title":"Kimchi Workshop - lernen Sie, wie Sie Ihr eigenes Kimchi herstellen - 29. August","og_description":"Kimchi Workshop - lernen Sie, wie Sie Ihr eigenes Kimchi herstellen k\u00f6nnen 29. August \/ 11:00 - 17:00 Preis: 65 Euro mit Pause, leckerem kleinen ayurvedischen Mittagessen &amp; Tee, Kaffee inklusive Der Workshop ist auf 12 Personen begrenzt.","og_url":"https:\/\/arthurgreenbean.be\/de\/produkt\/kimchi-workshop-lernen-sie-wie-sie-ihr-eigenes-kimchi-herstellen-29-august\/","og_site_name":"AGBR","article_publisher":"https:\/\/www.facebook.com\/profile.php?id=100091825763096","og_image":[{"width":960,"height":540,"url":"https:\/\/arthurgreenbean.be\/wp-content\/uploads\/KimShi2.jpg","type":"image\/jpeg"}],"twitter_card":"summary_large_image","twitter_misc":{"Gesch\u00e4tzte Lesezeit":"1\u00a0Minute"},"schema":{"@context":"https:\/\/schema.org","@graph":[{"@type":"WebPage","@id":"https:\/\/arthurgreenbean.be\/de\/produkt\/kimchi-workshop-lernen-sie-wie-sie-ihr-eigenes-kimchi-herstellen-29-august\/","url":"https:\/\/arthurgreenbean.be\/de\/produkt\/kimchi-workshop-lernen-sie-wie-sie-ihr-eigenes-kimchi-herstellen-29-august\/","name":"Kimchi Workshop - lernen Sie, wie Sie Ihr eigenes Kimchi herstellen - 29. August - AGBR","isPartOf":{"@id":"https:\/\/arthurgreenbean.be\/de\/#website"},"primaryImageOfPage":{"@id":"https:\/\/arthurgreenbean.be\/de\/produkt\/kimchi-workshop-lernen-sie-wie-sie-ihr-eigenes-kimchi-herstellen-29-august\/#primaryimage"},"image":{"@id":"https:\/\/arthurgreenbean.be\/de\/produkt\/kimchi-workshop-lernen-sie-wie-sie-ihr-eigenes-kimchi-herstellen-29-august\/#primaryimage"},"thumbnailUrl":"https:\/\/arthurgreenbean.be\/wp-content\/uploads\/KimShi2.jpg","datePublished":"2023-01-16T07:00:55+00:00","breadcrumb":{"@id":"https:\/\/arthurgreenbean.be\/de\/produkt\/kimchi-workshop-lernen-sie-wie-sie-ihr-eigenes-kimchi-herstellen-29-august\/#breadcrumb"},"inLanguage":"de","potentialAction":[{"@type":"ReadAction","target":["https:\/\/arthurgreenbean.be\/de\/produkt\/kimchi-workshop-lernen-sie-wie-sie-ihr-eigenes-kimchi-herstellen-29-august\/"]}]},{"@type":"ImageObject","inLanguage":"de","@id":"https:\/\/arthurgreenbean.be\/de\/produkt\/kimchi-workshop-lernen-sie-wie-sie-ihr-eigenes-kimchi-herstellen-29-august\/#primaryimage","url":"https:\/\/arthurgreenbean.be\/wp-content\/uploads\/KimShi2.jpg","contentUrl":"https:\/\/arthurgreenbean.be\/wp-content\/uploads\/KimShi2.jpg","width":960,"height":540,"caption":"ein erstaunlicher Tag, der viel k\u00f6stliches Bio-Kimchi hervorbrachte"},{"@type":"BreadcrumbList","@id":"https:\/\/arthurgreenbean.be\/de\/produkt\/kimchi-workshop-lernen-sie-wie-sie-ihr-eigenes-kimchi-herstellen-29-august\/#breadcrumb","itemListElement":[{"@type":"ListItem","position":1,"name":"Home","item":"https:\/\/arthurgreenbean.be\/de\/"},{"@type":"ListItem","position":2,"name":"Shop","item":"https:\/\/arthurgreenbean.be\/shop\/"},{"@type":"ListItem","position":3,"name":"Kimchi Workshop &#8211; lernen Sie, wie Sie Ihr eigenes Kimchi herstellen &#8211; 29. August"}]},{"@type":"WebSite","@id":"https:\/\/arthurgreenbean.be\/de\/#website","url":"https:\/\/arthurgreenbean.be\/de\/","name":"Arthurgreenbean","description":"Arthurgreenbean Ranch","publisher":{"@id":"https:\/\/arthurgreenbean.be\/de\/#organization"},"potentialAction":[{"@type":"SearchAction","target":{"@type":"EntryPoint","urlTemplate":"https:\/\/arthurgreenbean.be\/de\/?s={search_term_string}"},"query-input":{"@type":"PropertyValueSpecification","valueRequired":true,"valueName":"search_term_string"}}],"inLanguage":"de"},{"@type":"Organization","@id":"https:\/\/arthurgreenbean.be\/de\/#organization","name":"Arthurgreenbean Ranch","url":"https:\/\/arthurgreenbean.be\/de\/","logo":{"@type":"ImageObject","inLanguage":"de","@id":"https:\/\/arthurgreenbean.be\/de\/#\/schema\/logo\/image\/","url":"https:\/\/arthurgreenbean.be\/wp-content\/uploads\/agbr-696-1.jpg","contentUrl":"https:\/\/arthurgreenbean.be\/wp-content\/uploads\/agbr-696-1.jpg","width":696,"height":696,"caption":"Arthurgreenbean Ranch"},"image":{"@id":"https:\/\/arthurgreenbean.be\/de\/#\/schema\/logo\/image\/"},"sameAs":["https:\/\/www.facebook.com\/profile.php?id=100091825763096"]}]}},"_links":{"self":[{"href":"https:\/\/arthurgreenbean.be\/de\/wp-json\/wp\/v2\/product\/7611","targetHints":{"allow":["GET"]}}],"collection":[{"href":"https:\/\/arthurgreenbean.be\/de\/wp-json\/wp\/v2\/product"}],"about":[{"href":"https:\/\/arthurgreenbean.be\/de\/wp-json\/wp\/v2\/types\/product"}],"replies":[{"embeddable":true,"href":"https:\/\/arthurgreenbean.be\/de\/wp-json\/wp\/v2\/comments?post=7611"}],"wp:featuredmedia":[{"embeddable":true,"href":"https:\/\/arthurgreenbean.be\/de\/wp-json\/wp\/v2\/media\/3391"}],"wp:attachment":[{"href":"https:\/\/arthurgreenbean.be\/de\/wp-json\/wp\/v2\/media?parent=7611"}],"wp:term":[{"taxonomy":"product_brand","embeddable":true,"href":"https:\/\/arthurgreenbean.be\/de\/wp-json\/wp\/v2\/product_brand?post=7611"},{"taxonomy":"product_cat","embeddable":true,"href":"https:\/\/arthurgreenbean.be\/de\/wp-json\/wp\/v2\/product_cat?post=7611"},{"taxonomy":"product_tag","embeddable":true,"href":"https:\/\/arthurgreenbean.be\/de\/wp-json\/wp\/v2\/product_tag?post=7611"}],"curies":[{"name":"wp","href":"https:\/\/api.w.org\/{rel}","templated":true}]}}