{"id":6987,"date":"2023-09-23T07:25:38","date_gmt":"2023-09-23T07:25:38","guid":{"rendered":"https:\/\/arthurgreenbean.be\/?post_type=product&#038;p=6987"},"modified":"2026-03-19T20:59:00","modified_gmt":"2026-03-19T19:59:00","slug":"arthurs-korb-copy","status":"publish","type":"product","link":"https:\/\/arthurgreenbean.be\/de\/produkt\/arthurs-korb-copy\/","title":{"rendered":"Arthur&#8217;s Basket &#8211; Abonnement f\u00fcr frisches Gem\u00fcse vom Bauernhof"},"content":{"rendered":"<p data-start=\"140\" data-end=\"208\">\ud83c\udf3f <strong data-start=\"143\" data-end=\"203\">Arthurs SaisonKorb 2026 &#8211; Frisch von unserem Bauernhof auf Ihren Tisch<\/strong> \ud83c\udf3f<\/p>\n<p data-start=\"210\" data-end=\"377\">Wir sind fast ausgelastet \ud83c\udf31 &#8211; jede Ernte ist nat\u00fcrlich begrenzt, und unsere K\u00f6rbe sind sowohl beliebt als auch begehrt \ud83d\udc9a. Bestellen Sie bald, damit Sie nichts verpassen! <\/p>\n<p data-start=\"379\" data-end=\"448\"><strong data-start=\"379\" data-end=\"446\">\ud83d\udca1 Warum sollten Sie sich f\u00fcr Arthur&#8217;s Basket entscheiden, anstatt an unserem Stand zu kaufen?<\/strong><\/p>\n<ul data-start=\"449\" data-end=\"871\">\n<li data-start=\"449\" data-end=\"553\">\n<p data-start=\"451\" data-end=\"553\">\ud83c\udf3f <strong data-start=\"454\" data-end=\"477\">Vorrangige Auswahl:<\/strong> Korbbestellungen werden zuerst bearbeitet, so dass Sie das Beste aus jeder Ernte erhalten.<\/p>\n<\/li>\n<li data-start=\"554\" data-end=\"651\">\n<p data-start=\"556\" data-end=\"651\">\ud83d\udcb0 <strong data-start=\"559\" data-end=\"575\">Zus\u00e4tzlicher Wert:<\/strong> Der Inhalt ist etwas mehr wert als beim Einzelkauf im Gesch\u00e4ft.<\/p>\n<\/li>\n<li data-start=\"652\" data-end=\"739\">\n<p data-start=\"654\" data-end=\"739\">\ud83c\udf81 <strong data-start=\"657\" data-end=\"679\">Eine kleine \u00dcberraschung:<\/strong> Jeder Korb enth\u00e4lt ein besonderes Extra nur f\u00fcr Sie.<\/p>\n<\/li>\n<li data-start=\"740\" data-end=\"871\">\n<p data-start=\"742\" data-end=\"871\"><strong data-start=\"745\" data-end=\"766\">\ud83c\udf3b Unterst\u00fctzen Sie unsere Farm:<\/strong> L\u00e4ngerfristige Abonnements helfen uns, unsere Anpflanzungen sicher zu planen und effizienter f\u00fcr Sie anzubauen.<\/p>\n<\/li>\n<\/ul>\n<hr data-start=\"873\" data-end=\"876\">\n<p data-start=\"878\" data-end=\"1051\"><strong data-start=\"878\" data-end=\"909\">\ud83e\udd55 Was ist Arthurs Korb?<\/strong><br data-start=\"909\" data-end=\"912\">Ein w\u00f6chentliches Abonnement mit saisonalem Gem\u00fcse aus eigenem Anbau \ud83e\udd66\ud83e\udd6c &#8211; und bald auch mit frischem Obst \ud83c\udf53! Erh\u00e4ltlich vom <strong data-start=\"1017\" data-end=\"1048\">15. Juni bis zum 25. Oktober 2026<\/strong>. <\/p>\n<hr data-start=\"1053\" data-end=\"1056\">\n<p data-start=\"1058\" data-end=\"1094\"><strong data-start=\"1058\" data-end=\"1092\">\ud83d\udccd Abholung oder \ud83d\udeb2 Kostenlose Lieferung<\/strong><\/p>\n<ul data-start=\"1095\" data-end=\"1313\">\n<li data-start=\"1095\" data-end=\"1160\">\n<p data-start=\"1097\" data-end=\"1160\">Abholung auf der Farm <strong data-start=\"1117\" data-end=\"1157\">mittwochs oder samstags, 16:00-18:00 Uhr<\/strong>.<\/p>\n<\/li>\n<li data-start=\"1161\" data-end=\"1229\">\n<p data-start=\"1163\" data-end=\"1229\">Sie schaffen es nicht? Lassen Sie es uns wissen &#8211; wir werden versuchen, etwas zu arrangieren \ud83e\udd1d. <\/p>\n<\/li>\n<li data-start=\"1230\" data-end=\"1313\">\n<p data-start=\"1232\" data-end=\"1313\"><strong data-start=\"1232\" data-end=\"1255\">Kostenlose lokale Lieferung<\/strong> innerhalb von 5 km zu diesen Zeiten mit unserem elektrischen VT5 \u26a1.<\/p>\n<\/li>\n<\/ul>\n<hr data-start=\"1315\" data-end=\"1318\">\n<p data-start=\"1320\" data-end=\"1349\"><strong data-start=\"1320\" data-end=\"1347\">\ud83d\udce6 Abonnement-Optionen<\/strong><\/p>\n<ul data-start=\"1350\" data-end=\"1475\">\n<li data-start=\"1350\" data-end=\"1369\">\n<p data-start=\"1352\" data-end=\"1369\">Gem\u00fcse (+Obst) Korb &#8211; <strong data-start=\"1360\" data-end=\"1367\">\u20ac20<\/strong><\/p>\n<\/li>\n<li data-start=\"1350\" data-end=\"1369\">\n<p data-start=\"1352\" data-end=\"1369\">Abonnieren Sie f\u00fcr <strong data-start=\"1404\" data-end=\"1416\">4+ Wochen<\/strong> und genie\u00dfen Sie eine <strong data-start=\"1429\" data-end=\"1454\">w\u00f6chentliche \u00dcberraschung<\/strong> \ud83c\udf81 in Ihrem Warenkorb!<\/p>\n<\/li>\n<\/ul>\n<hr data-start=\"1477\" data-end=\"1480\">\n<p data-start=\"1482\" data-end=\"1512\"><strong data-start=\"1482\" data-end=\"1510\">\ud83e\udd6c Was ist in dem Korb?<\/strong><\/p>\n<ul data-start=\"1513\" data-end=\"1747\">\n<li data-start=\"1513\" data-end=\"1578\">\n<p data-start=\"1515\" data-end=\"1578\">Lassen Sie uns eine <strong data-start=\"1531\" data-end=\"1553\">saisonale Auswahl<\/strong> unserer besten Produkte ausw\u00e4hlen \ud83c\udf3f.<\/p>\n<\/li>\n<li data-start=\"1579\" data-end=\"1649\">\n<p data-start=\"1581\" data-end=\"1649\">Oder <strong data-start=\"1584\" data-end=\"1608\">passen Sie Ihre Bestellung an<\/strong> \ud83d\udcdd mit Hilfe unserer w\u00f6chentlichen Verf\u00fcgbarkeitsliste.<\/p>\n<\/li>\n<li data-start=\"1650\" data-end=\"1747\">\n<p data-start=\"1652\" data-end=\"1747\">F\u00fcgen Sie Ihre Vorlieben in den Kommentaren hinzu (z.B. <strong data-start=\"1695\" data-end=\"1708\">&#8222;kein Gr\u00fcnkohl<\/strong> &#8220; \ud83d\ude45\u200d\u2642\ufe0f oder <strong data-start=\"1718\" data-end=\"1740\">&#8222;ja zu Kartoffeln!<\/strong> &#8220; \ud83e\udd54).<\/p>\n<\/li>\n<\/ul>\n<hr data-start=\"1749\" data-end=\"1752\">\n<p data-start=\"1754\" data-end=\"1783\"><strong data-start=\"1754\" data-end=\"1781\">\ud83d\uddd3 Details zum Abonnement<\/strong><\/p>\n<ul data-start=\"1784\" data-end=\"2020\">\n<li data-start=\"1784\" data-end=\"1843\">\n<p data-start=\"1786\" data-end=\"1843\">W\u00f6chentliches Abonnement &#8211; <strong data-start=\"1808\" data-end=\"1826\">jederzeit k\u00fcndbar<\/strong> (Ende des Monats)<\/p>\n<\/li>\n<li data-start=\"1844\" data-end=\"1893\">\n<p data-start=\"1846\" data-end=\"1893\">Zahlen Sie per <strong data-start=\"1854\" data-end=\"1864\">PayPal<\/strong> \ud83d\udcb3 \u00fcber unseren Online-Shop oder kontaktieren Sie uns.<\/p>\n<\/li>\n<li data-start=\"1939\" data-end=\"2020\">\n<p data-start=\"1941\" data-end=\"2020\">Extras wie <strong data-start=\"1953\" data-end=\"1963\">Kimchi<\/strong>, <strong data-start=\"1965\" data-end=\"1976\">Essiggurken<\/strong> oder <strong data-start=\"1981\" data-end=\"1998\">Arthur&#8217;s Pat\u00e9<\/strong> zus\u00e4tzlich, wenn Sie m\u00f6chten und wenn verf\u00fcgbar \ud83e\udd52\ud83c\udf45<\/p>\n<\/li>\n<\/ul>\n<hr data-start=\"2022\" data-end=\"2025\">\n<p data-start=\"2027\" data-end=\"2175\"><strong data-start=\"2027\" data-end=\"2049\">\ud83d\ude80 Erste Schritte<\/strong><br data-start=\"2049\" data-end=\"2052\">Geben Sie Ihre Bestellung auf und bezahlen Sie per PayPal. Bitte <strong data-start=\"2113\" data-end=\"2134\">benachrichtigen<\/strong> Sie uns mindestens <strong data-start=\"2113\" data-end=\"2134\">eine Woche<\/strong> vor Ihrer ersten Lieferung oder Abholung. <\/p>\n<p data-start=\"2177\" data-end=\"2220\">\ud83d\udcac Fragen? Wir helfen Ihnen immer gerne weiter! <\/p>\n<p data-start=\"2222\" data-end=\"2394\">P.S. \ud83c\udf1e Das Foto zeigt, was jetzt verf\u00fcgbar ist &#8211; und unsere <strong data-start=\"2277\" data-end=\"2344\">wunderbaren Tomaten \ud83c\udf45, Auberginen \ud83c\udf46, Gurken \ud83e\udd52 und Paprika \ud83e\uded1<\/strong> wachsen pr\u00e4chtig und werden bald fertig sein!<\/p>\n","protected":false},"excerpt":{"rendered":"<p>Genie\u00dfen Sie frisches, saisonales Gem\u00fcse und Obst mit Arthur&#8217;s Basket Small \ud83c\udf3f &#8211; w\u00f6chentliches Obst und Gem\u00fcse aus eigenem Anbau von Mai bis Oktober. Bevorzugte Auswahl, zus\u00e4tzlicher Wert, \u00fcberraschende Leckerbissen und kostenlose Lieferung vor Ort. Bestellen Sie fr\u00fch &#8211; die Ernten sind begrenzt!  <\/p>\n","protected":false},"featured_media":7144,"comment_status":"open","ping_status":"closed","template":"","meta":[],"product_brand":[],"product_cat":[113],"product_tag":[88,91,90,89],"class_list":{"0":"post-6987","1":"product","2":"type-product","3":"status-publish","4":"has-post-thumbnail","6":"product_cat-lebensmittel","7":"product_tag-belgien-de","8":"product_tag-bio","9":"product_tag-gesundheit","10":"product_tag-lebensmittel","12":"first","13":"onbackorder","14":"shipping-taxable","15":"purchasable","16":"product-type-simple"},"exclude_global_add_ons":[],"addons":[],"yoast_head":"<!-- This site is optimized with the Yoast SEO Premium plugin v26.7 (Yoast SEO v27.2) - https:\/\/yoast.com\/product\/yoast-seo-premium-wordpress\/ -->\n<title>Arthur&#039;s Basket - Abonnement f\u00fcr frisches Gem\u00fcse vom Bauernhof - AGBR<\/title>\n<meta name=\"description\" content=\"Genie\u00dfen Sie frisches, saisonales Gem\u00fcse und Obst mit Arthur&#039;s Basket \ud83c\udf3f - w\u00f6chentliches Obst und Gem\u00fcse aus eigenem Anbau von Juni bis Oktober. Bevorzugte Auswahl, zus\u00e4tzlicher Wert, \u00fcberraschende Leckerbissen und kostenlose Lieferung vor Ort. Bestellen Sie fr\u00fch - die Ernten sind begrenzt!\" \/>\n<meta name=\"robots\" content=\"index, follow, max-snippet:-1, max-image-preview:large, max-video-preview:-1\" \/>\n<link rel=\"canonical\" href=\"https:\/\/arthurgreenbean.be\/de\/produkt\/arthurs-korb-copy\/\" \/>\n<meta property=\"og:locale\" content=\"de_DE\" \/>\n<meta property=\"og:type\" content=\"article\" \/>\n<meta property=\"og:title\" content=\"Arthur&#039;s Basket - Abonnement f\u00fcr frisches Gem\u00fcse vom Bauernhof\" \/>\n<meta property=\"og:description\" content=\"Genie\u00dfen Sie frisches, saisonales Gem\u00fcse und Obst mit Arthur&#039;s Basket \ud83c\udf3f - w\u00f6chentliches Obst und Gem\u00fcse aus eigenem Anbau von Juni bis Oktober. Bevorzugte Auswahl, zus\u00e4tzlicher Wert, \u00fcberraschende Leckerbissen und kostenlose Lieferung vor Ort. Bestellen Sie fr\u00fch - die Ernten sind begrenzt!\" \/>\n<meta property=\"og:url\" content=\"https:\/\/arthurgreenbean.be\/de\/produkt\/arthurs-korb-copy\/\" \/>\n<meta property=\"og:site_name\" content=\"AGBR\" \/>\n<meta property=\"article:publisher\" content=\"https:\/\/www.facebook.com\/profile.php?id=100091825763096\" \/>\n<meta property=\"article:modified_time\" content=\"2026-03-19T19:59:00+00:00\" \/>\n<meta property=\"og:image\" content=\"https:\/\/arthurgreenbean.be\/wp-content\/uploads\/Arthurs-Basket-klein.jpg\" \/>\n\t<meta property=\"og:image:width\" content=\"800\" \/>\n\t<meta property=\"og:image:height\" content=\"600\" \/>\n\t<meta property=\"og:image:type\" content=\"image\/jpeg\" \/>\n<meta name=\"twitter:card\" content=\"summary_large_image\" \/>\n<meta name=\"twitter:label1\" content=\"Gesch\u00e4tzte Lesezeit\" \/>\n\t<meta name=\"twitter:data1\" content=\"2\u00a0Minuten\" \/>\n<script type=\"application\/ld+json\" class=\"yoast-schema-graph\">{\"@context\":\"https:\/\/schema.org\",\"@graph\":[{\"@type\":\"WebPage\",\"@id\":\"https:\/\/arthurgreenbean.be\/de\/produkt\/arthurs-korb-copy\/\",\"url\":\"https:\/\/arthurgreenbean.be\/de\/produkt\/arthurs-korb-copy\/\",\"name\":\"Arthur's Basket - Abonnement f\u00fcr frisches Gem\u00fcse vom Bauernhof - AGBR\",\"isPartOf\":{\"@id\":\"https:\/\/arthurgreenbean.be\/de\/#website\"},\"primaryImageOfPage\":{\"@id\":\"https:\/\/arthurgreenbean.be\/de\/produkt\/arthurs-korb-copy\/#primaryimage\"},\"image\":{\"@id\":\"https:\/\/arthurgreenbean.be\/de\/produkt\/arthurs-korb-copy\/#primaryimage\"},\"thumbnailUrl\":\"https:\/\/arthurgreenbean.be\/wp-content\/uploads\/Arthurs-Basket-klein.jpg\",\"datePublished\":\"2023-09-23T07:25:38+00:00\",\"dateModified\":\"2026-03-19T19:59:00+00:00\",\"description\":\"Genie\u00dfen Sie frisches, saisonales Gem\u00fcse und Obst mit Arthur's Basket \ud83c\udf3f - w\u00f6chentliches Obst und Gem\u00fcse aus eigenem Anbau von Juni bis Oktober. Bevorzugte Auswahl, zus\u00e4tzlicher Wert, \u00fcberraschende Leckerbissen und kostenlose Lieferung vor Ort. Bestellen Sie fr\u00fch - die Ernten sind begrenzt!\",\"breadcrumb\":{\"@id\":\"https:\/\/arthurgreenbean.be\/de\/produkt\/arthurs-korb-copy\/#breadcrumb\"},\"inLanguage\":\"de\",\"potentialAction\":[{\"@type\":\"ReadAction\",\"target\":[\"https:\/\/arthurgreenbean.be\/de\/produkt\/arthurs-korb-copy\/\"]}]},{\"@type\":\"ImageObject\",\"inLanguage\":\"de\",\"@id\":\"https:\/\/arthurgreenbean.be\/de\/produkt\/arthurs-korb-copy\/#primaryimage\",\"url\":\"https:\/\/arthurgreenbean.be\/wp-content\/uploads\/Arthurs-Basket-klein.jpg\",\"contentUrl\":\"https:\/\/arthurgreenbean.be\/wp-content\/uploads\/Arthurs-Basket-klein.jpg\",\"width\":800,\"height\":600,\"caption\":\"Arthurs Korb voller Gem\u00fcseg\u00fcte\"},{\"@type\":\"BreadcrumbList\",\"@id\":\"https:\/\/arthurgreenbean.be\/de\/produkt\/arthurs-korb-copy\/#breadcrumb\",\"itemListElement\":[{\"@type\":\"ListItem\",\"position\":1,\"name\":\"Home\",\"item\":\"https:\/\/arthurgreenbean.be\/de\/\"},{\"@type\":\"ListItem\",\"position\":2,\"name\":\"Shop\",\"item\":\"https:\/\/arthurgreenbean.be\/shop\/\"},{\"@type\":\"ListItem\",\"position\":3,\"name\":\"Arthur&#8217;s Basket &#8211; Abonnement f\u00fcr frisches Gem\u00fcse vom Bauernhof\"}]},{\"@type\":\"WebSite\",\"@id\":\"https:\/\/arthurgreenbean.be\/de\/#website\",\"url\":\"https:\/\/arthurgreenbean.be\/de\/\",\"name\":\"Arthurgreenbean\",\"description\":\"Arthurgreenbean Ranch\",\"publisher\":{\"@id\":\"https:\/\/arthurgreenbean.be\/de\/#organization\"},\"potentialAction\":[{\"@type\":\"SearchAction\",\"target\":{\"@type\":\"EntryPoint\",\"urlTemplate\":\"https:\/\/arthurgreenbean.be\/de\/?s={search_term_string}\"},\"query-input\":{\"@type\":\"PropertyValueSpecification\",\"valueRequired\":true,\"valueName\":\"search_term_string\"}}],\"inLanguage\":\"de\"},{\"@type\":\"Organization\",\"@id\":\"https:\/\/arthurgreenbean.be\/de\/#organization\",\"name\":\"Arthurgreenbean Ranch\",\"url\":\"https:\/\/arthurgreenbean.be\/de\/\",\"logo\":{\"@type\":\"ImageObject\",\"inLanguage\":\"de\",\"@id\":\"https:\/\/arthurgreenbean.be\/de\/#\/schema\/logo\/image\/\",\"url\":\"https:\/\/arthurgreenbean.be\/wp-content\/uploads\/agbr-696-1.jpg\",\"contentUrl\":\"https:\/\/arthurgreenbean.be\/wp-content\/uploads\/agbr-696-1.jpg\",\"width\":696,\"height\":696,\"caption\":\"Arthurgreenbean Ranch\"},\"image\":{\"@id\":\"https:\/\/arthurgreenbean.be\/de\/#\/schema\/logo\/image\/\"},\"sameAs\":[\"https:\/\/www.facebook.com\/profile.php?id=100091825763096\"]}]}<\/script>\n<!-- \/ Yoast SEO Premium plugin. -->","yoast_head_json":{"title":"Arthur's Basket - Abonnement f\u00fcr frisches Gem\u00fcse vom Bauernhof - AGBR","description":"Genie\u00dfen Sie frisches, saisonales Gem\u00fcse und Obst mit Arthur's Basket \ud83c\udf3f - w\u00f6chentliches Obst und Gem\u00fcse aus eigenem Anbau von Juni bis Oktober. Bevorzugte Auswahl, zus\u00e4tzlicher Wert, \u00fcberraschende Leckerbissen und kostenlose Lieferung vor Ort. Bestellen Sie fr\u00fch - die Ernten sind begrenzt!","robots":{"index":"index","follow":"follow","max-snippet":"max-snippet:-1","max-image-preview":"max-image-preview:large","max-video-preview":"max-video-preview:-1"},"canonical":"https:\/\/arthurgreenbean.be\/de\/produkt\/arthurs-korb-copy\/","og_locale":"de_DE","og_type":"article","og_title":"Arthur's Basket - Abonnement f\u00fcr frisches Gem\u00fcse vom Bauernhof","og_description":"Genie\u00dfen Sie frisches, saisonales Gem\u00fcse und Obst mit Arthur's Basket \ud83c\udf3f - w\u00f6chentliches Obst und Gem\u00fcse aus eigenem Anbau von Juni bis Oktober. Bevorzugte Auswahl, zus\u00e4tzlicher Wert, \u00fcberraschende Leckerbissen und kostenlose Lieferung vor Ort. Bestellen Sie fr\u00fch - die Ernten sind begrenzt!","og_url":"https:\/\/arthurgreenbean.be\/de\/produkt\/arthurs-korb-copy\/","og_site_name":"AGBR","article_publisher":"https:\/\/www.facebook.com\/profile.php?id=100091825763096","article_modified_time":"2026-03-19T19:59:00+00:00","og_image":[{"width":800,"height":600,"url":"https:\/\/arthurgreenbean.be\/wp-content\/uploads\/Arthurs-Basket-klein.jpg","type":"image\/jpeg"}],"twitter_card":"summary_large_image","twitter_misc":{"Gesch\u00e4tzte Lesezeit":"2\u00a0Minuten"},"schema":{"@context":"https:\/\/schema.org","@graph":[{"@type":"WebPage","@id":"https:\/\/arthurgreenbean.be\/de\/produkt\/arthurs-korb-copy\/","url":"https:\/\/arthurgreenbean.be\/de\/produkt\/arthurs-korb-copy\/","name":"Arthur's Basket - Abonnement f\u00fcr frisches Gem\u00fcse vom Bauernhof - AGBR","isPartOf":{"@id":"https:\/\/arthurgreenbean.be\/de\/#website"},"primaryImageOfPage":{"@id":"https:\/\/arthurgreenbean.be\/de\/produkt\/arthurs-korb-copy\/#primaryimage"},"image":{"@id":"https:\/\/arthurgreenbean.be\/de\/produkt\/arthurs-korb-copy\/#primaryimage"},"thumbnailUrl":"https:\/\/arthurgreenbean.be\/wp-content\/uploads\/Arthurs-Basket-klein.jpg","datePublished":"2023-09-23T07:25:38+00:00","dateModified":"2026-03-19T19:59:00+00:00","description":"Genie\u00dfen Sie frisches, saisonales Gem\u00fcse und Obst mit Arthur's Basket \ud83c\udf3f - w\u00f6chentliches Obst und Gem\u00fcse aus eigenem Anbau von Juni bis Oktober. Bevorzugte Auswahl, zus\u00e4tzlicher Wert, \u00fcberraschende Leckerbissen und kostenlose Lieferung vor Ort. Bestellen Sie fr\u00fch - die Ernten sind begrenzt!","breadcrumb":{"@id":"https:\/\/arthurgreenbean.be\/de\/produkt\/arthurs-korb-copy\/#breadcrumb"},"inLanguage":"de","potentialAction":[{"@type":"ReadAction","target":["https:\/\/arthurgreenbean.be\/de\/produkt\/arthurs-korb-copy\/"]}]},{"@type":"ImageObject","inLanguage":"de","@id":"https:\/\/arthurgreenbean.be\/de\/produkt\/arthurs-korb-copy\/#primaryimage","url":"https:\/\/arthurgreenbean.be\/wp-content\/uploads\/Arthurs-Basket-klein.jpg","contentUrl":"https:\/\/arthurgreenbean.be\/wp-content\/uploads\/Arthurs-Basket-klein.jpg","width":800,"height":600,"caption":"Arthurs Korb voller Gem\u00fcseg\u00fcte"},{"@type":"BreadcrumbList","@id":"https:\/\/arthurgreenbean.be\/de\/produkt\/arthurs-korb-copy\/#breadcrumb","itemListElement":[{"@type":"ListItem","position":1,"name":"Home","item":"https:\/\/arthurgreenbean.be\/de\/"},{"@type":"ListItem","position":2,"name":"Shop","item":"https:\/\/arthurgreenbean.be\/shop\/"},{"@type":"ListItem","position":3,"name":"Arthur&#8217;s Basket &#8211; Abonnement f\u00fcr frisches Gem\u00fcse vom Bauernhof"}]},{"@type":"WebSite","@id":"https:\/\/arthurgreenbean.be\/de\/#website","url":"https:\/\/arthurgreenbean.be\/de\/","name":"Arthurgreenbean","description":"Arthurgreenbean Ranch","publisher":{"@id":"https:\/\/arthurgreenbean.be\/de\/#organization"},"potentialAction":[{"@type":"SearchAction","target":{"@type":"EntryPoint","urlTemplate":"https:\/\/arthurgreenbean.be\/de\/?s={search_term_string}"},"query-input":{"@type":"PropertyValueSpecification","valueRequired":true,"valueName":"search_term_string"}}],"inLanguage":"de"},{"@type":"Organization","@id":"https:\/\/arthurgreenbean.be\/de\/#organization","name":"Arthurgreenbean Ranch","url":"https:\/\/arthurgreenbean.be\/de\/","logo":{"@type":"ImageObject","inLanguage":"de","@id":"https:\/\/arthurgreenbean.be\/de\/#\/schema\/logo\/image\/","url":"https:\/\/arthurgreenbean.be\/wp-content\/uploads\/agbr-696-1.jpg","contentUrl":"https:\/\/arthurgreenbean.be\/wp-content\/uploads\/agbr-696-1.jpg","width":696,"height":696,"caption":"Arthurgreenbean Ranch"},"image":{"@id":"https:\/\/arthurgreenbean.be\/de\/#\/schema\/logo\/image\/"},"sameAs":["https:\/\/www.facebook.com\/profile.php?id=100091825763096"]}]}},"_links":{"self":[{"href":"https:\/\/arthurgreenbean.be\/de\/wp-json\/wp\/v2\/product\/6987","targetHints":{"allow":["GET"]}}],"collection":[{"href":"https:\/\/arthurgreenbean.be\/de\/wp-json\/wp\/v2\/product"}],"about":[{"href":"https:\/\/arthurgreenbean.be\/de\/wp-json\/wp\/v2\/types\/product"}],"replies":[{"embeddable":true,"href":"https:\/\/arthurgreenbean.be\/de\/wp-json\/wp\/v2\/comments?post=6987"}],"wp:featuredmedia":[{"embeddable":true,"href":"https:\/\/arthurgreenbean.be\/de\/wp-json\/wp\/v2\/media\/7144"}],"wp:attachment":[{"href":"https:\/\/arthurgreenbean.be\/de\/wp-json\/wp\/v2\/media?parent=6987"}],"wp:term":[{"taxonomy":"product_brand","embeddable":true,"href":"https:\/\/arthurgreenbean.be\/de\/wp-json\/wp\/v2\/product_brand?post=6987"},{"taxonomy":"product_cat","embeddable":true,"href":"https:\/\/arthurgreenbean.be\/de\/wp-json\/wp\/v2\/product_cat?post=6987"},{"taxonomy":"product_tag","embeddable":true,"href":"https:\/\/arthurgreenbean.be\/de\/wp-json\/wp\/v2\/product_tag?post=6987"}],"curies":[{"name":"wp","href":"https:\/\/api.w.org\/{rel}","templated":true}]}}