{"id":6504,"date":"2025-01-24T11:27:11","date_gmt":"2025-01-24T11:27:11","guid":{"rendered":"https:\/\/arthurgreenbean.be\/?post_type=product&#038;p=6504"},"modified":"2026-03-19T20:57:53","modified_gmt":"2026-03-19T19:57:53","slug":"arthurs-kimchi-470-gr-the-best-edition-ever-neuer-preis-990-inkl-250-pfand-fur-das-glas-copy","status":"publish","type":"product","link":"https:\/\/arthurgreenbean.be\/de\/produkt\/arthurs-kimchi-470-gr-the-best-edition-ever-neuer-preis-990-inkl-250-pfand-fur-das-glas-copy\/","title":{"rendered":"Arthur&#8217;s Sauerkraut aus unserem Weisskohl"},"content":{"rendered":"<p data-start=\"130\" data-end=\"191\"><strong data-start=\"130\" data-end=\"189\">\ud83e\udd6c Frisch, Mild &amp; lebendig \u2014 Unser hausgemachtes Winter Sauerkraut<\/strong><\/p>\n<p data-start=\"193\" data-end=\"413\">Hergestellt aus unserem leckeren Weisskohl, gepflanzt im Juni und geerntet in optimaler Frische.<br \/>Leicht gew\u00fcrzt mit K\u00fcmmel, Lorbeerbl\u00e4tter und Wacholderbeeren, dann nat\u00fcrlich fermentiert mit reinem rsa Himalaya Steinsalz <\/p>\n<p data-start=\"415\" data-end=\"649\"><strong data-start=\"415\" data-end=\"448\">Vollkommen lebendig und unpasteurisiert<\/strong> &#8211; voll mit Vitaminen, Enzymen und Probiotika. K\u00f6stlich roh gegessen f\u00fcr den vollen N\u00e4hrwert, aber auch wunderbar gekocht. F\u00fcgen Sie es zu fast allem hinzu, um den Geschmack und die Gesundheit zu verbessern \u2728.  <\/p>\n<p data-start=\"651\" data-end=\"911\">Unser <strong data-start=\"655\" data-end=\"676\">Wintersauerkraut<\/strong> kann sich monatelang halten. Halten Sie den Deckel so weit wie m\u00f6glich geschlossen, um Verunreinigungen zu vermeiden, und bewahren Sie es ge\u00f6ffnet im K\u00fchlschrank auf, \u2744\ufe0f. <\/p>\n<p data-start=\"913\" data-end=\"977\"><strong data-start=\"913\" data-end=\"930\">470 g &#8211; \u20ac9 <\/strong> <em data-start=\"931\" data-end=\"975\">(einschlie\u00dflich \u20ac3 r\u00fcckzahlbares Glaspfand)<\/em><\/p>\n","protected":false},"excerpt":{"rendered":"<h3>\ud83e\udd6c Frisch, spritzig und voller Leben &#8211; unser hausgemachtes Sauerkraut wird aus unserem eigenen, frisch geernteten Wei\u00dfkohl hergestellt und sanft mit K\u00fcmmel, Lorbeer und Wacholderbeeren gew\u00fcrzt. Nat\u00fcrlich fermentiert mit rosa Himalaya-Salz ist es ein probiotisches Kraftpaket, das jeder Mahlzeit einen k\u00f6stlichen Kick verleiht. Genie\u00dfen Sie es roh oder gekocht und schmecken Sie den Unterschied von echtem, lebendigem Sauerkraut!  <\/h3>\n","protected":false},"featured_media":6286,"comment_status":"open","ping_status":"closed","template":"","meta":[],"product_brand":[],"product_cat":[238,113],"product_tag":[88,91,90,89],"class_list":{"0":"post-6504","1":"product","2":"type-product","3":"status-publish","4":"has-post-thumbnail","6":"product_cat-fermentiert-de","7":"product_cat-lebensmittel","8":"product_tag-belgien-de","9":"product_tag-bio","10":"product_tag-gesundheit","11":"product_tag-lebensmittel","13":"first","14":"instock","15":"shipping-taxable","16":"purchasable","17":"product-type-simple"},"exclude_global_add_ons":[],"addons":[],"yoast_head":"<!-- This site is optimized with the Yoast SEO Premium plugin v26.7 (Yoast SEO v27.5) - https:\/\/yoast.com\/product\/yoast-seo-premium-wordpress\/ -->\n<title>Arthur&#039;s Sauerkraut aus unserem Weisskohl - AGBR<\/title>\n<meta name=\"description\" content=\"K\u00f6stliches, mildes Sauerkraut \ud83e\udd6c aus unserem eigenen Kraut, K\u00fcmmel, Lorbeer und Wacholderbeeren hergestellt. Nat\u00fcrlich fermentiert mit rosa Himalaya-Salz - lebendig, unpasteurisiert und voller G\u00fcte.\" \/>\n<meta name=\"robots\" content=\"index, follow, max-snippet:-1, max-image-preview:large, max-video-preview:-1\" \/>\n<link rel=\"canonical\" href=\"https:\/\/arthurgreenbean.be\/de\/produkt\/arthurs-kimchi-470-gr-the-best-edition-ever-neuer-preis-990-inkl-250-pfand-fur-das-glas-copy\/\" \/>\n<meta property=\"og:locale\" content=\"de_DE\" \/>\n<meta property=\"og:type\" content=\"article\" \/>\n<meta property=\"og:title\" content=\"Arthur&#039;s Sauerkraut aus unserem Weisskohl\" \/>\n<meta property=\"og:description\" content=\"K\u00f6stliches, mildes Sauerkraut \ud83e\udd6c aus unserem eigenen Kraut, K\u00fcmmel, Lorbeer und Wacholderbeeren hergestellt. Nat\u00fcrlich fermentiert mit rosa Himalaya-Salz - lebendig, unpasteurisiert und voller G\u00fcte.\" \/>\n<meta property=\"og:url\" content=\"https:\/\/arthurgreenbean.be\/de\/produkt\/arthurs-kimchi-470-gr-the-best-edition-ever-neuer-preis-990-inkl-250-pfand-fur-das-glas-copy\/\" \/>\n<meta property=\"og:site_name\" content=\"AGBR\" \/>\n<meta property=\"article:publisher\" content=\"https:\/\/www.facebook.com\/profile.php?id=100091825763096\" \/>\n<meta property=\"article:modified_time\" content=\"2026-03-19T19:57:53+00:00\" \/>\n<meta property=\"og:image\" content=\"https:\/\/arthurgreenbean.be\/wp-content\/uploads\/WhatsApp-Image-2024-11-01-at-09.38.52.jpeg\" \/>\n\t<meta property=\"og:image:width\" content=\"1440\" \/>\n\t<meta property=\"og:image:height\" content=\"1439\" \/>\n\t<meta property=\"og:image:type\" content=\"image\/jpeg\" \/>\n<meta name=\"twitter:card\" content=\"summary_large_image\" \/>\n<meta name=\"twitter:label1\" content=\"Gesch\u00e4tzte Lesezeit\" \/>\n\t<meta name=\"twitter:data1\" content=\"1\u00a0Minute\" \/>\n<script type=\"application\/ld+json\" class=\"yoast-schema-graph\">{\"@context\":\"https:\\\/\\\/schema.org\",\"@graph\":[{\"@type\":\"WebPage\",\"@id\":\"https:\\\/\\\/arthurgreenbean.be\\\/de\\\/produkt\\\/arthurs-kimchi-470-gr-the-best-edition-ever-neuer-preis-990-inkl-250-pfand-fur-das-glas-copy\\\/\",\"url\":\"https:\\\/\\\/arthurgreenbean.be\\\/de\\\/produkt\\\/arthurs-kimchi-470-gr-the-best-edition-ever-neuer-preis-990-inkl-250-pfand-fur-das-glas-copy\\\/\",\"name\":\"Arthur's Sauerkraut aus unserem Weisskohl - AGBR\",\"isPartOf\":{\"@id\":\"https:\\\/\\\/arthurgreenbean.be\\\/de\\\/#website\"},\"primaryImageOfPage\":{\"@id\":\"https:\\\/\\\/arthurgreenbean.be\\\/de\\\/produkt\\\/arthurs-kimchi-470-gr-the-best-edition-ever-neuer-preis-990-inkl-250-pfand-fur-das-glas-copy\\\/#primaryimage\"},\"image\":{\"@id\":\"https:\\\/\\\/arthurgreenbean.be\\\/de\\\/produkt\\\/arthurs-kimchi-470-gr-the-best-edition-ever-neuer-preis-990-inkl-250-pfand-fur-das-glas-copy\\\/#primaryimage\"},\"thumbnailUrl\":\"https:\\\/\\\/arthurgreenbean.be\\\/wp-content\\\/uploads\\\/WhatsApp-Image-2024-11-01-at-09.38.52.jpeg\",\"datePublished\":\"2025-01-24T11:27:11+00:00\",\"dateModified\":\"2026-03-19T19:57:53+00:00\",\"description\":\"K\u00f6stliches, mildes Sauerkraut \ud83e\udd6c aus unserem eigenen Kraut, K\u00fcmmel, Lorbeer und Wacholderbeeren hergestellt. Nat\u00fcrlich fermentiert mit rosa Himalaya-Salz - lebendig, unpasteurisiert und voller G\u00fcte.\",\"breadcrumb\":{\"@id\":\"https:\\\/\\\/arthurgreenbean.be\\\/de\\\/produkt\\\/arthurs-kimchi-470-gr-the-best-edition-ever-neuer-preis-990-inkl-250-pfand-fur-das-glas-copy\\\/#breadcrumb\"},\"inLanguage\":\"de\",\"potentialAction\":[{\"@type\":\"ReadAction\",\"target\":[\"https:\\\/\\\/arthurgreenbean.be\\\/de\\\/produkt\\\/arthurs-kimchi-470-gr-the-best-edition-ever-neuer-preis-990-inkl-250-pfand-fur-das-glas-copy\\\/\"]}]},{\"@type\":\"ImageObject\",\"inLanguage\":\"de\",\"@id\":\"https:\\\/\\\/arthurgreenbean.be\\\/de\\\/produkt\\\/arthurs-kimchi-470-gr-the-best-edition-ever-neuer-preis-990-inkl-250-pfand-fur-das-glas-copy\\\/#primaryimage\",\"url\":\"https:\\\/\\\/arthurgreenbean.be\\\/wp-content\\\/uploads\\\/WhatsApp-Image-2024-11-01-at-09.38.52.jpeg\",\"contentUrl\":\"https:\\\/\\\/arthurgreenbean.be\\\/wp-content\\\/uploads\\\/WhatsApp-Image-2024-11-01-at-09.38.52.jpeg\",\"width\":1440,\"height\":1439,\"caption\":\"Arthurs Sauerkraut\"},{\"@type\":\"BreadcrumbList\",\"@id\":\"https:\\\/\\\/arthurgreenbean.be\\\/de\\\/produkt\\\/arthurs-kimchi-470-gr-the-best-edition-ever-neuer-preis-990-inkl-250-pfand-fur-das-glas-copy\\\/#breadcrumb\",\"itemListElement\":[{\"@type\":\"ListItem\",\"position\":1,\"name\":\"Home\",\"item\":\"https:\\\/\\\/arthurgreenbean.be\\\/de\\\/\"},{\"@type\":\"ListItem\",\"position\":2,\"name\":\"Shop\",\"item\":\"https:\\\/\\\/arthurgreenbean.be\\\/shop\\\/\"},{\"@type\":\"ListItem\",\"position\":3,\"name\":\"Arthur&#8217;s Sauerkraut aus unserem Weisskohl\"}]},{\"@type\":\"WebSite\",\"@id\":\"https:\\\/\\\/arthurgreenbean.be\\\/de\\\/#website\",\"url\":\"https:\\\/\\\/arthurgreenbean.be\\\/de\\\/\",\"name\":\"Arthurgreenbean\",\"description\":\"Arthurgreenbean Ranch\",\"publisher\":{\"@id\":\"https:\\\/\\\/arthurgreenbean.be\\\/de\\\/#organization\"},\"potentialAction\":[{\"@type\":\"SearchAction\",\"target\":{\"@type\":\"EntryPoint\",\"urlTemplate\":\"https:\\\/\\\/arthurgreenbean.be\\\/de\\\/?s={search_term_string}\"},\"query-input\":{\"@type\":\"PropertyValueSpecification\",\"valueRequired\":true,\"valueName\":\"search_term_string\"}}],\"inLanguage\":\"de\"},{\"@type\":\"Organization\",\"@id\":\"https:\\\/\\\/arthurgreenbean.be\\\/de\\\/#organization\",\"name\":\"Arthurgreenbean Ranch\",\"url\":\"https:\\\/\\\/arthurgreenbean.be\\\/de\\\/\",\"logo\":{\"@type\":\"ImageObject\",\"inLanguage\":\"de\",\"@id\":\"https:\\\/\\\/arthurgreenbean.be\\\/de\\\/#\\\/schema\\\/logo\\\/image\\\/\",\"url\":\"https:\\\/\\\/arthurgreenbean.be\\\/wp-content\\\/uploads\\\/agbr-696-1.jpg\",\"contentUrl\":\"https:\\\/\\\/arthurgreenbean.be\\\/wp-content\\\/uploads\\\/agbr-696-1.jpg\",\"width\":696,\"height\":696,\"caption\":\"Arthurgreenbean Ranch\"},\"image\":{\"@id\":\"https:\\\/\\\/arthurgreenbean.be\\\/de\\\/#\\\/schema\\\/logo\\\/image\\\/\"},\"sameAs\":[\"https:\\\/\\\/www.facebook.com\\\/profile.php?id=100091825763096\"]}]}<\/script>\n<!-- \/ Yoast SEO Premium plugin. -->","yoast_head_json":{"title":"Arthur's Sauerkraut aus unserem Weisskohl - AGBR","description":"K\u00f6stliches, mildes Sauerkraut \ud83e\udd6c aus unserem eigenen Kraut, K\u00fcmmel, Lorbeer und Wacholderbeeren hergestellt. Nat\u00fcrlich fermentiert mit rosa Himalaya-Salz - lebendig, unpasteurisiert und voller G\u00fcte.","robots":{"index":"index","follow":"follow","max-snippet":"max-snippet:-1","max-image-preview":"max-image-preview:large","max-video-preview":"max-video-preview:-1"},"canonical":"https:\/\/arthurgreenbean.be\/de\/produkt\/arthurs-kimchi-470-gr-the-best-edition-ever-neuer-preis-990-inkl-250-pfand-fur-das-glas-copy\/","og_locale":"de_DE","og_type":"article","og_title":"Arthur's Sauerkraut aus unserem Weisskohl","og_description":"K\u00f6stliches, mildes Sauerkraut \ud83e\udd6c aus unserem eigenen Kraut, K\u00fcmmel, Lorbeer und Wacholderbeeren hergestellt. Nat\u00fcrlich fermentiert mit rosa Himalaya-Salz - lebendig, unpasteurisiert und voller G\u00fcte.","og_url":"https:\/\/arthurgreenbean.be\/de\/produkt\/arthurs-kimchi-470-gr-the-best-edition-ever-neuer-preis-990-inkl-250-pfand-fur-das-glas-copy\/","og_site_name":"AGBR","article_publisher":"https:\/\/www.facebook.com\/profile.php?id=100091825763096","article_modified_time":"2026-03-19T19:57:53+00:00","og_image":[{"width":1440,"height":1439,"url":"https:\/\/arthurgreenbean.be\/wp-content\/uploads\/WhatsApp-Image-2024-11-01-at-09.38.52.jpeg","type":"image\/jpeg"}],"twitter_card":"summary_large_image","twitter_misc":{"Gesch\u00e4tzte Lesezeit":"1\u00a0Minute"},"schema":{"@context":"https:\/\/schema.org","@graph":[{"@type":"WebPage","@id":"https:\/\/arthurgreenbean.be\/de\/produkt\/arthurs-kimchi-470-gr-the-best-edition-ever-neuer-preis-990-inkl-250-pfand-fur-das-glas-copy\/","url":"https:\/\/arthurgreenbean.be\/de\/produkt\/arthurs-kimchi-470-gr-the-best-edition-ever-neuer-preis-990-inkl-250-pfand-fur-das-glas-copy\/","name":"Arthur's Sauerkraut aus unserem Weisskohl - AGBR","isPartOf":{"@id":"https:\/\/arthurgreenbean.be\/de\/#website"},"primaryImageOfPage":{"@id":"https:\/\/arthurgreenbean.be\/de\/produkt\/arthurs-kimchi-470-gr-the-best-edition-ever-neuer-preis-990-inkl-250-pfand-fur-das-glas-copy\/#primaryimage"},"image":{"@id":"https:\/\/arthurgreenbean.be\/de\/produkt\/arthurs-kimchi-470-gr-the-best-edition-ever-neuer-preis-990-inkl-250-pfand-fur-das-glas-copy\/#primaryimage"},"thumbnailUrl":"https:\/\/arthurgreenbean.be\/wp-content\/uploads\/WhatsApp-Image-2024-11-01-at-09.38.52.jpeg","datePublished":"2025-01-24T11:27:11+00:00","dateModified":"2026-03-19T19:57:53+00:00","description":"K\u00f6stliches, mildes Sauerkraut \ud83e\udd6c aus unserem eigenen Kraut, K\u00fcmmel, Lorbeer und Wacholderbeeren hergestellt. Nat\u00fcrlich fermentiert mit rosa Himalaya-Salz - lebendig, unpasteurisiert und voller G\u00fcte.","breadcrumb":{"@id":"https:\/\/arthurgreenbean.be\/de\/produkt\/arthurs-kimchi-470-gr-the-best-edition-ever-neuer-preis-990-inkl-250-pfand-fur-das-glas-copy\/#breadcrumb"},"inLanguage":"de","potentialAction":[{"@type":"ReadAction","target":["https:\/\/arthurgreenbean.be\/de\/produkt\/arthurs-kimchi-470-gr-the-best-edition-ever-neuer-preis-990-inkl-250-pfand-fur-das-glas-copy\/"]}]},{"@type":"ImageObject","inLanguage":"de","@id":"https:\/\/arthurgreenbean.be\/de\/produkt\/arthurs-kimchi-470-gr-the-best-edition-ever-neuer-preis-990-inkl-250-pfand-fur-das-glas-copy\/#primaryimage","url":"https:\/\/arthurgreenbean.be\/wp-content\/uploads\/WhatsApp-Image-2024-11-01-at-09.38.52.jpeg","contentUrl":"https:\/\/arthurgreenbean.be\/wp-content\/uploads\/WhatsApp-Image-2024-11-01-at-09.38.52.jpeg","width":1440,"height":1439,"caption":"Arthurs Sauerkraut"},{"@type":"BreadcrumbList","@id":"https:\/\/arthurgreenbean.be\/de\/produkt\/arthurs-kimchi-470-gr-the-best-edition-ever-neuer-preis-990-inkl-250-pfand-fur-das-glas-copy\/#breadcrumb","itemListElement":[{"@type":"ListItem","position":1,"name":"Home","item":"https:\/\/arthurgreenbean.be\/de\/"},{"@type":"ListItem","position":2,"name":"Shop","item":"https:\/\/arthurgreenbean.be\/shop\/"},{"@type":"ListItem","position":3,"name":"Arthur&#8217;s Sauerkraut aus unserem Weisskohl"}]},{"@type":"WebSite","@id":"https:\/\/arthurgreenbean.be\/de\/#website","url":"https:\/\/arthurgreenbean.be\/de\/","name":"Arthurgreenbean","description":"Arthurgreenbean Ranch","publisher":{"@id":"https:\/\/arthurgreenbean.be\/de\/#organization"},"potentialAction":[{"@type":"SearchAction","target":{"@type":"EntryPoint","urlTemplate":"https:\/\/arthurgreenbean.be\/de\/?s={search_term_string}"},"query-input":{"@type":"PropertyValueSpecification","valueRequired":true,"valueName":"search_term_string"}}],"inLanguage":"de"},{"@type":"Organization","@id":"https:\/\/arthurgreenbean.be\/de\/#organization","name":"Arthurgreenbean Ranch","url":"https:\/\/arthurgreenbean.be\/de\/","logo":{"@type":"ImageObject","inLanguage":"de","@id":"https:\/\/arthurgreenbean.be\/de\/#\/schema\/logo\/image\/","url":"https:\/\/arthurgreenbean.be\/wp-content\/uploads\/agbr-696-1.jpg","contentUrl":"https:\/\/arthurgreenbean.be\/wp-content\/uploads\/agbr-696-1.jpg","width":696,"height":696,"caption":"Arthurgreenbean Ranch"},"image":{"@id":"https:\/\/arthurgreenbean.be\/de\/#\/schema\/logo\/image\/"},"sameAs":["https:\/\/www.facebook.com\/profile.php?id=100091825763096"]}]}},"_links":{"self":[{"href":"https:\/\/arthurgreenbean.be\/de\/wp-json\/wp\/v2\/product\/6504","targetHints":{"allow":["GET"]}}],"collection":[{"href":"https:\/\/arthurgreenbean.be\/de\/wp-json\/wp\/v2\/product"}],"about":[{"href":"https:\/\/arthurgreenbean.be\/de\/wp-json\/wp\/v2\/types\/product"}],"replies":[{"embeddable":true,"href":"https:\/\/arthurgreenbean.be\/de\/wp-json\/wp\/v2\/comments?post=6504"}],"wp:featuredmedia":[{"embeddable":true,"href":"https:\/\/arthurgreenbean.be\/de\/wp-json\/wp\/v2\/media\/6286"}],"wp:attachment":[{"href":"https:\/\/arthurgreenbean.be\/de\/wp-json\/wp\/v2\/media?parent=6504"}],"wp:term":[{"taxonomy":"product_brand","embeddable":true,"href":"https:\/\/arthurgreenbean.be\/de\/wp-json\/wp\/v2\/product_brand?post=6504"},{"taxonomy":"product_cat","embeddable":true,"href":"https:\/\/arthurgreenbean.be\/de\/wp-json\/wp\/v2\/product_cat?post=6504"},{"taxonomy":"product_tag","embeddable":true,"href":"https:\/\/arthurgreenbean.be\/de\/wp-json\/wp\/v2\/product_tag?post=6504"}],"curies":[{"name":"wp","href":"https:\/\/api.w.org\/{rel}","templated":true}]}}