{"id":6147,"date":"2023-01-12T08:30:20","date_gmt":"2023-01-12T08:30:20","guid":{"rendered":"https:\/\/arthurgreenbean.be\/?post_type=product&#038;p=6147"},"modified":"2026-03-29T16:22:36","modified_gmt":"2026-03-29T14:22:36","slug":"massage-workshop-ayurvedische-fusmassage-padabhyanga-copy","status":"publish","type":"product","link":"https:\/\/arthurgreenbean.be\/de\/produkt\/massage-workshop-ayurvedische-fusmassage-padabhyanga-copy\/","title":{"rendered":"Massage Workshop &#8211; Ayurvedische Fu\u00dfmassage Padabhyanga &#8211; 27. M\u00e4rz"},"content":{"rendered":"<p>Wir freuen uns, im Jahr 2027 wieder einen Massage-Workshop auf unserem Hof in unserem Yoga-Schiefer anbieten zu k\u00f6nnen \u2764\ufe0f<\/p>\n<p>Dieser Workshop richtet sich an Menschen, die sich f\u00fcr die ayurvedische Fu\u00dfmassage oder die Alchemie der Ber\u00fchrung der F\u00fc\u00dfe interessieren.<\/p>\n<p>Eine Fu\u00dfmassage ist eine der Teilk\u00f6rpermassagen, die dem ganzen K\u00f6rper tiefe Entspannung bringt und zu einem besseren Schlaf in der Nacht verhelfen kann. Sie k\u00f6nnen die F\u00fc\u00dfe Ihres Partners, Ihres Kindes oder einer anderen Person, der Sie ein Geschenk machen m\u00f6chten, mit dieser wunderbar entspannenden gemeinsamen Zeit und sanften Ber\u00fchrung massieren. Es ist das Beste f\u00fcr den Kurs, sich als zwei Menschen auszutauschen und gemeinsam zu lernen, zu geben und zu empfangen.  <\/p>\n<p>Diese ayurvedische Massage umfasst verschiedene Massagestriche mit einem hochwertigen Massage\u00f6l unter Einbeziehung der Marmapunkte des Fu\u00dfes. Sie werden erleben, wie diese Massage Ihnen nahe Momente, entspannte F\u00fc\u00dfe und eine tiefe Gelassenheit beschert.<\/p>\n<p>In der Pause gibt es Chai, Kaffee und ayurvedisches Geb\u00e4ck.<\/p>\n<p>&nbsp;<\/p>\n<p>Dauer: 13:00 &#8211; 17:00 Massagepraxis + Theorie, Pause f\u00fcr Chai, Kaffee und Geb\u00e4ck, Massagepraxis + Theorie<\/p>\n<p>Min. 4 Personen, max. 4 Personen, max. 8 Personen<br \/>\nDatum: Samstag, 27. M\u00e4rz 2027<br \/>\nKosten: 55,- p.P. <\/p>\n","protected":false},"excerpt":{"rendered":"<p>Ayurvedische Fu\u00dfmassagekurs &amp; Ayurvedisches Mittagessen<\/p>\n<p>Dauer: 4 Stunden<br \/>\nDatum: Samstag, 27. M\u00e4rz 2027<\/p>\n<p><strong>Kosten: \u20ac 55,- p.P.<\/strong><\/p>\n","protected":false},"featured_media":4098,"comment_status":"open","ping_status":"closed","template":"","meta":[],"product_brand":[],"product_cat":[122,123,144],"product_tag":[125,88,90,145],"class_list":{"0":"post-6147","1":"product","2":"type-product","3":"status-publish","4":"has-post-thumbnail","6":"product_cat-ayurveda-de","7":"product_cat-ayurvedische-massagen","8":"product_cat-massage-de","9":"product_tag-ayurveda-de","10":"product_tag-belgien-de","11":"product_tag-gesundheit","12":"product_tag-massagen","14":"first","15":"instock","16":"shipping-taxable","17":"purchasable","18":"product-type-appointment"},"exclude_global_add_ons":[],"addons":[],"yoast_head":"<!-- This site is optimized with the Yoast SEO Premium plugin v26.7 (Yoast SEO v27.2) - https:\/\/yoast.com\/product\/yoast-seo-premium-wordpress\/ -->\n<title>Massage Workshop - Ayurvedische Fu\u00dfmassage Padabhyanga - 27. M\u00e4rz - AGBR<\/title>\n<meta name=\"description\" content=\"Workshop Ayurvedische Massage \/ Fu\u00dfmassage \/ Padabhyanga\" \/>\n<meta name=\"robots\" content=\"index, follow, max-snippet:-1, max-image-preview:large, max-video-preview:-1\" \/>\n<link rel=\"canonical\" href=\"https:\/\/arthurgreenbean.be\/de\/produkt\/massage-workshop-ayurvedische-fusmassage-padabhyanga-copy\/\" \/>\n<meta property=\"og:locale\" content=\"de_DE\" \/>\n<meta property=\"og:type\" content=\"article\" \/>\n<meta property=\"og:title\" content=\"Massage Workshop - Ayurvedische Fu\u00dfmassage Padabhyanga - 27. M\u00e4rz\" \/>\n<meta property=\"og:description\" content=\"Workshop Ayurvedische Massage \/ Fu\u00dfmassage \/ Padabhyanga\" \/>\n<meta property=\"og:url\" content=\"https:\/\/arthurgreenbean.be\/de\/produkt\/massage-workshop-ayurvedische-fusmassage-padabhyanga-copy\/\" \/>\n<meta property=\"og:site_name\" content=\"AGBR\" \/>\n<meta property=\"article:publisher\" content=\"https:\/\/www.facebook.com\/profile.php?id=100091825763096\" \/>\n<meta property=\"article:modified_time\" content=\"2026-03-29T14:22:36+00:00\" \/>\n<meta property=\"og:image\" content=\"https:\/\/arthurgreenbean.be\/wp-content\/uploads\/shutterstock_217890370-scaled.jpg\" \/>\n\t<meta property=\"og:image:width\" content=\"2560\" \/>\n\t<meta property=\"og:image:height\" content=\"1706\" \/>\n\t<meta property=\"og:image:type\" content=\"image\/jpeg\" \/>\n<meta name=\"twitter:card\" content=\"summary_large_image\" \/>\n<meta name=\"twitter:label1\" content=\"Gesch\u00e4tzte Lesezeit\" \/>\n\t<meta name=\"twitter:data1\" content=\"1\u00a0Minute\" \/>\n<script type=\"application\/ld+json\" class=\"yoast-schema-graph\">{\"@context\":\"https:\/\/schema.org\",\"@graph\":[{\"@type\":\"WebPage\",\"@id\":\"https:\/\/arthurgreenbean.be\/de\/produkt\/massage-workshop-ayurvedische-fusmassage-padabhyanga-copy\/\",\"url\":\"https:\/\/arthurgreenbean.be\/de\/produkt\/massage-workshop-ayurvedische-fusmassage-padabhyanga-copy\/\",\"name\":\"Massage Workshop - Ayurvedische Fu\u00dfmassage Padabhyanga - 27. M\u00e4rz - AGBR\",\"isPartOf\":{\"@id\":\"https:\/\/arthurgreenbean.be\/de\/#website\"},\"primaryImageOfPage\":{\"@id\":\"https:\/\/arthurgreenbean.be\/de\/produkt\/massage-workshop-ayurvedische-fusmassage-padabhyanga-copy\/#primaryimage\"},\"image\":{\"@id\":\"https:\/\/arthurgreenbean.be\/de\/produkt\/massage-workshop-ayurvedische-fusmassage-padabhyanga-copy\/#primaryimage\"},\"thumbnailUrl\":\"https:\/\/arthurgreenbean.be\/wp-content\/uploads\/shutterstock_217890370-scaled.jpg\",\"datePublished\":\"2023-01-12T08:30:20+00:00\",\"dateModified\":\"2026-03-29T14:22:36+00:00\",\"description\":\"Workshop Ayurvedische Massage \/ Fu\u00dfmassage \/ Padabhyanga\",\"breadcrumb\":{\"@id\":\"https:\/\/arthurgreenbean.be\/de\/produkt\/massage-workshop-ayurvedische-fusmassage-padabhyanga-copy\/#breadcrumb\"},\"inLanguage\":\"de\",\"potentialAction\":[{\"@type\":\"ReadAction\",\"target\":[\"https:\/\/arthurgreenbean.be\/de\/produkt\/massage-workshop-ayurvedische-fusmassage-padabhyanga-copy\/\"]}]},{\"@type\":\"ImageObject\",\"inLanguage\":\"de\",\"@id\":\"https:\/\/arthurgreenbean.be\/de\/produkt\/massage-workshop-ayurvedische-fusmassage-padabhyanga-copy\/#primaryimage\",\"url\":\"https:\/\/arthurgreenbean.be\/wp-content\/uploads\/shutterstock_217890370-scaled.jpg\",\"contentUrl\":\"https:\/\/arthurgreenbean.be\/wp-content\/uploads\/shutterstock_217890370-scaled.jpg\",\"width\":2560,\"height\":1706,\"caption\":\"tolle ayurvedische Fu\u00dfmassage\"},{\"@type\":\"BreadcrumbList\",\"@id\":\"https:\/\/arthurgreenbean.be\/de\/produkt\/massage-workshop-ayurvedische-fusmassage-padabhyanga-copy\/#breadcrumb\",\"itemListElement\":[{\"@type\":\"ListItem\",\"position\":1,\"name\":\"Home\",\"item\":\"https:\/\/arthurgreenbean.be\/de\/\"},{\"@type\":\"ListItem\",\"position\":2,\"name\":\"Shop\",\"item\":\"https:\/\/arthurgreenbean.be\/shop\/\"},{\"@type\":\"ListItem\",\"position\":3,\"name\":\"Massage Workshop &#8211; Ayurvedische Fu\u00dfmassage Padabhyanga &#8211; 27. M\u00e4rz\"}]},{\"@type\":\"WebSite\",\"@id\":\"https:\/\/arthurgreenbean.be\/de\/#website\",\"url\":\"https:\/\/arthurgreenbean.be\/de\/\",\"name\":\"Arthurgreenbean\",\"description\":\"Arthurgreenbean Ranch\",\"publisher\":{\"@id\":\"https:\/\/arthurgreenbean.be\/de\/#organization\"},\"potentialAction\":[{\"@type\":\"SearchAction\",\"target\":{\"@type\":\"EntryPoint\",\"urlTemplate\":\"https:\/\/arthurgreenbean.be\/de\/?s={search_term_string}\"},\"query-input\":{\"@type\":\"PropertyValueSpecification\",\"valueRequired\":true,\"valueName\":\"search_term_string\"}}],\"inLanguage\":\"de\"},{\"@type\":\"Organization\",\"@id\":\"https:\/\/arthurgreenbean.be\/de\/#organization\",\"name\":\"Arthurgreenbean Ranch\",\"url\":\"https:\/\/arthurgreenbean.be\/de\/\",\"logo\":{\"@type\":\"ImageObject\",\"inLanguage\":\"de\",\"@id\":\"https:\/\/arthurgreenbean.be\/de\/#\/schema\/logo\/image\/\",\"url\":\"https:\/\/arthurgreenbean.be\/wp-content\/uploads\/agbr-696-1.jpg\",\"contentUrl\":\"https:\/\/arthurgreenbean.be\/wp-content\/uploads\/agbr-696-1.jpg\",\"width\":696,\"height\":696,\"caption\":\"Arthurgreenbean Ranch\"},\"image\":{\"@id\":\"https:\/\/arthurgreenbean.be\/de\/#\/schema\/logo\/image\/\"},\"sameAs\":[\"https:\/\/www.facebook.com\/profile.php?id=100091825763096\"]}]}<\/script>\n<!-- \/ Yoast SEO Premium plugin. -->","yoast_head_json":{"title":"Massage Workshop - Ayurvedische Fu\u00dfmassage Padabhyanga - 27. M\u00e4rz - AGBR","description":"Workshop Ayurvedische Massage \/ Fu\u00dfmassage \/ Padabhyanga","robots":{"index":"index","follow":"follow","max-snippet":"max-snippet:-1","max-image-preview":"max-image-preview:large","max-video-preview":"max-video-preview:-1"},"canonical":"https:\/\/arthurgreenbean.be\/de\/produkt\/massage-workshop-ayurvedische-fusmassage-padabhyanga-copy\/","og_locale":"de_DE","og_type":"article","og_title":"Massage Workshop - Ayurvedische Fu\u00dfmassage Padabhyanga - 27. M\u00e4rz","og_description":"Workshop Ayurvedische Massage \/ Fu\u00dfmassage \/ Padabhyanga","og_url":"https:\/\/arthurgreenbean.be\/de\/produkt\/massage-workshop-ayurvedische-fusmassage-padabhyanga-copy\/","og_site_name":"AGBR","article_publisher":"https:\/\/www.facebook.com\/profile.php?id=100091825763096","article_modified_time":"2026-03-29T14:22:36+00:00","og_image":[{"width":2560,"height":1706,"url":"https:\/\/arthurgreenbean.be\/wp-content\/uploads\/shutterstock_217890370-scaled.jpg","type":"image\/jpeg"}],"twitter_card":"summary_large_image","twitter_misc":{"Gesch\u00e4tzte Lesezeit":"1\u00a0Minute"},"schema":{"@context":"https:\/\/schema.org","@graph":[{"@type":"WebPage","@id":"https:\/\/arthurgreenbean.be\/de\/produkt\/massage-workshop-ayurvedische-fusmassage-padabhyanga-copy\/","url":"https:\/\/arthurgreenbean.be\/de\/produkt\/massage-workshop-ayurvedische-fusmassage-padabhyanga-copy\/","name":"Massage Workshop - Ayurvedische Fu\u00dfmassage Padabhyanga - 27. M\u00e4rz - AGBR","isPartOf":{"@id":"https:\/\/arthurgreenbean.be\/de\/#website"},"primaryImageOfPage":{"@id":"https:\/\/arthurgreenbean.be\/de\/produkt\/massage-workshop-ayurvedische-fusmassage-padabhyanga-copy\/#primaryimage"},"image":{"@id":"https:\/\/arthurgreenbean.be\/de\/produkt\/massage-workshop-ayurvedische-fusmassage-padabhyanga-copy\/#primaryimage"},"thumbnailUrl":"https:\/\/arthurgreenbean.be\/wp-content\/uploads\/shutterstock_217890370-scaled.jpg","datePublished":"2023-01-12T08:30:20+00:00","dateModified":"2026-03-29T14:22:36+00:00","description":"Workshop Ayurvedische Massage \/ Fu\u00dfmassage \/ Padabhyanga","breadcrumb":{"@id":"https:\/\/arthurgreenbean.be\/de\/produkt\/massage-workshop-ayurvedische-fusmassage-padabhyanga-copy\/#breadcrumb"},"inLanguage":"de","potentialAction":[{"@type":"ReadAction","target":["https:\/\/arthurgreenbean.be\/de\/produkt\/massage-workshop-ayurvedische-fusmassage-padabhyanga-copy\/"]}]},{"@type":"ImageObject","inLanguage":"de","@id":"https:\/\/arthurgreenbean.be\/de\/produkt\/massage-workshop-ayurvedische-fusmassage-padabhyanga-copy\/#primaryimage","url":"https:\/\/arthurgreenbean.be\/wp-content\/uploads\/shutterstock_217890370-scaled.jpg","contentUrl":"https:\/\/arthurgreenbean.be\/wp-content\/uploads\/shutterstock_217890370-scaled.jpg","width":2560,"height":1706,"caption":"tolle ayurvedische Fu\u00dfmassage"},{"@type":"BreadcrumbList","@id":"https:\/\/arthurgreenbean.be\/de\/produkt\/massage-workshop-ayurvedische-fusmassage-padabhyanga-copy\/#breadcrumb","itemListElement":[{"@type":"ListItem","position":1,"name":"Home","item":"https:\/\/arthurgreenbean.be\/de\/"},{"@type":"ListItem","position":2,"name":"Shop","item":"https:\/\/arthurgreenbean.be\/shop\/"},{"@type":"ListItem","position":3,"name":"Massage Workshop &#8211; Ayurvedische Fu\u00dfmassage Padabhyanga &#8211; 27. M\u00e4rz"}]},{"@type":"WebSite","@id":"https:\/\/arthurgreenbean.be\/de\/#website","url":"https:\/\/arthurgreenbean.be\/de\/","name":"Arthurgreenbean","description":"Arthurgreenbean Ranch","publisher":{"@id":"https:\/\/arthurgreenbean.be\/de\/#organization"},"potentialAction":[{"@type":"SearchAction","target":{"@type":"EntryPoint","urlTemplate":"https:\/\/arthurgreenbean.be\/de\/?s={search_term_string}"},"query-input":{"@type":"PropertyValueSpecification","valueRequired":true,"valueName":"search_term_string"}}],"inLanguage":"de"},{"@type":"Organization","@id":"https:\/\/arthurgreenbean.be\/de\/#organization","name":"Arthurgreenbean Ranch","url":"https:\/\/arthurgreenbean.be\/de\/","logo":{"@type":"ImageObject","inLanguage":"de","@id":"https:\/\/arthurgreenbean.be\/de\/#\/schema\/logo\/image\/","url":"https:\/\/arthurgreenbean.be\/wp-content\/uploads\/agbr-696-1.jpg","contentUrl":"https:\/\/arthurgreenbean.be\/wp-content\/uploads\/agbr-696-1.jpg","width":696,"height":696,"caption":"Arthurgreenbean Ranch"},"image":{"@id":"https:\/\/arthurgreenbean.be\/de\/#\/schema\/logo\/image\/"},"sameAs":["https:\/\/www.facebook.com\/profile.php?id=100091825763096"]}]}},"_links":{"self":[{"href":"https:\/\/arthurgreenbean.be\/de\/wp-json\/wp\/v2\/product\/6147","targetHints":{"allow":["GET"]}}],"collection":[{"href":"https:\/\/arthurgreenbean.be\/de\/wp-json\/wp\/v2\/product"}],"about":[{"href":"https:\/\/arthurgreenbean.be\/de\/wp-json\/wp\/v2\/types\/product"}],"replies":[{"embeddable":true,"href":"https:\/\/arthurgreenbean.be\/de\/wp-json\/wp\/v2\/comments?post=6147"}],"wp:featuredmedia":[{"embeddable":true,"href":"https:\/\/arthurgreenbean.be\/de\/wp-json\/wp\/v2\/media\/4098"}],"wp:attachment":[{"href":"https:\/\/arthurgreenbean.be\/de\/wp-json\/wp\/v2\/media?parent=6147"}],"wp:term":[{"taxonomy":"product_brand","embeddable":true,"href":"https:\/\/arthurgreenbean.be\/de\/wp-json\/wp\/v2\/product_brand?post=6147"},{"taxonomy":"product_cat","embeddable":true,"href":"https:\/\/arthurgreenbean.be\/de\/wp-json\/wp\/v2\/product_cat?post=6147"},{"taxonomy":"product_tag","embeddable":true,"href":"https:\/\/arthurgreenbean.be\/de\/wp-json\/wp\/v2\/product_tag?post=6147"}],"curies":[{"name":"wp","href":"https:\/\/api.w.org\/{rel}","templated":true}]}}