{"id":5621,"date":"2023-05-05T17:05:25","date_gmt":"2023-05-05T17:05:25","guid":{"rendered":"https:\/\/arthurgreenbean.be\/?post_type=product&#038;p=5621"},"modified":"2026-01-09T16:13:53","modified_gmt":"2026-01-09T16:13:53","slug":"ayurvedische-massage-mit-sonja-abhyanga-ganzkorpermassage-copy","status":"publish","type":"product","link":"https:\/\/arthurgreenbean.be\/de\/produkt\/ayurvedische-massage-mit-sonja-abhyanga-ganzkorpermassage-copy\/","title":{"rendered":"Ayurvedische Massage mit Sonja &#8211; Shine bright &#8211; Wellness \/ Beauty Massage"},"content":{"rendered":"<h3 class=\"fusion-responsive-typography-calculated\" data-fontsize=\"36\" data-lineheight=\"43.200001px\">Strahlend sch\u00f6n \/ Ayurvedisch<br \/>\nGanzk\u00f6rper- und Gesichtsmassage<\/h3>\n<p>Diese wunderbare Ganzk\u00f6rper- und Gesichtsmassage bringt Dein inneres Strahlen zum Vorschein und verleiht Deinem Gesicht und Deiner Haut einen wunderbaren Schimmer. Es handelt sich um eine entspannende Massage, die die Durchblutung des gesamten K\u00f6rpers f\u00f6rdert, Deine gesamte Haut durch die spezifischen Massagetechniken belebt und die erstaunlichen \u00d6le regenerierend wirken. Die Massage umfasst einige Teile der bekannten Abhyanga, kombiniert mit einer sanften 30-min\u00fctigen Gesichtsmassage. damit du dich danach supernice und sch\u00f6n f\u00fchlst. Eine perfekte Vorbereitung auf ein wichtiges Ereignis oder einfach eine Freude f\u00fcr sich selbst.<\/p>\n<p>Das warme \u00d6l, mit dem ich den K\u00f6rper von Kopf bis Fu\u00df massiere, ist von der Firma &#8222;Khadi&#8220; und duftet einfach wunderbar. Es enth\u00e4lt Inhaltsstoffe wie Shatavari, Ashwaghanda, Sandelholz und andere wunderbare Kr\u00e4uter. Diese Kr\u00e4uter sind als &#8222;Rasayanas&#8220; bekannt, die den K\u00f6rper verj\u00fcngen und revitalisieren. F\u00fcr die Gesichtsmassage verwende ich eine spezielle Rosen\u00f6lmischung von &#8222;Weleda&#8220;.<\/p>\n<p>W\u00e4hle aus dem angegebenen Zeitrahmen im Kalender aus und wir werden uns so schnell wie m\u00f6glich mit Dir in Verbindung setzen um Dir zu antworten<\/p>\n<p>Nur f\u00fcr weibliche Kunden.<\/p>\n<p>&nbsp;<\/p>\n<p>&nbsp;<\/p>\n","protected":false},"excerpt":{"rendered":"<h3 class=\"fusion-responsive-typography-calculated\" data-fontsize=\"36\" data-lineheight=\"43.200001px\">Strahlend sch\u00f6n &#8211; Wellness \/ Beauty Massage<\/h3>\n<p><strong>Dauer: 1,5 Stunde<\/strong><\/p>\n<p><strong>Preis: 115 Euro<\/strong><\/p>\n<p><strong>Nur nach Vereinbarung<\/strong><\/p>\n","protected":false},"featured_media":5625,"comment_status":"closed","ping_status":"closed","template":"","meta":[],"product_brand":[],"product_cat":[122,123,144,143],"product_tag":[125,88,90,145,169,168],"class_list":{"0":"post-5621","1":"product","2":"type-product","3":"status-publish","4":"has-post-thumbnail","6":"product_cat-ayurveda-de","7":"product_cat-ayurvedische-massagen","8":"product_cat-massage-de","9":"product_cat-nur-nach-terminabsprache","10":"product_tag-ayurveda-de","11":"product_tag-belgien-de","12":"product_tag-gesundheit","13":"product_tag-massagen","14":"product_tag-schonheit","15":"product_tag-wellness-de","17":"first","18":"instock","19":"sold-individually","20":"shipping-taxable","21":"purchasable","22":"product-type-appointment"},"exclude_global_add_ons":[],"addons":[],"yoast_head":"<!-- This site is optimized with the Yoast SEO Premium plugin v26.7 (Yoast SEO v27.2) - https:\/\/yoast.com\/product\/yoast-seo-premium-wordpress\/ -->\n<title>Ayurvedische Massage mit Sonja - Shine bright - Wellness \/ Beauty Massage - AGBR<\/title>\n<meta name=\"robots\" content=\"index, follow, max-snippet:-1, max-image-preview:large, max-video-preview:-1\" \/>\n<link rel=\"canonical\" href=\"https:\/\/arthurgreenbean.be\/de\/produkt\/ayurvedische-massage-mit-sonja-abhyanga-ganzkorpermassage-copy\/\" \/>\n<meta property=\"og:locale\" content=\"de_DE\" \/>\n<meta property=\"og:type\" content=\"article\" \/>\n<meta property=\"og:title\" content=\"Ayurvedische Massage mit Sonja - Shine bright - Wellness \/ Beauty Massage\" \/>\n<meta property=\"og:description\" content=\"Strahlend sch\u00f6n - Wellness \/ Beauty Massage Dauer: 1,5 Stunde  Preis: 115 Euro  Nur nach Vereinbarung\" \/>\n<meta property=\"og:url\" content=\"https:\/\/arthurgreenbean.be\/de\/produkt\/ayurvedische-massage-mit-sonja-abhyanga-ganzkorpermassage-copy\/\" \/>\n<meta property=\"og:site_name\" content=\"AGBR\" \/>\n<meta property=\"article:publisher\" content=\"https:\/\/www.facebook.com\/profile.php?id=100091825763096\" \/>\n<meta property=\"article:modified_time\" content=\"2026-01-09T16:13:53+00:00\" \/>\n<meta property=\"og:image\" content=\"https:\/\/arthurgreenbean.be\/wp-content\/uploads\/shutterstock_372103381-scaled.jpg\" \/>\n\t<meta property=\"og:image:width\" content=\"2560\" \/>\n\t<meta property=\"og:image:height\" content=\"1709\" \/>\n\t<meta property=\"og:image:type\" content=\"image\/jpeg\" \/>\n<meta name=\"twitter:card\" content=\"summary_large_image\" \/>\n<meta name=\"twitter:label1\" content=\"Gesch\u00e4tzte Lesezeit\" \/>\n\t<meta name=\"twitter:data1\" content=\"1\u00a0Minute\" \/>\n<script type=\"application\/ld+json\" class=\"yoast-schema-graph\">{\"@context\":\"https:\/\/schema.org\",\"@graph\":[{\"@type\":\"WebPage\",\"@id\":\"https:\/\/arthurgreenbean.be\/de\/produkt\/ayurvedische-massage-mit-sonja-abhyanga-ganzkorpermassage-copy\/\",\"url\":\"https:\/\/arthurgreenbean.be\/de\/produkt\/ayurvedische-massage-mit-sonja-abhyanga-ganzkorpermassage-copy\/\",\"name\":\"Ayurvedische Massage mit Sonja - Shine bright - Wellness \/ Beauty Massage - AGBR\",\"isPartOf\":{\"@id\":\"https:\/\/arthurgreenbean.be\/de\/#website\"},\"primaryImageOfPage\":{\"@id\":\"https:\/\/arthurgreenbean.be\/de\/produkt\/ayurvedische-massage-mit-sonja-abhyanga-ganzkorpermassage-copy\/#primaryimage\"},\"image\":{\"@id\":\"https:\/\/arthurgreenbean.be\/de\/produkt\/ayurvedische-massage-mit-sonja-abhyanga-ganzkorpermassage-copy\/#primaryimage\"},\"thumbnailUrl\":\"https:\/\/arthurgreenbean.be\/wp-content\/uploads\/shutterstock_372103381-scaled.jpg\",\"datePublished\":\"2023-05-05T17:05:25+00:00\",\"dateModified\":\"2026-01-09T16:13:53+00:00\",\"breadcrumb\":{\"@id\":\"https:\/\/arthurgreenbean.be\/de\/produkt\/ayurvedische-massage-mit-sonja-abhyanga-ganzkorpermassage-copy\/#breadcrumb\"},\"inLanguage\":\"de\",\"potentialAction\":[{\"@type\":\"ReadAction\",\"target\":[\"https:\/\/arthurgreenbean.be\/de\/produkt\/ayurvedische-massage-mit-sonja-abhyanga-ganzkorpermassage-copy\/\"]}]},{\"@type\":\"ImageObject\",\"inLanguage\":\"de\",\"@id\":\"https:\/\/arthurgreenbean.be\/de\/produkt\/ayurvedische-massage-mit-sonja-abhyanga-ganzkorpermassage-copy\/#primaryimage\",\"url\":\"https:\/\/arthurgreenbean.be\/wp-content\/uploads\/shutterstock_372103381-scaled.jpg\",\"contentUrl\":\"https:\/\/arthurgreenbean.be\/wp-content\/uploads\/shutterstock_372103381-scaled.jpg\",\"width\":2560,\"height\":1709},{\"@type\":\"BreadcrumbList\",\"@id\":\"https:\/\/arthurgreenbean.be\/de\/produkt\/ayurvedische-massage-mit-sonja-abhyanga-ganzkorpermassage-copy\/#breadcrumb\",\"itemListElement\":[{\"@type\":\"ListItem\",\"position\":1,\"name\":\"Home\",\"item\":\"https:\/\/arthurgreenbean.be\/de\/\"},{\"@type\":\"ListItem\",\"position\":2,\"name\":\"Shop\",\"item\":\"https:\/\/arthurgreenbean.be\/shop\/\"},{\"@type\":\"ListItem\",\"position\":3,\"name\":\"Ayurvedische Massage mit Sonja &#8211; Shine bright &#8211; Wellness \/ Beauty Massage\"}]},{\"@type\":\"WebSite\",\"@id\":\"https:\/\/arthurgreenbean.be\/de\/#website\",\"url\":\"https:\/\/arthurgreenbean.be\/de\/\",\"name\":\"Arthurgreenbean\",\"description\":\"Arthurgreenbean Ranch\",\"publisher\":{\"@id\":\"https:\/\/arthurgreenbean.be\/de\/#organization\"},\"potentialAction\":[{\"@type\":\"SearchAction\",\"target\":{\"@type\":\"EntryPoint\",\"urlTemplate\":\"https:\/\/arthurgreenbean.be\/de\/?s={search_term_string}\"},\"query-input\":{\"@type\":\"PropertyValueSpecification\",\"valueRequired\":true,\"valueName\":\"search_term_string\"}}],\"inLanguage\":\"de\"},{\"@type\":\"Organization\",\"@id\":\"https:\/\/arthurgreenbean.be\/de\/#organization\",\"name\":\"Arthurgreenbean Ranch\",\"url\":\"https:\/\/arthurgreenbean.be\/de\/\",\"logo\":{\"@type\":\"ImageObject\",\"inLanguage\":\"de\",\"@id\":\"https:\/\/arthurgreenbean.be\/de\/#\/schema\/logo\/image\/\",\"url\":\"https:\/\/arthurgreenbean.be\/wp-content\/uploads\/agbr-696-1.jpg\",\"contentUrl\":\"https:\/\/arthurgreenbean.be\/wp-content\/uploads\/agbr-696-1.jpg\",\"width\":696,\"height\":696,\"caption\":\"Arthurgreenbean Ranch\"},\"image\":{\"@id\":\"https:\/\/arthurgreenbean.be\/de\/#\/schema\/logo\/image\/\"},\"sameAs\":[\"https:\/\/www.facebook.com\/profile.php?id=100091825763096\"]}]}<\/script>\n<!-- \/ Yoast SEO Premium plugin. -->","yoast_head_json":{"title":"Ayurvedische Massage mit Sonja - Shine bright - Wellness \/ Beauty Massage - AGBR","robots":{"index":"index","follow":"follow","max-snippet":"max-snippet:-1","max-image-preview":"max-image-preview:large","max-video-preview":"max-video-preview:-1"},"canonical":"https:\/\/arthurgreenbean.be\/de\/produkt\/ayurvedische-massage-mit-sonja-abhyanga-ganzkorpermassage-copy\/","og_locale":"de_DE","og_type":"article","og_title":"Ayurvedische Massage mit Sonja - Shine bright - Wellness \/ Beauty Massage","og_description":"Strahlend sch\u00f6n - Wellness \/ Beauty Massage Dauer: 1,5 Stunde  Preis: 115 Euro  Nur nach Vereinbarung","og_url":"https:\/\/arthurgreenbean.be\/de\/produkt\/ayurvedische-massage-mit-sonja-abhyanga-ganzkorpermassage-copy\/","og_site_name":"AGBR","article_publisher":"https:\/\/www.facebook.com\/profile.php?id=100091825763096","article_modified_time":"2026-01-09T16:13:53+00:00","og_image":[{"width":2560,"height":1709,"url":"https:\/\/arthurgreenbean.be\/wp-content\/uploads\/shutterstock_372103381-scaled.jpg","type":"image\/jpeg"}],"twitter_card":"summary_large_image","twitter_misc":{"Gesch\u00e4tzte Lesezeit":"1\u00a0Minute"},"schema":{"@context":"https:\/\/schema.org","@graph":[{"@type":"WebPage","@id":"https:\/\/arthurgreenbean.be\/de\/produkt\/ayurvedische-massage-mit-sonja-abhyanga-ganzkorpermassage-copy\/","url":"https:\/\/arthurgreenbean.be\/de\/produkt\/ayurvedische-massage-mit-sonja-abhyanga-ganzkorpermassage-copy\/","name":"Ayurvedische Massage mit Sonja - Shine bright - Wellness \/ Beauty Massage - AGBR","isPartOf":{"@id":"https:\/\/arthurgreenbean.be\/de\/#website"},"primaryImageOfPage":{"@id":"https:\/\/arthurgreenbean.be\/de\/produkt\/ayurvedische-massage-mit-sonja-abhyanga-ganzkorpermassage-copy\/#primaryimage"},"image":{"@id":"https:\/\/arthurgreenbean.be\/de\/produkt\/ayurvedische-massage-mit-sonja-abhyanga-ganzkorpermassage-copy\/#primaryimage"},"thumbnailUrl":"https:\/\/arthurgreenbean.be\/wp-content\/uploads\/shutterstock_372103381-scaled.jpg","datePublished":"2023-05-05T17:05:25+00:00","dateModified":"2026-01-09T16:13:53+00:00","breadcrumb":{"@id":"https:\/\/arthurgreenbean.be\/de\/produkt\/ayurvedische-massage-mit-sonja-abhyanga-ganzkorpermassage-copy\/#breadcrumb"},"inLanguage":"de","potentialAction":[{"@type":"ReadAction","target":["https:\/\/arthurgreenbean.be\/de\/produkt\/ayurvedische-massage-mit-sonja-abhyanga-ganzkorpermassage-copy\/"]}]},{"@type":"ImageObject","inLanguage":"de","@id":"https:\/\/arthurgreenbean.be\/de\/produkt\/ayurvedische-massage-mit-sonja-abhyanga-ganzkorpermassage-copy\/#primaryimage","url":"https:\/\/arthurgreenbean.be\/wp-content\/uploads\/shutterstock_372103381-scaled.jpg","contentUrl":"https:\/\/arthurgreenbean.be\/wp-content\/uploads\/shutterstock_372103381-scaled.jpg","width":2560,"height":1709},{"@type":"BreadcrumbList","@id":"https:\/\/arthurgreenbean.be\/de\/produkt\/ayurvedische-massage-mit-sonja-abhyanga-ganzkorpermassage-copy\/#breadcrumb","itemListElement":[{"@type":"ListItem","position":1,"name":"Home","item":"https:\/\/arthurgreenbean.be\/de\/"},{"@type":"ListItem","position":2,"name":"Shop","item":"https:\/\/arthurgreenbean.be\/shop\/"},{"@type":"ListItem","position":3,"name":"Ayurvedische Massage mit Sonja &#8211; Shine bright &#8211; Wellness \/ Beauty Massage"}]},{"@type":"WebSite","@id":"https:\/\/arthurgreenbean.be\/de\/#website","url":"https:\/\/arthurgreenbean.be\/de\/","name":"Arthurgreenbean","description":"Arthurgreenbean Ranch","publisher":{"@id":"https:\/\/arthurgreenbean.be\/de\/#organization"},"potentialAction":[{"@type":"SearchAction","target":{"@type":"EntryPoint","urlTemplate":"https:\/\/arthurgreenbean.be\/de\/?s={search_term_string}"},"query-input":{"@type":"PropertyValueSpecification","valueRequired":true,"valueName":"search_term_string"}}],"inLanguage":"de"},{"@type":"Organization","@id":"https:\/\/arthurgreenbean.be\/de\/#organization","name":"Arthurgreenbean Ranch","url":"https:\/\/arthurgreenbean.be\/de\/","logo":{"@type":"ImageObject","inLanguage":"de","@id":"https:\/\/arthurgreenbean.be\/de\/#\/schema\/logo\/image\/","url":"https:\/\/arthurgreenbean.be\/wp-content\/uploads\/agbr-696-1.jpg","contentUrl":"https:\/\/arthurgreenbean.be\/wp-content\/uploads\/agbr-696-1.jpg","width":696,"height":696,"caption":"Arthurgreenbean Ranch"},"image":{"@id":"https:\/\/arthurgreenbean.be\/de\/#\/schema\/logo\/image\/"},"sameAs":["https:\/\/www.facebook.com\/profile.php?id=100091825763096"]}]}},"_links":{"self":[{"href":"https:\/\/arthurgreenbean.be\/de\/wp-json\/wp\/v2\/product\/5621","targetHints":{"allow":["GET"]}}],"collection":[{"href":"https:\/\/arthurgreenbean.be\/de\/wp-json\/wp\/v2\/product"}],"about":[{"href":"https:\/\/arthurgreenbean.be\/de\/wp-json\/wp\/v2\/types\/product"}],"replies":[{"embeddable":true,"href":"https:\/\/arthurgreenbean.be\/de\/wp-json\/wp\/v2\/comments?post=5621"}],"wp:featuredmedia":[{"embeddable":true,"href":"https:\/\/arthurgreenbean.be\/de\/wp-json\/wp\/v2\/media\/5625"}],"wp:attachment":[{"href":"https:\/\/arthurgreenbean.be\/de\/wp-json\/wp\/v2\/media?parent=5621"}],"wp:term":[{"taxonomy":"product_brand","embeddable":true,"href":"https:\/\/arthurgreenbean.be\/de\/wp-json\/wp\/v2\/product_brand?post=5621"},{"taxonomy":"product_cat","embeddable":true,"href":"https:\/\/arthurgreenbean.be\/de\/wp-json\/wp\/v2\/product_cat?post=5621"},{"taxonomy":"product_tag","embeddable":true,"href":"https:\/\/arthurgreenbean.be\/de\/wp-json\/wp\/v2\/product_tag?post=5621"}],"curies":[{"name":"wp","href":"https:\/\/api.w.org\/{rel}","templated":true}]}}