{"id":5237,"date":"2023-01-11T18:33:20","date_gmt":"2023-01-11T18:33:20","guid":{"rendered":"https:\/\/arthurgreenbean.be\/?post_type=product&#038;p=5237"},"modified":"2026-03-16T21:18:08","modified_gmt":"2026-03-16T21:18:08","slug":"dein-samstag-yogakurs-in-der-agbr","status":"publish","type":"product","link":"https:\/\/arthurgreenbean.be\/de\/produkt\/dein-samstag-yogakurs-in-der-agbr\/","title":{"rendered":"Dein Samstags-Yogakurs in der AGBR"},"content":{"rendered":"<p><strong>Yoga im &#8222;Dreil\u00e4ndereck&#8220;, in Welkenraedt in der N\u00e4he von Aachen, Eupen und Maastricht.<\/strong><\/p>\n<p><strong>Jeden Samstag bieten wir von 10:30 bis 12:00 Uhr eine erhebende, kraftvolle Vinyasa Flow-Klasse in unserer Shala oder im Sommer drau\u00dfen in der Sonne an. Du bist herzlich in unserer Gruppe eingeladen!<\/strong><\/p>\n<p>Unser Yoga-Kurs umfasst:<\/p>\n<p><strong>Herrliche Vinyasa-Serien \/ Asanas \/ Pranayama \/ f\u00fcr Anf\u00e4nger und auch Fortgeschrittene in unserer wundersch\u00f6nen Yoga-Shala auf unserer Yoga-Farm in der Natur<\/strong><\/p>\n<p><strong>Kosten 15.-<\/strong><\/p>\n<ul>\n<li>Es ist besser, wenn Du vor 10:30 Uhr kommst, wir beginnen p\u00fcnktlich und alle sind immer sehr freudig gespannt.<\/li>\n<li>Wir passen unsere samst\u00e4gliche Yogapraxis an das Niveau der Yogaerfahrung unserer Gruppenmitglieder an<\/li>\n<li>Besonders geeignet f\u00fcr Menschen, die sich von der Arbeit oder dem t\u00e4glichen Stress erholen m\u00fcssen<\/li>\n<li>Bei Indoor-Veranstaltungen in der Shala sind wir auf 12 Teilnehmer beschr\u00e4nkt.<\/li>\n<li>nach dem Yoga bist Du zu hausgemachtem Chai, Kaffee und ayurvedischem Geb\u00e4ck eingeladen<\/li>\n<li>der Kurs wird auf Englisch und\/oder Deutsch unterrichtet, die Anweisungen sind auch f\u00fcr unsere franz\u00f6sischsprachigen Teilnehmer leicht zu verstehen<\/li>\n<li>Wir haben gen\u00fcgend Matten, Nackenrollen, Zafu, G\u00fcrtel, Bl\u00f6cke, Sands\u00e4cke und andere Requisiten f\u00fcr alle 12 Personen. Nat\u00fcrlich kannst Du auch Deine eigene Matte und Requisiten mitbringen, wenn Du m\u00f6chtest.<\/li>\n<li>Der Samstagnachmittag steht f\u00fcr uns (Sonja und Mal) ganz im Zeichen der Ernte und anderer landwirtschaftlicher Arbeiten. Du bist eingeladen uns ab 13 Uhr bei unserer Arbeit zu begleiten, ansonsten hoffen wir, Dich bald beim n\u00e4chsten wunderbaren Yoga-Erlebnis zu sehen.<\/li>\n<\/ul>\n","protected":false},"excerpt":{"rendered":"<p>Samstags-Yogakurs &#8211; die ersten drei Samstage im Monat<strong><br \/>\n10:30 bis 12:00<\/strong><\/p>\n<h3>Preis: 15,- Euro \/ Klasse<\/h3>\n<p>Dieser Kurs ist auf <strong>12 Personen<\/strong> begrenzt.<\/p>\n<p>Bitte informieren Sie uns im Voraus, wenn Sie k\u00f6rperliche Einschr\u00e4nkungen haben, die wir kennen sollten. Vielen Dank.<\/p>\n","protected":false},"featured_media":6303,"comment_status":"open","ping_status":"closed","template":"","meta":[],"product_brand":[],"product_cat":[96,95],"product_tag":[101,88,99,100,98],"class_list":{"0":"post-5237","1":"product","2":"type-product","3":"status-publish","4":"has-post-thumbnail","6":"product_cat-yinyoga-de","7":"product_cat-yoga-de","8":"product_tag-atmen","9":"product_tag-belgien-de","10":"product_tag-hatha-yoga-de","11":"product_tag-wim-hof-de","12":"product_tag-yoga-de","14":"first","15":"instock","16":"shipping-taxable","17":"purchasable","18":"product-type-appointment"},"exclude_global_add_ons":[],"addons":[],"yoast_head":"<!-- This site is optimized with the Yoast SEO Premium plugin v26.7 (Yoast SEO v27.2) - https:\/\/yoast.com\/product\/yoast-seo-premium-wordpress\/ -->\n<title>Dein Samstags-Yogakurs in der AGBR - AGBR<\/title>\n<meta name=\"robots\" content=\"index, follow, max-snippet:-1, max-image-preview:large, max-video-preview:-1\" \/>\n<link rel=\"canonical\" href=\"https:\/\/arthurgreenbean.be\/de\/produkt\/dein-samstag-yogakurs-in-der-agbr\/\" \/>\n<meta property=\"og:locale\" content=\"de_DE\" \/>\n<meta property=\"og:type\" content=\"article\" \/>\n<meta property=\"og:title\" content=\"Dein Samstags-Yogakurs in der AGBR\" \/>\n<meta property=\"og:description\" content=\"Samstags-Yogakurs - die ersten drei Samstage im Monat 10:30 bis 12:00 Preis: 15,- Euro \/ Klasse Dieser Kurs ist auf 12 Personen begrenzt.  Bitte informieren Sie uns im Voraus, wenn Sie k\u00f6rperliche Einschr\u00e4nkungen haben, die wir kennen sollten. Vielen Dank.\" \/>\n<meta property=\"og:url\" content=\"https:\/\/arthurgreenbean.be\/de\/produkt\/dein-samstag-yogakurs-in-der-agbr\/\" \/>\n<meta property=\"og:site_name\" content=\"AGBR\" \/>\n<meta property=\"article:publisher\" content=\"https:\/\/www.facebook.com\/profile.php?id=100091825763096\" \/>\n<meta property=\"article:modified_time\" content=\"2026-03-16T21:18:08+00:00\" \/>\n<meta property=\"og:image\" content=\"https:\/\/arthurgreenbean.be\/wp-content\/uploads\/PHOTO-2024-11-07-16-13-50.jpg\" \/>\n\t<meta property=\"og:image:width\" content=\"1080\" \/>\n\t<meta property=\"og:image:height\" content=\"1379\" \/>\n\t<meta property=\"og:image:type\" content=\"image\/jpeg\" \/>\n<meta name=\"twitter:card\" content=\"summary_large_image\" \/>\n<meta name=\"twitter:label1\" content=\"Gesch\u00e4tzte Lesezeit\" \/>\n\t<meta name=\"twitter:data1\" content=\"2\u00a0Minuten\" \/>\n<script type=\"application\/ld+json\" class=\"yoast-schema-graph\">{\"@context\":\"https:\/\/schema.org\",\"@graph\":[{\"@type\":\"WebPage\",\"@id\":\"https:\/\/arthurgreenbean.be\/de\/produkt\/dein-samstag-yogakurs-in-der-agbr\/\",\"url\":\"https:\/\/arthurgreenbean.be\/de\/produkt\/dein-samstag-yogakurs-in-der-agbr\/\",\"name\":\"Dein Samstags-Yogakurs in der AGBR - AGBR\",\"isPartOf\":{\"@id\":\"https:\/\/arthurgreenbean.be\/de\/#website\"},\"primaryImageOfPage\":{\"@id\":\"https:\/\/arthurgreenbean.be\/de\/produkt\/dein-samstag-yogakurs-in-der-agbr\/#primaryimage\"},\"image\":{\"@id\":\"https:\/\/arthurgreenbean.be\/de\/produkt\/dein-samstag-yogakurs-in-der-agbr\/#primaryimage\"},\"thumbnailUrl\":\"https:\/\/arthurgreenbean.be\/wp-content\/uploads\/PHOTO-2024-11-07-16-13-50.jpg\",\"datePublished\":\"2023-01-11T18:33:20+00:00\",\"dateModified\":\"2026-03-16T21:18:08+00:00\",\"breadcrumb\":{\"@id\":\"https:\/\/arthurgreenbean.be\/de\/produkt\/dein-samstag-yogakurs-in-der-agbr\/#breadcrumb\"},\"inLanguage\":\"de\",\"potentialAction\":[{\"@type\":\"ReadAction\",\"target\":[\"https:\/\/arthurgreenbean.be\/de\/produkt\/dein-samstag-yogakurs-in-der-agbr\/\"]}]},{\"@type\":\"ImageObject\",\"inLanguage\":\"de\",\"@id\":\"https:\/\/arthurgreenbean.be\/de\/produkt\/dein-samstag-yogakurs-in-der-agbr\/#primaryimage\",\"url\":\"https:\/\/arthurgreenbean.be\/wp-content\/uploads\/PHOTO-2024-11-07-16-13-50.jpg\",\"contentUrl\":\"https:\/\/arthurgreenbean.be\/wp-content\/uploads\/PHOTO-2024-11-07-16-13-50.jpg\",\"width\":1080,\"height\":1379,\"caption\":\"Ganesha\"},{\"@type\":\"BreadcrumbList\",\"@id\":\"https:\/\/arthurgreenbean.be\/de\/produkt\/dein-samstag-yogakurs-in-der-agbr\/#breadcrumb\",\"itemListElement\":[{\"@type\":\"ListItem\",\"position\":1,\"name\":\"Home\",\"item\":\"https:\/\/arthurgreenbean.be\/de\/\"},{\"@type\":\"ListItem\",\"position\":2,\"name\":\"Shop\",\"item\":\"https:\/\/arthurgreenbean.be\/shop\/\"},{\"@type\":\"ListItem\",\"position\":3,\"name\":\"Dein Samstags-Yogakurs in der AGBR\"}]},{\"@type\":\"WebSite\",\"@id\":\"https:\/\/arthurgreenbean.be\/de\/#website\",\"url\":\"https:\/\/arthurgreenbean.be\/de\/\",\"name\":\"Arthurgreenbean\",\"description\":\"Arthurgreenbean Ranch\",\"publisher\":{\"@id\":\"https:\/\/arthurgreenbean.be\/de\/#organization\"},\"potentialAction\":[{\"@type\":\"SearchAction\",\"target\":{\"@type\":\"EntryPoint\",\"urlTemplate\":\"https:\/\/arthurgreenbean.be\/de\/?s={search_term_string}\"},\"query-input\":{\"@type\":\"PropertyValueSpecification\",\"valueRequired\":true,\"valueName\":\"search_term_string\"}}],\"inLanguage\":\"de\"},{\"@type\":\"Organization\",\"@id\":\"https:\/\/arthurgreenbean.be\/de\/#organization\",\"name\":\"Arthurgreenbean Ranch\",\"url\":\"https:\/\/arthurgreenbean.be\/de\/\",\"logo\":{\"@type\":\"ImageObject\",\"inLanguage\":\"de\",\"@id\":\"https:\/\/arthurgreenbean.be\/de\/#\/schema\/logo\/image\/\",\"url\":\"https:\/\/arthurgreenbean.be\/wp-content\/uploads\/agbr-696-1.jpg\",\"contentUrl\":\"https:\/\/arthurgreenbean.be\/wp-content\/uploads\/agbr-696-1.jpg\",\"width\":696,\"height\":696,\"caption\":\"Arthurgreenbean Ranch\"},\"image\":{\"@id\":\"https:\/\/arthurgreenbean.be\/de\/#\/schema\/logo\/image\/\"},\"sameAs\":[\"https:\/\/www.facebook.com\/profile.php?id=100091825763096\"]}]}<\/script>\n<!-- \/ Yoast SEO Premium plugin. -->","yoast_head_json":{"title":"Dein Samstags-Yogakurs in der AGBR - AGBR","robots":{"index":"index","follow":"follow","max-snippet":"max-snippet:-1","max-image-preview":"max-image-preview:large","max-video-preview":"max-video-preview:-1"},"canonical":"https:\/\/arthurgreenbean.be\/de\/produkt\/dein-samstag-yogakurs-in-der-agbr\/","og_locale":"de_DE","og_type":"article","og_title":"Dein Samstags-Yogakurs in der AGBR","og_description":"Samstags-Yogakurs - die ersten drei Samstage im Monat 10:30 bis 12:00 Preis: 15,- Euro \/ Klasse Dieser Kurs ist auf 12 Personen begrenzt.  Bitte informieren Sie uns im Voraus, wenn Sie k\u00f6rperliche Einschr\u00e4nkungen haben, die wir kennen sollten. Vielen Dank.","og_url":"https:\/\/arthurgreenbean.be\/de\/produkt\/dein-samstag-yogakurs-in-der-agbr\/","og_site_name":"AGBR","article_publisher":"https:\/\/www.facebook.com\/profile.php?id=100091825763096","article_modified_time":"2026-03-16T21:18:08+00:00","og_image":[{"width":1080,"height":1379,"url":"https:\/\/arthurgreenbean.be\/wp-content\/uploads\/PHOTO-2024-11-07-16-13-50.jpg","type":"image\/jpeg"}],"twitter_card":"summary_large_image","twitter_misc":{"Gesch\u00e4tzte Lesezeit":"2\u00a0Minuten"},"schema":{"@context":"https:\/\/schema.org","@graph":[{"@type":"WebPage","@id":"https:\/\/arthurgreenbean.be\/de\/produkt\/dein-samstag-yogakurs-in-der-agbr\/","url":"https:\/\/arthurgreenbean.be\/de\/produkt\/dein-samstag-yogakurs-in-der-agbr\/","name":"Dein Samstags-Yogakurs in der AGBR - AGBR","isPartOf":{"@id":"https:\/\/arthurgreenbean.be\/de\/#website"},"primaryImageOfPage":{"@id":"https:\/\/arthurgreenbean.be\/de\/produkt\/dein-samstag-yogakurs-in-der-agbr\/#primaryimage"},"image":{"@id":"https:\/\/arthurgreenbean.be\/de\/produkt\/dein-samstag-yogakurs-in-der-agbr\/#primaryimage"},"thumbnailUrl":"https:\/\/arthurgreenbean.be\/wp-content\/uploads\/PHOTO-2024-11-07-16-13-50.jpg","datePublished":"2023-01-11T18:33:20+00:00","dateModified":"2026-03-16T21:18:08+00:00","breadcrumb":{"@id":"https:\/\/arthurgreenbean.be\/de\/produkt\/dein-samstag-yogakurs-in-der-agbr\/#breadcrumb"},"inLanguage":"de","potentialAction":[{"@type":"ReadAction","target":["https:\/\/arthurgreenbean.be\/de\/produkt\/dein-samstag-yogakurs-in-der-agbr\/"]}]},{"@type":"ImageObject","inLanguage":"de","@id":"https:\/\/arthurgreenbean.be\/de\/produkt\/dein-samstag-yogakurs-in-der-agbr\/#primaryimage","url":"https:\/\/arthurgreenbean.be\/wp-content\/uploads\/PHOTO-2024-11-07-16-13-50.jpg","contentUrl":"https:\/\/arthurgreenbean.be\/wp-content\/uploads\/PHOTO-2024-11-07-16-13-50.jpg","width":1080,"height":1379,"caption":"Ganesha"},{"@type":"BreadcrumbList","@id":"https:\/\/arthurgreenbean.be\/de\/produkt\/dein-samstag-yogakurs-in-der-agbr\/#breadcrumb","itemListElement":[{"@type":"ListItem","position":1,"name":"Home","item":"https:\/\/arthurgreenbean.be\/de\/"},{"@type":"ListItem","position":2,"name":"Shop","item":"https:\/\/arthurgreenbean.be\/shop\/"},{"@type":"ListItem","position":3,"name":"Dein Samstags-Yogakurs in der AGBR"}]},{"@type":"WebSite","@id":"https:\/\/arthurgreenbean.be\/de\/#website","url":"https:\/\/arthurgreenbean.be\/de\/","name":"Arthurgreenbean","description":"Arthurgreenbean Ranch","publisher":{"@id":"https:\/\/arthurgreenbean.be\/de\/#organization"},"potentialAction":[{"@type":"SearchAction","target":{"@type":"EntryPoint","urlTemplate":"https:\/\/arthurgreenbean.be\/de\/?s={search_term_string}"},"query-input":{"@type":"PropertyValueSpecification","valueRequired":true,"valueName":"search_term_string"}}],"inLanguage":"de"},{"@type":"Organization","@id":"https:\/\/arthurgreenbean.be\/de\/#organization","name":"Arthurgreenbean Ranch","url":"https:\/\/arthurgreenbean.be\/de\/","logo":{"@type":"ImageObject","inLanguage":"de","@id":"https:\/\/arthurgreenbean.be\/de\/#\/schema\/logo\/image\/","url":"https:\/\/arthurgreenbean.be\/wp-content\/uploads\/agbr-696-1.jpg","contentUrl":"https:\/\/arthurgreenbean.be\/wp-content\/uploads\/agbr-696-1.jpg","width":696,"height":696,"caption":"Arthurgreenbean Ranch"},"image":{"@id":"https:\/\/arthurgreenbean.be\/de\/#\/schema\/logo\/image\/"},"sameAs":["https:\/\/www.facebook.com\/profile.php?id=100091825763096"]}]}},"_links":{"self":[{"href":"https:\/\/arthurgreenbean.be\/de\/wp-json\/wp\/v2\/product\/5237","targetHints":{"allow":["GET"]}}],"collection":[{"href":"https:\/\/arthurgreenbean.be\/de\/wp-json\/wp\/v2\/product"}],"about":[{"href":"https:\/\/arthurgreenbean.be\/de\/wp-json\/wp\/v2\/types\/product"}],"replies":[{"embeddable":true,"href":"https:\/\/arthurgreenbean.be\/de\/wp-json\/wp\/v2\/comments?post=5237"}],"wp:featuredmedia":[{"embeddable":true,"href":"https:\/\/arthurgreenbean.be\/de\/wp-json\/wp\/v2\/media\/6303"}],"wp:attachment":[{"href":"https:\/\/arthurgreenbean.be\/de\/wp-json\/wp\/v2\/media?parent=5237"}],"wp:term":[{"taxonomy":"product_brand","embeddable":true,"href":"https:\/\/arthurgreenbean.be\/de\/wp-json\/wp\/v2\/product_brand?post=5237"},{"taxonomy":"product_cat","embeddable":true,"href":"https:\/\/arthurgreenbean.be\/de\/wp-json\/wp\/v2\/product_cat?post=5237"},{"taxonomy":"product_tag","embeddable":true,"href":"https:\/\/arthurgreenbean.be\/de\/wp-json\/wp\/v2\/product_tag?post=5237"}],"curies":[{"name":"wp","href":"https:\/\/api.w.org\/{rel}","templated":true}]}}