{"id":4510,"date":"2023-03-14T20:56:16","date_gmt":"2023-03-14T20:56:16","guid":{"rendered":"https:\/\/arthurgreenbean.be\/produkt\/yin-yoga-mit-sonja\/"},"modified":"2026-01-09T16:48:19","modified_gmt":"2026-01-09T16:48:19","slug":"yin-yoga-mit-sonja","status":"publish","type":"product","link":"https:\/\/arthurgreenbean.be\/de\/produkt\/yin-yoga-mit-sonja\/","title":{"rendered":"Yin Yoga mit Sonja"},"content":{"rendered":"<p class=\"p1\"><span class=\"s1\"><b>Yin Yoga mit Sonja.<span class=\"Apple-converted-space\"> <\/span><\/b><\/span><\/p>\n<p>Yin Yoga zum Loslassen.<\/p>\n<p>Um zu verstehen, wie jede Art von Yoga funktioniert, muss man sie erleben. So ist es auch beim Yin Yoga.<br \/>\nBeim Yin Yoga \u00fcben Sie eine meditative, besinnliche Art, die Asanas im Sitzen oder Liegen auszuf\u00fchren. Man h\u00e4lt sie einige Minuten lang und atmet dabei entspannt, was sich positiv auf die inneren Organe, Verspannungen in den Muskeln und das Marma-System auswirkt.<\/p>\n<p>1 Stunde Yin Yoga: 35.-, nach Vereinbarung. Du kannst einen Termin aus dem Zeitplan vorschlagen, aber wir m\u00fcssen seine Verf\u00fcgbarkeit erst best\u00e4tigen. Du wirst erst nach der Best\u00e4tigung finanziell belastet. Wenn Du Fragen hast, kannst Du auch unser Kontaktformular verwenden oder direkt an sonja@arthurgreenbean.be schreiben.<\/p>\n","protected":false},"excerpt":{"rendered":"<h3>Preis: 35 Euro<\/h3>\n<p>Ein Flow hinein in Dich selbst mit diesem ruhigen, sanften und intensiven Yoga<\/p>\n<p class=\"p1\">Buche Deine Einzel- oder Gruppensitzungen nach Vereinbarung.<span class=\"Apple-converted-space\"> <\/span><\/p>\n","protected":false},"featured_media":4028,"comment_status":"open","ping_status":"closed","template":"","meta":[],"product_brand":[],"product_cat":[143,96,95],"product_tag":[88,90,98],"class_list":{"0":"post-4510","1":"product","2":"type-product","3":"status-publish","4":"has-post-thumbnail","6":"product_cat-nur-nach-terminabsprache","7":"product_cat-yinyoga-de","8":"product_cat-yoga-de","9":"product_tag-belgien-de","10":"product_tag-gesundheit","11":"product_tag-yoga-de","13":"first","14":"instock","15":"shipping-taxable","16":"purchasable","17":"product-type-appointment"},"exclude_global_add_ons":[],"addons":[],"yoast_head":"<!-- This site is optimized with the Yoast SEO Premium plugin v26.7 (Yoast SEO v27.2) - https:\/\/yoast.com\/product\/yoast-seo-premium-wordpress\/ -->\n<title>Yin Yoga mit Sonja - AGBR<\/title>\n<meta name=\"robots\" content=\"index, follow, max-snippet:-1, max-image-preview:large, max-video-preview:-1\" \/>\n<link rel=\"canonical\" href=\"https:\/\/arthurgreenbean.be\/de\/produkt\/yin-yoga-mit-sonja\/\" \/>\n<meta property=\"og:locale\" content=\"de_DE\" \/>\n<meta property=\"og:type\" content=\"article\" \/>\n<meta property=\"og:title\" content=\"Yin Yoga mit Sonja\" \/>\n<meta property=\"og:description\" content=\"Preis: 35 Euro Ein Flow hinein in Dich selbst mit diesem ruhigen, sanften und intensiven Yoga Buche Deine Einzel- oder Gruppensitzungen nach Vereinbarung.\" \/>\n<meta property=\"og:url\" content=\"https:\/\/arthurgreenbean.be\/de\/produkt\/yin-yoga-mit-sonja\/\" \/>\n<meta property=\"og:site_name\" content=\"AGBR\" \/>\n<meta property=\"article:publisher\" content=\"https:\/\/www.facebook.com\/profile.php?id=100091825763096\" \/>\n<meta property=\"article:modified_time\" content=\"2026-01-09T16:48:19+00:00\" \/>\n<meta property=\"og:image\" content=\"https:\/\/arthurgreenbean.be\/wp-content\/uploads\/20230422_113937.jpg\" \/>\n\t<meta property=\"og:image:width\" content=\"2331\" \/>\n\t<meta property=\"og:image:height\" content=\"1911\" \/>\n\t<meta property=\"og:image:type\" content=\"image\/jpeg\" \/>\n<meta name=\"twitter:card\" content=\"summary_large_image\" \/>\n<meta name=\"twitter:label1\" content=\"Gesch\u00e4tzte Lesezeit\" \/>\n\t<meta name=\"twitter:data1\" content=\"1\u00a0Minute\" \/>\n<script type=\"application\/ld+json\" class=\"yoast-schema-graph\">{\"@context\":\"https:\/\/schema.org\",\"@graph\":[{\"@type\":\"WebPage\",\"@id\":\"https:\/\/arthurgreenbean.be\/de\/produkt\/yin-yoga-mit-sonja\/\",\"url\":\"https:\/\/arthurgreenbean.be\/de\/produkt\/yin-yoga-mit-sonja\/\",\"name\":\"Yin Yoga mit Sonja - AGBR\",\"isPartOf\":{\"@id\":\"https:\/\/arthurgreenbean.be\/de\/#website\"},\"primaryImageOfPage\":{\"@id\":\"https:\/\/arthurgreenbean.be\/de\/produkt\/yin-yoga-mit-sonja\/#primaryimage\"},\"image\":{\"@id\":\"https:\/\/arthurgreenbean.be\/de\/produkt\/yin-yoga-mit-sonja\/#primaryimage\"},\"thumbnailUrl\":\"https:\/\/arthurgreenbean.be\/wp-content\/uploads\/20230422_113937.jpg\",\"datePublished\":\"2023-03-14T20:56:16+00:00\",\"dateModified\":\"2026-01-09T16:48:19+00:00\",\"breadcrumb\":{\"@id\":\"https:\/\/arthurgreenbean.be\/de\/produkt\/yin-yoga-mit-sonja\/#breadcrumb\"},\"inLanguage\":\"de\",\"potentialAction\":[{\"@type\":\"ReadAction\",\"target\":[\"https:\/\/arthurgreenbean.be\/de\/produkt\/yin-yoga-mit-sonja\/\"]}]},{\"@type\":\"ImageObject\",\"inLanguage\":\"de\",\"@id\":\"https:\/\/arthurgreenbean.be\/de\/produkt\/yin-yoga-mit-sonja\/#primaryimage\",\"url\":\"https:\/\/arthurgreenbean.be\/wp-content\/uploads\/20230422_113937.jpg\",\"contentUrl\":\"https:\/\/arthurgreenbean.be\/wp-content\/uploads\/20230422_113937.jpg\",\"width\":2331,\"height\":1911,\"caption\":\"yin yoga\"},{\"@type\":\"BreadcrumbList\",\"@id\":\"https:\/\/arthurgreenbean.be\/de\/produkt\/yin-yoga-mit-sonja\/#breadcrumb\",\"itemListElement\":[{\"@type\":\"ListItem\",\"position\":1,\"name\":\"Home\",\"item\":\"https:\/\/arthurgreenbean.be\/de\/\"},{\"@type\":\"ListItem\",\"position\":2,\"name\":\"Shop\",\"item\":\"https:\/\/arthurgreenbean.be\/shop\/\"},{\"@type\":\"ListItem\",\"position\":3,\"name\":\"Yin Yoga mit Sonja\"}]},{\"@type\":\"WebSite\",\"@id\":\"https:\/\/arthurgreenbean.be\/de\/#website\",\"url\":\"https:\/\/arthurgreenbean.be\/de\/\",\"name\":\"Arthurgreenbean\",\"description\":\"Arthurgreenbean Ranch\",\"publisher\":{\"@id\":\"https:\/\/arthurgreenbean.be\/de\/#organization\"},\"potentialAction\":[{\"@type\":\"SearchAction\",\"target\":{\"@type\":\"EntryPoint\",\"urlTemplate\":\"https:\/\/arthurgreenbean.be\/de\/?s={search_term_string}\"},\"query-input\":{\"@type\":\"PropertyValueSpecification\",\"valueRequired\":true,\"valueName\":\"search_term_string\"}}],\"inLanguage\":\"de\"},{\"@type\":\"Organization\",\"@id\":\"https:\/\/arthurgreenbean.be\/de\/#organization\",\"name\":\"Arthurgreenbean Ranch\",\"url\":\"https:\/\/arthurgreenbean.be\/de\/\",\"logo\":{\"@type\":\"ImageObject\",\"inLanguage\":\"de\",\"@id\":\"https:\/\/arthurgreenbean.be\/de\/#\/schema\/logo\/image\/\",\"url\":\"https:\/\/arthurgreenbean.be\/wp-content\/uploads\/agbr-696-1.jpg\",\"contentUrl\":\"https:\/\/arthurgreenbean.be\/wp-content\/uploads\/agbr-696-1.jpg\",\"width\":696,\"height\":696,\"caption\":\"Arthurgreenbean Ranch\"},\"image\":{\"@id\":\"https:\/\/arthurgreenbean.be\/de\/#\/schema\/logo\/image\/\"},\"sameAs\":[\"https:\/\/www.facebook.com\/profile.php?id=100091825763096\"]}]}<\/script>\n<!-- \/ Yoast SEO Premium plugin. -->","yoast_head_json":{"title":"Yin Yoga mit Sonja - AGBR","robots":{"index":"index","follow":"follow","max-snippet":"max-snippet:-1","max-image-preview":"max-image-preview:large","max-video-preview":"max-video-preview:-1"},"canonical":"https:\/\/arthurgreenbean.be\/de\/produkt\/yin-yoga-mit-sonja\/","og_locale":"de_DE","og_type":"article","og_title":"Yin Yoga mit Sonja","og_description":"Preis: 35 Euro Ein Flow hinein in Dich selbst mit diesem ruhigen, sanften und intensiven Yoga Buche Deine Einzel- oder Gruppensitzungen nach Vereinbarung.","og_url":"https:\/\/arthurgreenbean.be\/de\/produkt\/yin-yoga-mit-sonja\/","og_site_name":"AGBR","article_publisher":"https:\/\/www.facebook.com\/profile.php?id=100091825763096","article_modified_time":"2026-01-09T16:48:19+00:00","og_image":[{"width":2331,"height":1911,"url":"https:\/\/arthurgreenbean.be\/wp-content\/uploads\/20230422_113937.jpg","type":"image\/jpeg"}],"twitter_card":"summary_large_image","twitter_misc":{"Gesch\u00e4tzte Lesezeit":"1\u00a0Minute"},"schema":{"@context":"https:\/\/schema.org","@graph":[{"@type":"WebPage","@id":"https:\/\/arthurgreenbean.be\/de\/produkt\/yin-yoga-mit-sonja\/","url":"https:\/\/arthurgreenbean.be\/de\/produkt\/yin-yoga-mit-sonja\/","name":"Yin Yoga mit Sonja - AGBR","isPartOf":{"@id":"https:\/\/arthurgreenbean.be\/de\/#website"},"primaryImageOfPage":{"@id":"https:\/\/arthurgreenbean.be\/de\/produkt\/yin-yoga-mit-sonja\/#primaryimage"},"image":{"@id":"https:\/\/arthurgreenbean.be\/de\/produkt\/yin-yoga-mit-sonja\/#primaryimage"},"thumbnailUrl":"https:\/\/arthurgreenbean.be\/wp-content\/uploads\/20230422_113937.jpg","datePublished":"2023-03-14T20:56:16+00:00","dateModified":"2026-01-09T16:48:19+00:00","breadcrumb":{"@id":"https:\/\/arthurgreenbean.be\/de\/produkt\/yin-yoga-mit-sonja\/#breadcrumb"},"inLanguage":"de","potentialAction":[{"@type":"ReadAction","target":["https:\/\/arthurgreenbean.be\/de\/produkt\/yin-yoga-mit-sonja\/"]}]},{"@type":"ImageObject","inLanguage":"de","@id":"https:\/\/arthurgreenbean.be\/de\/produkt\/yin-yoga-mit-sonja\/#primaryimage","url":"https:\/\/arthurgreenbean.be\/wp-content\/uploads\/20230422_113937.jpg","contentUrl":"https:\/\/arthurgreenbean.be\/wp-content\/uploads\/20230422_113937.jpg","width":2331,"height":1911,"caption":"yin yoga"},{"@type":"BreadcrumbList","@id":"https:\/\/arthurgreenbean.be\/de\/produkt\/yin-yoga-mit-sonja\/#breadcrumb","itemListElement":[{"@type":"ListItem","position":1,"name":"Home","item":"https:\/\/arthurgreenbean.be\/de\/"},{"@type":"ListItem","position":2,"name":"Shop","item":"https:\/\/arthurgreenbean.be\/shop\/"},{"@type":"ListItem","position":3,"name":"Yin Yoga mit Sonja"}]},{"@type":"WebSite","@id":"https:\/\/arthurgreenbean.be\/de\/#website","url":"https:\/\/arthurgreenbean.be\/de\/","name":"Arthurgreenbean","description":"Arthurgreenbean Ranch","publisher":{"@id":"https:\/\/arthurgreenbean.be\/de\/#organization"},"potentialAction":[{"@type":"SearchAction","target":{"@type":"EntryPoint","urlTemplate":"https:\/\/arthurgreenbean.be\/de\/?s={search_term_string}"},"query-input":{"@type":"PropertyValueSpecification","valueRequired":true,"valueName":"search_term_string"}}],"inLanguage":"de"},{"@type":"Organization","@id":"https:\/\/arthurgreenbean.be\/de\/#organization","name":"Arthurgreenbean Ranch","url":"https:\/\/arthurgreenbean.be\/de\/","logo":{"@type":"ImageObject","inLanguage":"de","@id":"https:\/\/arthurgreenbean.be\/de\/#\/schema\/logo\/image\/","url":"https:\/\/arthurgreenbean.be\/wp-content\/uploads\/agbr-696-1.jpg","contentUrl":"https:\/\/arthurgreenbean.be\/wp-content\/uploads\/agbr-696-1.jpg","width":696,"height":696,"caption":"Arthurgreenbean Ranch"},"image":{"@id":"https:\/\/arthurgreenbean.be\/de\/#\/schema\/logo\/image\/"},"sameAs":["https:\/\/www.facebook.com\/profile.php?id=100091825763096"]}]}},"_links":{"self":[{"href":"https:\/\/arthurgreenbean.be\/de\/wp-json\/wp\/v2\/product\/4510","targetHints":{"allow":["GET"]}}],"collection":[{"href":"https:\/\/arthurgreenbean.be\/de\/wp-json\/wp\/v2\/product"}],"about":[{"href":"https:\/\/arthurgreenbean.be\/de\/wp-json\/wp\/v2\/types\/product"}],"replies":[{"embeddable":true,"href":"https:\/\/arthurgreenbean.be\/de\/wp-json\/wp\/v2\/comments?post=4510"}],"wp:featuredmedia":[{"embeddable":true,"href":"https:\/\/arthurgreenbean.be\/de\/wp-json\/wp\/v2\/media\/4028"}],"wp:attachment":[{"href":"https:\/\/arthurgreenbean.be\/de\/wp-json\/wp\/v2\/media?parent=4510"}],"wp:term":[{"taxonomy":"product_brand","embeddable":true,"href":"https:\/\/arthurgreenbean.be\/de\/wp-json\/wp\/v2\/product_brand?post=4510"},{"taxonomy":"product_cat","embeddable":true,"href":"https:\/\/arthurgreenbean.be\/de\/wp-json\/wp\/v2\/product_cat?post=4510"},{"taxonomy":"product_tag","embeddable":true,"href":"https:\/\/arthurgreenbean.be\/de\/wp-json\/wp\/v2\/product_tag?post=4510"}],"curies":[{"name":"wp","href":"https:\/\/api.w.org\/{rel}","templated":true}]}}