{"id":4142,"date":"2023-05-08T04:55:57","date_gmt":"2023-05-08T04:55:57","guid":{"rendered":"https:\/\/arthurgreenbean.be\/?post_type=product&#038;p=4142"},"modified":"2026-01-07T15:25:17","modified_gmt":"2026-01-07T15:25:17","slug":"kimchi-1-kg","status":"publish","type":"product","link":"https:\/\/arthurgreenbean.be\/de\/produkt\/kimchi-1-kg\/","title":{"rendered":"Arthur&#8217;s Kimchi, 470 gr The Best Edition Ever Neuer Preis: 12 Euro inkl. 3 Euro Pfand f\u00fcr das Glas."},"content":{"rendered":"<h3>Kimchi im Hofladen!<\/h3>\n<p>Wir bauen unseren Napa-Kohl, Karotten, Knoblauch, Daikon, Fr\u00fchlingszwiebeln, K\u00fcrbis, Birnen und \u00c4pfel selbst an, und wir haben sogar begonnen, versuchsweise eine kleine Menge belgischen Ingwers anzubauen, was vielleicht klappt, vielleicht aber auch nicht&#8230;!<\/p>\n<p>Dieses Jahr produzieren wir nur in ca. 430g Weck-Gl\u00e4sern mit dem Ring- und Clip-System, und das Kimchi selbst wird 12,- kosten, was 3 Euro Pfand f\u00fcr das Glas beinhaltet. Sie k\u00f6nnen unser Kimchi hier bestellen, um sicherzugehen, dass Sie etwas davon bekommen, denn es ist eines unserer besten hausgemachten Produkte und es verkauft sich sehr gut. <\/p>\n<p><strong>Arthur&#8217;s KimchiIn<\/strong>Korea hat jede Familie ihr eigenes Rezept, auf das sie schw\u00f6rt. Wir schw\u00f6ren auf Arthurs Kimchi. Es ist klassisch, biologisch*, regional, vegan (ohne Fischsauce), mittelscharf und eines der besten. Jedes Mal mit Liebe, Freude und M\u00fche hergestellt!   <\/p>\n<p>Die Herstellung von Kimchi (koreanisch \uae40\uce58) ist eine der \u00e4ltesten und einfachsten Methoden, um frisches Gem\u00fcse zu konservieren (durch anaerobe \/ milchige Fermentation), und ist ein echtes Superfood. In Korea ist Chinakohl die klassische Zutat, aber auch viele andere Gem\u00fcsesorten k\u00f6nnen verwendet werden.<br \/>\nIn der Vergangenheit war Kimchi in den harten koreanischen Wintern eine wertvolle Quelle f\u00fcr Vitamine und Mineralien. Kimchi wird traditionell wie Sauerkraut konserviert, um Vitamin C \u00fcber den Winter zu speichern. F\u00fcr die Koreaner ist keine Mahlzeit &#8211; ob Fr\u00fchst\u00fcck, Mittag- oder Abendessen &#8211; ohne dieses leuchtend rote Gem\u00fcse mit seinem s\u00e4uerlichen Geschmack vollst\u00e4ndig. Kimchi wird als Beilage zu vielen Mahlzeiten serviert und galt fr\u00fcher dank seiner langen Haltbarkeit und seiner zahlreichen Vitamine als ideales Winteressen.<br \/>\nKimchi ist ein Segen f\u00fcr die Gesundheit, denn in dieser urspr\u00fcnglichen Form der Konservierung bleiben wichtige Mineralien, Vitamine, Probiotika und Enzyme erhalten. Kimchi hilft gegen Darmerkrankungen wie das Reizdarmsyndrom, unterst\u00fctzt die Verdauung und st\u00e4rkt aktiv das Immunsystem.<br \/>\nDer Geschmack von Kimchi ist knackig, aromatisch und einfach k\u00f6stlich.<br \/>\nAber probiotische Lebensmittel wie Kimchi k\u00f6nnen noch mehr: Sie sollen auch gute Laune verbreiten. Ideal im Grau des Winters.      <\/p>\n<p>2. Vitamine und Mineralien aus den verschiedenen Fr\u00fcchten und Gem\u00fcsesorten, die zur Herstellung von Kimchi verwendet werden. Kohl, Fr\u00fchlingszwiebeln und vor allem Chilis liefern wertvolles Vitamin C. Vitamin A ist dank der Verwendung von Karotten, Fr\u00fchlingszwiebeln und Kohl in Kimchi reichlich vorhanden. Die Milchs\u00e4urebakterien selbst produzieren die wichtigen Vitamine B1, B2 und B12. W\u00e4hrend der ersten drei Wochen der Fermentation verdoppelt sich der Anteil bestimmter B-Vitamine sogar. Der Knoblauch, der Ingwer und der Chili in Kimchi regen den Blutkreislauf an und senken den Cholesterinspiegel.    <\/p>\n<p>Die Kombination aus frischem Gem\u00fcse, N\u00e4hrstoffen und Milchs\u00e4urebakterien wirkt wahre Wunder auf den K\u00f6rper. Auf jeden Fall wird Ihr Kimchi durch den Fermentationsprozess ges\u00fcnder und k\u00f6stlicher. <\/p>\n<p><strong>Ein paar Tipps f\u00fcr Ihr Kimchi:<\/strong><\/p>\n<p>Arthurs Lieblings-Kimchi-Rezepte sind zu zahlreich, um sie hier aufzulisten. Deshalb gibt es hier ein paar Tipps und nur 4 einfache k\u00f6stliche Verf\u00fchrungen.<\/p>\n<p>Tipp 1:<span class=\"Apple-converted-space\">  <\/span>einfach pures Kimchi in einer Sch\u00fcssel mit ein paar Sesamsamen und etwas frischem Schnittlauch.<\/p>\n<p>Tipp 2: Wenn Sie ihn zu anderen Gerichten hinzuf\u00fcgen, liegt das Geheimnis in der Dosierung. Genau die richtige Menge f\u00fcr Ihre Kreation <span class=\"Apple-converted-space\">  <\/span>ist das wunderbarste Geschenk. Sie k\u00f6nnen so ziemlich jede gew\u00f6hnliche Kreation in neue H\u00f6hen heben, indem Sie einfach die richtige Menge &#8211; fein gehacktes &#8211; Kimchi hinzuf\u00fcgen. Magisch lecker.  <\/p>\n<p>Tipp 3: Wenn Sie R\u00fchrei m\u00f6gen, dann werden Sie es in ungeahnte H\u00f6hen bringen, wenn Sie etwas fein gehacktes Kimchi zu den fertigen Eiern geben. Wahrscheinlich werden Sie nie wieder R\u00fchrei ohne Kimchi essen wollen. So gut, und es macht die Eier viel bek\u00f6mmlicher.  <\/p>\n<p>Tipp 4: Das Gleiche gilt f\u00fcr Pfannengerichte, besonders mit Reis. Selbst Bratkartoffeln werden lebendig, der Ingwer ist sooo gut. <\/p>\n<p>Tipp 5: K\u00e4se-Sandwich gef\u00e4llig? &#8211; ein wenig Kimchi fein gehackt oben drauf, dazu ein wenig Salsa Macha &#8230; wow <\/p>\n<p>Tipp 6: Schon eine kleine Menge fein gehacktes Kimchi in vielen Salaten kann das Ganze lebendig machen.<\/p>\n<p>Auf die richtige Menge kommt es an! Nicht zu viel, dann erreicht alles ein neues kulinarisches Niveau. Und auch noch so gesund!  <\/p>\n","protected":false},"excerpt":{"rendered":"<h3>Einer der k\u00f6stlichsten und ges\u00fcndesten Kimchis, die Sie je gefunden haben. Die Zutaten werden fast alle hier in Welkenraedt angebaut.<\/h3>\n<p>&nbsp;<\/p>\n<h3>470 gr f\u00fcr 12 Euro inklusive 3 Euro Pfand f\u00fcr das Glas.<\/h3>\n","protected":false},"featured_media":6196,"comment_status":"open","ping_status":"closed","template":"","meta":[],"product_brand":[],"product_cat":[238,111,113],"product_tag":[88,91,90,89],"class_list":{"0":"post-4142","1":"product","2":"type-product","3":"status-publish","4":"has-post-thumbnail","6":"product_cat-fermentiert-de","7":"product_cat-kimchi-de","8":"product_cat-lebensmittel","9":"product_tag-belgien-de","10":"product_tag-bio","11":"product_tag-gesundheit","12":"product_tag-lebensmittel","14":"first","15":"instock","16":"shipping-taxable","17":"purchasable","18":"product-type-simple"},"exclude_global_add_ons":[],"addons":[],"yoast_head":"<!-- This site is optimized with the Yoast SEO Premium plugin v26.7 (Yoast SEO v27.2) - https:\/\/yoast.com\/product\/yoast-seo-premium-wordpress\/ -->\n<title>Arthur&#039;s Kimchi, 470 gr The Best Edition Ever Neuer Preis: 12 Euro inkl. 3 Euro Pfand f\u00fcr das Glas. - AGBR<\/title>\n<meta name=\"description\" content=\"fermentiert, regional, biologisch, lecker, Superfood, gesund\" \/>\n<meta name=\"robots\" content=\"index, follow, max-snippet:-1, max-image-preview:large, max-video-preview:-1\" \/>\n<link rel=\"canonical\" href=\"https:\/\/arthurgreenbean.be\/de\/produkt\/kimchi-1-kg\/\" \/>\n<meta property=\"og:locale\" content=\"de_DE\" \/>\n<meta property=\"og:type\" content=\"article\" \/>\n<meta property=\"og:title\" content=\"Arthur&#039;s Kimchi, 470 gr The Best Edition Ever Neuer Preis: 12 Euro inkl. 3 Euro Pfand f\u00fcr das Glas.\" \/>\n<meta property=\"og:description\" content=\"fermentiert, regional, biologisch, lecker, Superfood, gesund\" \/>\n<meta property=\"og:url\" content=\"https:\/\/arthurgreenbean.be\/de\/produkt\/kimchi-1-kg\/\" \/>\n<meta property=\"og:site_name\" content=\"AGBR\" \/>\n<meta property=\"article:publisher\" content=\"https:\/\/www.facebook.com\/profile.php?id=100091825763096\" \/>\n<meta property=\"article:modified_time\" content=\"2026-01-07T15:25:17+00:00\" \/>\n<meta property=\"og:image\" content=\"https:\/\/arthurgreenbean.be\/wp-content\/uploads\/IMG_6528-scaled.jpeg\" \/>\n\t<meta property=\"og:image:width\" content=\"2560\" \/>\n\t<meta property=\"og:image:height\" content=\"1920\" \/>\n\t<meta property=\"og:image:type\" content=\"image\/jpeg\" \/>\n<meta name=\"twitter:card\" content=\"summary_large_image\" \/>\n<meta name=\"twitter:label1\" content=\"Gesch\u00e4tzte Lesezeit\" \/>\n\t<meta name=\"twitter:data1\" content=\"3\u00a0Minuten\" \/>\n<script type=\"application\/ld+json\" class=\"yoast-schema-graph\">{\"@context\":\"https:\/\/schema.org\",\"@graph\":[{\"@type\":\"WebPage\",\"@id\":\"https:\/\/arthurgreenbean.be\/de\/produkt\/kimchi-1-kg\/\",\"url\":\"https:\/\/arthurgreenbean.be\/de\/produkt\/kimchi-1-kg\/\",\"name\":\"Arthur's Kimchi, 470 gr The Best Edition Ever Neuer Preis: 12 Euro inkl. 3 Euro Pfand f\u00fcr das Glas. - AGBR\",\"isPartOf\":{\"@id\":\"https:\/\/arthurgreenbean.be\/de\/#website\"},\"primaryImageOfPage\":{\"@id\":\"https:\/\/arthurgreenbean.be\/de\/produkt\/kimchi-1-kg\/#primaryimage\"},\"image\":{\"@id\":\"https:\/\/arthurgreenbean.be\/de\/produkt\/kimchi-1-kg\/#primaryimage\"},\"thumbnailUrl\":\"https:\/\/arthurgreenbean.be\/wp-content\/uploads\/IMG_6528-scaled.jpeg\",\"datePublished\":\"2023-05-08T04:55:57+00:00\",\"dateModified\":\"2026-01-07T15:25:17+00:00\",\"description\":\"fermentiert, regional, biologisch, lecker, Superfood, gesund\",\"breadcrumb\":{\"@id\":\"https:\/\/arthurgreenbean.be\/de\/produkt\/kimchi-1-kg\/#breadcrumb\"},\"inLanguage\":\"de\",\"potentialAction\":[{\"@type\":\"ReadAction\",\"target\":[\"https:\/\/arthurgreenbean.be\/de\/produkt\/kimchi-1-kg\/\"]}]},{\"@type\":\"ImageObject\",\"inLanguage\":\"de\",\"@id\":\"https:\/\/arthurgreenbean.be\/de\/produkt\/kimchi-1-kg\/#primaryimage\",\"url\":\"https:\/\/arthurgreenbean.be\/wp-content\/uploads\/IMG_6528-scaled.jpeg\",\"contentUrl\":\"https:\/\/arthurgreenbean.be\/wp-content\/uploads\/IMG_6528-scaled.jpeg\",\"width\":2560,\"height\":1920,\"caption\":\"k\u00f6stlich\"},{\"@type\":\"BreadcrumbList\",\"@id\":\"https:\/\/arthurgreenbean.be\/de\/produkt\/kimchi-1-kg\/#breadcrumb\",\"itemListElement\":[{\"@type\":\"ListItem\",\"position\":1,\"name\":\"Home\",\"item\":\"https:\/\/arthurgreenbean.be\/de\/\"},{\"@type\":\"ListItem\",\"position\":2,\"name\":\"Shop\",\"item\":\"https:\/\/arthurgreenbean.be\/shop\/\"},{\"@type\":\"ListItem\",\"position\":3,\"name\":\"Arthur&#8217;s Kimchi, 470 gr The Best Edition Ever Neuer Preis: 12 Euro inkl. 3 Euro Pfand f\u00fcr das Glas.\"}]},{\"@type\":\"WebSite\",\"@id\":\"https:\/\/arthurgreenbean.be\/de\/#website\",\"url\":\"https:\/\/arthurgreenbean.be\/de\/\",\"name\":\"Arthurgreenbean\",\"description\":\"Arthurgreenbean Ranch\",\"publisher\":{\"@id\":\"https:\/\/arthurgreenbean.be\/de\/#organization\"},\"potentialAction\":[{\"@type\":\"SearchAction\",\"target\":{\"@type\":\"EntryPoint\",\"urlTemplate\":\"https:\/\/arthurgreenbean.be\/de\/?s={search_term_string}\"},\"query-input\":{\"@type\":\"PropertyValueSpecification\",\"valueRequired\":true,\"valueName\":\"search_term_string\"}}],\"inLanguage\":\"de\"},{\"@type\":\"Organization\",\"@id\":\"https:\/\/arthurgreenbean.be\/de\/#organization\",\"name\":\"Arthurgreenbean Ranch\",\"url\":\"https:\/\/arthurgreenbean.be\/de\/\",\"logo\":{\"@type\":\"ImageObject\",\"inLanguage\":\"de\",\"@id\":\"https:\/\/arthurgreenbean.be\/de\/#\/schema\/logo\/image\/\",\"url\":\"https:\/\/arthurgreenbean.be\/wp-content\/uploads\/agbr-696-1.jpg\",\"contentUrl\":\"https:\/\/arthurgreenbean.be\/wp-content\/uploads\/agbr-696-1.jpg\",\"width\":696,\"height\":696,\"caption\":\"Arthurgreenbean Ranch\"},\"image\":{\"@id\":\"https:\/\/arthurgreenbean.be\/de\/#\/schema\/logo\/image\/\"},\"sameAs\":[\"https:\/\/www.facebook.com\/profile.php?id=100091825763096\"]}]}<\/script>\n<!-- \/ Yoast SEO Premium plugin. -->","yoast_head_json":{"title":"Arthur's Kimchi, 470 gr The Best Edition Ever Neuer Preis: 12 Euro inkl. 3 Euro Pfand f\u00fcr das Glas. - AGBR","description":"fermentiert, regional, biologisch, lecker, Superfood, gesund","robots":{"index":"index","follow":"follow","max-snippet":"max-snippet:-1","max-image-preview":"max-image-preview:large","max-video-preview":"max-video-preview:-1"},"canonical":"https:\/\/arthurgreenbean.be\/de\/produkt\/kimchi-1-kg\/","og_locale":"de_DE","og_type":"article","og_title":"Arthur's Kimchi, 470 gr The Best Edition Ever Neuer Preis: 12 Euro inkl. 3 Euro Pfand f\u00fcr das Glas.","og_description":"fermentiert, regional, biologisch, lecker, Superfood, gesund","og_url":"https:\/\/arthurgreenbean.be\/de\/produkt\/kimchi-1-kg\/","og_site_name":"AGBR","article_publisher":"https:\/\/www.facebook.com\/profile.php?id=100091825763096","article_modified_time":"2026-01-07T15:25:17+00:00","og_image":[{"width":2560,"height":1920,"url":"https:\/\/arthurgreenbean.be\/wp-content\/uploads\/IMG_6528-scaled.jpeg","type":"image\/jpeg"}],"twitter_card":"summary_large_image","twitter_misc":{"Gesch\u00e4tzte Lesezeit":"3\u00a0Minuten"},"schema":{"@context":"https:\/\/schema.org","@graph":[{"@type":"WebPage","@id":"https:\/\/arthurgreenbean.be\/de\/produkt\/kimchi-1-kg\/","url":"https:\/\/arthurgreenbean.be\/de\/produkt\/kimchi-1-kg\/","name":"Arthur's Kimchi, 470 gr The Best Edition Ever Neuer Preis: 12 Euro inkl. 3 Euro Pfand f\u00fcr das Glas. - AGBR","isPartOf":{"@id":"https:\/\/arthurgreenbean.be\/de\/#website"},"primaryImageOfPage":{"@id":"https:\/\/arthurgreenbean.be\/de\/produkt\/kimchi-1-kg\/#primaryimage"},"image":{"@id":"https:\/\/arthurgreenbean.be\/de\/produkt\/kimchi-1-kg\/#primaryimage"},"thumbnailUrl":"https:\/\/arthurgreenbean.be\/wp-content\/uploads\/IMG_6528-scaled.jpeg","datePublished":"2023-05-08T04:55:57+00:00","dateModified":"2026-01-07T15:25:17+00:00","description":"fermentiert, regional, biologisch, lecker, Superfood, gesund","breadcrumb":{"@id":"https:\/\/arthurgreenbean.be\/de\/produkt\/kimchi-1-kg\/#breadcrumb"},"inLanguage":"de","potentialAction":[{"@type":"ReadAction","target":["https:\/\/arthurgreenbean.be\/de\/produkt\/kimchi-1-kg\/"]}]},{"@type":"ImageObject","inLanguage":"de","@id":"https:\/\/arthurgreenbean.be\/de\/produkt\/kimchi-1-kg\/#primaryimage","url":"https:\/\/arthurgreenbean.be\/wp-content\/uploads\/IMG_6528-scaled.jpeg","contentUrl":"https:\/\/arthurgreenbean.be\/wp-content\/uploads\/IMG_6528-scaled.jpeg","width":2560,"height":1920,"caption":"k\u00f6stlich"},{"@type":"BreadcrumbList","@id":"https:\/\/arthurgreenbean.be\/de\/produkt\/kimchi-1-kg\/#breadcrumb","itemListElement":[{"@type":"ListItem","position":1,"name":"Home","item":"https:\/\/arthurgreenbean.be\/de\/"},{"@type":"ListItem","position":2,"name":"Shop","item":"https:\/\/arthurgreenbean.be\/shop\/"},{"@type":"ListItem","position":3,"name":"Arthur&#8217;s Kimchi, 470 gr The Best Edition Ever Neuer Preis: 12 Euro inkl. 3 Euro Pfand f\u00fcr das Glas."}]},{"@type":"WebSite","@id":"https:\/\/arthurgreenbean.be\/de\/#website","url":"https:\/\/arthurgreenbean.be\/de\/","name":"Arthurgreenbean","description":"Arthurgreenbean Ranch","publisher":{"@id":"https:\/\/arthurgreenbean.be\/de\/#organization"},"potentialAction":[{"@type":"SearchAction","target":{"@type":"EntryPoint","urlTemplate":"https:\/\/arthurgreenbean.be\/de\/?s={search_term_string}"},"query-input":{"@type":"PropertyValueSpecification","valueRequired":true,"valueName":"search_term_string"}}],"inLanguage":"de"},{"@type":"Organization","@id":"https:\/\/arthurgreenbean.be\/de\/#organization","name":"Arthurgreenbean Ranch","url":"https:\/\/arthurgreenbean.be\/de\/","logo":{"@type":"ImageObject","inLanguage":"de","@id":"https:\/\/arthurgreenbean.be\/de\/#\/schema\/logo\/image\/","url":"https:\/\/arthurgreenbean.be\/wp-content\/uploads\/agbr-696-1.jpg","contentUrl":"https:\/\/arthurgreenbean.be\/wp-content\/uploads\/agbr-696-1.jpg","width":696,"height":696,"caption":"Arthurgreenbean Ranch"},"image":{"@id":"https:\/\/arthurgreenbean.be\/de\/#\/schema\/logo\/image\/"},"sameAs":["https:\/\/www.facebook.com\/profile.php?id=100091825763096"]}]}},"_links":{"self":[{"href":"https:\/\/arthurgreenbean.be\/de\/wp-json\/wp\/v2\/product\/4142","targetHints":{"allow":["GET"]}}],"collection":[{"href":"https:\/\/arthurgreenbean.be\/de\/wp-json\/wp\/v2\/product"}],"about":[{"href":"https:\/\/arthurgreenbean.be\/de\/wp-json\/wp\/v2\/types\/product"}],"replies":[{"embeddable":true,"href":"https:\/\/arthurgreenbean.be\/de\/wp-json\/wp\/v2\/comments?post=4142"}],"wp:featuredmedia":[{"embeddable":true,"href":"https:\/\/arthurgreenbean.be\/de\/wp-json\/wp\/v2\/media\/6196"}],"wp:attachment":[{"href":"https:\/\/arthurgreenbean.be\/de\/wp-json\/wp\/v2\/media?parent=4142"}],"wp:term":[{"taxonomy":"product_brand","embeddable":true,"href":"https:\/\/arthurgreenbean.be\/de\/wp-json\/wp\/v2\/product_brand?post=4142"},{"taxonomy":"product_cat","embeddable":true,"href":"https:\/\/arthurgreenbean.be\/de\/wp-json\/wp\/v2\/product_cat?post=4142"},{"taxonomy":"product_tag","embeddable":true,"href":"https:\/\/arthurgreenbean.be\/de\/wp-json\/wp\/v2\/product_tag?post=4142"}],"curies":[{"name":"wp","href":"https:\/\/api.w.org\/{rel}","templated":true}]}}