{"id":4070,"date":"2023-05-05T19:53:11","date_gmt":"2023-05-05T19:53:11","guid":{"rendered":"https:\/\/arthurgreenbean.be\/?post_type=product&#038;p=4070"},"modified":"2026-01-09T17:02:54","modified_gmt":"2026-01-09T17:02:54","slug":"ayurvedische-massage-mit-sonja-10-minuten-svedana-sauna-box","status":"publish","type":"product","link":"https:\/\/arthurgreenbean.be\/de\/produkt\/ayurvedische-massage-mit-sonja-10-minuten-svedana-sauna-box\/","title":{"rendered":"Ayurveda-Massage mit Sonja &#8211; 10 Minuten Svedana-Sauna-Box"},"content":{"rendered":"<div class=\"fusion-layout-column fusion_builder_column fusion-builder-column-20 fusion_builder_column_1_2 1_2 fusion-flex-column\">\n<div class=\"fusion-column-wrapper fusion-column-has-shadow fusion-flex-justify-content-flex-start fusion-content-layout-column\">\n<div class=\"fusion-text fusion-text-9\">\n<h3 class=\"fusion-responsive-typography-calculated\" data-fontsize=\"36\" data-lineheight=\"43.200001px\">Schwitzen in der Svedana-Box<\/h3>\n<p>Bei dieser Form der Behandlung wird durch einen Kr\u00e4uteraufguss Dampf erzeugt. Du sitzt in einer handgefertigten Holzbox, umgeben von diesem wunderbaren Dampf, der Dich zu einem tief reinigenden und entspannenden Schwitzen bringt. Durch den Schwei\u00df scheidest Du Giftstoffe aus Deinem K\u00f6rper aus. Es entspannt auch die Muskeln und f\u00f6rdert eine gute Blutzirkulation.<\/p>\n<p>Wir empfehlen die Svedana zus\u00e4tzlich zu einer Abhyanga.<\/p>\n<p>Weitere Informationen findest Du unter &#8222;Ayurvedische Massagen&#8220;&#8230;.<\/p>\n<p>W\u00e4hle aus dem angegebenen Zeitrahmen im Kalender aus und wir werden uns so schnell wie m\u00f6glich mit Dir in Verbindung setzen um Dir zu antworten<\/p>\n<p>Nur f\u00fcr weibliche Kunden.<\/p>\n<p>&nbsp;<\/p>\n<\/div>\n<\/div>\n<\/div>\n<div class=\"fusion-layout-column fusion_builder_column fusion-builder-column-21 fusion_builder_column_1_1 1_1 fusion-flex-column\">\n<div class=\"fusion-column-wrapper fusion-column-has-shadow fusion-flex-justify-content-flex-start fusion-content-layout-column\">\n<div class=\"fusion-separator fusion-full-width-sep\"><\/div>\n<\/div>\n<\/div>\n","protected":false},"excerpt":{"rendered":"<p><strong>Svedana Sauna Box<\/strong><\/p>\n<p><strong>Preis: 10 Euro<\/strong><\/p>\n<p><strong>Dauer: 10 Minuten<\/strong><\/p>\n<p><strong>Nur nach Vereinbarung<\/strong><\/p>\n","protected":false},"featured_media":4136,"comment_status":"open","ping_status":"closed","template":"","meta":[],"product_brand":[],"product_cat":[122,123,144,143],"product_tag":[125,88,90,145],"class_list":{"0":"post-4070","1":"product","2":"type-product","3":"status-publish","4":"has-post-thumbnail","6":"product_cat-ayurveda-de","7":"product_cat-ayurvedische-massagen","8":"product_cat-massage-de","9":"product_cat-nur-nach-terminabsprache","10":"product_tag-ayurveda-de","11":"product_tag-belgien-de","12":"product_tag-gesundheit","13":"product_tag-massagen","15":"first","16":"instock","17":"sold-individually","18":"shipping-taxable","19":"purchasable","20":"product-type-appointment"},"exclude_global_add_ons":[],"addons":[],"yoast_head":"<!-- This site is optimized with the Yoast SEO Premium plugin v26.7 (Yoast SEO v27.2) - https:\/\/yoast.com\/product\/yoast-seo-premium-wordpress\/ -->\n<title>Ayurveda-Massage mit Sonja - 10 Minuten Svedana-Sauna-Box - AGBR<\/title>\n<meta name=\"description\" content=\"Svedana Sauna Box\" \/>\n<meta name=\"robots\" content=\"index, follow, max-snippet:-1, max-image-preview:large, max-video-preview:-1\" \/>\n<link rel=\"canonical\" href=\"https:\/\/arthurgreenbean.be\/de\/produkt\/ayurvedische-massage-mit-sonja-10-minuten-svedana-sauna-box\/\" \/>\n<meta property=\"og:locale\" content=\"de_DE\" \/>\n<meta property=\"og:type\" content=\"article\" \/>\n<meta property=\"og:title\" content=\"Ayurveda-Massage mit Sonja - 10 Minuten Svedana-Sauna-Box\" \/>\n<meta property=\"og:description\" content=\"Svedana Sauna Box\" \/>\n<meta property=\"og:url\" content=\"https:\/\/arthurgreenbean.be\/de\/produkt\/ayurvedische-massage-mit-sonja-10-minuten-svedana-sauna-box\/\" \/>\n<meta property=\"og:site_name\" content=\"AGBR\" \/>\n<meta property=\"article:publisher\" content=\"https:\/\/www.facebook.com\/profile.php?id=100091825763096\" \/>\n<meta property=\"article:modified_time\" content=\"2026-01-09T17:02:54+00:00\" \/>\n<meta property=\"og:image\" content=\"https:\/\/arthurgreenbean.be\/wp-content\/uploads\/shutterstock_13940071672-scaled.jpg\" \/>\n\t<meta property=\"og:image:width\" content=\"2560\" \/>\n\t<meta property=\"og:image:height\" content=\"1709\" \/>\n\t<meta property=\"og:image:type\" content=\"image\/jpeg\" \/>\n<meta name=\"twitter:card\" content=\"summary_large_image\" \/>\n<meta name=\"twitter:label1\" content=\"Gesch\u00e4tzte Lesezeit\" \/>\n\t<meta name=\"twitter:data1\" content=\"1\u00a0Minute\" \/>\n<script type=\"application\/ld+json\" class=\"yoast-schema-graph\">{\"@context\":\"https:\/\/schema.org\",\"@graph\":[{\"@type\":\"WebPage\",\"@id\":\"https:\/\/arthurgreenbean.be\/de\/produkt\/ayurvedische-massage-mit-sonja-10-minuten-svedana-sauna-box\/\",\"url\":\"https:\/\/arthurgreenbean.be\/de\/produkt\/ayurvedische-massage-mit-sonja-10-minuten-svedana-sauna-box\/\",\"name\":\"Ayurveda-Massage mit Sonja - 10 Minuten Svedana-Sauna-Box - AGBR\",\"isPartOf\":{\"@id\":\"https:\/\/arthurgreenbean.be\/de\/#website\"},\"primaryImageOfPage\":{\"@id\":\"https:\/\/arthurgreenbean.be\/de\/produkt\/ayurvedische-massage-mit-sonja-10-minuten-svedana-sauna-box\/#primaryimage\"},\"image\":{\"@id\":\"https:\/\/arthurgreenbean.be\/de\/produkt\/ayurvedische-massage-mit-sonja-10-minuten-svedana-sauna-box\/#primaryimage\"},\"thumbnailUrl\":\"https:\/\/arthurgreenbean.be\/wp-content\/uploads\/shutterstock_13940071672-scaled.jpg\",\"datePublished\":\"2023-05-05T19:53:11+00:00\",\"dateModified\":\"2026-01-09T17:02:54+00:00\",\"description\":\"Svedana Sauna Box\",\"breadcrumb\":{\"@id\":\"https:\/\/arthurgreenbean.be\/de\/produkt\/ayurvedische-massage-mit-sonja-10-minuten-svedana-sauna-box\/#breadcrumb\"},\"inLanguage\":\"de\",\"potentialAction\":[{\"@type\":\"ReadAction\",\"target\":[\"https:\/\/arthurgreenbean.be\/de\/produkt\/ayurvedische-massage-mit-sonja-10-minuten-svedana-sauna-box\/\"]}]},{\"@type\":\"ImageObject\",\"inLanguage\":\"de\",\"@id\":\"https:\/\/arthurgreenbean.be\/de\/produkt\/ayurvedische-massage-mit-sonja-10-minuten-svedana-sauna-box\/#primaryimage\",\"url\":\"https:\/\/arthurgreenbean.be\/wp-content\/uploads\/shutterstock_13940071672-scaled.jpg\",\"contentUrl\":\"https:\/\/arthurgreenbean.be\/wp-content\/uploads\/shutterstock_13940071672-scaled.jpg\",\"width\":2560,\"height\":1709,\"caption\":\"L\u00e4chelnd,Frau,Nimmt,Dampfbad,Mit,Geschlossenen,Augen,Im,Spa\"},{\"@type\":\"BreadcrumbList\",\"@id\":\"https:\/\/arthurgreenbean.be\/de\/produkt\/ayurvedische-massage-mit-sonja-10-minuten-svedana-sauna-box\/#breadcrumb\",\"itemListElement\":[{\"@type\":\"ListItem\",\"position\":1,\"name\":\"Home\",\"item\":\"https:\/\/arthurgreenbean.be\/de\/\"},{\"@type\":\"ListItem\",\"position\":2,\"name\":\"Shop\",\"item\":\"https:\/\/arthurgreenbean.be\/shop\/\"},{\"@type\":\"ListItem\",\"position\":3,\"name\":\"Ayurveda-Massage mit Sonja &#8211; 10 Minuten Svedana-Sauna-Box\"}]},{\"@type\":\"WebSite\",\"@id\":\"https:\/\/arthurgreenbean.be\/de\/#website\",\"url\":\"https:\/\/arthurgreenbean.be\/de\/\",\"name\":\"Arthurgreenbean\",\"description\":\"Arthurgreenbean Ranch\",\"publisher\":{\"@id\":\"https:\/\/arthurgreenbean.be\/de\/#organization\"},\"potentialAction\":[{\"@type\":\"SearchAction\",\"target\":{\"@type\":\"EntryPoint\",\"urlTemplate\":\"https:\/\/arthurgreenbean.be\/de\/?s={search_term_string}\"},\"query-input\":{\"@type\":\"PropertyValueSpecification\",\"valueRequired\":true,\"valueName\":\"search_term_string\"}}],\"inLanguage\":\"de\"},{\"@type\":\"Organization\",\"@id\":\"https:\/\/arthurgreenbean.be\/de\/#organization\",\"name\":\"Arthurgreenbean Ranch\",\"url\":\"https:\/\/arthurgreenbean.be\/de\/\",\"logo\":{\"@type\":\"ImageObject\",\"inLanguage\":\"de\",\"@id\":\"https:\/\/arthurgreenbean.be\/de\/#\/schema\/logo\/image\/\",\"url\":\"https:\/\/arthurgreenbean.be\/wp-content\/uploads\/agbr-696-1.jpg\",\"contentUrl\":\"https:\/\/arthurgreenbean.be\/wp-content\/uploads\/agbr-696-1.jpg\",\"width\":696,\"height\":696,\"caption\":\"Arthurgreenbean Ranch\"},\"image\":{\"@id\":\"https:\/\/arthurgreenbean.be\/de\/#\/schema\/logo\/image\/\"},\"sameAs\":[\"https:\/\/www.facebook.com\/profile.php?id=100091825763096\"]}]}<\/script>\n<!-- \/ Yoast SEO Premium plugin. -->","yoast_head_json":{"title":"Ayurveda-Massage mit Sonja - 10 Minuten Svedana-Sauna-Box - AGBR","description":"Svedana Sauna Box","robots":{"index":"index","follow":"follow","max-snippet":"max-snippet:-1","max-image-preview":"max-image-preview:large","max-video-preview":"max-video-preview:-1"},"canonical":"https:\/\/arthurgreenbean.be\/de\/produkt\/ayurvedische-massage-mit-sonja-10-minuten-svedana-sauna-box\/","og_locale":"de_DE","og_type":"article","og_title":"Ayurveda-Massage mit Sonja - 10 Minuten Svedana-Sauna-Box","og_description":"Svedana Sauna Box","og_url":"https:\/\/arthurgreenbean.be\/de\/produkt\/ayurvedische-massage-mit-sonja-10-minuten-svedana-sauna-box\/","og_site_name":"AGBR","article_publisher":"https:\/\/www.facebook.com\/profile.php?id=100091825763096","article_modified_time":"2026-01-09T17:02:54+00:00","og_image":[{"width":2560,"height":1709,"url":"https:\/\/arthurgreenbean.be\/wp-content\/uploads\/shutterstock_13940071672-scaled.jpg","type":"image\/jpeg"}],"twitter_card":"summary_large_image","twitter_misc":{"Gesch\u00e4tzte Lesezeit":"1\u00a0Minute"},"schema":{"@context":"https:\/\/schema.org","@graph":[{"@type":"WebPage","@id":"https:\/\/arthurgreenbean.be\/de\/produkt\/ayurvedische-massage-mit-sonja-10-minuten-svedana-sauna-box\/","url":"https:\/\/arthurgreenbean.be\/de\/produkt\/ayurvedische-massage-mit-sonja-10-minuten-svedana-sauna-box\/","name":"Ayurveda-Massage mit Sonja - 10 Minuten Svedana-Sauna-Box - AGBR","isPartOf":{"@id":"https:\/\/arthurgreenbean.be\/de\/#website"},"primaryImageOfPage":{"@id":"https:\/\/arthurgreenbean.be\/de\/produkt\/ayurvedische-massage-mit-sonja-10-minuten-svedana-sauna-box\/#primaryimage"},"image":{"@id":"https:\/\/arthurgreenbean.be\/de\/produkt\/ayurvedische-massage-mit-sonja-10-minuten-svedana-sauna-box\/#primaryimage"},"thumbnailUrl":"https:\/\/arthurgreenbean.be\/wp-content\/uploads\/shutterstock_13940071672-scaled.jpg","datePublished":"2023-05-05T19:53:11+00:00","dateModified":"2026-01-09T17:02:54+00:00","description":"Svedana Sauna Box","breadcrumb":{"@id":"https:\/\/arthurgreenbean.be\/de\/produkt\/ayurvedische-massage-mit-sonja-10-minuten-svedana-sauna-box\/#breadcrumb"},"inLanguage":"de","potentialAction":[{"@type":"ReadAction","target":["https:\/\/arthurgreenbean.be\/de\/produkt\/ayurvedische-massage-mit-sonja-10-minuten-svedana-sauna-box\/"]}]},{"@type":"ImageObject","inLanguage":"de","@id":"https:\/\/arthurgreenbean.be\/de\/produkt\/ayurvedische-massage-mit-sonja-10-minuten-svedana-sauna-box\/#primaryimage","url":"https:\/\/arthurgreenbean.be\/wp-content\/uploads\/shutterstock_13940071672-scaled.jpg","contentUrl":"https:\/\/arthurgreenbean.be\/wp-content\/uploads\/shutterstock_13940071672-scaled.jpg","width":2560,"height":1709,"caption":"L\u00e4chelnd,Frau,Nimmt,Dampfbad,Mit,Geschlossenen,Augen,Im,Spa"},{"@type":"BreadcrumbList","@id":"https:\/\/arthurgreenbean.be\/de\/produkt\/ayurvedische-massage-mit-sonja-10-minuten-svedana-sauna-box\/#breadcrumb","itemListElement":[{"@type":"ListItem","position":1,"name":"Home","item":"https:\/\/arthurgreenbean.be\/de\/"},{"@type":"ListItem","position":2,"name":"Shop","item":"https:\/\/arthurgreenbean.be\/shop\/"},{"@type":"ListItem","position":3,"name":"Ayurveda-Massage mit Sonja &#8211; 10 Minuten Svedana-Sauna-Box"}]},{"@type":"WebSite","@id":"https:\/\/arthurgreenbean.be\/de\/#website","url":"https:\/\/arthurgreenbean.be\/de\/","name":"Arthurgreenbean","description":"Arthurgreenbean Ranch","publisher":{"@id":"https:\/\/arthurgreenbean.be\/de\/#organization"},"potentialAction":[{"@type":"SearchAction","target":{"@type":"EntryPoint","urlTemplate":"https:\/\/arthurgreenbean.be\/de\/?s={search_term_string}"},"query-input":{"@type":"PropertyValueSpecification","valueRequired":true,"valueName":"search_term_string"}}],"inLanguage":"de"},{"@type":"Organization","@id":"https:\/\/arthurgreenbean.be\/de\/#organization","name":"Arthurgreenbean Ranch","url":"https:\/\/arthurgreenbean.be\/de\/","logo":{"@type":"ImageObject","inLanguage":"de","@id":"https:\/\/arthurgreenbean.be\/de\/#\/schema\/logo\/image\/","url":"https:\/\/arthurgreenbean.be\/wp-content\/uploads\/agbr-696-1.jpg","contentUrl":"https:\/\/arthurgreenbean.be\/wp-content\/uploads\/agbr-696-1.jpg","width":696,"height":696,"caption":"Arthurgreenbean Ranch"},"image":{"@id":"https:\/\/arthurgreenbean.be\/de\/#\/schema\/logo\/image\/"},"sameAs":["https:\/\/www.facebook.com\/profile.php?id=100091825763096"]}]}},"_links":{"self":[{"href":"https:\/\/arthurgreenbean.be\/de\/wp-json\/wp\/v2\/product\/4070","targetHints":{"allow":["GET"]}}],"collection":[{"href":"https:\/\/arthurgreenbean.be\/de\/wp-json\/wp\/v2\/product"}],"about":[{"href":"https:\/\/arthurgreenbean.be\/de\/wp-json\/wp\/v2\/types\/product"}],"replies":[{"embeddable":true,"href":"https:\/\/arthurgreenbean.be\/de\/wp-json\/wp\/v2\/comments?post=4070"}],"wp:featuredmedia":[{"embeddable":true,"href":"https:\/\/arthurgreenbean.be\/de\/wp-json\/wp\/v2\/media\/4136"}],"wp:attachment":[{"href":"https:\/\/arthurgreenbean.be\/de\/wp-json\/wp\/v2\/media?parent=4070"}],"wp:term":[{"taxonomy":"product_brand","embeddable":true,"href":"https:\/\/arthurgreenbean.be\/de\/wp-json\/wp\/v2\/product_brand?post=4070"},{"taxonomy":"product_cat","embeddable":true,"href":"https:\/\/arthurgreenbean.be\/de\/wp-json\/wp\/v2\/product_cat?post=4070"},{"taxonomy":"product_tag","embeddable":true,"href":"https:\/\/arthurgreenbean.be\/de\/wp-json\/wp\/v2\/product_tag?post=4070"}],"curies":[{"name":"wp","href":"https:\/\/api.w.org\/{rel}","templated":true}]}}