{"id":4059,"date":"2023-05-05T19:02:22","date_gmt":"2023-05-05T19:02:22","guid":{"rendered":"https:\/\/arthurgreenbean.be\/?post_type=product&#038;p=4059"},"modified":"2026-01-09T17:09:15","modified_gmt":"2026-01-09T17:09:15","slug":"ayurvedische-massage-mit-sonja-pristhabhyanga-ayurvedische-rueckenmassage","status":"publish","type":"product","link":"https:\/\/arthurgreenbean.be\/de\/produkt\/ayurvedische-massage-mit-sonja-pristhabhyanga-ayurvedische-rueckenmassage\/","title":{"rendered":"Ayurvedische Massage mit Sonja &#8211; Pristhabhyanga \/ Ayurvedische R\u00fcckenmassage"},"content":{"rendered":"<h3 class=\"fusion-responsive-typography-calculated\" data-fontsize=\"36\" data-lineheight=\"43.200001px\">Pristhabhyanga \/<br \/>\nAyurvedische R\u00fcckenmassage<\/h3>\n<p>Diese therapeutische und entspannende Massage kann dazu beitragen, R\u00fcckenschmerzen zu lindern und die R\u00fcckenmuskulatur zu lockern. Das warme Kr\u00e4uter\u00f6l wird in den R\u00fccken einmassiert, um R\u00fcckenschmerzen, Nackenverspannungen und Schulterverspannungen zu l\u00f6sen. Die Wiederherstellung des Gleichgewichts der Marmapunkte unterst\u00fctzt den Heilungsprozess, st\u00e4rkt den R\u00fccken und f\u00fchrt zu Gelassenheit und innerer Zufriedenheit.<\/p>\n<p>Weitere Informationen findest Du unter &#8222;Ayurvedische Massagen&#8220;.<\/p>\n<p>W\u00e4hle aus dem angegebenen Zeitrahmen im Kalender aus und wir werden uns so schnell wie m\u00f6glich mit Dir in Verbindung setzen um Dir zu antworten<\/p>\n<p>Nur f\u00fcr weibliche Kunden.<\/p>\n","protected":false},"excerpt":{"rendered":"<h3 class=\"fusion-responsive-typography-calculated\" data-fontsize=\"36\" data-lineheight=\"43.200001px\">Pristhabhyanga \/<br \/>\nAyurvedische R\u00fcckenmassage<\/h3>\n<p><strong>Dauer: 30 Minuten<\/strong><\/p>\n<p><strong>Preis: 45 Euro<\/strong><\/p>\n<p><strong>Nur nach Vereinbarung<\/strong><\/p>\n","protected":false},"featured_media":4092,"comment_status":"open","ping_status":"closed","template":"","meta":[],"product_brand":[],"product_cat":[122,123,144,143],"product_tag":[125,88,90,145],"class_list":{"0":"post-4059","1":"product","2":"type-product","3":"status-publish","4":"has-post-thumbnail","6":"product_cat-ayurveda-de","7":"product_cat-ayurvedische-massagen","8":"product_cat-massage-de","9":"product_cat-nur-nach-terminabsprache","10":"product_tag-ayurveda-de","11":"product_tag-belgien-de","12":"product_tag-gesundheit","13":"product_tag-massagen","15":"first","16":"instock","17":"sold-individually","18":"shipping-taxable","19":"purchasable","20":"product-type-appointment"},"exclude_global_add_ons":[],"addons":[],"yoast_head":"<!-- This site is optimized with the Yoast SEO Premium plugin v26.7 (Yoast SEO v27.5) - https:\/\/yoast.com\/product\/yoast-seo-premium-wordpress\/ -->\n<title>Ayurvedische Massage mit Sonja - Pristhabhyanga \/ Ayurvedische R\u00fcckenmassage - AGBR<\/title>\n<meta name=\"robots\" content=\"index, follow, max-snippet:-1, max-image-preview:large, max-video-preview:-1\" \/>\n<link rel=\"canonical\" href=\"https:\/\/arthurgreenbean.be\/de\/produkt\/ayurvedische-massage-mit-sonja-pristhabhyanga-ayurvedische-rueckenmassage\/\" \/>\n<meta property=\"og:locale\" content=\"de_DE\" \/>\n<meta property=\"og:type\" content=\"article\" \/>\n<meta property=\"og:title\" content=\"Ayurvedische Massage mit Sonja - Pristhabhyanga \/ Ayurvedische R\u00fcckenmassage\" \/>\n<meta property=\"og:description\" content=\"Pristhabhyanga \/ Ayurvedische R\u00fcckenmassage Dauer: 30 Minuten Preis: 45 Euro Nur nach Vereinbarung\" \/>\n<meta property=\"og:url\" content=\"https:\/\/arthurgreenbean.be\/de\/produkt\/ayurvedische-massage-mit-sonja-pristhabhyanga-ayurvedische-rueckenmassage\/\" \/>\n<meta property=\"og:site_name\" content=\"AGBR\" \/>\n<meta property=\"article:publisher\" content=\"https:\/\/www.facebook.com\/profile.php?id=100091825763096\" \/>\n<meta property=\"article:modified_time\" content=\"2026-01-09T17:09:15+00:00\" \/>\n<meta property=\"og:image\" content=\"https:\/\/arthurgreenbean.be\/wp-content\/uploads\/Shutterstock_11819434876-scaled.jpg\" \/>\n\t<meta property=\"og:image:width\" content=\"2560\" \/>\n\t<meta property=\"og:image:height\" content=\"1707\" \/>\n\t<meta property=\"og:image:type\" content=\"image\/jpeg\" \/>\n<meta name=\"twitter:card\" content=\"summary_large_image\" \/>\n<meta name=\"twitter:label1\" content=\"Gesch\u00e4tzte Lesezeit\" \/>\n\t<meta name=\"twitter:data1\" content=\"1\u00a0Minute\" \/>\n<script type=\"application\/ld+json\" class=\"yoast-schema-graph\">{\"@context\":\"https:\\\/\\\/schema.org\",\"@graph\":[{\"@type\":\"WebPage\",\"@id\":\"https:\\\/\\\/arthurgreenbean.be\\\/de\\\/produkt\\\/ayurvedische-massage-mit-sonja-pristhabhyanga-ayurvedische-rueckenmassage\\\/\",\"url\":\"https:\\\/\\\/arthurgreenbean.be\\\/de\\\/produkt\\\/ayurvedische-massage-mit-sonja-pristhabhyanga-ayurvedische-rueckenmassage\\\/\",\"name\":\"Ayurvedische Massage mit Sonja - Pristhabhyanga \\\/ Ayurvedische R\u00fcckenmassage - AGBR\",\"isPartOf\":{\"@id\":\"https:\\\/\\\/arthurgreenbean.be\\\/de\\\/#website\"},\"primaryImageOfPage\":{\"@id\":\"https:\\\/\\\/arthurgreenbean.be\\\/de\\\/produkt\\\/ayurvedische-massage-mit-sonja-pristhabhyanga-ayurvedische-rueckenmassage\\\/#primaryimage\"},\"image\":{\"@id\":\"https:\\\/\\\/arthurgreenbean.be\\\/de\\\/produkt\\\/ayurvedische-massage-mit-sonja-pristhabhyanga-ayurvedische-rueckenmassage\\\/#primaryimage\"},\"thumbnailUrl\":\"https:\\\/\\\/arthurgreenbean.be\\\/wp-content\\\/uploads\\\/Shutterstock_11819434876-scaled.jpg\",\"datePublished\":\"2023-05-05T19:02:22+00:00\",\"dateModified\":\"2026-01-09T17:09:15+00:00\",\"breadcrumb\":{\"@id\":\"https:\\\/\\\/arthurgreenbean.be\\\/de\\\/produkt\\\/ayurvedische-massage-mit-sonja-pristhabhyanga-ayurvedische-rueckenmassage\\\/#breadcrumb\"},\"inLanguage\":\"de\",\"potentialAction\":[{\"@type\":\"ReadAction\",\"target\":[\"https:\\\/\\\/arthurgreenbean.be\\\/de\\\/produkt\\\/ayurvedische-massage-mit-sonja-pristhabhyanga-ayurvedische-rueckenmassage\\\/\"]}]},{\"@type\":\"ImageObject\",\"inLanguage\":\"de\",\"@id\":\"https:\\\/\\\/arthurgreenbean.be\\\/de\\\/produkt\\\/ayurvedische-massage-mit-sonja-pristhabhyanga-ayurvedische-rueckenmassage\\\/#primaryimage\",\"url\":\"https:\\\/\\\/arthurgreenbean.be\\\/wp-content\\\/uploads\\\/Shutterstock_11819434876-scaled.jpg\",\"contentUrl\":\"https:\\\/\\\/arthurgreenbean.be\\\/wp-content\\\/uploads\\\/Shutterstock_11819434876-scaled.jpg\",\"width\":2560,\"height\":1707,\"caption\":\"great Ayurvedic massage\"},{\"@type\":\"BreadcrumbList\",\"@id\":\"https:\\\/\\\/arthurgreenbean.be\\\/de\\\/produkt\\\/ayurvedische-massage-mit-sonja-pristhabhyanga-ayurvedische-rueckenmassage\\\/#breadcrumb\",\"itemListElement\":[{\"@type\":\"ListItem\",\"position\":1,\"name\":\"Home\",\"item\":\"https:\\\/\\\/arthurgreenbean.be\\\/de\\\/\"},{\"@type\":\"ListItem\",\"position\":2,\"name\":\"Shop\",\"item\":\"https:\\\/\\\/arthurgreenbean.be\\\/shop\\\/\"},{\"@type\":\"ListItem\",\"position\":3,\"name\":\"Ayurvedische Massage mit Sonja &#8211; Pristhabhyanga \\\/ Ayurvedische R\u00fcckenmassage\"}]},{\"@type\":\"WebSite\",\"@id\":\"https:\\\/\\\/arthurgreenbean.be\\\/de\\\/#website\",\"url\":\"https:\\\/\\\/arthurgreenbean.be\\\/de\\\/\",\"name\":\"Arthurgreenbean\",\"description\":\"Arthurgreenbean Ranch\",\"publisher\":{\"@id\":\"https:\\\/\\\/arthurgreenbean.be\\\/de\\\/#organization\"},\"potentialAction\":[{\"@type\":\"SearchAction\",\"target\":{\"@type\":\"EntryPoint\",\"urlTemplate\":\"https:\\\/\\\/arthurgreenbean.be\\\/de\\\/?s={search_term_string}\"},\"query-input\":{\"@type\":\"PropertyValueSpecification\",\"valueRequired\":true,\"valueName\":\"search_term_string\"}}],\"inLanguage\":\"de\"},{\"@type\":\"Organization\",\"@id\":\"https:\\\/\\\/arthurgreenbean.be\\\/de\\\/#organization\",\"name\":\"Arthurgreenbean Ranch\",\"url\":\"https:\\\/\\\/arthurgreenbean.be\\\/de\\\/\",\"logo\":{\"@type\":\"ImageObject\",\"inLanguage\":\"de\",\"@id\":\"https:\\\/\\\/arthurgreenbean.be\\\/de\\\/#\\\/schema\\\/logo\\\/image\\\/\",\"url\":\"https:\\\/\\\/arthurgreenbean.be\\\/wp-content\\\/uploads\\\/agbr-696-1.jpg\",\"contentUrl\":\"https:\\\/\\\/arthurgreenbean.be\\\/wp-content\\\/uploads\\\/agbr-696-1.jpg\",\"width\":696,\"height\":696,\"caption\":\"Arthurgreenbean Ranch\"},\"image\":{\"@id\":\"https:\\\/\\\/arthurgreenbean.be\\\/de\\\/#\\\/schema\\\/logo\\\/image\\\/\"},\"sameAs\":[\"https:\\\/\\\/www.facebook.com\\\/profile.php?id=100091825763096\"]}]}<\/script>\n<!-- \/ Yoast SEO Premium plugin. -->","yoast_head_json":{"title":"Ayurvedische Massage mit Sonja - Pristhabhyanga \/ Ayurvedische R\u00fcckenmassage - AGBR","robots":{"index":"index","follow":"follow","max-snippet":"max-snippet:-1","max-image-preview":"max-image-preview:large","max-video-preview":"max-video-preview:-1"},"canonical":"https:\/\/arthurgreenbean.be\/de\/produkt\/ayurvedische-massage-mit-sonja-pristhabhyanga-ayurvedische-rueckenmassage\/","og_locale":"de_DE","og_type":"article","og_title":"Ayurvedische Massage mit Sonja - Pristhabhyanga \/ Ayurvedische R\u00fcckenmassage","og_description":"Pristhabhyanga \/ Ayurvedische R\u00fcckenmassage Dauer: 30 Minuten Preis: 45 Euro Nur nach Vereinbarung","og_url":"https:\/\/arthurgreenbean.be\/de\/produkt\/ayurvedische-massage-mit-sonja-pristhabhyanga-ayurvedische-rueckenmassage\/","og_site_name":"AGBR","article_publisher":"https:\/\/www.facebook.com\/profile.php?id=100091825763096","article_modified_time":"2026-01-09T17:09:15+00:00","og_image":[{"width":2560,"height":1707,"url":"https:\/\/arthurgreenbean.be\/wp-content\/uploads\/Shutterstock_11819434876-scaled.jpg","type":"image\/jpeg"}],"twitter_card":"summary_large_image","twitter_misc":{"Gesch\u00e4tzte Lesezeit":"1\u00a0Minute"},"schema":{"@context":"https:\/\/schema.org","@graph":[{"@type":"WebPage","@id":"https:\/\/arthurgreenbean.be\/de\/produkt\/ayurvedische-massage-mit-sonja-pristhabhyanga-ayurvedische-rueckenmassage\/","url":"https:\/\/arthurgreenbean.be\/de\/produkt\/ayurvedische-massage-mit-sonja-pristhabhyanga-ayurvedische-rueckenmassage\/","name":"Ayurvedische Massage mit Sonja - Pristhabhyanga \/ Ayurvedische R\u00fcckenmassage - AGBR","isPartOf":{"@id":"https:\/\/arthurgreenbean.be\/de\/#website"},"primaryImageOfPage":{"@id":"https:\/\/arthurgreenbean.be\/de\/produkt\/ayurvedische-massage-mit-sonja-pristhabhyanga-ayurvedische-rueckenmassage\/#primaryimage"},"image":{"@id":"https:\/\/arthurgreenbean.be\/de\/produkt\/ayurvedische-massage-mit-sonja-pristhabhyanga-ayurvedische-rueckenmassage\/#primaryimage"},"thumbnailUrl":"https:\/\/arthurgreenbean.be\/wp-content\/uploads\/Shutterstock_11819434876-scaled.jpg","datePublished":"2023-05-05T19:02:22+00:00","dateModified":"2026-01-09T17:09:15+00:00","breadcrumb":{"@id":"https:\/\/arthurgreenbean.be\/de\/produkt\/ayurvedische-massage-mit-sonja-pristhabhyanga-ayurvedische-rueckenmassage\/#breadcrumb"},"inLanguage":"de","potentialAction":[{"@type":"ReadAction","target":["https:\/\/arthurgreenbean.be\/de\/produkt\/ayurvedische-massage-mit-sonja-pristhabhyanga-ayurvedische-rueckenmassage\/"]}]},{"@type":"ImageObject","inLanguage":"de","@id":"https:\/\/arthurgreenbean.be\/de\/produkt\/ayurvedische-massage-mit-sonja-pristhabhyanga-ayurvedische-rueckenmassage\/#primaryimage","url":"https:\/\/arthurgreenbean.be\/wp-content\/uploads\/Shutterstock_11819434876-scaled.jpg","contentUrl":"https:\/\/arthurgreenbean.be\/wp-content\/uploads\/Shutterstock_11819434876-scaled.jpg","width":2560,"height":1707,"caption":"great Ayurvedic massage"},{"@type":"BreadcrumbList","@id":"https:\/\/arthurgreenbean.be\/de\/produkt\/ayurvedische-massage-mit-sonja-pristhabhyanga-ayurvedische-rueckenmassage\/#breadcrumb","itemListElement":[{"@type":"ListItem","position":1,"name":"Home","item":"https:\/\/arthurgreenbean.be\/de\/"},{"@type":"ListItem","position":2,"name":"Shop","item":"https:\/\/arthurgreenbean.be\/shop\/"},{"@type":"ListItem","position":3,"name":"Ayurvedische Massage mit Sonja &#8211; Pristhabhyanga \/ Ayurvedische R\u00fcckenmassage"}]},{"@type":"WebSite","@id":"https:\/\/arthurgreenbean.be\/de\/#website","url":"https:\/\/arthurgreenbean.be\/de\/","name":"Arthurgreenbean","description":"Arthurgreenbean Ranch","publisher":{"@id":"https:\/\/arthurgreenbean.be\/de\/#organization"},"potentialAction":[{"@type":"SearchAction","target":{"@type":"EntryPoint","urlTemplate":"https:\/\/arthurgreenbean.be\/de\/?s={search_term_string}"},"query-input":{"@type":"PropertyValueSpecification","valueRequired":true,"valueName":"search_term_string"}}],"inLanguage":"de"},{"@type":"Organization","@id":"https:\/\/arthurgreenbean.be\/de\/#organization","name":"Arthurgreenbean Ranch","url":"https:\/\/arthurgreenbean.be\/de\/","logo":{"@type":"ImageObject","inLanguage":"de","@id":"https:\/\/arthurgreenbean.be\/de\/#\/schema\/logo\/image\/","url":"https:\/\/arthurgreenbean.be\/wp-content\/uploads\/agbr-696-1.jpg","contentUrl":"https:\/\/arthurgreenbean.be\/wp-content\/uploads\/agbr-696-1.jpg","width":696,"height":696,"caption":"Arthurgreenbean Ranch"},"image":{"@id":"https:\/\/arthurgreenbean.be\/de\/#\/schema\/logo\/image\/"},"sameAs":["https:\/\/www.facebook.com\/profile.php?id=100091825763096"]}]}},"_links":{"self":[{"href":"https:\/\/arthurgreenbean.be\/de\/wp-json\/wp\/v2\/product\/4059","targetHints":{"allow":["GET"]}}],"collection":[{"href":"https:\/\/arthurgreenbean.be\/de\/wp-json\/wp\/v2\/product"}],"about":[{"href":"https:\/\/arthurgreenbean.be\/de\/wp-json\/wp\/v2\/types\/product"}],"replies":[{"embeddable":true,"href":"https:\/\/arthurgreenbean.be\/de\/wp-json\/wp\/v2\/comments?post=4059"}],"wp:featuredmedia":[{"embeddable":true,"href":"https:\/\/arthurgreenbean.be\/de\/wp-json\/wp\/v2\/media\/4092"}],"wp:attachment":[{"href":"https:\/\/arthurgreenbean.be\/de\/wp-json\/wp\/v2\/media?parent=4059"}],"wp:term":[{"taxonomy":"product_brand","embeddable":true,"href":"https:\/\/arthurgreenbean.be\/de\/wp-json\/wp\/v2\/product_brand?post=4059"},{"taxonomy":"product_cat","embeddable":true,"href":"https:\/\/arthurgreenbean.be\/de\/wp-json\/wp\/v2\/product_cat?post=4059"},{"taxonomy":"product_tag","embeddable":true,"href":"https:\/\/arthurgreenbean.be\/de\/wp-json\/wp\/v2\/product_tag?post=4059"}],"curies":[{"name":"wp","href":"https:\/\/api.w.org\/{rel}","templated":true}]}}