{"id":4053,"date":"2023-05-05T18:46:46","date_gmt":"2023-05-05T18:46:46","guid":{"rendered":"https:\/\/arthurgreenbean.be\/?post_type=product&#038;p=4053"},"modified":"2026-01-09T17:17:23","modified_gmt":"2026-01-09T17:17:23","slug":"ayurvedische-massage-mit-sonja-padabhyanga-ayurvedische-fussmassage","status":"publish","type":"product","link":"https:\/\/arthurgreenbean.be\/de\/produkt\/ayurvedische-massage-mit-sonja-padabhyanga-ayurvedische-fussmassage\/","title":{"rendered":"Ayurvedische Massage mit Sonja &#8211; Padabhyanga &#8211; Ayurvedische Fu\u00dfmassage"},"content":{"rendered":"<h3 class=\"fusion-responsive-typography-calculated\" data-fontsize=\"36\" data-lineheight=\"43.200001px\">Padabhyanga \/<br \/>\nAyurvedische Fu\u00dfmassage<\/h3>\n<p>Die ayurvedische Fu\u00dfmassage ist eine beruhigende und wohltuende Massagetherapie, die den ganzen K\u00f6rper entspannen, revitalisieren und verj\u00fcngen kann. Nach einem anstrengenden Tag ist es die perfekte Massage, um alles loszulassen, was man auch mit den F\u00fc\u00dfen tr\u00e4gt. Es gibt mehrere Vorteile einer Padabhyanga, die in verschiedenen ayurvedischen Texten beschrieben werden. Finde heraus, welche guten Auswirkungen sie auf Dich haben wird.<\/p>\n<p>Weitere Informationen findest Du unter &#8222;Ayurvedische Massagen&#8220;.<\/p>\n<p>W\u00e4hle aus dem angegebenen Zeitrahmen im Kalender aus und wir werden uns so schnell wie m\u00f6glich mit Dir in Verbindung setzen um Dir zu antworten<\/p>\n<p>Nur f\u00fcr weibliche Kunden.<\/p>\n","protected":false},"excerpt":{"rendered":"<h3 class=\"fusion-responsive-typography-calculated\" data-fontsize=\"36\" data-lineheight=\"43.200001px\">Padabhyanga &#8211;<br \/>\nAyurvedische Fu\u00dfmassage<\/h3>\n<p><strong>Dauer: 30 Minuten<\/strong><\/p>\n<p><strong>Preis: 45 Euro<\/strong><\/p>\n<p><strong>Nur nach Vereinbarung <\/strong><\/p>\n","protected":false},"featured_media":3365,"comment_status":"open","ping_status":"closed","template":"","meta":[],"product_brand":[],"product_cat":[122,123,144,143],"product_tag":[125,88,90,145],"class_list":{"0":"post-4053","1":"product","2":"type-product","3":"status-publish","4":"has-post-thumbnail","6":"product_cat-ayurveda-de","7":"product_cat-ayurvedische-massagen","8":"product_cat-massage-de","9":"product_cat-nur-nach-terminabsprache","10":"product_tag-ayurveda-de","11":"product_tag-belgien-de","12":"product_tag-gesundheit","13":"product_tag-massagen","15":"first","16":"instock","17":"sold-individually","18":"shipping-taxable","19":"purchasable","20":"product-type-appointment"},"exclude_global_add_ons":[],"addons":[],"yoast_head":"<!-- This site is optimized with the Yoast SEO Premium plugin v26.7 (Yoast SEO v27.2) - https:\/\/yoast.com\/product\/yoast-seo-premium-wordpress\/ -->\n<title>Ayurvedische Massage mit Sonja - Padabhyanga - Ayurvedische Fu\u00dfmassage - AGBR<\/title>\n<meta name=\"robots\" content=\"index, follow, max-snippet:-1, max-image-preview:large, max-video-preview:-1\" \/>\n<link rel=\"canonical\" href=\"https:\/\/arthurgreenbean.be\/de\/produkt\/ayurvedische-massage-mit-sonja-padabhyanga-ayurvedische-fussmassage\/\" \/>\n<meta property=\"og:locale\" content=\"de_DE\" \/>\n<meta property=\"og:type\" content=\"article\" \/>\n<meta property=\"og:title\" content=\"Ayurvedische Massage mit Sonja - Padabhyanga - Ayurvedische Fu\u00dfmassage\" \/>\n<meta property=\"og:description\" content=\"Padabhyanga - Ayurvedische Fu\u00dfmassage Dauer: 30 Minuten Preis: 45 Euro Nur nach Vereinbarung\" \/>\n<meta property=\"og:url\" content=\"https:\/\/arthurgreenbean.be\/de\/produkt\/ayurvedische-massage-mit-sonja-padabhyanga-ayurvedische-fussmassage\/\" \/>\n<meta property=\"og:site_name\" content=\"AGBR\" \/>\n<meta property=\"article:publisher\" content=\"https:\/\/www.facebook.com\/profile.php?id=100091825763096\" \/>\n<meta property=\"article:modified_time\" content=\"2026-01-09T17:17:23+00:00\" \/>\n<meta property=\"og:image\" content=\"https:\/\/arthurgreenbean.be\/wp-content\/uploads\/Fussmassage.jpg\" \/>\n\t<meta property=\"og:image:width\" content=\"960\" \/>\n\t<meta property=\"og:image:height\" content=\"1200\" \/>\n\t<meta property=\"og:image:type\" content=\"image\/jpeg\" \/>\n<meta name=\"twitter:card\" content=\"summary_large_image\" \/>\n<meta name=\"twitter:label1\" content=\"Gesch\u00e4tzte Lesezeit\" \/>\n\t<meta name=\"twitter:data1\" content=\"1\u00a0Minute\" \/>\n<script type=\"application\/ld+json\" class=\"yoast-schema-graph\">{\"@context\":\"https:\/\/schema.org\",\"@graph\":[{\"@type\":\"WebPage\",\"@id\":\"https:\/\/arthurgreenbean.be\/de\/produkt\/ayurvedische-massage-mit-sonja-padabhyanga-ayurvedische-fussmassage\/\",\"url\":\"https:\/\/arthurgreenbean.be\/de\/produkt\/ayurvedische-massage-mit-sonja-padabhyanga-ayurvedische-fussmassage\/\",\"name\":\"Ayurvedische Massage mit Sonja - Padabhyanga - Ayurvedische Fu\u00dfmassage - AGBR\",\"isPartOf\":{\"@id\":\"https:\/\/arthurgreenbean.be\/de\/#website\"},\"primaryImageOfPage\":{\"@id\":\"https:\/\/arthurgreenbean.be\/de\/produkt\/ayurvedische-massage-mit-sonja-padabhyanga-ayurvedische-fussmassage\/#primaryimage\"},\"image\":{\"@id\":\"https:\/\/arthurgreenbean.be\/de\/produkt\/ayurvedische-massage-mit-sonja-padabhyanga-ayurvedische-fussmassage\/#primaryimage\"},\"thumbnailUrl\":\"https:\/\/arthurgreenbean.be\/wp-content\/uploads\/Fussmassage.jpg\",\"datePublished\":\"2023-05-05T18:46:46+00:00\",\"dateModified\":\"2026-01-09T17:17:23+00:00\",\"breadcrumb\":{\"@id\":\"https:\/\/arthurgreenbean.be\/de\/produkt\/ayurvedische-massage-mit-sonja-padabhyanga-ayurvedische-fussmassage\/#breadcrumb\"},\"inLanguage\":\"de\",\"potentialAction\":[{\"@type\":\"ReadAction\",\"target\":[\"https:\/\/arthurgreenbean.be\/de\/produkt\/ayurvedische-massage-mit-sonja-padabhyanga-ayurvedische-fussmassage\/\"]}]},{\"@type\":\"ImageObject\",\"inLanguage\":\"de\",\"@id\":\"https:\/\/arthurgreenbean.be\/de\/produkt\/ayurvedische-massage-mit-sonja-padabhyanga-ayurvedische-fussmassage\/#primaryimage\",\"url\":\"https:\/\/arthurgreenbean.be\/wp-content\/uploads\/Fussmassage.jpg\",\"contentUrl\":\"https:\/\/arthurgreenbean.be\/wp-content\/uploads\/Fussmassage.jpg\",\"width\":960,\"height\":1200,\"caption\":\"pressure on the right spots brings bliss and relief to the whole body\"},{\"@type\":\"BreadcrumbList\",\"@id\":\"https:\/\/arthurgreenbean.be\/de\/produkt\/ayurvedische-massage-mit-sonja-padabhyanga-ayurvedische-fussmassage\/#breadcrumb\",\"itemListElement\":[{\"@type\":\"ListItem\",\"position\":1,\"name\":\"Home\",\"item\":\"https:\/\/arthurgreenbean.be\/de\/\"},{\"@type\":\"ListItem\",\"position\":2,\"name\":\"Shop\",\"item\":\"https:\/\/arthurgreenbean.be\/shop\/\"},{\"@type\":\"ListItem\",\"position\":3,\"name\":\"Ayurvedische Massage mit Sonja &#8211; Padabhyanga &#8211; Ayurvedische Fu\u00dfmassage\"}]},{\"@type\":\"WebSite\",\"@id\":\"https:\/\/arthurgreenbean.be\/de\/#website\",\"url\":\"https:\/\/arthurgreenbean.be\/de\/\",\"name\":\"Arthurgreenbean\",\"description\":\"Arthurgreenbean Ranch\",\"publisher\":{\"@id\":\"https:\/\/arthurgreenbean.be\/de\/#organization\"},\"potentialAction\":[{\"@type\":\"SearchAction\",\"target\":{\"@type\":\"EntryPoint\",\"urlTemplate\":\"https:\/\/arthurgreenbean.be\/de\/?s={search_term_string}\"},\"query-input\":{\"@type\":\"PropertyValueSpecification\",\"valueRequired\":true,\"valueName\":\"search_term_string\"}}],\"inLanguage\":\"de\"},{\"@type\":\"Organization\",\"@id\":\"https:\/\/arthurgreenbean.be\/de\/#organization\",\"name\":\"Arthurgreenbean Ranch\",\"url\":\"https:\/\/arthurgreenbean.be\/de\/\",\"logo\":{\"@type\":\"ImageObject\",\"inLanguage\":\"de\",\"@id\":\"https:\/\/arthurgreenbean.be\/de\/#\/schema\/logo\/image\/\",\"url\":\"https:\/\/arthurgreenbean.be\/wp-content\/uploads\/agbr-696-1.jpg\",\"contentUrl\":\"https:\/\/arthurgreenbean.be\/wp-content\/uploads\/agbr-696-1.jpg\",\"width\":696,\"height\":696,\"caption\":\"Arthurgreenbean Ranch\"},\"image\":{\"@id\":\"https:\/\/arthurgreenbean.be\/de\/#\/schema\/logo\/image\/\"},\"sameAs\":[\"https:\/\/www.facebook.com\/profile.php?id=100091825763096\"]}]}<\/script>\n<!-- \/ Yoast SEO Premium plugin. -->","yoast_head_json":{"title":"Ayurvedische Massage mit Sonja - Padabhyanga - Ayurvedische Fu\u00dfmassage - AGBR","robots":{"index":"index","follow":"follow","max-snippet":"max-snippet:-1","max-image-preview":"max-image-preview:large","max-video-preview":"max-video-preview:-1"},"canonical":"https:\/\/arthurgreenbean.be\/de\/produkt\/ayurvedische-massage-mit-sonja-padabhyanga-ayurvedische-fussmassage\/","og_locale":"de_DE","og_type":"article","og_title":"Ayurvedische Massage mit Sonja - Padabhyanga - Ayurvedische Fu\u00dfmassage","og_description":"Padabhyanga - Ayurvedische Fu\u00dfmassage Dauer: 30 Minuten Preis: 45 Euro Nur nach Vereinbarung","og_url":"https:\/\/arthurgreenbean.be\/de\/produkt\/ayurvedische-massage-mit-sonja-padabhyanga-ayurvedische-fussmassage\/","og_site_name":"AGBR","article_publisher":"https:\/\/www.facebook.com\/profile.php?id=100091825763096","article_modified_time":"2026-01-09T17:17:23+00:00","og_image":[{"width":960,"height":1200,"url":"https:\/\/arthurgreenbean.be\/wp-content\/uploads\/Fussmassage.jpg","type":"image\/jpeg"}],"twitter_card":"summary_large_image","twitter_misc":{"Gesch\u00e4tzte Lesezeit":"1\u00a0Minute"},"schema":{"@context":"https:\/\/schema.org","@graph":[{"@type":"WebPage","@id":"https:\/\/arthurgreenbean.be\/de\/produkt\/ayurvedische-massage-mit-sonja-padabhyanga-ayurvedische-fussmassage\/","url":"https:\/\/arthurgreenbean.be\/de\/produkt\/ayurvedische-massage-mit-sonja-padabhyanga-ayurvedische-fussmassage\/","name":"Ayurvedische Massage mit Sonja - Padabhyanga - Ayurvedische Fu\u00dfmassage - AGBR","isPartOf":{"@id":"https:\/\/arthurgreenbean.be\/de\/#website"},"primaryImageOfPage":{"@id":"https:\/\/arthurgreenbean.be\/de\/produkt\/ayurvedische-massage-mit-sonja-padabhyanga-ayurvedische-fussmassage\/#primaryimage"},"image":{"@id":"https:\/\/arthurgreenbean.be\/de\/produkt\/ayurvedische-massage-mit-sonja-padabhyanga-ayurvedische-fussmassage\/#primaryimage"},"thumbnailUrl":"https:\/\/arthurgreenbean.be\/wp-content\/uploads\/Fussmassage.jpg","datePublished":"2023-05-05T18:46:46+00:00","dateModified":"2026-01-09T17:17:23+00:00","breadcrumb":{"@id":"https:\/\/arthurgreenbean.be\/de\/produkt\/ayurvedische-massage-mit-sonja-padabhyanga-ayurvedische-fussmassage\/#breadcrumb"},"inLanguage":"de","potentialAction":[{"@type":"ReadAction","target":["https:\/\/arthurgreenbean.be\/de\/produkt\/ayurvedische-massage-mit-sonja-padabhyanga-ayurvedische-fussmassage\/"]}]},{"@type":"ImageObject","inLanguage":"de","@id":"https:\/\/arthurgreenbean.be\/de\/produkt\/ayurvedische-massage-mit-sonja-padabhyanga-ayurvedische-fussmassage\/#primaryimage","url":"https:\/\/arthurgreenbean.be\/wp-content\/uploads\/Fussmassage.jpg","contentUrl":"https:\/\/arthurgreenbean.be\/wp-content\/uploads\/Fussmassage.jpg","width":960,"height":1200,"caption":"pressure on the right spots brings bliss and relief to the whole body"},{"@type":"BreadcrumbList","@id":"https:\/\/arthurgreenbean.be\/de\/produkt\/ayurvedische-massage-mit-sonja-padabhyanga-ayurvedische-fussmassage\/#breadcrumb","itemListElement":[{"@type":"ListItem","position":1,"name":"Home","item":"https:\/\/arthurgreenbean.be\/de\/"},{"@type":"ListItem","position":2,"name":"Shop","item":"https:\/\/arthurgreenbean.be\/shop\/"},{"@type":"ListItem","position":3,"name":"Ayurvedische Massage mit Sonja &#8211; Padabhyanga &#8211; Ayurvedische Fu\u00dfmassage"}]},{"@type":"WebSite","@id":"https:\/\/arthurgreenbean.be\/de\/#website","url":"https:\/\/arthurgreenbean.be\/de\/","name":"Arthurgreenbean","description":"Arthurgreenbean Ranch","publisher":{"@id":"https:\/\/arthurgreenbean.be\/de\/#organization"},"potentialAction":[{"@type":"SearchAction","target":{"@type":"EntryPoint","urlTemplate":"https:\/\/arthurgreenbean.be\/de\/?s={search_term_string}"},"query-input":{"@type":"PropertyValueSpecification","valueRequired":true,"valueName":"search_term_string"}}],"inLanguage":"de"},{"@type":"Organization","@id":"https:\/\/arthurgreenbean.be\/de\/#organization","name":"Arthurgreenbean Ranch","url":"https:\/\/arthurgreenbean.be\/de\/","logo":{"@type":"ImageObject","inLanguage":"de","@id":"https:\/\/arthurgreenbean.be\/de\/#\/schema\/logo\/image\/","url":"https:\/\/arthurgreenbean.be\/wp-content\/uploads\/agbr-696-1.jpg","contentUrl":"https:\/\/arthurgreenbean.be\/wp-content\/uploads\/agbr-696-1.jpg","width":696,"height":696,"caption":"Arthurgreenbean Ranch"},"image":{"@id":"https:\/\/arthurgreenbean.be\/de\/#\/schema\/logo\/image\/"},"sameAs":["https:\/\/www.facebook.com\/profile.php?id=100091825763096"]}]}},"_links":{"self":[{"href":"https:\/\/arthurgreenbean.be\/de\/wp-json\/wp\/v2\/product\/4053","targetHints":{"allow":["GET"]}}],"collection":[{"href":"https:\/\/arthurgreenbean.be\/de\/wp-json\/wp\/v2\/product"}],"about":[{"href":"https:\/\/arthurgreenbean.be\/de\/wp-json\/wp\/v2\/types\/product"}],"replies":[{"embeddable":true,"href":"https:\/\/arthurgreenbean.be\/de\/wp-json\/wp\/v2\/comments?post=4053"}],"wp:featuredmedia":[{"embeddable":true,"href":"https:\/\/arthurgreenbean.be\/de\/wp-json\/wp\/v2\/media\/3365"}],"wp:attachment":[{"href":"https:\/\/arthurgreenbean.be\/de\/wp-json\/wp\/v2\/media?parent=4053"}],"wp:term":[{"taxonomy":"product_brand","embeddable":true,"href":"https:\/\/arthurgreenbean.be\/de\/wp-json\/wp\/v2\/product_brand?post=4053"},{"taxonomy":"product_cat","embeddable":true,"href":"https:\/\/arthurgreenbean.be\/de\/wp-json\/wp\/v2\/product_cat?post=4053"},{"taxonomy":"product_tag","embeddable":true,"href":"https:\/\/arthurgreenbean.be\/de\/wp-json\/wp\/v2\/product_tag?post=4053"}],"curies":[{"name":"wp","href":"https:\/\/api.w.org\/{rel}","templated":true}]}}