{"id":4041,"date":"2023-05-05T17:03:57","date_gmt":"2023-05-05T17:03:57","guid":{"rendered":"https:\/\/arthurgreenbean.be\/?post_type=product&#038;p=4041"},"modified":"2026-01-09T16:52:36","modified_gmt":"2026-01-09T16:52:36","slug":"ayurvedische-massage-mit-sonja-abhyanga-ganzkoerpermassage","status":"publish","type":"product","link":"https:\/\/arthurgreenbean.be\/de\/produkt\/ayurvedische-massage-mit-sonja-abhyanga-ganzkoerpermassage\/","title":{"rendered":"Ayurvedische Massage mit Sonja &#8211; Abhyanga Ganzk\u00f6rpermassage"},"content":{"rendered":"<h3 class=\"fusion-responsive-typography-calculated\" data-fontsize=\"36\" data-lineheight=\"43.200001px\">Abhyanga \/ die ayurvedische<br \/>\nGanzk\u00f6rpermassage<\/h3>\n<p>Diese wunderbare Ganzk\u00f6rpermassage ist daf\u00fcr bekannt, das Herz zu beruhigen und den Stress abzubauen. Das warme \u00d6l, mit dem der K\u00f6rper vom Kopf bis zu den Zehen massiert wird, ist voll von guten Kr\u00e4utern in bester Qualit\u00e4t.<\/p>\n<p>Weitere Informationen \u00fcber diese Massage findest Du unter &#8222;Ayurvedische Massagen&#8220;.<\/p>\n<p>W\u00e4hle aus dem angegebenen Zeitrahmen im Kalender aus und wir werden uns so schnell wie m\u00f6glich mit Dir in Verbindung setzen um Dir zu antworten<\/p>\n<p>Nur f\u00fcr weibliche Kunden.<\/p>\n<p>&nbsp;<\/p>\n<p>&nbsp;<\/p>\n","protected":false},"excerpt":{"rendered":"<h3 class=\"fusion-responsive-typography-calculated\" data-fontsize=\"36\" data-lineheight=\"43.200001px\">Abhyanga \/ die ayurvedische<br \/>\nGanzk\u00f6rpermassage<\/h3>\n<p><strong>Dauer: 1 Stunde<\/strong><\/p>\n<p><strong>Preis: 75 Euro<\/strong><\/p>\n<p><strong>Nur nach Vereinbarung<\/strong><\/p>\n","protected":false},"featured_media":3361,"comment_status":"open","ping_status":"closed","template":"","meta":[],"product_brand":[],"product_cat":[122,123,144,143],"product_tag":[125,88,90,145],"class_list":{"0":"post-4041","1":"product","2":"type-product","3":"status-publish","4":"has-post-thumbnail","6":"product_cat-ayurveda-de","7":"product_cat-ayurvedische-massagen","8":"product_cat-massage-de","9":"product_cat-nur-nach-terminabsprache","10":"product_tag-ayurveda-de","11":"product_tag-belgien-de","12":"product_tag-gesundheit","13":"product_tag-massagen","15":"first","16":"instock","17":"sold-individually","18":"shipping-taxable","19":"purchasable","20":"product-type-appointment"},"exclude_global_add_ons":[],"addons":[],"yoast_head":"<!-- This site is optimized with the Yoast SEO Premium plugin v26.7 (Yoast SEO v27.2) - https:\/\/yoast.com\/product\/yoast-seo-premium-wordpress\/ -->\n<title>Ayurvedische Massage mit Sonja - Abhyanga Ganzk\u00f6rpermassage - AGBR<\/title>\n<meta name=\"robots\" content=\"index, follow, max-snippet:-1, max-image-preview:large, max-video-preview:-1\" \/>\n<link rel=\"canonical\" href=\"https:\/\/arthurgreenbean.be\/de\/produkt\/ayurvedische-massage-mit-sonja-abhyanga-ganzkoerpermassage\/\" \/>\n<meta property=\"og:locale\" content=\"de_DE\" \/>\n<meta property=\"og:type\" content=\"article\" \/>\n<meta property=\"og:title\" content=\"Ayurvedische Massage mit Sonja - Abhyanga Ganzk\u00f6rpermassage\" \/>\n<meta property=\"og:description\" content=\"Abhyanga \/ die ayurvedische Ganzk\u00f6rpermassage Dauer: 1 Stunde Preis: 75 Euro Nur nach Vereinbarung\" \/>\n<meta property=\"og:url\" content=\"https:\/\/arthurgreenbean.be\/de\/produkt\/ayurvedische-massage-mit-sonja-abhyanga-ganzkoerpermassage\/\" \/>\n<meta property=\"og:site_name\" content=\"AGBR\" \/>\n<meta property=\"article:publisher\" content=\"https:\/\/www.facebook.com\/profile.php?id=100091825763096\" \/>\n<meta property=\"article:modified_time\" content=\"2026-01-09T16:52:36+00:00\" \/>\n<meta property=\"og:image\" content=\"https:\/\/arthurgreenbean.be\/wp-content\/uploads\/Rueckenmassage-scaled.jpg\" \/>\n\t<meta property=\"og:image:width\" content=\"2560\" \/>\n\t<meta property=\"og:image:height\" content=\"1707\" \/>\n\t<meta property=\"og:image:type\" content=\"image\/jpeg\" \/>\n<meta name=\"twitter:card\" content=\"summary_large_image\" \/>\n<script type=\"application\/ld+json\" class=\"yoast-schema-graph\">{\"@context\":\"https:\/\/schema.org\",\"@graph\":[{\"@type\":\"WebPage\",\"@id\":\"https:\/\/arthurgreenbean.be\/de\/produkt\/ayurvedische-massage-mit-sonja-abhyanga-ganzkoerpermassage\/\",\"url\":\"https:\/\/arthurgreenbean.be\/de\/produkt\/ayurvedische-massage-mit-sonja-abhyanga-ganzkoerpermassage\/\",\"name\":\"Ayurvedische Massage mit Sonja - Abhyanga Ganzk\u00f6rpermassage - AGBR\",\"isPartOf\":{\"@id\":\"https:\/\/arthurgreenbean.be\/de\/#website\"},\"primaryImageOfPage\":{\"@id\":\"https:\/\/arthurgreenbean.be\/de\/produkt\/ayurvedische-massage-mit-sonja-abhyanga-ganzkoerpermassage\/#primaryimage\"},\"image\":{\"@id\":\"https:\/\/arthurgreenbean.be\/de\/produkt\/ayurvedische-massage-mit-sonja-abhyanga-ganzkoerpermassage\/#primaryimage\"},\"thumbnailUrl\":\"https:\/\/arthurgreenbean.be\/wp-content\/uploads\/Rueckenmassage-scaled.jpg\",\"datePublished\":\"2023-05-05T17:03:57+00:00\",\"dateModified\":\"2026-01-09T16:52:36+00:00\",\"breadcrumb\":{\"@id\":\"https:\/\/arthurgreenbean.be\/de\/produkt\/ayurvedische-massage-mit-sonja-abhyanga-ganzkoerpermassage\/#breadcrumb\"},\"inLanguage\":\"de\",\"potentialAction\":[{\"@type\":\"ReadAction\",\"target\":[\"https:\/\/arthurgreenbean.be\/de\/produkt\/ayurvedische-massage-mit-sonja-abhyanga-ganzkoerpermassage\/\"]}]},{\"@type\":\"ImageObject\",\"inLanguage\":\"de\",\"@id\":\"https:\/\/arthurgreenbean.be\/de\/produkt\/ayurvedische-massage-mit-sonja-abhyanga-ganzkoerpermassage\/#primaryimage\",\"url\":\"https:\/\/arthurgreenbean.be\/wp-content\/uploads\/Rueckenmassage-scaled.jpg\",\"contentUrl\":\"https:\/\/arthurgreenbean.be\/wp-content\/uploads\/Rueckenmassage-scaled.jpg\",\"width\":2560,\"height\":1707,\"caption\":\"Prstabhyanga, back massage, Ayurveda\"},{\"@type\":\"BreadcrumbList\",\"@id\":\"https:\/\/arthurgreenbean.be\/de\/produkt\/ayurvedische-massage-mit-sonja-abhyanga-ganzkoerpermassage\/#breadcrumb\",\"itemListElement\":[{\"@type\":\"ListItem\",\"position\":1,\"name\":\"Home\",\"item\":\"https:\/\/arthurgreenbean.be\/de\/\"},{\"@type\":\"ListItem\",\"position\":2,\"name\":\"Shop\",\"item\":\"https:\/\/arthurgreenbean.be\/shop\/\"},{\"@type\":\"ListItem\",\"position\":3,\"name\":\"Ayurvedische Massage mit Sonja &#8211; Abhyanga Ganzk\u00f6rpermassage\"}]},{\"@type\":\"WebSite\",\"@id\":\"https:\/\/arthurgreenbean.be\/de\/#website\",\"url\":\"https:\/\/arthurgreenbean.be\/de\/\",\"name\":\"Arthurgreenbean\",\"description\":\"Arthurgreenbean Ranch\",\"publisher\":{\"@id\":\"https:\/\/arthurgreenbean.be\/de\/#organization\"},\"potentialAction\":[{\"@type\":\"SearchAction\",\"target\":{\"@type\":\"EntryPoint\",\"urlTemplate\":\"https:\/\/arthurgreenbean.be\/de\/?s={search_term_string}\"},\"query-input\":{\"@type\":\"PropertyValueSpecification\",\"valueRequired\":true,\"valueName\":\"search_term_string\"}}],\"inLanguage\":\"de\"},{\"@type\":\"Organization\",\"@id\":\"https:\/\/arthurgreenbean.be\/de\/#organization\",\"name\":\"Arthurgreenbean Ranch\",\"url\":\"https:\/\/arthurgreenbean.be\/de\/\",\"logo\":{\"@type\":\"ImageObject\",\"inLanguage\":\"de\",\"@id\":\"https:\/\/arthurgreenbean.be\/de\/#\/schema\/logo\/image\/\",\"url\":\"https:\/\/arthurgreenbean.be\/wp-content\/uploads\/agbr-696-1.jpg\",\"contentUrl\":\"https:\/\/arthurgreenbean.be\/wp-content\/uploads\/agbr-696-1.jpg\",\"width\":696,\"height\":696,\"caption\":\"Arthurgreenbean Ranch\"},\"image\":{\"@id\":\"https:\/\/arthurgreenbean.be\/de\/#\/schema\/logo\/image\/\"},\"sameAs\":[\"https:\/\/www.facebook.com\/profile.php?id=100091825763096\"]}]}<\/script>\n<!-- \/ Yoast SEO Premium plugin. -->","yoast_head_json":{"title":"Ayurvedische Massage mit Sonja - Abhyanga Ganzk\u00f6rpermassage - AGBR","robots":{"index":"index","follow":"follow","max-snippet":"max-snippet:-1","max-image-preview":"max-image-preview:large","max-video-preview":"max-video-preview:-1"},"canonical":"https:\/\/arthurgreenbean.be\/de\/produkt\/ayurvedische-massage-mit-sonja-abhyanga-ganzkoerpermassage\/","og_locale":"de_DE","og_type":"article","og_title":"Ayurvedische Massage mit Sonja - Abhyanga Ganzk\u00f6rpermassage","og_description":"Abhyanga \/ die ayurvedische Ganzk\u00f6rpermassage Dauer: 1 Stunde Preis: 75 Euro Nur nach Vereinbarung","og_url":"https:\/\/arthurgreenbean.be\/de\/produkt\/ayurvedische-massage-mit-sonja-abhyanga-ganzkoerpermassage\/","og_site_name":"AGBR","article_publisher":"https:\/\/www.facebook.com\/profile.php?id=100091825763096","article_modified_time":"2026-01-09T16:52:36+00:00","og_image":[{"width":2560,"height":1707,"url":"https:\/\/arthurgreenbean.be\/wp-content\/uploads\/Rueckenmassage-scaled.jpg","type":"image\/jpeg"}],"twitter_card":"summary_large_image","schema":{"@context":"https:\/\/schema.org","@graph":[{"@type":"WebPage","@id":"https:\/\/arthurgreenbean.be\/de\/produkt\/ayurvedische-massage-mit-sonja-abhyanga-ganzkoerpermassage\/","url":"https:\/\/arthurgreenbean.be\/de\/produkt\/ayurvedische-massage-mit-sonja-abhyanga-ganzkoerpermassage\/","name":"Ayurvedische Massage mit Sonja - Abhyanga Ganzk\u00f6rpermassage - AGBR","isPartOf":{"@id":"https:\/\/arthurgreenbean.be\/de\/#website"},"primaryImageOfPage":{"@id":"https:\/\/arthurgreenbean.be\/de\/produkt\/ayurvedische-massage-mit-sonja-abhyanga-ganzkoerpermassage\/#primaryimage"},"image":{"@id":"https:\/\/arthurgreenbean.be\/de\/produkt\/ayurvedische-massage-mit-sonja-abhyanga-ganzkoerpermassage\/#primaryimage"},"thumbnailUrl":"https:\/\/arthurgreenbean.be\/wp-content\/uploads\/Rueckenmassage-scaled.jpg","datePublished":"2023-05-05T17:03:57+00:00","dateModified":"2026-01-09T16:52:36+00:00","breadcrumb":{"@id":"https:\/\/arthurgreenbean.be\/de\/produkt\/ayurvedische-massage-mit-sonja-abhyanga-ganzkoerpermassage\/#breadcrumb"},"inLanguage":"de","potentialAction":[{"@type":"ReadAction","target":["https:\/\/arthurgreenbean.be\/de\/produkt\/ayurvedische-massage-mit-sonja-abhyanga-ganzkoerpermassage\/"]}]},{"@type":"ImageObject","inLanguage":"de","@id":"https:\/\/arthurgreenbean.be\/de\/produkt\/ayurvedische-massage-mit-sonja-abhyanga-ganzkoerpermassage\/#primaryimage","url":"https:\/\/arthurgreenbean.be\/wp-content\/uploads\/Rueckenmassage-scaled.jpg","contentUrl":"https:\/\/arthurgreenbean.be\/wp-content\/uploads\/Rueckenmassage-scaled.jpg","width":2560,"height":1707,"caption":"Prstabhyanga, back massage, Ayurveda"},{"@type":"BreadcrumbList","@id":"https:\/\/arthurgreenbean.be\/de\/produkt\/ayurvedische-massage-mit-sonja-abhyanga-ganzkoerpermassage\/#breadcrumb","itemListElement":[{"@type":"ListItem","position":1,"name":"Home","item":"https:\/\/arthurgreenbean.be\/de\/"},{"@type":"ListItem","position":2,"name":"Shop","item":"https:\/\/arthurgreenbean.be\/shop\/"},{"@type":"ListItem","position":3,"name":"Ayurvedische Massage mit Sonja &#8211; Abhyanga Ganzk\u00f6rpermassage"}]},{"@type":"WebSite","@id":"https:\/\/arthurgreenbean.be\/de\/#website","url":"https:\/\/arthurgreenbean.be\/de\/","name":"Arthurgreenbean","description":"Arthurgreenbean Ranch","publisher":{"@id":"https:\/\/arthurgreenbean.be\/de\/#organization"},"potentialAction":[{"@type":"SearchAction","target":{"@type":"EntryPoint","urlTemplate":"https:\/\/arthurgreenbean.be\/de\/?s={search_term_string}"},"query-input":{"@type":"PropertyValueSpecification","valueRequired":true,"valueName":"search_term_string"}}],"inLanguage":"de"},{"@type":"Organization","@id":"https:\/\/arthurgreenbean.be\/de\/#organization","name":"Arthurgreenbean Ranch","url":"https:\/\/arthurgreenbean.be\/de\/","logo":{"@type":"ImageObject","inLanguage":"de","@id":"https:\/\/arthurgreenbean.be\/de\/#\/schema\/logo\/image\/","url":"https:\/\/arthurgreenbean.be\/wp-content\/uploads\/agbr-696-1.jpg","contentUrl":"https:\/\/arthurgreenbean.be\/wp-content\/uploads\/agbr-696-1.jpg","width":696,"height":696,"caption":"Arthurgreenbean Ranch"},"image":{"@id":"https:\/\/arthurgreenbean.be\/de\/#\/schema\/logo\/image\/"},"sameAs":["https:\/\/www.facebook.com\/profile.php?id=100091825763096"]}]}},"_links":{"self":[{"href":"https:\/\/arthurgreenbean.be\/de\/wp-json\/wp\/v2\/product\/4041","targetHints":{"allow":["GET"]}}],"collection":[{"href":"https:\/\/arthurgreenbean.be\/de\/wp-json\/wp\/v2\/product"}],"about":[{"href":"https:\/\/arthurgreenbean.be\/de\/wp-json\/wp\/v2\/types\/product"}],"replies":[{"embeddable":true,"href":"https:\/\/arthurgreenbean.be\/de\/wp-json\/wp\/v2\/comments?post=4041"}],"wp:featuredmedia":[{"embeddable":true,"href":"https:\/\/arthurgreenbean.be\/de\/wp-json\/wp\/v2\/media\/3361"}],"wp:attachment":[{"href":"https:\/\/arthurgreenbean.be\/de\/wp-json\/wp\/v2\/media?parent=4041"}],"wp:term":[{"taxonomy":"product_brand","embeddable":true,"href":"https:\/\/arthurgreenbean.be\/de\/wp-json\/wp\/v2\/product_brand?post=4041"},{"taxonomy":"product_cat","embeddable":true,"href":"https:\/\/arthurgreenbean.be\/de\/wp-json\/wp\/v2\/product_cat?post=4041"},{"taxonomy":"product_tag","embeddable":true,"href":"https:\/\/arthurgreenbean.be\/de\/wp-json\/wp\/v2\/product_tag?post=4041"}],"curies":[{"name":"wp","href":"https:\/\/api.w.org\/{rel}","templated":true}]}}