{"id":3901,"date":"2023-02-19T18:46:47","date_gmt":"2023-02-19T18:46:47","guid":{"rendered":"https:\/\/arthurgreenbean.be\/produkt\/private-yoga-sitzungen-mit-mallory\/"},"modified":"2023-05-14T14:34:44","modified_gmt":"2023-05-14T14:34:44","slug":"privat-yoga-sitzungen-mit-mallory","status":"publish","type":"product","link":"https:\/\/arthurgreenbean.be\/de\/produkt\/privat-yoga-sitzungen-mit-mallory\/","title":{"rendered":"Hatha-Yoga-Unterricht mit Mallory"},"content":{"rendered":"<h3>&#8222;Von Nix kommt Nix&#8220;<\/h3>\n<h3>Ma\u00dfgeschneidert auf die Bed\u00fcrfnisse von Einzelpersonen oder Gruppen. Haltungsausrichtung, Atemarbeit, Meditation, auf jedem erforderlichen Niveau. Als einmalige Sitzung oder als Teil einer in sich aufbauenden Reihe Life-Coach-Ausbildung f\u00fcr moderne Yogakrieger oder altmodische Couch-Potatoes.<\/h3>\n<p>Preis 60,- : 1 Std, 90,- f\u00fcr 2 Stunden. Fortgeschrittene oder Anf\u00e4nger, Unterricht f\u00fcr alle<br \/>\nStufen des Hatha Yoga. Einzelsitzungen nur nach Vereinbarung.<\/p>\n","protected":false},"excerpt":{"rendered":"<p>Einzelsitzungen nach Vereinbarung.<\/p>\n<h3>Preis: 60 &#8211; 90 Euro<\/h3>\n<ul>\n<li>f\u00fcr 1 oder 2 Stunden<\/li>\n<li>Unterricht in allen Stufen des Hatha Yoga<\/li>\n<\/ul>\n","protected":false},"featured_media":3435,"comment_status":"open","ping_status":"closed","template":"","meta":[],"product_brand":[],"product_cat":[143,97,96,95],"product_tag":[101,88,99,102,100,98],"class_list":{"0":"post-3901","1":"product","2":"type-product","3":"status-publish","4":"has-post-thumbnail","6":"product_cat-nur-nach-terminabsprache","7":"product_cat-private-yoga-sitzungen-mit-mallory","8":"product_cat-yinyoga-de","9":"product_cat-yoga-de","10":"product_tag-atmen","11":"product_tag-belgien-de","12":"product_tag-hatha-yoga-de","13":"product_tag-privat","14":"product_tag-wim-hof-de","15":"product_tag-yoga-de","17":"first","18":"instock","19":"shipping-taxable","20":"purchasable","21":"product-type-appointment"},"exclude_global_add_ons":[],"addons":[],"yoast_head":"<!-- This site is optimized with the Yoast SEO Premium plugin v26.7 (Yoast SEO v27.2) - https:\/\/yoast.com\/product\/yoast-seo-premium-wordpress\/ -->\n<title>Hatha-Yoga-Unterricht mit Mallory - AGBR<\/title>\n<meta name=\"robots\" content=\"index, follow, max-snippet:-1, max-image-preview:large, max-video-preview:-1\" \/>\n<link rel=\"canonical\" href=\"https:\/\/arthurgreenbean.be\/de\/produkt\/privat-yoga-sitzungen-mit-mallory\/\" \/>\n<meta property=\"og:locale\" content=\"de_DE\" \/>\n<meta property=\"og:type\" content=\"article\" \/>\n<meta property=\"og:title\" content=\"Hatha-Yoga-Unterricht mit Mallory\" \/>\n<meta property=\"og:description\" content=\"Einzelsitzungen nach Vereinbarung. Preis: 60 - 90 Euro  f\u00fcr 1 oder 2 Stunden  Unterricht in allen Stufen des Hatha Yoga\" \/>\n<meta property=\"og:url\" content=\"https:\/\/arthurgreenbean.be\/de\/produkt\/privat-yoga-sitzungen-mit-mallory\/\" \/>\n<meta property=\"og:site_name\" content=\"AGBR\" \/>\n<meta property=\"article:publisher\" content=\"https:\/\/www.facebook.com\/profile.php?id=100091825763096\" \/>\n<meta property=\"article:modified_time\" content=\"2023-05-14T14:34:44+00:00\" \/>\n<meta property=\"og:image\" content=\"https:\/\/arthurgreenbean.be\/wp-content\/uploads\/Ebene-9-2.jpg\" \/>\n\t<meta property=\"og:image:width\" content=\"960\" \/>\n\t<meta property=\"og:image:height\" content=\"540\" \/>\n\t<meta property=\"og:image:type\" content=\"image\/jpeg\" \/>\n<meta name=\"twitter:card\" content=\"summary_large_image\" \/>\n<script type=\"application\/ld+json\" class=\"yoast-schema-graph\">{\"@context\":\"https:\/\/schema.org\",\"@graph\":[{\"@type\":\"WebPage\",\"@id\":\"https:\/\/arthurgreenbean.be\/de\/produkt\/privat-yoga-sitzungen-mit-mallory\/\",\"url\":\"https:\/\/arthurgreenbean.be\/de\/produkt\/privat-yoga-sitzungen-mit-mallory\/\",\"name\":\"Hatha-Yoga-Unterricht mit Mallory - AGBR\",\"isPartOf\":{\"@id\":\"https:\/\/arthurgreenbean.be\/de\/#website\"},\"primaryImageOfPage\":{\"@id\":\"https:\/\/arthurgreenbean.be\/de\/produkt\/privat-yoga-sitzungen-mit-mallory\/#primaryimage\"},\"image\":{\"@id\":\"https:\/\/arthurgreenbean.be\/de\/produkt\/privat-yoga-sitzungen-mit-mallory\/#primaryimage\"},\"thumbnailUrl\":\"https:\/\/arthurgreenbean.be\/wp-content\/uploads\/Ebene-9-2.jpg\",\"datePublished\":\"2023-02-19T18:46:47+00:00\",\"dateModified\":\"2023-05-14T14:34:44+00:00\",\"breadcrumb\":{\"@id\":\"https:\/\/arthurgreenbean.be\/de\/produkt\/privat-yoga-sitzungen-mit-mallory\/#breadcrumb\"},\"inLanguage\":\"de\",\"potentialAction\":[{\"@type\":\"ReadAction\",\"target\":[\"https:\/\/arthurgreenbean.be\/de\/produkt\/privat-yoga-sitzungen-mit-mallory\/\"]}]},{\"@type\":\"ImageObject\",\"inLanguage\":\"de\",\"@id\":\"https:\/\/arthurgreenbean.be\/de\/produkt\/privat-yoga-sitzungen-mit-mallory\/#primaryimage\",\"url\":\"https:\/\/arthurgreenbean.be\/wp-content\/uploads\/Ebene-9-2.jpg\",\"contentUrl\":\"https:\/\/arthurgreenbean.be\/wp-content\/uploads\/Ebene-9-2.jpg\",\"width\":960,\"height\":540,\"caption\":\"gro\u00dfe Arbeit auf den Feldern beim Anlegen neuer Pflanzbeete\"},{\"@type\":\"BreadcrumbList\",\"@id\":\"https:\/\/arthurgreenbean.be\/de\/produkt\/privat-yoga-sitzungen-mit-mallory\/#breadcrumb\",\"itemListElement\":[{\"@type\":\"ListItem\",\"position\":1,\"name\":\"Home\",\"item\":\"https:\/\/arthurgreenbean.be\/de\/\"},{\"@type\":\"ListItem\",\"position\":2,\"name\":\"Shop\",\"item\":\"https:\/\/arthurgreenbean.be\/shop\/\"},{\"@type\":\"ListItem\",\"position\":3,\"name\":\"Hatha-Yoga-Unterricht mit Mallory\"}]},{\"@type\":\"WebSite\",\"@id\":\"https:\/\/arthurgreenbean.be\/de\/#website\",\"url\":\"https:\/\/arthurgreenbean.be\/de\/\",\"name\":\"Arthurgreenbean\",\"description\":\"Arthurgreenbean Ranch\",\"publisher\":{\"@id\":\"https:\/\/arthurgreenbean.be\/de\/#organization\"},\"potentialAction\":[{\"@type\":\"SearchAction\",\"target\":{\"@type\":\"EntryPoint\",\"urlTemplate\":\"https:\/\/arthurgreenbean.be\/de\/?s={search_term_string}\"},\"query-input\":{\"@type\":\"PropertyValueSpecification\",\"valueRequired\":true,\"valueName\":\"search_term_string\"}}],\"inLanguage\":\"de\"},{\"@type\":\"Organization\",\"@id\":\"https:\/\/arthurgreenbean.be\/de\/#organization\",\"name\":\"Arthurgreenbean Ranch\",\"url\":\"https:\/\/arthurgreenbean.be\/de\/\",\"logo\":{\"@type\":\"ImageObject\",\"inLanguage\":\"de\",\"@id\":\"https:\/\/arthurgreenbean.be\/de\/#\/schema\/logo\/image\/\",\"url\":\"https:\/\/arthurgreenbean.be\/wp-content\/uploads\/agbr-696-1.jpg\",\"contentUrl\":\"https:\/\/arthurgreenbean.be\/wp-content\/uploads\/agbr-696-1.jpg\",\"width\":696,\"height\":696,\"caption\":\"Arthurgreenbean Ranch\"},\"image\":{\"@id\":\"https:\/\/arthurgreenbean.be\/de\/#\/schema\/logo\/image\/\"},\"sameAs\":[\"https:\/\/www.facebook.com\/profile.php?id=100091825763096\"]}]}<\/script>\n<!-- \/ Yoast SEO Premium plugin. -->","yoast_head_json":{"title":"Hatha-Yoga-Unterricht mit Mallory - AGBR","robots":{"index":"index","follow":"follow","max-snippet":"max-snippet:-1","max-image-preview":"max-image-preview:large","max-video-preview":"max-video-preview:-1"},"canonical":"https:\/\/arthurgreenbean.be\/de\/produkt\/privat-yoga-sitzungen-mit-mallory\/","og_locale":"de_DE","og_type":"article","og_title":"Hatha-Yoga-Unterricht mit Mallory","og_description":"Einzelsitzungen nach Vereinbarung. Preis: 60 - 90 Euro  f\u00fcr 1 oder 2 Stunden  Unterricht in allen Stufen des Hatha Yoga","og_url":"https:\/\/arthurgreenbean.be\/de\/produkt\/privat-yoga-sitzungen-mit-mallory\/","og_site_name":"AGBR","article_publisher":"https:\/\/www.facebook.com\/profile.php?id=100091825763096","article_modified_time":"2023-05-14T14:34:44+00:00","og_image":[{"width":960,"height":540,"url":"https:\/\/arthurgreenbean.be\/wp-content\/uploads\/Ebene-9-2.jpg","type":"image\/jpeg"}],"twitter_card":"summary_large_image","schema":{"@context":"https:\/\/schema.org","@graph":[{"@type":"WebPage","@id":"https:\/\/arthurgreenbean.be\/de\/produkt\/privat-yoga-sitzungen-mit-mallory\/","url":"https:\/\/arthurgreenbean.be\/de\/produkt\/privat-yoga-sitzungen-mit-mallory\/","name":"Hatha-Yoga-Unterricht mit Mallory - AGBR","isPartOf":{"@id":"https:\/\/arthurgreenbean.be\/de\/#website"},"primaryImageOfPage":{"@id":"https:\/\/arthurgreenbean.be\/de\/produkt\/privat-yoga-sitzungen-mit-mallory\/#primaryimage"},"image":{"@id":"https:\/\/arthurgreenbean.be\/de\/produkt\/privat-yoga-sitzungen-mit-mallory\/#primaryimage"},"thumbnailUrl":"https:\/\/arthurgreenbean.be\/wp-content\/uploads\/Ebene-9-2.jpg","datePublished":"2023-02-19T18:46:47+00:00","dateModified":"2023-05-14T14:34:44+00:00","breadcrumb":{"@id":"https:\/\/arthurgreenbean.be\/de\/produkt\/privat-yoga-sitzungen-mit-mallory\/#breadcrumb"},"inLanguage":"de","potentialAction":[{"@type":"ReadAction","target":["https:\/\/arthurgreenbean.be\/de\/produkt\/privat-yoga-sitzungen-mit-mallory\/"]}]},{"@type":"ImageObject","inLanguage":"de","@id":"https:\/\/arthurgreenbean.be\/de\/produkt\/privat-yoga-sitzungen-mit-mallory\/#primaryimage","url":"https:\/\/arthurgreenbean.be\/wp-content\/uploads\/Ebene-9-2.jpg","contentUrl":"https:\/\/arthurgreenbean.be\/wp-content\/uploads\/Ebene-9-2.jpg","width":960,"height":540,"caption":"gro\u00dfe Arbeit auf den Feldern beim Anlegen neuer Pflanzbeete"},{"@type":"BreadcrumbList","@id":"https:\/\/arthurgreenbean.be\/de\/produkt\/privat-yoga-sitzungen-mit-mallory\/#breadcrumb","itemListElement":[{"@type":"ListItem","position":1,"name":"Home","item":"https:\/\/arthurgreenbean.be\/de\/"},{"@type":"ListItem","position":2,"name":"Shop","item":"https:\/\/arthurgreenbean.be\/shop\/"},{"@type":"ListItem","position":3,"name":"Hatha-Yoga-Unterricht mit Mallory"}]},{"@type":"WebSite","@id":"https:\/\/arthurgreenbean.be\/de\/#website","url":"https:\/\/arthurgreenbean.be\/de\/","name":"Arthurgreenbean","description":"Arthurgreenbean Ranch","publisher":{"@id":"https:\/\/arthurgreenbean.be\/de\/#organization"},"potentialAction":[{"@type":"SearchAction","target":{"@type":"EntryPoint","urlTemplate":"https:\/\/arthurgreenbean.be\/de\/?s={search_term_string}"},"query-input":{"@type":"PropertyValueSpecification","valueRequired":true,"valueName":"search_term_string"}}],"inLanguage":"de"},{"@type":"Organization","@id":"https:\/\/arthurgreenbean.be\/de\/#organization","name":"Arthurgreenbean Ranch","url":"https:\/\/arthurgreenbean.be\/de\/","logo":{"@type":"ImageObject","inLanguage":"de","@id":"https:\/\/arthurgreenbean.be\/de\/#\/schema\/logo\/image\/","url":"https:\/\/arthurgreenbean.be\/wp-content\/uploads\/agbr-696-1.jpg","contentUrl":"https:\/\/arthurgreenbean.be\/wp-content\/uploads\/agbr-696-1.jpg","width":696,"height":696,"caption":"Arthurgreenbean Ranch"},"image":{"@id":"https:\/\/arthurgreenbean.be\/de\/#\/schema\/logo\/image\/"},"sameAs":["https:\/\/www.facebook.com\/profile.php?id=100091825763096"]}]}},"_links":{"self":[{"href":"https:\/\/arthurgreenbean.be\/de\/wp-json\/wp\/v2\/product\/3901","targetHints":{"allow":["GET"]}}],"collection":[{"href":"https:\/\/arthurgreenbean.be\/de\/wp-json\/wp\/v2\/product"}],"about":[{"href":"https:\/\/arthurgreenbean.be\/de\/wp-json\/wp\/v2\/types\/product"}],"replies":[{"embeddable":true,"href":"https:\/\/arthurgreenbean.be\/de\/wp-json\/wp\/v2\/comments?post=3901"}],"wp:featuredmedia":[{"embeddable":true,"href":"https:\/\/arthurgreenbean.be\/de\/wp-json\/wp\/v2\/media\/3435"}],"wp:attachment":[{"href":"https:\/\/arthurgreenbean.be\/de\/wp-json\/wp\/v2\/media?parent=3901"}],"wp:term":[{"taxonomy":"product_brand","embeddable":true,"href":"https:\/\/arthurgreenbean.be\/de\/wp-json\/wp\/v2\/product_brand?post=3901"},{"taxonomy":"product_cat","embeddable":true,"href":"https:\/\/arthurgreenbean.be\/de\/wp-json\/wp\/v2\/product_cat?post=3901"},{"taxonomy":"product_tag","embeddable":true,"href":"https:\/\/arthurgreenbean.be\/de\/wp-json\/wp\/v2\/product_tag?post=3901"}],"curies":[{"name":"wp","href":"https:\/\/api.w.org\/{rel}","templated":true}]}}