{"id":3900,"date":"2023-01-16T14:39:37","date_gmt":"2023-01-16T14:39:37","guid":{"rendered":"https:\/\/arthurgreenbean.be\/produkt\/regenerativer-landwirtschaftskurs-mit-mallory-teil-2\/"},"modified":"2026-01-09T16:47:34","modified_gmt":"2026-01-09T16:47:34","slug":"regenerativer-bauernhof-kurs-mit-mallory-teil-2","status":"publish","type":"product","link":"https:\/\/arthurgreenbean.be\/de\/produkt\/regenerativer-bauernhof-kurs-mit-mallory-teil-2\/","title":{"rendered":"Workshop: Gem\u00fcse und Obst f\u00fcr den Winter einmachen &#8211; 26. September"},"content":{"rendered":"<p>Alles \u00fcber Fermentation und Trocknung in Rohkostqualit\u00e4t<\/p>\n<p>Der Sommer ist vorbei und der Herbst steht vor der T\u00fcr. Die B\u00e4ume sind noch voll mit \u00c4pfeln, aber das meiste andere Obst und Gem\u00fcse ist schon geerntet. Auch die Kr\u00e4uter m\u00fcssen jetzt geerntet werden, bevor der erste Frost eintrifft.<\/p>\n<p>In diesem Workshop lernt Ihr verschiedene M\u00f6glichkeiten kennen, wie Ihr Eure Ernte f\u00fcr die Wintertage aufbewahren k\u00f6nnt.<\/p>\n<p>Wir zeigen Ihnen alles \u00fcber das Trocknen von Obst, Kr\u00e4utern und Gem\u00fcse in Rohkostqualit\u00e4t, z.B. Birnen, Mirabellen und Pflaumen, auch Tomaten und Thymian lassen sich hervorragend trocknen!<\/p>\n<p>Wir werden auch Wei\u00dfkohl und kleine Tomaten fermentieren, um Ihnen diese spannende und gesunde Art zu zeigen, Gem\u00fcse noch ges\u00fcnder zu machen und in den kalten Tagen etwas Besonderes auf den Teller zu bringen. Auch die Theorie der Fermentation und fermentierter Produkte sowie die gesundheitlichen Vorteile ihres Verzehrs werden ein Thema sein.<\/p>\n<p>Es wird spannend und h\u00e4ngt von der Ernte dieses Jahres ab, womit wir diesen Workshop f\u00fcllen werden. Ihr k\u00f6nnt etwas mitnehmen und Euer selbst hergestelltes fermentiertes oder getrocknetes Produkt sp\u00e4ter im Jahr genie\u00dfen.<\/p>\n<p>Lasst Euch sich \u00fcberraschen :)<\/p>\n","protected":false},"excerpt":{"rendered":"<p class=\"p1\">Workshop: Konservierung von geerntetem Gem\u00fcse und Obst &#8211; alles \u00fcber Fermentation und Trocknung in Rohkostqualit\u00e4t<\/p>\n<p class=\"p1\">26. September, 11:00-17:00, mit einer Pause mit Chai, Kaffee und ayurvedischem Geb\u00e4ck<\/p>\n<h3>Preis: 65,- Euro<\/h3>\n<p>Der Workshop ist auf 8 Personen begrenzt.<\/p>\n","protected":false},"featured_media":7080,"comment_status":"open","ping_status":"closed","template":"","meta":[],"product_brand":[],"product_cat":[250,112,162,87],"product_tag":[92,88,91,90,89,94,93],"class_list":{"0":"post-3900","1":"product","2":"type-product","3":"status-publish","4":"has-post-thumbnail","6":"product_cat-gesundheit","7":"product_cat-lebensmittelproduktion","8":"product_cat-workshop-de","9":"product_cat-workshop-regenerative-landwirtschaft","10":"product_tag-92","11":"product_tag-belgien-de","12":"product_tag-bio","13":"product_tag-gesundheit","14":"product_tag-lebensmittel","15":"product_tag-regenerativ","16":"product_tag-werkstatt","18":"first","19":"instock","20":"shipping-taxable","21":"purchasable","22":"product-type-appointment"},"exclude_global_add_ons":[],"addons":[],"yoast_head":"<!-- This site is optimized with the Yoast SEO Premium plugin v26.7 (Yoast SEO v27.2) - https:\/\/yoast.com\/product\/yoast-seo-premium-wordpress\/ -->\n<title>Workshop: Gem\u00fcse und Obst f\u00fcr den Winter einmachen - 26. September - AGBR<\/title>\n<meta name=\"description\" content=\"Workshop: Verarbeitung von geerntetem Gem\u00fcse und Obst - alles \u00fcber Fermentierung und Trocknung in Rohkostqualit\u00e4t, einschlie\u00dflich Getr\u00e4nke und ayurvedisches Geb\u00e4ck 26. September, 11:00-17:00, mit Pause Preis: 65,- Euro Der Workshop ist auf 8 Personen begrenzt.\" \/>\n<meta name=\"robots\" content=\"index, follow, max-snippet:-1, max-image-preview:large, max-video-preview:-1\" \/>\n<link rel=\"canonical\" href=\"https:\/\/arthurgreenbean.be\/de\/produkt\/regenerativer-bauernhof-kurs-mit-mallory-teil-2\/\" \/>\n<meta property=\"og:locale\" content=\"de_DE\" \/>\n<meta property=\"og:type\" content=\"article\" \/>\n<meta property=\"og:title\" content=\"Workshop: Gem\u00fcse und Obst f\u00fcr den Winter einmachen - 26. September\" \/>\n<meta property=\"og:description\" content=\"Workshop: Verarbeitung von geerntetem Gem\u00fcse und Obst - alles \u00fcber Fermentierung und Trocknung in Rohkostqualit\u00e4t, einschlie\u00dflich Getr\u00e4nke und ayurvedisches Geb\u00e4ck 26. September, 11:00-17:00, mit Pause Preis: 65,- Euro Der Workshop ist auf 8 Personen begrenzt.\" \/>\n<meta property=\"og:url\" content=\"https:\/\/arthurgreenbean.be\/de\/produkt\/regenerativer-bauernhof-kurs-mit-mallory-teil-2\/\" \/>\n<meta property=\"og:site_name\" content=\"AGBR\" \/>\n<meta property=\"article:publisher\" content=\"https:\/\/www.facebook.com\/profile.php?id=100091825763096\" \/>\n<meta property=\"article:modified_time\" content=\"2026-01-09T16:47:34+00:00\" \/>\n<meta property=\"og:image\" content=\"https:\/\/arthurgreenbean.be\/wp-content\/uploads\/Pflaumen.jpg\" \/>\n\t<meta property=\"og:image:width\" content=\"1920\" \/>\n\t<meta property=\"og:image:height\" content=\"1400\" \/>\n\t<meta property=\"og:image:type\" content=\"image\/jpeg\" \/>\n<meta name=\"twitter:card\" content=\"summary_large_image\" \/>\n<meta name=\"twitter:label1\" content=\"Gesch\u00e4tzte Lesezeit\" \/>\n\t<meta name=\"twitter:data1\" content=\"1\u00a0Minute\" \/>\n<script type=\"application\/ld+json\" class=\"yoast-schema-graph\">{\"@context\":\"https:\/\/schema.org\",\"@graph\":[{\"@type\":\"WebPage\",\"@id\":\"https:\/\/arthurgreenbean.be\/de\/produkt\/regenerativer-bauernhof-kurs-mit-mallory-teil-2\/\",\"url\":\"https:\/\/arthurgreenbean.be\/de\/produkt\/regenerativer-bauernhof-kurs-mit-mallory-teil-2\/\",\"name\":\"Workshop: Gem\u00fcse und Obst f\u00fcr den Winter einmachen - 26. September - AGBR\",\"isPartOf\":{\"@id\":\"https:\/\/arthurgreenbean.be\/de\/#website\"},\"primaryImageOfPage\":{\"@id\":\"https:\/\/arthurgreenbean.be\/de\/produkt\/regenerativer-bauernhof-kurs-mit-mallory-teil-2\/#primaryimage\"},\"image\":{\"@id\":\"https:\/\/arthurgreenbean.be\/de\/produkt\/regenerativer-bauernhof-kurs-mit-mallory-teil-2\/#primaryimage\"},\"thumbnailUrl\":\"https:\/\/arthurgreenbean.be\/wp-content\/uploads\/Pflaumen.jpg\",\"datePublished\":\"2023-01-16T14:39:37+00:00\",\"dateModified\":\"2026-01-09T16:47:34+00:00\",\"description\":\"Workshop: Verarbeitung von geerntetem Gem\u00fcse und Obst - alles \u00fcber Fermentierung und Trocknung in Rohkostqualit\u00e4t, einschlie\u00dflich Getr\u00e4nke und ayurvedisches Geb\u00e4ck 26. September, 11:00-17:00, mit Pause Preis: 65,- Euro Der Workshop ist auf 8 Personen begrenzt.\",\"breadcrumb\":{\"@id\":\"https:\/\/arthurgreenbean.be\/de\/produkt\/regenerativer-bauernhof-kurs-mit-mallory-teil-2\/#breadcrumb\"},\"inLanguage\":\"de\",\"potentialAction\":[{\"@type\":\"ReadAction\",\"target\":[\"https:\/\/arthurgreenbean.be\/de\/produkt\/regenerativer-bauernhof-kurs-mit-mallory-teil-2\/\"]}]},{\"@type\":\"ImageObject\",\"inLanguage\":\"de\",\"@id\":\"https:\/\/arthurgreenbean.be\/de\/produkt\/regenerativer-bauernhof-kurs-mit-mallory-teil-2\/#primaryimage\",\"url\":\"https:\/\/arthurgreenbean.be\/wp-content\/uploads\/Pflaumen.jpg\",\"contentUrl\":\"https:\/\/arthurgreenbean.be\/wp-content\/uploads\/Pflaumen.jpg\",\"width\":1920,\"height\":1400},{\"@type\":\"BreadcrumbList\",\"@id\":\"https:\/\/arthurgreenbean.be\/de\/produkt\/regenerativer-bauernhof-kurs-mit-mallory-teil-2\/#breadcrumb\",\"itemListElement\":[{\"@type\":\"ListItem\",\"position\":1,\"name\":\"Home\",\"item\":\"https:\/\/arthurgreenbean.be\/de\/\"},{\"@type\":\"ListItem\",\"position\":2,\"name\":\"Shop\",\"item\":\"https:\/\/arthurgreenbean.be\/shop\/\"},{\"@type\":\"ListItem\",\"position\":3,\"name\":\"Workshop: Gem\u00fcse und Obst f\u00fcr den Winter einmachen &#8211; 26. September\"}]},{\"@type\":\"WebSite\",\"@id\":\"https:\/\/arthurgreenbean.be\/de\/#website\",\"url\":\"https:\/\/arthurgreenbean.be\/de\/\",\"name\":\"Arthurgreenbean\",\"description\":\"Arthurgreenbean Ranch\",\"publisher\":{\"@id\":\"https:\/\/arthurgreenbean.be\/de\/#organization\"},\"potentialAction\":[{\"@type\":\"SearchAction\",\"target\":{\"@type\":\"EntryPoint\",\"urlTemplate\":\"https:\/\/arthurgreenbean.be\/de\/?s={search_term_string}\"},\"query-input\":{\"@type\":\"PropertyValueSpecification\",\"valueRequired\":true,\"valueName\":\"search_term_string\"}}],\"inLanguage\":\"de\"},{\"@type\":\"Organization\",\"@id\":\"https:\/\/arthurgreenbean.be\/de\/#organization\",\"name\":\"Arthurgreenbean Ranch\",\"url\":\"https:\/\/arthurgreenbean.be\/de\/\",\"logo\":{\"@type\":\"ImageObject\",\"inLanguage\":\"de\",\"@id\":\"https:\/\/arthurgreenbean.be\/de\/#\/schema\/logo\/image\/\",\"url\":\"https:\/\/arthurgreenbean.be\/wp-content\/uploads\/agbr-696-1.jpg\",\"contentUrl\":\"https:\/\/arthurgreenbean.be\/wp-content\/uploads\/agbr-696-1.jpg\",\"width\":696,\"height\":696,\"caption\":\"Arthurgreenbean Ranch\"},\"image\":{\"@id\":\"https:\/\/arthurgreenbean.be\/de\/#\/schema\/logo\/image\/\"},\"sameAs\":[\"https:\/\/www.facebook.com\/profile.php?id=100091825763096\"]}]}<\/script>\n<!-- \/ Yoast SEO Premium plugin. -->","yoast_head_json":{"title":"Workshop: Gem\u00fcse und Obst f\u00fcr den Winter einmachen - 26. September - AGBR","description":"Workshop: Verarbeitung von geerntetem Gem\u00fcse und Obst - alles \u00fcber Fermentierung und Trocknung in Rohkostqualit\u00e4t, einschlie\u00dflich Getr\u00e4nke und ayurvedisches Geb\u00e4ck 26. September, 11:00-17:00, mit Pause Preis: 65,- Euro Der Workshop ist auf 8 Personen begrenzt.","robots":{"index":"index","follow":"follow","max-snippet":"max-snippet:-1","max-image-preview":"max-image-preview:large","max-video-preview":"max-video-preview:-1"},"canonical":"https:\/\/arthurgreenbean.be\/de\/produkt\/regenerativer-bauernhof-kurs-mit-mallory-teil-2\/","og_locale":"de_DE","og_type":"article","og_title":"Workshop: Gem\u00fcse und Obst f\u00fcr den Winter einmachen - 26. September","og_description":"Workshop: Verarbeitung von geerntetem Gem\u00fcse und Obst - alles \u00fcber Fermentierung und Trocknung in Rohkostqualit\u00e4t, einschlie\u00dflich Getr\u00e4nke und ayurvedisches Geb\u00e4ck 26. September, 11:00-17:00, mit Pause Preis: 65,- Euro Der Workshop ist auf 8 Personen begrenzt.","og_url":"https:\/\/arthurgreenbean.be\/de\/produkt\/regenerativer-bauernhof-kurs-mit-mallory-teil-2\/","og_site_name":"AGBR","article_publisher":"https:\/\/www.facebook.com\/profile.php?id=100091825763096","article_modified_time":"2026-01-09T16:47:34+00:00","og_image":[{"width":1920,"height":1400,"url":"https:\/\/arthurgreenbean.be\/wp-content\/uploads\/Pflaumen.jpg","type":"image\/jpeg"}],"twitter_card":"summary_large_image","twitter_misc":{"Gesch\u00e4tzte Lesezeit":"1\u00a0Minute"},"schema":{"@context":"https:\/\/schema.org","@graph":[{"@type":"WebPage","@id":"https:\/\/arthurgreenbean.be\/de\/produkt\/regenerativer-bauernhof-kurs-mit-mallory-teil-2\/","url":"https:\/\/arthurgreenbean.be\/de\/produkt\/regenerativer-bauernhof-kurs-mit-mallory-teil-2\/","name":"Workshop: Gem\u00fcse und Obst f\u00fcr den Winter einmachen - 26. September - AGBR","isPartOf":{"@id":"https:\/\/arthurgreenbean.be\/de\/#website"},"primaryImageOfPage":{"@id":"https:\/\/arthurgreenbean.be\/de\/produkt\/regenerativer-bauernhof-kurs-mit-mallory-teil-2\/#primaryimage"},"image":{"@id":"https:\/\/arthurgreenbean.be\/de\/produkt\/regenerativer-bauernhof-kurs-mit-mallory-teil-2\/#primaryimage"},"thumbnailUrl":"https:\/\/arthurgreenbean.be\/wp-content\/uploads\/Pflaumen.jpg","datePublished":"2023-01-16T14:39:37+00:00","dateModified":"2026-01-09T16:47:34+00:00","description":"Workshop: Verarbeitung von geerntetem Gem\u00fcse und Obst - alles \u00fcber Fermentierung und Trocknung in Rohkostqualit\u00e4t, einschlie\u00dflich Getr\u00e4nke und ayurvedisches Geb\u00e4ck 26. September, 11:00-17:00, mit Pause Preis: 65,- Euro Der Workshop ist auf 8 Personen begrenzt.","breadcrumb":{"@id":"https:\/\/arthurgreenbean.be\/de\/produkt\/regenerativer-bauernhof-kurs-mit-mallory-teil-2\/#breadcrumb"},"inLanguage":"de","potentialAction":[{"@type":"ReadAction","target":["https:\/\/arthurgreenbean.be\/de\/produkt\/regenerativer-bauernhof-kurs-mit-mallory-teil-2\/"]}]},{"@type":"ImageObject","inLanguage":"de","@id":"https:\/\/arthurgreenbean.be\/de\/produkt\/regenerativer-bauernhof-kurs-mit-mallory-teil-2\/#primaryimage","url":"https:\/\/arthurgreenbean.be\/wp-content\/uploads\/Pflaumen.jpg","contentUrl":"https:\/\/arthurgreenbean.be\/wp-content\/uploads\/Pflaumen.jpg","width":1920,"height":1400},{"@type":"BreadcrumbList","@id":"https:\/\/arthurgreenbean.be\/de\/produkt\/regenerativer-bauernhof-kurs-mit-mallory-teil-2\/#breadcrumb","itemListElement":[{"@type":"ListItem","position":1,"name":"Home","item":"https:\/\/arthurgreenbean.be\/de\/"},{"@type":"ListItem","position":2,"name":"Shop","item":"https:\/\/arthurgreenbean.be\/shop\/"},{"@type":"ListItem","position":3,"name":"Workshop: Gem\u00fcse und Obst f\u00fcr den Winter einmachen &#8211; 26. September"}]},{"@type":"WebSite","@id":"https:\/\/arthurgreenbean.be\/de\/#website","url":"https:\/\/arthurgreenbean.be\/de\/","name":"Arthurgreenbean","description":"Arthurgreenbean Ranch","publisher":{"@id":"https:\/\/arthurgreenbean.be\/de\/#organization"},"potentialAction":[{"@type":"SearchAction","target":{"@type":"EntryPoint","urlTemplate":"https:\/\/arthurgreenbean.be\/de\/?s={search_term_string}"},"query-input":{"@type":"PropertyValueSpecification","valueRequired":true,"valueName":"search_term_string"}}],"inLanguage":"de"},{"@type":"Organization","@id":"https:\/\/arthurgreenbean.be\/de\/#organization","name":"Arthurgreenbean Ranch","url":"https:\/\/arthurgreenbean.be\/de\/","logo":{"@type":"ImageObject","inLanguage":"de","@id":"https:\/\/arthurgreenbean.be\/de\/#\/schema\/logo\/image\/","url":"https:\/\/arthurgreenbean.be\/wp-content\/uploads\/agbr-696-1.jpg","contentUrl":"https:\/\/arthurgreenbean.be\/wp-content\/uploads\/agbr-696-1.jpg","width":696,"height":696,"caption":"Arthurgreenbean Ranch"},"image":{"@id":"https:\/\/arthurgreenbean.be\/de\/#\/schema\/logo\/image\/"},"sameAs":["https:\/\/www.facebook.com\/profile.php?id=100091825763096"]}]}},"_links":{"self":[{"href":"https:\/\/arthurgreenbean.be\/de\/wp-json\/wp\/v2\/product\/3900","targetHints":{"allow":["GET"]}}],"collection":[{"href":"https:\/\/arthurgreenbean.be\/de\/wp-json\/wp\/v2\/product"}],"about":[{"href":"https:\/\/arthurgreenbean.be\/de\/wp-json\/wp\/v2\/types\/product"}],"replies":[{"embeddable":true,"href":"https:\/\/arthurgreenbean.be\/de\/wp-json\/wp\/v2\/comments?post=3900"}],"wp:featuredmedia":[{"embeddable":true,"href":"https:\/\/arthurgreenbean.be\/de\/wp-json\/wp\/v2\/media\/7080"}],"wp:attachment":[{"href":"https:\/\/arthurgreenbean.be\/de\/wp-json\/wp\/v2\/media?parent=3900"}],"wp:term":[{"taxonomy":"product_brand","embeddable":true,"href":"https:\/\/arthurgreenbean.be\/de\/wp-json\/wp\/v2\/product_brand?post=3900"},{"taxonomy":"product_cat","embeddable":true,"href":"https:\/\/arthurgreenbean.be\/de\/wp-json\/wp\/v2\/product_cat?post=3900"},{"taxonomy":"product_tag","embeddable":true,"href":"https:\/\/arthurgreenbean.be\/de\/wp-json\/wp\/v2\/product_tag?post=3900"}],"curies":[{"name":"wp","href":"https:\/\/api.w.org\/{rel}","templated":true}]}}