{"id":4492,"date":"2023-05-12T19:36:52","date_gmt":"2023-05-12T19:36:52","guid":{"rendered":"https:\/\/arthurgreenbean.be\/datenschutz\/"},"modified":"2026-01-14T18:08:16","modified_gmt":"2026-01-14T18:08:16","slug":"datenschutz","status":"publish","type":"page","link":"https:\/\/arthurgreenbean.be\/de\/datenschutz\/","title":{"rendered":"Datenschutz"},"content":{"rendered":"<p><div class=\"fusion-fullwidth fullwidth-box fusion-builder-row-1 fusion-flex-container has-pattern-background has-mask-background nonhundred-percent-fullwidth non-hundred-percent-height-scrolling\" style=\"--awb-background-position:center top;--awb-border-radius-top-left:0px;--awb-border-radius-top-right:0px;--awb-border-radius-bottom-right:0px;--awb-border-radius-bottom-left:0px;--awb-padding-top:80px;--awb-padding-top-medium:45px;--awb-padding-bottom-medium:72px;--awb-margin-top:-80px;--awb-margin-bottom:0px;--awb-background-color:rgba(55,89,79,0);--awb-flex-wrap:wrap;\" ><div class=\"fusion-builder-row fusion-row fusion-flex-align-items-flex-start fusion-flex-content-wrap\" style=\"max-width:1144px;margin-left: calc(-4% \/ 2 );margin-right: calc(-4% \/ 2 );\"><div class=\"fusion-layout-column fusion_builder_column fusion-builder-column-0 fusion_builder_column_1_1 1_1 fusion-flex-column fusion-animated\" style=\"--awb-padding-top:10%;--awb-padding-right:10%;--awb-padding-bottom:10%;--awb-padding-left:10%;--awb-overflow:hidden;--awb-bg-color:#ffffff;--awb-bg-color-hover:#ffffff;--awb-bg-position:center center;--awb-bg-size:cover;--awb-border-radius:20px 20px 20px 20px;--awb-width-large:100%;--awb-margin-top-large:40px;--awb-spacing-right-large:1.92%;--awb-margin-bottom-large:60px;--awb-spacing-left-large:1.92%;--awb-width-medium:100%;--awb-order-medium:0;--awb-spacing-right-medium:1.92%;--awb-spacing-left-medium:1.92%;--awb-width-small:100%;--awb-order-small:0;--awb-spacing-right-small:1.92%;--awb-spacing-left-small:1.92%;\" data-animationType=\"fadeInUp\" data-animationDuration=\"1.3\" data-animationOffset=\"top-into-view\" data-scroll-devices=\"small-visibility,medium-visibility,large-visibility\"><div class=\"fusion-column-wrapper lazyload fusion-column-has-shadow fusion-flex-justify-content-flex-start fusion-content-layout-column fusion-column-has-bg-image\" data-bg-url=\"https:\/\/arthurgreenbean.be\/wp-content\/uploads\/AGBR-Startseite-2-1.jpg\" data-bg=\"https:\/\/arthurgreenbean.be\/wp-content\/uploads\/AGBR-Startseite-2-1.jpg\"><div class=\"fusion-builder-row fusion-builder-row-inner fusion-row fusion-flex-align-items-flex-start fusion-flex-content-wrap\" style=\"--awb-flex-grow:0;--awb-flex-grow-medium:0;--awb-flex-grow-small:0;--awb-flex-shrink:0;--awb-flex-shrink-medium:0;--awb-flex-shrink-small:0;width:104% !important;max-width:104% !important;margin-left: calc(-4% \/ 2 );margin-right: calc(-4% \/ 2 );\"><div class=\"fusion-layout-column fusion_builder_column_inner fusion-builder-nested-column-0 fusion_builder_column_inner_1_1 1_1 fusion-flex-column fusion-flex-align-self-center\" style=\"--awb-padding-right-small:0px;--awb-padding-left-small:0px;--awb-bg-size:cover;--awb-width-large:100%;--awb-margin-top-large:0px;--awb-spacing-right-large:1.92%;--awb-margin-bottom-large:0px;--awb-spacing-left-large:1.92%;--awb-width-medium:100%;--awb-order-medium:0;--awb-spacing-right-medium:1.92%;--awb-spacing-left-medium:1.92%;--awb-width-small:100%;--awb-order-small:0;--awb-spacing-right-small:1.92%;--awb-spacing-left-small:1.92%;\"><div class=\"fusion-column-wrapper fusion-column-has-shadow fusion-flex-justify-content-flex-end fusion-content-layout-column\"><div class=\"fusion-title title fusion-title-1 fusion-no-small-visibility fusion-sep-none fusion-title-text fusion-title-size-two\" style=\"--awb-text-color:#ffffff;--awb-margin-top-small:10px;--awb-margin-right-small:0px;--awb-margin-bottom-small:10px;--awb-margin-left-small:0px;--awb-sep-color:#d1d1d1;--awb-font-size:60px;\"><h2 class=\"fusion-title-heading title-heading-left fusion-responsive-typography-calculated\" style=\"font-family:&quot;Work Sans&quot;;font-style:normal;font-weight:400;margin:0;letter-spacing:.025em;text-transform:var(--awb-typography1-text-transform);font-size:1em;--fontSize:60;line-height:1.08;text-shadow:5px 5px 5px rgba(0,0,0,0.56);\"><h1 style=\"text-align: left;\">Datenschutz<\/h1><\/h2><\/div><div class=\"fusion-title title fusion-title-2 fusion-no-large-visibility fusion-sep-none fusion-title-text fusion-title-size-two\" style=\"--awb-text-color:#ffffff;--awb-margin-bottom:30px;--awb-margin-top-small:10px;--awb-margin-right-small:0px;--awb-margin-bottom-small:10px;--awb-margin-left-small:0px;--awb-sep-color:#d1d1d1;--awb-font-size:32px;\"><h2 class=\"fusion-title-heading title-heading-left fusion-responsive-typography-calculated\" style=\"font-family:&quot;Work Sans&quot;;font-style:normal;font-weight:400;margin:0;text-transform:var(--awb-typography1-text-transform);font-size:1em;--fontSize:32;line-height:1.19;text-shadow:1px 1px 8px rgba(0,0,0,0.55);\"><h1 style=\"text-align: left;\">Datenschutz<\/h1><\/h2><\/div><\/div><\/div><\/div><\/div><\/div><\/div><\/div><div class=\"fusion-fullwidth fullwidth-box fusion-builder-row-2 fusion-flex-container has-pattern-background has-mask-background nonhundred-percent-fullwidth non-hundred-percent-height-scrolling\" style=\"--awb-border-radius-top-left:0px;--awb-border-radius-top-right:0px;--awb-border-radius-bottom-right:0px;--awb-border-radius-bottom-left:0px;--awb-flex-wrap:wrap;\" ><div class=\"fusion-builder-row fusion-row fusion-flex-align-items-flex-start fusion-flex-content-wrap\" style=\"max-width:1144px;margin-left: calc(-4% \/ 2 );margin-right: calc(-4% \/ 2 );\"><div class=\"fusion-layout-column fusion_builder_column fusion-builder-column-1 fusion_builder_column_1_1 1_1 fusion-flex-column\" style=\"--awb-bg-size:cover;--awb-width-large:100%;--awb-margin-top-large:0px;--awb-spacing-right-large:1.92%;--awb-margin-bottom-large:0px;--awb-spacing-left-large:1.92%;--awb-width-medium:100%;--awb-order-medium:0;--awb-spacing-right-medium:1.92%;--awb-spacing-left-medium:1.92%;--awb-width-small:100%;--awb-order-small:0;--awb-spacing-right-small:1.92%;--awb-spacing-left-small:1.92%;\"><div class=\"fusion-column-wrapper fusion-column-has-shadow fusion-flex-justify-content-flex-start fusion-content-layout-column\"><div class=\"fusion-text fusion-text-1\" style=\"--awb-font-size:20px;--awb-line-height:1.2;--awb-letter-spacing:var(--awb-typography4-letter-spacing);--awb-text-transform:var(--awb-typography4-text-transform);--awb-text-color:var(--awb-color6);--awb-text-font-family:var(--awb-typography4-font-family);--awb-text-font-weight:var(--awb-typography4-font-weight);--awb-text-font-style:var(--awb-typography4-font-style);\"><p>Mallory Grill, Selbst\u00e4ndiger, Rue de l&#8217;Yser 162, 4840 Wellkenraedt, Belge<br \/>\nUnternehmensnummer 0721.766.805<\/p>\n<p>Sonja Grill &#8211; Surya Ayurveda Rue de l&#8217;Yser 162, 4840 Wellkenraedt, Belge.<br \/>\nUnternehmensnummer 0800.290.184<\/p>\n<p>0032 87 703624<\/p>\n<p><a title=\"mailto:arthur@arthurgreenbean.be\" href=\"mailto:arthur@arthurgreenbean.be\">arthur@arthurgreenbean.be<\/a><\/p>\n<p>Das Unternehmen Mallory Grill &amp; gleicherma\u00dfen Surya Ayurveda (Sonja Grill) respektiert Ihre Privatsph\u00e4re und sorgt daf\u00fcr, dass die pers\u00f6nlichen Daten, die Sie uns zur Verf\u00fcgung stellen, vertraulich behandelt werden. In this Privacy Policy, you can read about what information we collect when you use our services and\/or products, the purposes for which we collect this information, and how we use it. We also explain what rights you have, who has access to your data and how long we keep it. If you have any questions about our privacy policy after reading this statement, you can send them to <a title=\"mailto:arthur@arthurgreenbean.be\" href=\"mailto:arthur@arthurgreenbean.be\">arthur@arthurgreenbean.be<\/a>.<\/p>\n<p><strong>Zweck der Verarbeitung und Aufbewahrungsfrist <\/strong><\/p>\n<p>Die Firma Mallory Grill und die Firma Surya Ayurveda (Sonja Grill) sammelt und verarbeitet Ihre Daten f\u00fcr die unten beschriebenen Zwecke. Dabei verwenden wir sowohl die Daten, die Sie uns zur Verf\u00fcgung stellen, als auch die Daten, die wir selbst erheben (zum Beispiel \u00fcber Ihren Besuch auf unserer Website). Wir bewahren personenbezogene Daten so lange auf, wie es f\u00fcr den jeweiligen Zweck erforderlich oder gesetzlich vorgeschrieben ist (Verpflichtung zur Buchf\u00fchrung usw.).<\/p>\n<p><strong>Ausf\u00fchrung Ihrer Bestellung <\/strong><\/p>\n<p>Um Ihre Bestellung ausf\u00fchren zu k\u00f6nnen, ben\u00f6tigen wir Ihren Namen, Ihre E-Mail-Adresse, Ihre Lieferanschrift, Ihre Zahlungsdaten und manchmal Ihre Telefonnummer und\/oder Ihr Geburtsdatum. So k\u00f6nnen wir Ihre Bestellung ausliefern und Sie \u00fcber den Fortschritt der Lieferung auf dem Laufenden halten. Wir sind gesetzlich verpflichtet, Ihre Bestelldaten f\u00fcr sieben (7) Jahre aufzubewahren.<\/p>\n<p><strong>Rechtliche Gr\u00fcnde f\u00fcr die Verarbeitung <\/strong><\/p>\n<p>Mallory Grill &amp; Surya Ayurveda (Sonja Grill) verarbeitet personenbezogene Daten aus den folgenden rechtlichen Gr\u00fcnden:<\/p>\n<p>Autorisierung (z. B. Versand von Newslettern und Einladungen; Erfassung sensibler Daten).<\/p>\n<p>&#8211; die f\u00fcr die Ausf\u00fchrung eines Vertrags erforderlich sind (Ausf\u00fchrung Ihrer Bestellung, &#8230;)<\/p>\n<p>&#8211; notwendig, um einer rechtlichen Verpflichtung nachzukommen<\/p>\n<p>&#8211; notwendig zur Durchsetzung unserer berechtigten Gesch\u00e4ftsinteressen<\/p>\n<p>Werden in diesem Zusammenhang personenbezogene Daten auf der Rechtsgrundlage einer Einwilligung verarbeitet, haben Sie das Recht, die erteilte Einwilligung jederzeit zu widerrufen.<\/p>\n<p><b><br \/>\n\u00dcbertragung an Dritte:<\/b> Fa. Mallory Grill &amp; Fa. Surya Ayurveda (Sonja Grill) verkauft Ihre pers\u00f6nlichen Daten nicht an Dritte. Wir geben Ihre Daten intern an unsere Mitarbeiter (angestellt oder freiberuflich) weiter. Dar\u00fcber hinaus geben wir Ihre Daten <span style=\"color: var(--awb-text-color); font-family: var(--awb-text-font-family); font-size: var(--awb-font-size); font-style: var(--awb-text-font-style); letter-spacing: var(--awb-letter-spacing); text-align: var(--awb-content-alignment); text-transform: var(--awb-text-transform); background-color: var(--awb-bg-color-hover);\">an Dritte nur f\u00fcr:<\/span><\/p>\n<p>&#8211; die Ausf\u00fchrung Ihres Auftrags oder Ihrer Buchung.<\/p>\n<p>&#8211; die Erstellung (und Verteilung) von Newslettern und Einladungen.<\/p>\n<p>Unsere Mitarbeiter und die von uns beauftragten Dritten sind verpflichtet, Ihre Daten vertraulich zu behandeln. Wir garantieren, dass sie die daf\u00fcr notwendigen Schutzma\u00dfnahmen getroffen haben.<\/p>\n<p><b>Cookies:<\/b> Wenn Sie unsere Website besuchen, werden kleine Textdateien, sogenannte Cookies, auf Ihrem Computer oder Mobilger\u00e4t gespeichert. Cookies erm\u00f6glichen es uns, Ihr Ger\u00e4t bei einem sp\u00e4teren Besuch wiederzuerkennen, so dass Sie nicht jedes Mal dieselben Informationen eingeben oder \u00fcbermitteln m\u00fcssen. Cookies zeigen uns auch, wie Sie unsere Website nutzen und wie wir die Benutzerfreundlichkeit unserer Dienste verbessern k\u00f6nnen.<\/p>\n<p>Sie k\u00f6nnen Ihren Internet-Browser so einstellen, dass er keine Cookies annimmt, Sie warnt, wenn ein Cookie gesetzt wird, oder dass er Cookies nach Ihrer Sitzung l\u00f6scht. Einige grafische Elemente werden m\u00f6glicherweise nicht richtig angezeigt oder Sie k\u00f6nnen bestimmte Anwendungen nicht nutzen, wenn Cookies in Ihrem Browser deaktiviert sind.<br \/>\nWir verwenden die folgenden Cookies:<\/p>\n<p>Bitte klicken Sie auf die rote Cookie-Schaltfl\u00e4che unten in der linken Ecke, um die Cookie-Einstellungen zu \u00f6ffnen.<\/p>\n<p><span style=\"color: var(--awb-text-color); font-family: var(--awb-text-font-family); font-size: var(--awb-font-size); font-style: var(--awb-text-font-style); letter-spacing: var(--awb-letter-spacing); text-align: var(--awb-content-alignment); text-transform: var(--awb-text-transform);\"><b>Y<\/b><\/span><strong style=\"color: var(--awb-text-color); font-family: var(--awb-text-font-family); font-size: var(--awb-font-size); font-style: var(--awb-text-font-style); letter-spacing: var(--awb-letter-spacing); text-align: var(--awb-content-alignment); text-transform: var(--awb-text-transform);\">unsere Rechte in Bezug auf Ihre personenbezogenen Daten <\/strong><\/p>\n<p>Sie haben das Recht, auf die \u00fcber Sie gespeicherten personenbezogenen Daten zuzugreifen und sie zu berichtigen (oder berichtigen zu lassen), wenn sie unrichtig oder unvollst\u00e4ndig sind. Sie k\u00f6nnen Ihre personenbezogenen Daten auch l\u00f6schen lassen, die Verarbeitung Ihrer personenbezogenen Daten einschr\u00e4nken und der Verarbeitung (eines Teils) Ihrer personenbezogenen Daten durch uns oder einen unserer Unterauftragnehmer widersprechen.<\/p>\n<p>Sie haben auch das Recht, eine Kopie (in strukturierter, aktueller und maschinenlesbarer Form) Ihrer personenbezogenen Daten zu verlangen und diese an eine andere Partei zu \u00fcbermitteln.<br \/>\nSie haben das Recht, der Verarbeitung Ihrer personenbezogenen Daten zu Zwecken des Direktmarketings kostenlos zu widersprechen.<\/p>\n<p><strong>Um die oben genannten Rechte auszu\u00fcben, m\u00fcssen Sie nur Folgendes tun: <\/strong><\/p>\n<p>Senden Sie eine E-Mail an <a title=\"mailto:arthur@arthurgreenbean.be\" href=\"mailto:arthur@arthurgreenbean.be\">arthur@arthurgreenbean.be<\/a><br \/>\nUm Missbrauch zu vermeiden, bitten wir Sie, uns auch eine Kopie Ihres Personalausweises (eventuell mit unkenntlich gemachtem Foto) zuzusenden.<\/p>\n<p><b><br \/>\nReklamationen:<\/b> Haben Sie Fragen oder Beschwerden zu Ihren Daten und zum Datenschutz? Bitte kontaktieren Sie uns \u00fcber die Kontaktdaten am Anfang dieser Datenschutzrichtlinie.<\/p>\n<p>Sie haben jederzeit das Recht, Ihre Beschwerde bei der Datenschutzbeh\u00f6rde einzureichen:<a title=\"mailto:contact@apd-gba.be\" href=\"mailto:contact@apd-gba.be\">(contact@apd-gba.be,<\/a> <a href=\"tel:+3222744800\">+32 (0)2 274 48 00<\/a>), <a title=\"http:\/\/www.autoriteprotectiondonnees.be\" href=\"http:\/\/www.autoriteprotectiondonnees.be\">www.autoriteprotectiondonnees.be,<\/a> Rue de la Presse 35, 1000 Br\u00fcssel).<\/p>\n<p><b>\u00c4nderung der Datenschutzbestimmungen<\/b> Die Firma Mallory Grill und die Firma Surya Ayurveda (Sonja Grill) k\u00f6nnen ihre Datenschutzbestimmungen \u00e4ndern. Jede derartige \u00c4nderung wird auf unserer Website bekannt gegeben. Diese Erkl\u00e4rung zum Datenschutz wurde zuletzt ge\u00e4ndert am: 14.01.2026<\/p>\n<\/div><\/div><\/div><\/div><\/div><\/p>\n","protected":false},"excerpt":{"rendered":"","protected":false},"author":1,"featured_media":0,"parent":0,"menu_order":0,"comment_status":"closed","ping_status":"closed","template":"100-width.php","meta":{"footnotes":""},"class_list":["post-4492","page","type-page","status-publish","hentry"],"yoast_head":"<!-- This site is optimized with the Yoast SEO Premium plugin v26.7 (Yoast SEO v27.2) - https:\/\/yoast.com\/product\/yoast-seo-premium-wordpress\/ -->\n<title>Datenschutz - AGBR<\/title>\n<meta name=\"robots\" content=\"index, follow, max-snippet:-1, max-image-preview:large, max-video-preview:-1\" \/>\n<link rel=\"canonical\" href=\"https:\/\/arthurgreenbean.be\/de\/datenschutz\/\" \/>\n<meta property=\"og:locale\" content=\"de_DE\" \/>\n<meta property=\"og:type\" content=\"article\" \/>\n<meta property=\"og:title\" content=\"Datenschutz\" \/>\n<meta property=\"og:url\" content=\"https:\/\/arthurgreenbean.be\/de\/datenschutz\/\" \/>\n<meta property=\"og:site_name\" content=\"AGBR\" \/>\n<meta property=\"article:publisher\" content=\"https:\/\/www.facebook.com\/profile.php?id=100091825763096\" \/>\n<meta property=\"article:modified_time\" content=\"2026-01-14T18:08:16+00:00\" \/>\n<meta property=\"og:image\" content=\"https:\/\/arthurgreenbean.be\/wp-content\/uploads\/agbr-1200.jpg\" \/>\n\t<meta property=\"og:image:width\" content=\"1200\" \/>\n\t<meta property=\"og:image:height\" content=\"675\" \/>\n\t<meta property=\"og:image:type\" content=\"image\/jpeg\" \/>\n<meta name=\"twitter:card\" content=\"summary_large_image\" \/>\n<meta name=\"twitter:label1\" content=\"Gesch\u00e4tzte Lesezeit\" \/>\n\t<meta name=\"twitter:data1\" content=\"4\u00a0Minuten\" \/>\n<script type=\"application\/ld+json\" class=\"yoast-schema-graph\">{\"@context\":\"https:\/\/schema.org\",\"@graph\":[{\"@type\":\"WebPage\",\"@id\":\"https:\/\/arthurgreenbean.be\/de\/datenschutz\/\",\"url\":\"https:\/\/arthurgreenbean.be\/de\/datenschutz\/\",\"name\":\"Datenschutz - AGBR\",\"isPartOf\":{\"@id\":\"https:\/\/arthurgreenbean.be\/de\/#website\"},\"datePublished\":\"2023-05-12T19:36:52+00:00\",\"dateModified\":\"2026-01-14T18:08:16+00:00\",\"breadcrumb\":{\"@id\":\"https:\/\/arthurgreenbean.be\/de\/datenschutz\/#breadcrumb\"},\"inLanguage\":\"de\",\"potentialAction\":[{\"@type\":\"ReadAction\",\"target\":[\"https:\/\/arthurgreenbean.be\/de\/datenschutz\/\"]}]},{\"@type\":\"BreadcrumbList\",\"@id\":\"https:\/\/arthurgreenbean.be\/de\/datenschutz\/#breadcrumb\",\"itemListElement\":[{\"@type\":\"ListItem\",\"position\":1,\"name\":\"Home\",\"item\":\"https:\/\/arthurgreenbean.be\/de\/\"},{\"@type\":\"ListItem\",\"position\":2,\"name\":\"Datenschutz\"}]},{\"@type\":\"WebSite\",\"@id\":\"https:\/\/arthurgreenbean.be\/de\/#website\",\"url\":\"https:\/\/arthurgreenbean.be\/de\/\",\"name\":\"Arthurgreenbean\",\"description\":\"Arthurgreenbean Ranch\",\"publisher\":{\"@id\":\"https:\/\/arthurgreenbean.be\/de\/#organization\"},\"potentialAction\":[{\"@type\":\"SearchAction\",\"target\":{\"@type\":\"EntryPoint\",\"urlTemplate\":\"https:\/\/arthurgreenbean.be\/de\/?s={search_term_string}\"},\"query-input\":{\"@type\":\"PropertyValueSpecification\",\"valueRequired\":true,\"valueName\":\"search_term_string\"}}],\"inLanguage\":\"de\"},{\"@type\":\"Organization\",\"@id\":\"https:\/\/arthurgreenbean.be\/de\/#organization\",\"name\":\"Arthurgreenbean Ranch\",\"url\":\"https:\/\/arthurgreenbean.be\/de\/\",\"logo\":{\"@type\":\"ImageObject\",\"inLanguage\":\"de\",\"@id\":\"https:\/\/arthurgreenbean.be\/de\/#\/schema\/logo\/image\/\",\"url\":\"https:\/\/arthurgreenbean.be\/wp-content\/uploads\/agbr-696-1.jpg\",\"contentUrl\":\"https:\/\/arthurgreenbean.be\/wp-content\/uploads\/agbr-696-1.jpg\",\"width\":696,\"height\":696,\"caption\":\"Arthurgreenbean Ranch\"},\"image\":{\"@id\":\"https:\/\/arthurgreenbean.be\/de\/#\/schema\/logo\/image\/\"},\"sameAs\":[\"https:\/\/www.facebook.com\/profile.php?id=100091825763096\"]}]}<\/script>\n<!-- \/ Yoast SEO Premium plugin. -->","yoast_head_json":{"title":"Datenschutz - AGBR","robots":{"index":"index","follow":"follow","max-snippet":"max-snippet:-1","max-image-preview":"max-image-preview:large","max-video-preview":"max-video-preview:-1"},"canonical":"https:\/\/arthurgreenbean.be\/de\/datenschutz\/","og_locale":"de_DE","og_type":"article","og_title":"Datenschutz","og_url":"https:\/\/arthurgreenbean.be\/de\/datenschutz\/","og_site_name":"AGBR","article_publisher":"https:\/\/www.facebook.com\/profile.php?id=100091825763096","article_modified_time":"2026-01-14T18:08:16+00:00","og_image":[{"width":1200,"height":675,"url":"https:\/\/arthurgreenbean.be\/wp-content\/uploads\/agbr-1200.jpg","type":"image\/jpeg"}],"twitter_card":"summary_large_image","twitter_misc":{"Gesch\u00e4tzte Lesezeit":"4\u00a0Minuten"},"schema":{"@context":"https:\/\/schema.org","@graph":[{"@type":"WebPage","@id":"https:\/\/arthurgreenbean.be\/de\/datenschutz\/","url":"https:\/\/arthurgreenbean.be\/de\/datenschutz\/","name":"Datenschutz - AGBR","isPartOf":{"@id":"https:\/\/arthurgreenbean.be\/de\/#website"},"datePublished":"2023-05-12T19:36:52+00:00","dateModified":"2026-01-14T18:08:16+00:00","breadcrumb":{"@id":"https:\/\/arthurgreenbean.be\/de\/datenschutz\/#breadcrumb"},"inLanguage":"de","potentialAction":[{"@type":"ReadAction","target":["https:\/\/arthurgreenbean.be\/de\/datenschutz\/"]}]},{"@type":"BreadcrumbList","@id":"https:\/\/arthurgreenbean.be\/de\/datenschutz\/#breadcrumb","itemListElement":[{"@type":"ListItem","position":1,"name":"Home","item":"https:\/\/arthurgreenbean.be\/de\/"},{"@type":"ListItem","position":2,"name":"Datenschutz"}]},{"@type":"WebSite","@id":"https:\/\/arthurgreenbean.be\/de\/#website","url":"https:\/\/arthurgreenbean.be\/de\/","name":"Arthurgreenbean","description":"Arthurgreenbean Ranch","publisher":{"@id":"https:\/\/arthurgreenbean.be\/de\/#organization"},"potentialAction":[{"@type":"SearchAction","target":{"@type":"EntryPoint","urlTemplate":"https:\/\/arthurgreenbean.be\/de\/?s={search_term_string}"},"query-input":{"@type":"PropertyValueSpecification","valueRequired":true,"valueName":"search_term_string"}}],"inLanguage":"de"},{"@type":"Organization","@id":"https:\/\/arthurgreenbean.be\/de\/#organization","name":"Arthurgreenbean Ranch","url":"https:\/\/arthurgreenbean.be\/de\/","logo":{"@type":"ImageObject","inLanguage":"de","@id":"https:\/\/arthurgreenbean.be\/de\/#\/schema\/logo\/image\/","url":"https:\/\/arthurgreenbean.be\/wp-content\/uploads\/agbr-696-1.jpg","contentUrl":"https:\/\/arthurgreenbean.be\/wp-content\/uploads\/agbr-696-1.jpg","width":696,"height":696,"caption":"Arthurgreenbean Ranch"},"image":{"@id":"https:\/\/arthurgreenbean.be\/de\/#\/schema\/logo\/image\/"},"sameAs":["https:\/\/www.facebook.com\/profile.php?id=100091825763096"]}]}},"_links":{"self":[{"href":"https:\/\/arthurgreenbean.be\/de\/wp-json\/wp\/v2\/pages\/4492","targetHints":{"allow":["GET"]}}],"collection":[{"href":"https:\/\/arthurgreenbean.be\/de\/wp-json\/wp\/v2\/pages"}],"about":[{"href":"https:\/\/arthurgreenbean.be\/de\/wp-json\/wp\/v2\/types\/page"}],"author":[{"embeddable":true,"href":"https:\/\/arthurgreenbean.be\/de\/wp-json\/wp\/v2\/users\/1"}],"replies":[{"embeddable":true,"href":"https:\/\/arthurgreenbean.be\/de\/wp-json\/wp\/v2\/comments?post=4492"}],"version-history":[{"count":3,"href":"https:\/\/arthurgreenbean.be\/de\/wp-json\/wp\/v2\/pages\/4492\/revisions"}],"predecessor-version":[{"id":7722,"href":"https:\/\/arthurgreenbean.be\/de\/wp-json\/wp\/v2\/pages\/4492\/revisions\/7722"}],"wp:attachment":[{"href":"https:\/\/arthurgreenbean.be\/de\/wp-json\/wp\/v2\/media?parent=4492"}],"curies":[{"name":"wp","href":"https:\/\/api.w.org\/{rel}","templated":true}]}}