{"id":3598,"date":"2023-02-05T13:28:59","date_gmt":"2023-02-05T13:28:59","guid":{"rendered":"https:\/\/arthurgreenbean.be\/regenerative-landwirtschaft\/eine-kleine-geschichte-der-ranch\/"},"modified":"2023-05-15T18:47:14","modified_gmt":"2023-05-15T18:47:14","slug":"eine-kleine-geschichte-der-ranch","status":"publish","type":"page","link":"https:\/\/arthurgreenbean.be\/de\/regenerative-landwirtschaft\/eine-kleine-geschichte-der-ranch\/","title":{"rendered":"Eine kleine Geschichte der Ranch"},"content":{"rendered":"<p><div class=\"fusion-fullwidth fullwidth-box fusion-builder-row-1 fusion-flex-container has-pattern-background has-mask-background nonhundred-percent-fullwidth non-hundred-percent-height-scrolling\" style=\"--link_hover_color: #ff871f;--link_color: #47c7cd;--awb-background-blend-mode:multiply;--awb-border-sizes-top:0;--awb-border-sizes-bottom:0;--awb-border-sizes-left:0;--awb-border-sizes-right:0;--awb-border-color:#ffffff;--awb-border-radius-top-left:0px;--awb-border-radius-top-right:0px;--awb-border-radius-bottom-right:0px;--awb-border-radius-bottom-left:0px;--awb-padding-top:50px;--awb-background-color:rgba(239,239,239,0);--awb-flex-wrap:wrap;\" ><div class=\"fusion-builder-row fusion-row fusion-flex-align-items-flex-start fusion-flex-content-wrap\" style=\"max-width:1144px;margin-left: calc(-4% \/ 2 );margin-right: calc(-4% \/ 2 );\"><div class=\"fusion-layout-column fusion_builder_column fusion-builder-column-0 fusion_builder_column_1_1 1_1 fusion-flex-column fusion-animated\" style=\"--awb-padding-top:10%;--awb-padding-right:10%;--awb-padding-bottom:10%;--awb-padding-left:10%;--awb-overflow:hidden;--awb-bg-color:#ffffff;--awb-bg-color-hover:#ffffff;--awb-bg-position:center top;--awb-bg-size:cover;--awb-border-radius:20px 20px 20px 20px;--awb-width-large:100%;--awb-margin-top-large:40px;--awb-spacing-right-large:1.92%;--awb-margin-bottom-large:60px;--awb-spacing-left-large:1.92%;--awb-width-medium:100%;--awb-order-medium:0;--awb-spacing-right-medium:1.92%;--awb-spacing-left-medium:1.92%;--awb-width-small:100%;--awb-order-small:0;--awb-spacing-right-small:1.92%;--awb-spacing-left-small:1.92%;\" data-animationType=\"fadeInUp\" data-animationDuration=\"1.3\" data-animationOffset=\"top-into-view\" data-scroll-devices=\"small-visibility,medium-visibility,large-visibility\"><div class=\"fusion-column-wrapper lazyload fusion-column-has-shadow fusion-flex-justify-content-flex-start fusion-content-layout-column fusion-column-has-bg-image\" data-bg-url=\"https:\/\/arthurgreenbean.be\/wp-content\/uploads\/Header_History-1920.jpg\" data-bg=\"https:\/\/arthurgreenbean.be\/wp-content\/uploads\/Header_History-1920.jpg\"><div class=\"fusion-builder-row fusion-builder-row-inner fusion-row fusion-flex-align-items-flex-start fusion-flex-content-wrap\" style=\"--awb-flex-grow:0;--awb-flex-grow-medium:0;--awb-flex-grow-small:0;--awb-flex-shrink:0;--awb-flex-shrink-medium:0;--awb-flex-shrink-small:0;width:104% !important;max-width:104% !important;margin-left: calc(-4% \/ 2 );margin-right: calc(-4% \/ 2 );\"><div class=\"fusion-layout-column fusion_builder_column_inner fusion-builder-nested-column-0 fusion_builder_column_inner_1_1 1_1 fusion-flex-column fusion-flex-align-self-center\" style=\"--awb-padding-right-small:0px;--awb-padding-left-small:0px;--awb-bg-size:cover;--awb-width-large:100%;--awb-margin-top-large:0px;--awb-spacing-right-large:1.92%;--awb-margin-bottom-large:0px;--awb-spacing-left-large:1.92%;--awb-width-medium:100%;--awb-order-medium:0;--awb-spacing-right-medium:1.92%;--awb-spacing-left-medium:1.92%;--awb-width-small:100%;--awb-order-small:0;--awb-spacing-right-small:1.92%;--awb-spacing-left-small:1.92%;\"><div class=\"fusion-column-wrapper fusion-column-has-shadow fusion-flex-justify-content-flex-end fusion-content-layout-column\"><div class=\"fusion-title title fusion-title-1 fusion-no-small-visibility fusion-sep-none fusion-title-center fusion-title-text fusion-title-size-two\" style=\"--awb-text-color:#ffffff;--awb-margin-top-small:10px;--awb-margin-right-small:0px;--awb-margin-bottom-small:10px;--awb-margin-left-small:0px;--awb-sep-color:#d1d1d1;--awb-font-size:60px;\"><h2 class=\"fusion-title-heading title-heading-center fusion-responsive-typography-calculated\" style=\"font-family:&quot;Work Sans&quot;;font-style:normal;font-weight:400;margin:0;letter-spacing:.025em;text-transform:var(--awb-typography1-text-transform);font-size:1em;--fontSize:60;line-height:1.08;text-shadow:5px 5px 5px rgba(0,0,0,0.56);\"><p style=\"text-align: left;\">Eine kleine Geschichte der Ranch<\/p><\/h2><\/div><div class=\"fusion-title title fusion-title-2 fusion-no-large-visibility fusion-sep-none fusion-title-center fusion-title-text fusion-title-size-one\" style=\"--awb-text-color:#ffffff;--awb-margin-bottom:30px;--awb-margin-top-small:10px;--awb-margin-right-small:0px;--awb-margin-bottom-small:10px;--awb-margin-left-small:0px;--awb-sep-color:#d1d1d1;--awb-font-size:32px;\"><h1 class=\"fusion-title-heading title-heading-center fusion-responsive-typography-calculated\" style=\"font-family:&quot;Work Sans&quot;;font-style:normal;font-weight:400;margin:0;text-transform:var(--awb-typography1-text-transform);font-size:1em;--fontSize:32;line-height:1.19;text-shadow:1px 1px 8px rgba(0,0,0,0.55);\"><p style=\"text-align: left;\">Eine kleine Geschichte der Ranch<\/p><\/h1><\/div><div class=\"fusion-text fusion-text-1 fusion-no-small-visibility\" style=\"--awb-font-size:22px;--awb-line-height:1.4;--awb-letter-spacing:0px;--awb-text-transform:var(--awb-typography4-text-transform);--awb-text-color:#ffffff;--awb-text-font-family:&quot;Roboto&quot;;--awb-text-font-style:normal;--awb-text-font-weight:400;\"><p class=\"p1\" style=\"text-align: left;\">Wo Arthur seine Wurzeln fand.<\/p>\n<\/div><div class=\"fusion-text fusion-text-2 fusion-no-medium-visibility fusion-no-large-visibility\" style=\"--awb-font-size:16px;--awb-line-height:1.4;--awb-letter-spacing:0px;--awb-text-transform:var(--awb-typography4-text-transform);--awb-text-color:#ffffff;--awb-text-font-family:&quot;Roboto&quot;;--awb-text-font-style:normal;--awb-text-font-weight:400;\"><p class=\"p1\" style=\"text-align: left;\">Wo Arthur seine Wurzeln fand.<\/p>\n<\/div><\/div><\/div><\/div><\/div><\/div><div class=\"fusion-layout-column fusion_builder_column fusion-builder-column-1 fusion_builder_column_1_1 1_1 fusion-flex-column\" style=\"--awb-bg-size:cover;--awb-width-large:100%;--awb-margin-top-large:0px;--awb-spacing-right-large:1.92%;--awb-margin-bottom-large:0px;--awb-spacing-left-large:1.92%;--awb-width-medium:100%;--awb-order-medium:0;--awb-spacing-right-medium:1.92%;--awb-spacing-left-medium:1.92%;--awb-width-small:100%;--awb-order-small:0;--awb-spacing-right-small:1.92%;--awb-spacing-left-small:1.92%;\"><div class=\"fusion-column-wrapper fusion-column-has-shadow fusion-flex-justify-content-flex-start fusion-content-layout-column\"><div class=\"fusion-text fusion-text-3\"><p class=\"p1\">Ein kleines St\u00fcck vom sch\u00f6nen Belgien, im ber\u00fchmten Dreil\u00e4ndereck (oder dem Hohen Venn!), in der N\u00e4he von Maastricht, Aachen und L\u00fcttich. 3,5 Hektar, 210 m H\u00f6he, kalte, harte Winter, besonders hart wegen der kalten Luft, die manchmal aus dem Hohen Venn kommt, unglaublich sch\u00f6ne Sommer, und alles dazwischen.<\/p>\n<p class=\"p1\">Mehr als 50 Jahre vor uns hat die Bauernfamilie Lambertz (2 Br\u00fcder und Ehefrau Pauline) hier mit 8 K\u00fchen und viel harter Arbeit ihren Lebensunterhalt bestritten. Ein Bruder lebt noch, w\u00e4hrend ich schreibe&#8230; Gott segne sie, sie kannten hier eine ganz andere Zeit! Die Region hier ist voller Erinnerungen an den Zweiten Weltkrieg.<\/p>\n<p class=\"p1\">An der Einfahrt zu unserer Einfahrt f\u00fchrt eine Bahnlinie vorbei, und genau hier befindet sich auch ein Steinkreuz f\u00fcr einen armen Teufel, der 1944 (so erz\u00e4hlten mir die Bauern) von einem Gefangenenzug sprang, um zu entkommen, und an dieser Stelle starb&#8230;<span class=\"Apple-converted-space\"> <\/span><\/p>\n<p>Es fasziniert mich, wenn ich daran denke, wie das Leben hier noch vor 120 Jahren war, als das kleine, typisch belgische Bauernhaus aus dem \u00f6rtlichen Bruchstein gebaut wurde, der eine sehr sch\u00f6ne warme Farbe und Ausstrahlung hat. Sie verwendeten keinen Zement im M\u00f6rtel (!), und da der Boden mehr oder weniger aus festem Lehm bestand, machten sie auch keine &#8222;Fundamente&#8220;.<\/p>\n<\/div><\/div><\/div><\/div><\/div><div class=\"fusion-fullwidth fullwidth-box fusion-builder-row-2 fusion-flex-container has-pattern-background has-mask-background nonhundred-percent-fullwidth non-hundred-percent-height-scrolling fusion-no-small-visibility\" style=\"--awb-border-radius-top-left:0px;--awb-border-radius-top-right:0px;--awb-border-radius-bottom-right:0px;--awb-border-radius-bottom-left:0px;--awb-flex-wrap:wrap;\" ><div class=\"fusion-builder-row fusion-row fusion-flex-align-items-flex-start fusion-flex-content-wrap\" style=\"max-width:1144px;margin-left: calc(-4% \/ 2 );margin-right: calc(-4% \/ 2 );\"><div class=\"fusion-layout-column fusion_builder_column fusion-builder-column-2 fusion_builder_column_1_1 1_1 fusion-flex-column\" style=\"--awb-bg-size:cover;--awb-width-large:100%;--awb-margin-top-large:0px;--awb-spacing-right-large:1.92%;--awb-margin-bottom-large:0px;--awb-spacing-left-large:1.92%;--awb-width-medium:100%;--awb-order-medium:0;--awb-spacing-right-medium:1.92%;--awb-spacing-left-medium:1.92%;--awb-width-small:100%;--awb-order-small:0;--awb-spacing-right-small:1.92%;--awb-spacing-left-small:1.92%;\"><div class=\"fusion-column-wrapper fusion-column-has-shadow fusion-flex-justify-content-flex-start fusion-content-layout-row\"><div class=\"fusion-separator fusion-full-width-sep\" style=\"align-self: flex-start;margin-right:auto;flex-grow:4;margin-top:50px;margin-bottom:30px;width:100%;max-width:100%;\"><div class=\"fusion-separator-border sep-shadow\" style=\"--awb-height:20px;--awb-amount:20px;--awb-sep-color:var(--awb-color4);background:radial-gradient(ellipse at 50% -50% , var(--awb-color4) 0px, rgba(255, 255, 255, 0) 80%) repeat scroll 0 0 rgba(0, 0, 0, 0);background:-webkit-radial-gradient(ellipse at 50% -50% , var(--awb-color4) 0px, rgba(255, 255, 255, 0) 80%) repeat scroll 0 0 rgba(0, 0, 0, 0);background:-moz-radial-gradient(ellipse at 50% -50% , var(--awb-color4) 0px, rgba(255, 255, 255, 0) 80%) repeat scroll 0 0 rgba(0, 0, 0, 0);background:-o-radial-gradient(ellipse at 50% -50% , var(--awb-color4) 0px, rgba(255, 255, 255, 0) 80%) repeat scroll 0 0 rgba(0, 0, 0, 0);\"><\/div><\/div><\/div><\/div><\/div><\/div><div class=\"fusion-fullwidth fullwidth-box fusion-builder-row-3 fusion-flex-container has-pattern-background has-mask-background nonhundred-percent-fullwidth non-hundred-percent-height-scrolling\" style=\"--awb-border-radius-top-left:0px;--awb-border-radius-top-right:0px;--awb-border-radius-bottom-right:0px;--awb-border-radius-bottom-left:0px;--awb-margin-top:50px;--awb-margin-bottom:80px;--awb-background-color:rgba(223,239,194,0);--awb-flex-wrap:wrap;\" ><div class=\"fusion-builder-row fusion-row fusion-flex-align-items-flex-start fusion-flex-content-wrap\" style=\"max-width:1144px;margin-left: calc(-4% \/ 2 );margin-right: calc(-4% \/ 2 );\"><div class=\"fusion-layout-column fusion_builder_column fusion-builder-column-3 fusion_builder_column_1_2 1_2 fusion-flex-column\" style=\"--awb-overflow:hidden;--awb-bg-size:cover;--awb-box-shadow:5px 5px 20px 7px rgba(0,0,0,0.15);;--awb-border-radius:20px 20px 20px 20px;--awb-width-large:50%;--awb-margin-top-large:0px;--awb-spacing-right-large:3.84%;--awb-margin-bottom-large:0px;--awb-spacing-left-large:3.84%;--awb-width-medium:100%;--awb-order-medium:0;--awb-spacing-right-medium:1.92%;--awb-spacing-left-medium:1.92%;--awb-width-small:100%;--awb-order-small:0;--awb-spacing-right-small:1.92%;--awb-margin-bottom-small:60px;--awb-spacing-left-small:1.92%;\"><div class=\"fusion-column-wrapper fusion-column-has-shadow fusion-flex-justify-content-flex-start fusion-content-layout-column\"><div class=\"fusion-image-element \" style=\"--awb-caption-title-font-family:var(--h2_typography-font-family);--awb-caption-title-font-weight:var(--h2_typography-font-weight);--awb-caption-title-font-style:var(--h2_typography-font-style);--awb-caption-title-size:var(--h2_typography-font-size);--awb-caption-title-transform:var(--h2_typography-text-transform);--awb-caption-title-line-height:var(--h2_typography-line-height);--awb-caption-title-letter-spacing:var(--h2_typography-letter-spacing);\"><span class=\" fusion-imageframe imageframe-none imageframe-1 hover-type-none\"><img decoding=\"async\" width=\"1160\" height=\"1400\" alt=\"Cameroon sheep in the orchard on a misty day\" title=\"960&#215;1400-History\" src=\"https:\/\/arthurgreenbean.be\/wp-content\/uploads\/960x1400-History.jpg\" data-orig-src=\"https:\/\/arthurgreenbean.be\/wp-content\/uploads\/960x1400-History.jpg\" class=\"lazyload img-responsive wp-image-3445\" srcset=\"data:image\/svg+xml,%3Csvg%20xmlns%3D%27http%3A%2F%2Fwww.w3.org%2F2000%2Fsvg%27%20width%3D%271160%27%20height%3D%271400%27%20viewBox%3D%270%200%201160%201400%27%3E%3Crect%20width%3D%271160%27%20height%3D%271400%27%20fill-opacity%3D%220%22%2F%3E%3C%2Fsvg%3E\" data-srcset=\"https:\/\/arthurgreenbean.be\/wp-content\/uploads\/960x1400-History-200x241.jpg 200w, https:\/\/arthurgreenbean.be\/wp-content\/uploads\/960x1400-History-400x483.jpg 400w, https:\/\/arthurgreenbean.be\/wp-content\/uploads\/960x1400-History-600x724.jpg 600w, https:\/\/arthurgreenbean.be\/wp-content\/uploads\/960x1400-History-800x966.jpg 800w, https:\/\/arthurgreenbean.be\/wp-content\/uploads\/960x1400-History.jpg 1160w\" data-sizes=\"auto\" data-orig-sizes=\"(max-width: 1024px) 100vw, (max-width: 640px) 100vw, 600px\" \/><\/span><\/div><\/div><\/div><div class=\"fusion-layout-column fusion_builder_column fusion-builder-column-4 fusion_builder_column_1_2 1_2 fusion-flex-column fusion-flex-align-self-center\" style=\"--awb-bg-size:cover;--awb-width-large:50%;--awb-margin-top-large:0px;--awb-spacing-right-large:3.84%;--awb-margin-bottom-large:0px;--awb-spacing-left-large:3.84%;--awb-width-medium:100%;--awb-order-medium:0;--awb-spacing-right-medium:1.92%;--awb-spacing-left-medium:1.92%;--awb-width-small:100%;--awb-order-small:0;--awb-spacing-right-small:1.92%;--awb-spacing-left-small:1.92%;\"><div class=\"fusion-column-wrapper fusion-column-has-shadow fusion-flex-justify-content-center fusion-content-layout-column\"><div class=\"fusion-text fusion-text-4\"><p class=\"p1\">Sie haben einen kleinen, aber sch\u00f6nen Gew\u00f6lbekeller angelegt, in dem sich auch ein steinerner Wassertank befindet, der im Sommer die K\u00fche mit dem vom Dach gesammelten Regenwasser versorgt. Abgesehen von einigen handgefertigten Eisenn\u00e4geln wurde \u00fcberhaupt kein Eisen verwendet, aber die Verwendung von Eichenholz f\u00fcr das Dach und das Zusammenhalten des Ganzen auf traditionelle Weise sorgte f\u00fcr ein robustes und langlebiges Haus. Das Leben muss sehr hart gewesen sein, wenn man nur von der Milch von 8 K\u00fchen leben konnte, mehr oder weniger.<\/p>\n<p class=\"p1\">Je nachdem, was man mit den 3,5 Hektar anstellt, kann es verdammt viel Arbeit sein, oder einfach nur eine Menge Arbeit, und als sie das Haus 1994 an uns verkauften, waren sie bereit, sich zur Ruhe zu setzen. Aber wir sind es nicht. Der Spa\u00df begann, und dieser Ort hat ein paar B\u00e4ume, K\u00e4fer und Bienen hinzugef\u00fcgt&#8230;<span class=\"Apple-converted-space\"> <\/span><\/p>\n<\/div><\/div><\/div><\/div><\/div><\/p>\n","protected":false},"excerpt":{"rendered":"","protected":false},"author":1,"featured_media":0,"parent":3594,"menu_order":0,"comment_status":"closed","ping_status":"closed","template":"100-width.php","meta":{"footnotes":""},"class_list":["post-3598","page","type-page","status-publish","hentry"],"yoast_head":"<!-- This site is optimized with the Yoast SEO Premium plugin v26.7 (Yoast SEO v27.2) - https:\/\/yoast.com\/product\/yoast-seo-premium-wordpress\/ -->\n<title>Eine kleine Geschichte der Ranch - AGBR<\/title>\n<meta name=\"robots\" content=\"index, follow, max-snippet:-1, max-image-preview:large, max-video-preview:-1\" \/>\n<link rel=\"canonical\" href=\"https:\/\/arthurgreenbean.be\/de\/regenerative-landwirtschaft\/eine-kleine-geschichte-der-ranch\/\" \/>\n<meta property=\"og:locale\" content=\"de_DE\" \/>\n<meta property=\"og:type\" content=\"article\" \/>\n<meta property=\"og:title\" content=\"Eine kleine Geschichte der Ranch\" \/>\n<meta property=\"og:url\" content=\"https:\/\/arthurgreenbean.be\/de\/regenerative-landwirtschaft\/eine-kleine-geschichte-der-ranch\/\" \/>\n<meta property=\"og:site_name\" content=\"AGBR\" \/>\n<meta property=\"article:publisher\" content=\"https:\/\/www.facebook.com\/profile.php?id=100091825763096\" \/>\n<meta property=\"article:modified_time\" content=\"2023-05-15T18:47:14+00:00\" \/>\n<meta property=\"og:image\" content=\"https:\/\/arthurgreenbean.be\/wp-content\/uploads\/agbr-1200.jpg\" \/>\n\t<meta property=\"og:image:width\" content=\"1200\" \/>\n\t<meta property=\"og:image:height\" content=\"675\" \/>\n\t<meta property=\"og:image:type\" content=\"image\/jpeg\" \/>\n<meta name=\"twitter:card\" content=\"summary_large_image\" \/>\n<meta name=\"twitter:label1\" content=\"Gesch\u00e4tzte Lesezeit\" \/>\n\t<meta name=\"twitter:data1\" content=\"20\u00a0Minuten\" \/>\n<script type=\"application\/ld+json\" class=\"yoast-schema-graph\">{\"@context\":\"https:\/\/schema.org\",\"@graph\":[{\"@type\":\"WebPage\",\"@id\":\"https:\/\/arthurgreenbean.be\/de\/regenerative-landwirtschaft\/eine-kleine-geschichte-der-ranch\/\",\"url\":\"https:\/\/arthurgreenbean.be\/de\/regenerative-landwirtschaft\/eine-kleine-geschichte-der-ranch\/\",\"name\":\"Eine kleine Geschichte der Ranch - AGBR\",\"isPartOf\":{\"@id\":\"https:\/\/arthurgreenbean.be\/de\/#website\"},\"datePublished\":\"2023-02-05T13:28:59+00:00\",\"dateModified\":\"2023-05-15T18:47:14+00:00\",\"breadcrumb\":{\"@id\":\"https:\/\/arthurgreenbean.be\/de\/regenerative-landwirtschaft\/eine-kleine-geschichte-der-ranch\/#breadcrumb\"},\"inLanguage\":\"de\",\"potentialAction\":[{\"@type\":\"ReadAction\",\"target\":[\"https:\/\/arthurgreenbean.be\/de\/regenerative-landwirtschaft\/eine-kleine-geschichte-der-ranch\/\"]}]},{\"@type\":\"BreadcrumbList\",\"@id\":\"https:\/\/arthurgreenbean.be\/de\/regenerative-landwirtschaft\/eine-kleine-geschichte-der-ranch\/#breadcrumb\",\"itemListElement\":[{\"@type\":\"ListItem\",\"position\":1,\"name\":\"Home\",\"item\":\"https:\/\/arthurgreenbean.be\/de\/\"},{\"@type\":\"ListItem\",\"position\":2,\"name\":\"Regenerative Landwirtschaft\",\"item\":\"https:\/\/arthurgreenbean.be\/de\/regenerative-landwirtschaft\/\"},{\"@type\":\"ListItem\",\"position\":3,\"name\":\"Eine kleine Geschichte der Ranch\"}]},{\"@type\":\"WebSite\",\"@id\":\"https:\/\/arthurgreenbean.be\/de\/#website\",\"url\":\"https:\/\/arthurgreenbean.be\/de\/\",\"name\":\"Arthurgreenbean\",\"description\":\"Arthurgreenbean Ranch\",\"publisher\":{\"@id\":\"https:\/\/arthurgreenbean.be\/de\/#organization\"},\"potentialAction\":[{\"@type\":\"SearchAction\",\"target\":{\"@type\":\"EntryPoint\",\"urlTemplate\":\"https:\/\/arthurgreenbean.be\/de\/?s={search_term_string}\"},\"query-input\":{\"@type\":\"PropertyValueSpecification\",\"valueRequired\":true,\"valueName\":\"search_term_string\"}}],\"inLanguage\":\"de\"},{\"@type\":\"Organization\",\"@id\":\"https:\/\/arthurgreenbean.be\/de\/#organization\",\"name\":\"Arthurgreenbean Ranch\",\"url\":\"https:\/\/arthurgreenbean.be\/de\/\",\"logo\":{\"@type\":\"ImageObject\",\"inLanguage\":\"de\",\"@id\":\"https:\/\/arthurgreenbean.be\/de\/#\/schema\/logo\/image\/\",\"url\":\"https:\/\/arthurgreenbean.be\/wp-content\/uploads\/agbr-696-1.jpg\",\"contentUrl\":\"https:\/\/arthurgreenbean.be\/wp-content\/uploads\/agbr-696-1.jpg\",\"width\":696,\"height\":696,\"caption\":\"Arthurgreenbean Ranch\"},\"image\":{\"@id\":\"https:\/\/arthurgreenbean.be\/de\/#\/schema\/logo\/image\/\"},\"sameAs\":[\"https:\/\/www.facebook.com\/profile.php?id=100091825763096\"]}]}<\/script>\n<!-- \/ Yoast SEO Premium plugin. -->","yoast_head_json":{"title":"Eine kleine Geschichte der Ranch - AGBR","robots":{"index":"index","follow":"follow","max-snippet":"max-snippet:-1","max-image-preview":"max-image-preview:large","max-video-preview":"max-video-preview:-1"},"canonical":"https:\/\/arthurgreenbean.be\/de\/regenerative-landwirtschaft\/eine-kleine-geschichte-der-ranch\/","og_locale":"de_DE","og_type":"article","og_title":"Eine kleine Geschichte der Ranch","og_url":"https:\/\/arthurgreenbean.be\/de\/regenerative-landwirtschaft\/eine-kleine-geschichte-der-ranch\/","og_site_name":"AGBR","article_publisher":"https:\/\/www.facebook.com\/profile.php?id=100091825763096","article_modified_time":"2023-05-15T18:47:14+00:00","og_image":[{"width":1200,"height":675,"url":"https:\/\/arthurgreenbean.be\/wp-content\/uploads\/agbr-1200.jpg","type":"image\/jpeg"}],"twitter_card":"summary_large_image","twitter_misc":{"Gesch\u00e4tzte Lesezeit":"20\u00a0Minuten"},"schema":{"@context":"https:\/\/schema.org","@graph":[{"@type":"WebPage","@id":"https:\/\/arthurgreenbean.be\/de\/regenerative-landwirtschaft\/eine-kleine-geschichte-der-ranch\/","url":"https:\/\/arthurgreenbean.be\/de\/regenerative-landwirtschaft\/eine-kleine-geschichte-der-ranch\/","name":"Eine kleine Geschichte der Ranch - AGBR","isPartOf":{"@id":"https:\/\/arthurgreenbean.be\/de\/#website"},"datePublished":"2023-02-05T13:28:59+00:00","dateModified":"2023-05-15T18:47:14+00:00","breadcrumb":{"@id":"https:\/\/arthurgreenbean.be\/de\/regenerative-landwirtschaft\/eine-kleine-geschichte-der-ranch\/#breadcrumb"},"inLanguage":"de","potentialAction":[{"@type":"ReadAction","target":["https:\/\/arthurgreenbean.be\/de\/regenerative-landwirtschaft\/eine-kleine-geschichte-der-ranch\/"]}]},{"@type":"BreadcrumbList","@id":"https:\/\/arthurgreenbean.be\/de\/regenerative-landwirtschaft\/eine-kleine-geschichte-der-ranch\/#breadcrumb","itemListElement":[{"@type":"ListItem","position":1,"name":"Home","item":"https:\/\/arthurgreenbean.be\/de\/"},{"@type":"ListItem","position":2,"name":"Regenerative Landwirtschaft","item":"https:\/\/arthurgreenbean.be\/de\/regenerative-landwirtschaft\/"},{"@type":"ListItem","position":3,"name":"Eine kleine Geschichte der Ranch"}]},{"@type":"WebSite","@id":"https:\/\/arthurgreenbean.be\/de\/#website","url":"https:\/\/arthurgreenbean.be\/de\/","name":"Arthurgreenbean","description":"Arthurgreenbean Ranch","publisher":{"@id":"https:\/\/arthurgreenbean.be\/de\/#organization"},"potentialAction":[{"@type":"SearchAction","target":{"@type":"EntryPoint","urlTemplate":"https:\/\/arthurgreenbean.be\/de\/?s={search_term_string}"},"query-input":{"@type":"PropertyValueSpecification","valueRequired":true,"valueName":"search_term_string"}}],"inLanguage":"de"},{"@type":"Organization","@id":"https:\/\/arthurgreenbean.be\/de\/#organization","name":"Arthurgreenbean Ranch","url":"https:\/\/arthurgreenbean.be\/de\/","logo":{"@type":"ImageObject","inLanguage":"de","@id":"https:\/\/arthurgreenbean.be\/de\/#\/schema\/logo\/image\/","url":"https:\/\/arthurgreenbean.be\/wp-content\/uploads\/agbr-696-1.jpg","contentUrl":"https:\/\/arthurgreenbean.be\/wp-content\/uploads\/agbr-696-1.jpg","width":696,"height":696,"caption":"Arthurgreenbean Ranch"},"image":{"@id":"https:\/\/arthurgreenbean.be\/de\/#\/schema\/logo\/image\/"},"sameAs":["https:\/\/www.facebook.com\/profile.php?id=100091825763096"]}]}},"_links":{"self":[{"href":"https:\/\/arthurgreenbean.be\/de\/wp-json\/wp\/v2\/pages\/3598","targetHints":{"allow":["GET"]}}],"collection":[{"href":"https:\/\/arthurgreenbean.be\/de\/wp-json\/wp\/v2\/pages"}],"about":[{"href":"https:\/\/arthurgreenbean.be\/de\/wp-json\/wp\/v2\/types\/page"}],"author":[{"embeddable":true,"href":"https:\/\/arthurgreenbean.be\/de\/wp-json\/wp\/v2\/users\/1"}],"replies":[{"embeddable":true,"href":"https:\/\/arthurgreenbean.be\/de\/wp-json\/wp\/v2\/comments?post=3598"}],"version-history":[{"count":1,"href":"https:\/\/arthurgreenbean.be\/de\/wp-json\/wp\/v2\/pages\/3598\/revisions"}],"predecessor-version":[{"id":4776,"href":"https:\/\/arthurgreenbean.be\/de\/wp-json\/wp\/v2\/pages\/3598\/revisions\/4776"}],"up":[{"embeddable":true,"href":"https:\/\/arthurgreenbean.be\/de\/wp-json\/wp\/v2\/pages\/3594"}],"wp:attachment":[{"href":"https:\/\/arthurgreenbean.be\/de\/wp-json\/wp\/v2\/media?parent=3598"}],"curies":[{"name":"wp","href":"https:\/\/api.w.org\/{rel}","templated":true}]}}