{"id":3555,"date":"2023-02-05T13:51:30","date_gmt":"2023-02-05T13:51:30","guid":{"rendered":"https:\/\/arthurgreenbean.be\/ayurveda\/ganzheitliche-ayurvedische-therapie\/"},"modified":"2023-05-15T18:47:17","modified_gmt":"2023-05-15T18:47:17","slug":"ganzheitliche-ayurvedische-therapie","status":"publish","type":"page","link":"https:\/\/arthurgreenbean.be\/de\/ayurveda\/ganzheitliche-ayurvedische-therapie\/","title":{"rendered":"Ganzheitliche ayurvedische Therapie"},"content":{"rendered":"<div class=\"fusion-fullwidth fullwidth-box fusion-builder-row-1 fusion-flex-container has-pattern-background has-mask-background nonhundred-percent-fullwidth non-hundred-percent-height-scrolling\" style=\"--link_hover_color: #ff871f;--link_color: #47c7cd;--awb-background-blend-mode:multiply;--awb-border-sizes-top:0;--awb-border-sizes-bottom:0;--awb-border-sizes-left:0;--awb-border-sizes-right:0;--awb-border-color:#ffffff;--awb-border-radius-top-left:0px;--awb-border-radius-top-right:0px;--awb-border-radius-bottom-right:0px;--awb-border-radius-bottom-left:0px;--awb-padding-top:50px;--awb-padding-bottom:80px;--awb-background-color:rgba(247,235,249,0);--awb-flex-wrap:wrap;\" ><div class=\"fusion-builder-row fusion-row fusion-flex-align-items-flex-start fusion-flex-content-wrap\" style=\"max-width:1144px;margin-left: calc(-4% \/ 2 );margin-right: calc(-4% \/ 2 );\"><div class=\"fusion-layout-column fusion_builder_column fusion-builder-column-0 fusion_builder_column_1_1 1_1 fusion-flex-column fusion-animated\" style=\"--awb-padding-top:10%;--awb-padding-right:10%;--awb-padding-bottom:10%;--awb-padding-left:10%;--awb-overflow:hidden;--awb-bg-color:#ffffff;--awb-bg-color-hover:#ffffff;--awb-bg-position:center top;--awb-bg-size:cover;--awb-border-radius:20px 20px 20px 20px;--awb-width-large:100%;--awb-margin-top-large:40px;--awb-spacing-right-large:1.92%;--awb-margin-bottom-large:60px;--awb-spacing-left-large:1.92%;--awb-width-medium:100%;--awb-order-medium:0;--awb-spacing-right-medium:1.92%;--awb-spacing-left-medium:1.92%;--awb-width-small:100%;--awb-order-small:0;--awb-spacing-right-small:1.92%;--awb-spacing-left-small:1.92%;\" data-animationType=\"fadeInUp\" data-animationDuration=\"1.3\" data-animationOffset=\"top-into-view\"><div class=\"fusion-column-wrapper lazyload fusion-column-has-shadow fusion-flex-justify-content-flex-start fusion-content-layout-column fusion-column-has-bg-image\" data-bg-url=\"https:\/\/arthurgreenbean.be\/wp-content\/uploads\/Header_Ayurveda-1920.jpg\" data-bg=\"https:\/\/arthurgreenbean.be\/wp-content\/uploads\/Header_Ayurveda-1920.jpg\"><div class=\"fusion-builder-row fusion-builder-row-inner fusion-row fusion-flex-align-items-flex-start fusion-flex-content-wrap\" style=\"--awb-flex-grow:0;--awb-flex-grow-medium:0;--awb-flex-grow-small:0;--awb-flex-shrink:0;--awb-flex-shrink-medium:0;--awb-flex-shrink-small:0;width:104% !important;max-width:104% !important;margin-left: calc(-4% \/ 2 );margin-right: calc(-4% \/ 2 );\"><div class=\"fusion-layout-column fusion_builder_column_inner fusion-builder-nested-column-0 fusion_builder_column_inner_1_1 1_1 fusion-flex-column fusion-flex-align-self-center\" style=\"--awb-padding-right-small:0px;--awb-padding-left-small:0px;--awb-bg-size:cover;--awb-width-large:100%;--awb-margin-top-large:0px;--awb-spacing-right-large:1.92%;--awb-margin-bottom-large:0px;--awb-spacing-left-large:1.92%;--awb-width-medium:100%;--awb-order-medium:0;--awb-spacing-right-medium:1.92%;--awb-spacing-left-medium:1.92%;--awb-width-small:100%;--awb-order-small:0;--awb-spacing-right-small:1.92%;--awb-spacing-left-small:1.92%;\"><div class=\"fusion-column-wrapper fusion-column-has-shadow fusion-flex-justify-content-flex-end fusion-content-layout-column\"><div class=\"fusion-title title fusion-title-1 fusion-no-small-visibility fusion-sep-none fusion-title-text fusion-title-size-two\" style=\"--awb-text-color:#ffffff;--awb-margin-top-small:10px;--awb-margin-right-small:0px;--awb-margin-bottom-small:10px;--awb-margin-left-small:0px;--awb-sep-color:#d1d1d1;--awb-font-size:60px;\"><h2 class=\"fusion-title-heading title-heading-left fusion-responsive-typography-calculated\" style=\"font-family:&quot;Work Sans&quot;;font-style:normal;font-weight:400;margin:0;letter-spacing:.025em;text-transform:var(--awb-typography1-text-transform);font-size:1em;--fontSize:60;line-height:1.08;text-shadow:5px 5px 5px rgba(0,0,0,0.56);\"><p class=\"p1\">Ganzheitliche ayurvedische Therapie<span class=\"Apple-converted-space\"> <\/span><\/p><\/h2><\/div><div class=\"fusion-title title fusion-title-2 fusion-no-large-visibility fusion-sep-none fusion-title-text fusion-title-size-one\" style=\"--awb-text-color:#ffffff;--awb-margin-bottom:30px;--awb-margin-top-small:10px;--awb-margin-right-small:0px;--awb-margin-bottom-small:10px;--awb-margin-left-small:0px;--awb-sep-color:#d1d1d1;--awb-font-size:32px;\"><h1 class=\"fusion-title-heading title-heading-left fusion-responsive-typography-calculated\" style=\"font-family:&quot;Work Sans&quot;;font-style:normal;font-weight:400;margin:0;text-transform:var(--awb-typography1-text-transform);font-size:1em;--fontSize:32;line-height:1.19;text-shadow:1px 1px 8px rgba(0,0,0,0.55);\"><p class=\"p1\">Ganzheitliche ayurvedische Therapie<span class=\"Apple-converted-space\"> <\/span><\/p><\/h1><\/div><div class=\"fusion-text fusion-text-1 fusion-no-small-visibility\" style=\"--awb-font-size:22px;--awb-line-height:1.4;--awb-letter-spacing:0px;--awb-text-transform:var(--awb-typography4-text-transform);--awb-text-color:#ffffff;--awb-text-font-family:&quot;Roboto&quot;;--awb-text-font-style:normal;--awb-text-font-weight:400;\"><p class=\"p1\">&#8222;Das Tolle an Ayurveda ist, dass die Behandlungen<br \/>\nimmer Nebeneffekte und keine Nebenwirkungen haben&#8220;.<\/p>\n<\/div><div class=\"fusion-text fusion-text-2 fusion-no-medium-visibility fusion-no-large-visibility\" style=\"--awb-font-size:16px;--awb-line-height:1.4;--awb-letter-spacing:0px;--awb-text-transform:var(--awb-typography4-text-transform);--awb-text-color:#ffffff;--awb-text-font-family:&quot;Roboto&quot;;--awb-text-font-style:normal;--awb-text-font-weight:400;\"><p class=\"p1\">Wir sind nur Blasen der Gl\u00fcckseligkeit in einem<br \/>\nOzean des Bewusstseins.<span class=\"Apple-converted-space\"> <\/span><\/p>\n<\/div><\/div><\/div><\/div><\/div><\/div><div class=\"fusion-layout-column fusion_builder_column fusion-builder-column-1 fusion_builder_column_1_1 1_1 fusion-flex-column\" style=\"--awb-bg-size:cover;--awb-width-large:100%;--awb-margin-top-large:0px;--awb-spacing-right-large:1.92%;--awb-margin-bottom-large:0px;--awb-spacing-left-large:1.92%;--awb-width-medium:100%;--awb-order-medium:0;--awb-spacing-right-medium:1.92%;--awb-spacing-left-medium:1.92%;--awb-width-small:100%;--awb-order-small:0;--awb-spacing-right-small:1.92%;--awb-spacing-left-small:1.92%;\"><div class=\"fusion-column-wrapper fusion-column-has-shadow fusion-flex-justify-content-flex-start fusion-content-layout-column\"><div class=\"fusion-text fusion-text-3\"><p>Wenn Du Dich f\u00fcr eine ayurvedische Therapie interessierst, k\u00f6nnen wir diese aus verschiedenen M\u00f6glichkeiten f\u00fcr Dich zusammenstellen.<\/p>\n<p>Massagen, Ern\u00e4hrung, Vitamine und auch pflanzliche Pr\u00e4parate aus dem Ayurveda k\u00f6nnen Teil einer solchen Therapie sein. (z.B. Ashwaghanda zur St\u00e4rkung der Nerven und f\u00fcr besseren Schlaf, oder Pipalli zur sanften Anregung und Reinigung des Stoffwechsels). Auch Meditation, Pranayama, Mantra-Singen oder Yin Yoga k\u00f6nnen in Dein pers\u00f6nliches Programm integriert werden<strong style=\"color: var(--awb-text-color); font-family: var(--awb-text-font-family); font-size: var(--awb-font-size); font-style: var(--awb-text-font-style); letter-spacing: var(--awb-letter-spacing); text-align: var(--awb-content-alignment); text-transform: var(--awb-text-transform);\">:<\/strong><\/p>\n<h3 class=\"fusion-responsive-typography-calculated\" style=\"--fontsize: 36; line-height: 2; font-size: 20px;\" data-fontsize=\"36\" data-lineheight=\"43.200001px\" data-fusion-font=\"true\"><b>Zum Beispiel: Ayurveda-Reinigungskur \/ Detox:<\/b><\/h3>\n<p>Individuelle Beratung und Konzepterstellung zur k\u00f6rperlichen Reinigung anhand von Rezepten, Massagen, Lebensstil- und Ern\u00e4hrungstipps f\u00fcr ein Reinigungswochenende oder eine Reinigungskur im Fr\u00fchjahr, Herbst oder nach Bedarf.<\/p>\n<p><b>ODER:<\/b><\/p>\n<p><span style=\"color: var(--awb-text-color); font-family: var(--awb-text-font-family); font-size: var(--awb-font-size); font-style: var(--awb-text-font-style); letter-spacing: var(--awb-letter-spacing); text-align: var(--awb-content-alignment); text-transform: var(--awb-text-transform); background-color: var(--awb-bg-color-hover);\">Individuelle Ern\u00e4hrungs- und Gesundheitsberatung, auf Wunsch mit passender Massage bei Atemwegs- und Magen-Darm-Beschwerden sowie bei Hautproblemen oder Problemen des Bewegungsapparates. Der Preis einer Ayurveda-Therapie ergibt sich aus der Kombination der verschiedenen Komponenten, die wir gemeinsam ausw\u00e4hlen.<\/span><\/p>\n<\/div><\/div><\/div><\/div><\/div>\n","protected":false},"excerpt":{"rendered":"","protected":false},"author":1,"featured_media":0,"parent":3530,"menu_order":0,"comment_status":"closed","ping_status":"closed","template":"100-width.php","meta":{"footnotes":""},"class_list":["post-3555","page","type-page","status-publish","hentry"],"yoast_head":"<!-- This site is optimized with the Yoast SEO Premium plugin v26.7 (Yoast SEO v27.2) - https:\/\/yoast.com\/product\/yoast-seo-premium-wordpress\/ -->\n<title>Ganzheitliche ayurvedische Therapie - AGBR<\/title>\n<meta name=\"robots\" content=\"index, follow, max-snippet:-1, max-image-preview:large, max-video-preview:-1\" \/>\n<link rel=\"canonical\" href=\"https:\/\/arthurgreenbean.be\/de\/ayurveda\/ganzheitliche-ayurvedische-therapie\/\" \/>\n<meta property=\"og:locale\" content=\"de_DE\" \/>\n<meta property=\"og:type\" content=\"article\" \/>\n<meta property=\"og:title\" content=\"Ganzheitliche ayurvedische Therapie\" \/>\n<meta property=\"og:url\" content=\"https:\/\/arthurgreenbean.be\/de\/ayurveda\/ganzheitliche-ayurvedische-therapie\/\" \/>\n<meta property=\"og:site_name\" content=\"AGBR\" \/>\n<meta property=\"article:publisher\" content=\"https:\/\/www.facebook.com\/profile.php?id=100091825763096\" \/>\n<meta property=\"article:modified_time\" content=\"2023-05-15T18:47:17+00:00\" \/>\n<meta property=\"og:image\" content=\"https:\/\/arthurgreenbean.be\/wp-content\/uploads\/agbr-1200.jpg\" \/>\n\t<meta property=\"og:image:width\" content=\"1200\" \/>\n\t<meta property=\"og:image:height\" content=\"675\" \/>\n\t<meta property=\"og:image:type\" content=\"image\/jpeg\" \/>\n<meta name=\"twitter:card\" content=\"summary_large_image\" \/>\n<meta name=\"twitter:label1\" content=\"Gesch\u00e4tzte Lesezeit\" \/>\n\t<meta name=\"twitter:data1\" content=\"9\u00a0Minuten\" \/>\n<script type=\"application\/ld+json\" class=\"yoast-schema-graph\">{\"@context\":\"https:\/\/schema.org\",\"@graph\":[{\"@type\":\"WebPage\",\"@id\":\"https:\/\/arthurgreenbean.be\/de\/ayurveda\/ganzheitliche-ayurvedische-therapie\/\",\"url\":\"https:\/\/arthurgreenbean.be\/de\/ayurveda\/ganzheitliche-ayurvedische-therapie\/\",\"name\":\"Ganzheitliche ayurvedische Therapie - AGBR\",\"isPartOf\":{\"@id\":\"https:\/\/arthurgreenbean.be\/de\/#website\"},\"datePublished\":\"2023-02-05T13:51:30+00:00\",\"dateModified\":\"2023-05-15T18:47:17+00:00\",\"breadcrumb\":{\"@id\":\"https:\/\/arthurgreenbean.be\/de\/ayurveda\/ganzheitliche-ayurvedische-therapie\/#breadcrumb\"},\"inLanguage\":\"de\",\"potentialAction\":[{\"@type\":\"ReadAction\",\"target\":[\"https:\/\/arthurgreenbean.be\/de\/ayurveda\/ganzheitliche-ayurvedische-therapie\/\"]}]},{\"@type\":\"BreadcrumbList\",\"@id\":\"https:\/\/arthurgreenbean.be\/de\/ayurveda\/ganzheitliche-ayurvedische-therapie\/#breadcrumb\",\"itemListElement\":[{\"@type\":\"ListItem\",\"position\":1,\"name\":\"Home\",\"item\":\"https:\/\/arthurgreenbean.be\/de\/\"},{\"@type\":\"ListItem\",\"position\":2,\"name\":\"Ayurveda\",\"item\":\"https:\/\/arthurgreenbean.be\/de\/ayurveda\/\"},{\"@type\":\"ListItem\",\"position\":3,\"name\":\"Ganzheitliche ayurvedische Therapie\"}]},{\"@type\":\"WebSite\",\"@id\":\"https:\/\/arthurgreenbean.be\/de\/#website\",\"url\":\"https:\/\/arthurgreenbean.be\/de\/\",\"name\":\"Arthurgreenbean\",\"description\":\"Arthurgreenbean Ranch\",\"publisher\":{\"@id\":\"https:\/\/arthurgreenbean.be\/de\/#organization\"},\"potentialAction\":[{\"@type\":\"SearchAction\",\"target\":{\"@type\":\"EntryPoint\",\"urlTemplate\":\"https:\/\/arthurgreenbean.be\/de\/?s={search_term_string}\"},\"query-input\":{\"@type\":\"PropertyValueSpecification\",\"valueRequired\":true,\"valueName\":\"search_term_string\"}}],\"inLanguage\":\"de\"},{\"@type\":\"Organization\",\"@id\":\"https:\/\/arthurgreenbean.be\/de\/#organization\",\"name\":\"Arthurgreenbean Ranch\",\"url\":\"https:\/\/arthurgreenbean.be\/de\/\",\"logo\":{\"@type\":\"ImageObject\",\"inLanguage\":\"de\",\"@id\":\"https:\/\/arthurgreenbean.be\/de\/#\/schema\/logo\/image\/\",\"url\":\"https:\/\/arthurgreenbean.be\/wp-content\/uploads\/agbr-696-1.jpg\",\"contentUrl\":\"https:\/\/arthurgreenbean.be\/wp-content\/uploads\/agbr-696-1.jpg\",\"width\":696,\"height\":696,\"caption\":\"Arthurgreenbean Ranch\"},\"image\":{\"@id\":\"https:\/\/arthurgreenbean.be\/de\/#\/schema\/logo\/image\/\"},\"sameAs\":[\"https:\/\/www.facebook.com\/profile.php?id=100091825763096\"]}]}<\/script>\n<!-- \/ Yoast SEO Premium plugin. -->","yoast_head_json":{"title":"Ganzheitliche ayurvedische Therapie - AGBR","robots":{"index":"index","follow":"follow","max-snippet":"max-snippet:-1","max-image-preview":"max-image-preview:large","max-video-preview":"max-video-preview:-1"},"canonical":"https:\/\/arthurgreenbean.be\/de\/ayurveda\/ganzheitliche-ayurvedische-therapie\/","og_locale":"de_DE","og_type":"article","og_title":"Ganzheitliche ayurvedische Therapie","og_url":"https:\/\/arthurgreenbean.be\/de\/ayurveda\/ganzheitliche-ayurvedische-therapie\/","og_site_name":"AGBR","article_publisher":"https:\/\/www.facebook.com\/profile.php?id=100091825763096","article_modified_time":"2023-05-15T18:47:17+00:00","og_image":[{"width":1200,"height":675,"url":"https:\/\/arthurgreenbean.be\/wp-content\/uploads\/agbr-1200.jpg","type":"image\/jpeg"}],"twitter_card":"summary_large_image","twitter_misc":{"Gesch\u00e4tzte Lesezeit":"9\u00a0Minuten"},"schema":{"@context":"https:\/\/schema.org","@graph":[{"@type":"WebPage","@id":"https:\/\/arthurgreenbean.be\/de\/ayurveda\/ganzheitliche-ayurvedische-therapie\/","url":"https:\/\/arthurgreenbean.be\/de\/ayurveda\/ganzheitliche-ayurvedische-therapie\/","name":"Ganzheitliche ayurvedische Therapie - AGBR","isPartOf":{"@id":"https:\/\/arthurgreenbean.be\/de\/#website"},"datePublished":"2023-02-05T13:51:30+00:00","dateModified":"2023-05-15T18:47:17+00:00","breadcrumb":{"@id":"https:\/\/arthurgreenbean.be\/de\/ayurveda\/ganzheitliche-ayurvedische-therapie\/#breadcrumb"},"inLanguage":"de","potentialAction":[{"@type":"ReadAction","target":["https:\/\/arthurgreenbean.be\/de\/ayurveda\/ganzheitliche-ayurvedische-therapie\/"]}]},{"@type":"BreadcrumbList","@id":"https:\/\/arthurgreenbean.be\/de\/ayurveda\/ganzheitliche-ayurvedische-therapie\/#breadcrumb","itemListElement":[{"@type":"ListItem","position":1,"name":"Home","item":"https:\/\/arthurgreenbean.be\/de\/"},{"@type":"ListItem","position":2,"name":"Ayurveda","item":"https:\/\/arthurgreenbean.be\/de\/ayurveda\/"},{"@type":"ListItem","position":3,"name":"Ganzheitliche ayurvedische Therapie"}]},{"@type":"WebSite","@id":"https:\/\/arthurgreenbean.be\/de\/#website","url":"https:\/\/arthurgreenbean.be\/de\/","name":"Arthurgreenbean","description":"Arthurgreenbean Ranch","publisher":{"@id":"https:\/\/arthurgreenbean.be\/de\/#organization"},"potentialAction":[{"@type":"SearchAction","target":{"@type":"EntryPoint","urlTemplate":"https:\/\/arthurgreenbean.be\/de\/?s={search_term_string}"},"query-input":{"@type":"PropertyValueSpecification","valueRequired":true,"valueName":"search_term_string"}}],"inLanguage":"de"},{"@type":"Organization","@id":"https:\/\/arthurgreenbean.be\/de\/#organization","name":"Arthurgreenbean Ranch","url":"https:\/\/arthurgreenbean.be\/de\/","logo":{"@type":"ImageObject","inLanguage":"de","@id":"https:\/\/arthurgreenbean.be\/de\/#\/schema\/logo\/image\/","url":"https:\/\/arthurgreenbean.be\/wp-content\/uploads\/agbr-696-1.jpg","contentUrl":"https:\/\/arthurgreenbean.be\/wp-content\/uploads\/agbr-696-1.jpg","width":696,"height":696,"caption":"Arthurgreenbean Ranch"},"image":{"@id":"https:\/\/arthurgreenbean.be\/de\/#\/schema\/logo\/image\/"},"sameAs":["https:\/\/www.facebook.com\/profile.php?id=100091825763096"]}]}},"_links":{"self":[{"href":"https:\/\/arthurgreenbean.be\/de\/wp-json\/wp\/v2\/pages\/3555","targetHints":{"allow":["GET"]}}],"collection":[{"href":"https:\/\/arthurgreenbean.be\/de\/wp-json\/wp\/v2\/pages"}],"about":[{"href":"https:\/\/arthurgreenbean.be\/de\/wp-json\/wp\/v2\/types\/page"}],"author":[{"embeddable":true,"href":"https:\/\/arthurgreenbean.be\/de\/wp-json\/wp\/v2\/users\/1"}],"replies":[{"embeddable":true,"href":"https:\/\/arthurgreenbean.be\/de\/wp-json\/wp\/v2\/comments?post=3555"}],"version-history":[{"count":1,"href":"https:\/\/arthurgreenbean.be\/de\/wp-json\/wp\/v2\/pages\/3555\/revisions"}],"predecessor-version":[{"id":4781,"href":"https:\/\/arthurgreenbean.be\/de\/wp-json\/wp\/v2\/pages\/3555\/revisions\/4781"}],"up":[{"embeddable":true,"href":"https:\/\/arthurgreenbean.be\/de\/wp-json\/wp\/v2\/pages\/3530"}],"wp:attachment":[{"href":"https:\/\/arthurgreenbean.be\/de\/wp-json\/wp\/v2\/media?parent=3555"}],"curies":[{"name":"wp","href":"https:\/\/api.w.org\/{rel}","templated":true}]}}